{"id":99,"date":"2024-06-17T01:56:26","date_gmt":"2024-06-17T01:56:26","guid":{"rendered":"https:\/\/lanxing.easiwin.com\/?post_type=product&#038;p=99"},"modified":"2024-07-15T08:50:24","modified_gmt":"2024-07-15T08:50:24","slug":"road-marking-paint","status":"publish","type":"product","link":"https:\/\/lanxingco.com\/pt\/product\/road-marking-paint\/","title":{"rendered":"Tinta para marca\u00e7\u00e3o de estradas"},"content":{"rendered":"<h2 class=\"wp-block-heading\">Vis\u00e3o geral da tinta para marca\u00e7\u00e3o de estradas<\/h2>\n\n\n\n<p>A tinta para marca\u00e7\u00e3o de estradas \u00e9 especificamente formulada para fornecer marca\u00e7\u00f5es claras e duradouras em estradas, auto-estradas, parques de estacionamento e outras superf\u00edcies. Aumenta a visibilidade para condutores, pe\u00f5es e ciclistas, melhorando assim a seguran\u00e7a e a efici\u00eancia global do tr\u00e1fego. A tinta tem de cumprir normas rigorosas de durabilidade e refletividade para resistir a condi\u00e7\u00f5es climat\u00e9ricas adversas e ao tr\u00e1fego intenso. A tinta para marca\u00e7\u00e3o de estradas desempenha um papel crucial para garantir a seguran\u00e7a e a organiza\u00e7\u00e3o nas estradas e auto-estradas de todo o mundo. <\/p>\n\n\n\n<h2 class=\"wp-block-heading\">Especifica\u00e7\u00f5es e dados t\u00e9cnicos<\/h2>\n\n\n\n<figure class=\"wp-block-table\"><table><thead><tr><th><strong>Parameter<\/strong><\/th><th><strong>Detalhes<\/strong><\/th><\/tr><\/thead><tbody><tr><td><strong>Composi\u00e7\u00e3o qu\u00edmica<\/strong><\/td><td>Resinas acr\u00edlicas, epox\u00eddicas ou termopl\u00e1sticas<\/td><\/tr><tr><td><strong>M\u00e9todo de aplica\u00e7\u00e3o<\/strong><\/td><td>Pulveriza\u00e7\u00e3o, extrus\u00e3o ou aplica\u00e7\u00e3o manual<\/td><\/tr><tr><td><strong>Tempo de secagem<\/strong><\/td><td>Normalmente 5 &#8211; 10 minutos<\/td><\/tr><tr><td><strong>Op\u00e7\u00f5es de cores<\/strong><\/td><td>Branco, amarelo, vermelho, azul, verde<\/td><\/tr><tr><td><strong>Durabilidade<\/strong><\/td><td>Refletividade e reten\u00e7\u00e3o da cor durante 6 meses a 3 anos<\/td><\/tr><tr><td><strong>Espessura<\/strong><\/td><td>300 &#8211; 600 microns (depende do m\u00e9todo de aplica\u00e7\u00e3o)<\/td><\/tr><tr><td><strong>Resist\u00eancia \u00e0 derrapagem<\/strong><\/td><td>Cumpre as normas ASTM ou equivalentes<\/td><\/tr><tr><td><strong>Impacto ambiental<\/strong><\/td><td>Baixo teor de COV, formula\u00e7\u00f5es amigas do ambiente<\/td><\/tr><tr><td><strong>Normas<\/strong><\/td><td>EN 1871, BS 3262, AASHTO M249, etc.<\/td><\/tr><\/tbody><\/table><\/figure>\n\n\n\n<h2 class=\"wp-block-heading\">Benef\u00edcios da tinta para marca\u00e7\u00e3o de estradas<\/h2>\n\n\n\n<p>A tinta para marca\u00e7\u00e3o de estradas oferece in\u00fameros benef\u00edcios que contribuem para uma maior seguran\u00e7a e efici\u00eancia nas estradas:<\/p>\n\n\n\n<h3 class=\"wp-block-heading\">Vantagens<\/h3>\n\n\n\n<p><strong>1. Aumento da visibilidade<\/strong>:<br>As marca\u00e7\u00f5es claras em cores vivas melhoram a visibilidade, especialmente em condi\u00e7\u00f5es de pouca luz ou condi\u00e7\u00f5es climat\u00e9ricas adversas.<\/p>\n\n\n\n<p><strong>2. Organiza\u00e7\u00e3o do tr\u00e1fego<\/strong>:<br>Promove um fluxo de tr\u00e1fego ordenado e reduz a probabilidade de acidentes e congestionamentos.<\/p>\n\n\n\n<p><strong>3. Durabilidade<\/strong>:<br>Resiste ao desbotamento e mant\u00e9m a refletividade durante longos per\u00edodos, reduzindo a frequ\u00eancia de manuten\u00e7\u00e3o.<\/p>\n\n\n\n<p><strong>4. Secagem r\u00e1pida<\/strong>:<br>As formula\u00e7\u00f5es de secagem r\u00e1pida minimizam a perturba\u00e7\u00e3o do tr\u00e1fego durante a aplica\u00e7\u00e3o.<\/p>\n\n\n\n<p><strong>5. Respeito pelo ambiente<\/strong>:<br>As op\u00e7\u00f5es com baixo teor de COV e amigas do ambiente reduzem o impacto ecol\u00f3gico.<\/p>\n\n\n\n<h2 class=\"wp-block-heading\">Caracter\u00edsticas da tinta para marca\u00e7\u00e3o de estradas<\/h2>\n\n\n\n<p>As tintas para marca\u00e7\u00e3o de estradas distinguem-se pelas suas caracter\u00edsticas que respondem a necessidades espec\u00edficas de marca\u00e7\u00e3o de estradas:<\/p>\n\n\n\n<ul class=\"wp-block-list\">\n<li><strong>Alta Refletividade<\/strong>: Assegura a visibilidade durante a noite ou em condi\u00e7\u00f5es climat\u00e9ricas desfavor\u00e1veis.<\/li>\n\n\n\n<li><strong>Resist\u00eancia \u00e0 abras\u00e3o<\/strong>: Resiste ao desgaste provocado pelo tr\u00e1fego de ve\u00edculos e pela exposi\u00e7\u00e3o \u00e0s intemp\u00e9ries.<\/li>\n\n\n\n<li><strong>Resist\u00eancia qu\u00edmica<\/strong>: Mant\u00e9m a cor e a ader\u00eancia quando exposto a sais de estrada e produtos qu\u00edmicos de limpeza.<\/li>\n\n\n\n<li><strong>Versatilidade de aplica\u00e7\u00e3o<\/strong>: Adequado para v\u00e1rias superf\u00edcies de estrada, incluindo asfalto e bet\u00e3o.<\/li>\n\n\n\n<li><strong>Conformidade<\/strong>: Cumpre as normas regionais e internacionais de seguran\u00e7a e desempenho.<\/li>\n<\/ul>\n\n\n\n<h2 class=\"wp-block-heading\">Aplica\u00e7\u00f5es da tinta para marca\u00e7\u00e3o de estradas<\/h2>\n\n\n\n<p><\/p>\n\n\n\n<h3 class=\"wp-block-heading\">Aplica\u00e7\u00f5es industriais<\/h3>\n\n\n\n<ul class=\"wp-block-list\">\n<li><strong>Estradas e auto-estradas<\/strong>: Marca\u00e7\u00f5es da faixa de rodagem, setas e s\u00edmbolos para orienta\u00e7\u00e3o.<\/li>\n\n\n\n<li><strong>Parques de estacionamento<\/strong>: Delimita\u00e7\u00e3o do espa\u00e7o e gest\u00e3o do fluxo de tr\u00e1fego.<\/li>\n\n\n\n<li><strong>Aeroportos<\/strong>: Marca\u00e7\u00f5es das pistas e dos caminhos de circula\u00e7\u00e3o para a navega\u00e7\u00e3o a\u00e9rea.<\/li>\n\n\n\n<li><strong>\u00c1reas urbanas<\/strong>: Passagens para pe\u00f5es, pistas para bicicletas e faixas para autocarros para a mobilidade urbana.<\/li>\n<\/ul>\n\n\n\n<h3 class=\"wp-block-heading\">Aplica\u00e7\u00f5es de seguran\u00e7a<\/h3>\n\n\n\n<ul class=\"wp-block-list\">\n<li><strong>Zonas escolares<\/strong>: Faixas de pedestres e marca\u00e7\u00f5es de limite de velocidade para aumentar a seguran\u00e7a das crian\u00e7as.<\/li>\n\n\n\n<li><strong>Zonas de constru\u00e7\u00e3o<\/strong>: Marca\u00e7\u00f5es tempor\u00e1rias para redirecionar o tr\u00e1fego e garantir a seguran\u00e7a dos trabalhadores.<\/li>\n<\/ul>\n\n\n\n<h2 class=\"wp-block-heading\">Perguntas mais frequentes<\/h2>\n\n\n\n<p><strong>Qual \u00e9 o tempo de vida da sua tinta de marca\u00e7\u00e3o rodovi\u00e1ria?<\/strong><br>O tempo de vida varia em fun\u00e7\u00e3o do volume de tr\u00e1fego e das condi\u00e7\u00f5es climat\u00e9ricas, mas normalmente varia entre 6 meses e 3 anos.<\/p>\n\n\n\n<p><strong>Com que frequ\u00eancia se devem repintar as marcas rodovi\u00e1rias?<\/strong><br>Os planos de manuten\u00e7\u00e3o de rotina recomendam a repintura de 1 em 1 ou de 2 em 2 anos para garantir uma visibilidade e seguran\u00e7a \u00f3ptimas.<\/p>\n\n\n\n<p><strong>A tinta para marca\u00e7\u00e3o de estradas pode ser aplicada com tempo frio?<\/strong><br>Sim, certas formula\u00e7\u00f5es permitem a aplica\u00e7\u00e3o em temperaturas mais frias, embora os tempos de secagem possam ser prolongados.<\/p>","protected":false},"excerpt":{"rendered":"<p>Tinta especializada para marcar as faixas de rodagem e os s\u00edmbolos nas estradas. Inclui esferas de vidro reflectoras para uma maior visibilidade, melhorando a seguran\u00e7a dos condutores e dos pe\u00f5es.<\/p>","protected":false},"featured_media":1696,"parent":0,"template":"","meta":{"_acf_changed":true,"_kad_blocks_custom_css":"","_kad_blocks_head_custom_js":"","_kad_blocks_body_custom_js":"","_kad_blocks_footer_custom_js":"","_kad_post_transparent":"","_kad_post_title":"","_kad_post_layout":"","_kad_post_sidebar_id":"","_kad_post_content_style":"","_kad_post_vertical_padding":"","_kad_post_feature":"","_kad_post_feature_position":"","_kad_post_header":false,"_kad_post_footer":false,"_kad_post_classname":""},"product-category":[6],"class_list":["post-99","product","type-product","status-publish","has-post-thumbnail","hentry","product-category-other-materials"],"acf":[],"taxonomy_info":{"product-category":[{"value":6,"label":"Other Materials"}]},"featured_image_src_large":["https:\/\/lanxingco.com\/wp-content\/uploads\/2024\/07\/road-marking-paint.jpg",700,700,false],"author_info":[],"comment_info":"","_links":{"self":[{"href":"https:\/\/lanxingco.com\/pt\/wp-json\/wp\/v2\/product\/99","targetHints":{"allow":["GET"]}}],"collection":[{"href":"https:\/\/lanxingco.com\/pt\/wp-json\/wp\/v2\/product"}],"about":[{"href":"https:\/\/lanxingco.com\/pt\/wp-json\/wp\/v2\/types\/product"}],"wp:featuredmedia":[{"embeddable":true,"href":"https:\/\/lanxingco.com\/pt\/wp-json\/wp\/v2\/media\/1696"}],"wp:attachment":[{"href":"https:\/\/lanxingco.com\/pt\/wp-json\/wp\/v2\/media?parent=99"}],"wp:term":[{"taxonomy":"product-category","embeddable":true,"href":"https:\/\/lanxingco.com\/pt\/wp-json\/wp\/v2\/product-category?post=99"}],"curies":[{"name":"wp","href":"https:\/\/api.w.org\/{rel}","templated":true}]}}