{"id":97,"date":"2024-06-17T01:53:31","date_gmt":"2024-06-17T01:53:31","guid":{"rendered":"https:\/\/lanxing.easiwin.com\/?post_type=product&#038;p=97"},"modified":"2024-07-15T08:50:58","modified_gmt":"2024-07-15T08:50:58","slug":"polyethylene-wax","status":"publish","type":"product","link":"https:\/\/lanxingco.com\/pt\/product\/polyethylene-wax\/","title":{"rendered":"Cera de polietileno"},"content":{"rendered":"<h2 class=\"wp-block-heading\">Vis\u00e3o geral da cera de polietileno<\/h2>\n\n\n\n<p>A cera de polietileno (cera PE) \u00e9 uma cera sint\u00e9tica vers\u00e1til derivada da polimeriza\u00e7\u00e3o do etileno. Tem uma aplica\u00e7\u00e3o alargada em v\u00e1rias ind\u00fastrias devido \u00e0s suas propriedades qu\u00edmicas e caracter\u00edsticas de desempenho \u00fanicas. \u00c9 normalmente utilizada na ind\u00fastria de marca\u00e7\u00e3o de estradas.<\/p>\n\n\n\n<h2 class=\"wp-block-heading\">Especifica\u00e7\u00f5es e dados t\u00e9cnicos<\/h2>\n\n\n\n<figure class=\"wp-block-table\"><table><thead><tr><th><strong>Parameter<\/strong><\/th><th><strong>Detalhes<\/strong><\/th><\/tr><\/thead><tbody><tr><td><strong>Peso molecular<\/strong><\/td><td>Tipicamente 400 &#8211; 3000 g\/mol<\/td><\/tr><tr><td><strong>Apar\u00eancia<\/strong><\/td><td>Pellets brancos<\/td><\/tr><tr><td><strong>Ponto de amolecimento<\/strong><\/td><td>95\u00b0C &#8211; 100\u00b0C<\/td><\/tr><tr><td><strong>Densidade<\/strong><\/td><td>0,92 - 0,95 g\/cm\u00b3<\/td><\/tr><tr><td><strong>Viscosidade<\/strong><\/td><td>5-10<\/td><\/tr><tr><td><strong>Dureza<\/strong><\/td><td>Suave a semi-duro<\/td><\/tr><tr><td><strong>Compatibilidade<\/strong><\/td><td>Compat\u00edvel com v\u00e1rios pol\u00edmeros e aditivos<\/td><\/tr><tr><td><strong>Aplica\u00e7\u00f5es<\/strong><\/td><td>Revestimentos, adesivos, masterbatches, processamento de PVC<\/td><\/tr><tr><td><strong>Normas<\/strong><\/td><td>Cumpre muitas normas internacionais da ind\u00fastria<\/td><\/tr><\/tbody><\/table><\/figure>\n\n\n\n<h2 class=\"wp-block-heading\">Benef\u00edcios da cera de polietileno<\/h2>\n\n\n\n<p>A cera de polietileno oferece uma multiplicidade de benef\u00edcios em v\u00e1rias aplica\u00e7\u00f5es industriais:<\/p>\n\n\n\n<h3 class=\"wp-block-heading\">Vantagens<\/h3>\n\n\n\n<p><strong>1. Lubrifica\u00e7\u00e3o e auxiliar de processamento<\/strong>:<br>Aumenta a efici\u00eancia do processamento em pl\u00e1sticos, borracha e revestimentos, reduzindo a fric\u00e7\u00e3o e melhorando as caracter\u00edsticas do fluxo.<\/p>\n\n\n\n<p><strong>2. Prote\u00e7\u00e3o da superf\u00edcie<\/strong>:<br>Forma uma barreira protetora contra a humidade, os produtos qu\u00edmicos e a abras\u00e3o, aumentando a durabilidade e a longevidade dos produtos.<\/p>\n\n\n\n<p><strong>3. Brilho e acabamento da superf\u00edcie<\/strong>:<br>Melhora o aspeto est\u00e9tico de revestimentos e polimentos, proporcionando um acabamento brilhante.<\/p>\n\n\n\n<p><strong>4. Estabilidade t\u00e9rmica<\/strong>:<br>Mant\u00e9m as propriedades f\u00edsicas a temperaturas de processamento elevadas, assegurando a estabilidade durante os processos de fabrico.<\/p>\n\n\n\n<p><strong>5. Versatilidade<\/strong>:<br>Compat\u00edvel com uma vasta gama de pol\u00edmeros e aditivos, oferecendo flexibilidade na formula\u00e7\u00e3o e aplica\u00e7\u00e3o.<\/p>\n\n\n\n<h2 class=\"wp-block-heading\">Caracter\u00edsticas da cera de polietileno<\/h2>\n\n\n\n<p>A cera de polietileno caracteriza-se pelas suas caracter\u00edsticas \u00fanicas que contribuem para a sua utiliza\u00e7\u00e3o generalizada em aplica\u00e7\u00f5es industriais:<\/p>\n\n\n\n<ul class=\"wp-block-list\">\n<li><strong>Elevado peso molecular<\/strong>: Proporciona uma excelente dureza e durabilidade nos produtos finais.<\/li>\n\n\n\n<li><strong>Baixa Volatilidade<\/strong>: Assegura uma perda m\u00ednima durante o processamento, melhorando a efici\u00eancia e a rela\u00e7\u00e3o custo-efic\u00e1cia.<\/li>\n\n\n\n<li><strong>N\u00e3o t\u00f3xico e inodoro<\/strong>: Adequado para aplica\u00e7\u00f5es que requerem contacto com alimentos ou ambientes sens\u00edveis.<\/li>\n\n\n\n<li><strong>Tamanho uniforme das part\u00edculas<\/strong>: Desempenho consistente em v\u00e1rias condi\u00e7\u00f5es de processamento.<\/li>\n\n\n\n<li><strong>Compatibilidade ambiental<\/strong>: Biodegrad\u00e1vel e amigo do ambiente em compara\u00e7\u00e3o com aditivos alternativos.<\/li>\n<\/ul>\n\n\n\n<h2 class=\"wp-block-heading\">Aplica\u00e7\u00f5es da cera de polietileno<\/h2>\n\n\n\n<p><\/p>\n\n\n\n<h3 class=\"wp-block-heading\">Aplica\u00e7\u00f5es industriais<\/h3>\n\n\n\n<ul class=\"wp-block-list\">\n<li><strong>Processamento de pl\u00e1sticos<\/strong>: Actua como um lubrificante e agente de liberta\u00e7\u00e3o na moldagem por inje\u00e7\u00e3o e extrus\u00e3o.<\/li>\n\n\n\n<li><strong>Revestimentos e tintas<\/strong>: Melhora a resist\u00eancia aos riscos e o brilho da superf\u00edcie em tintas e tintas de impress\u00e3o.<\/li>\n\n\n\n<li><strong>Adesivos<\/strong>: Melhora a pegajosidade e a for\u00e7a de liga\u00e7\u00e3o em adesivos de fus\u00e3o a quente.<\/li>\n\n\n\n<li><strong>Composto de borracha<\/strong>: Facilita a dispers\u00e3o de cargas e melhora o processamento de compostos de borracha.<\/li>\n<\/ul>\n\n\n\n<h3 class=\"wp-block-heading\">Aplica\u00e7\u00f5es para consumidores<\/h3>\n\n\n\n<ul class=\"wp-block-list\">\n<li><strong>Cosm\u00e9ticos<\/strong>: Utilizado em batons e produtos de cuidados da pele para melhorar a textura.<\/li>\n\n\n\n<li><strong>Velas<\/strong>: Adiciona dureza e brilho \u00e0s formula\u00e7\u00f5es de velas.<\/li>\n\n\n\n<li><strong>T\u00eaxteis<\/strong>: Melhora a suavidade do tecido e o processamento da fibra.<\/li>\n<\/ul>\n\n\n\n<h2 class=\"wp-block-heading\">Perguntas mais frequentes<\/h2>\n\n\n\n<p><strong>Para que \u00e9 utilizada a cera de polietileno?<\/strong><br>A cera de polietileno \u00e9 utilizada como auxiliar de processamento, lubrificante e modificador de superf\u00edcie em v\u00e1rias ind\u00fastrias, incluindo pl\u00e1sticos, revestimentos, adesivos e borracha.<\/p>\n\n\n\n<p><strong>A cera de polietileno \u00e9 amiga do ambiente?<\/strong><br>Sim, a cera de polietileno \u00e9 biodegrad\u00e1vel e n\u00e3o t\u00f3xica, o que a torna adequada para aplica\u00e7\u00f5es que exigem compatibilidade ambiental.<\/p>\n\n\n\n<p><strong>Quais s\u00e3o as vantagens da utiliza\u00e7\u00e3o de cera PE na pintura de marca\u00e7\u00e3o rodovi\u00e1ria?<\/strong><br>A cera PE melhora o desempenho da tinta para marca\u00e7\u00e3o de estradas, aumentando a sua resist\u00eancia a factores ambientais como os raios UV, a chuva e os produtos qu\u00edmicos. Tamb\u00e9m melhora a ader\u00eancia da tinta \u00e0s superf\u00edcies das estradas, reduzindo a fissura\u00e7\u00e3o e a descama\u00e7\u00e3o ao longo do tempo...<\/p>","protected":false},"excerpt":{"rendered":"<p>Cera sint\u00e9tica utilizada como lubrificante, dispersante e auxiliar de processamento em revestimentos, pl\u00e1sticos e adesivos. Melhora as propriedades da superf\u00edcie, como a suavidade, a resist\u00eancia aos riscos e as caracter\u00edsticas de liberta\u00e7\u00e3o.<\/p>","protected":false},"featured_media":1695,"parent":0,"template":"","meta":{"_acf_changed":false,"_kad_blocks_custom_css":"","_kad_blocks_head_custom_js":"","_kad_blocks_body_custom_js":"","_kad_blocks_footer_custom_js":"","_kad_post_transparent":"","_kad_post_title":"","_kad_post_layout":"","_kad_post_sidebar_id":"","_kad_post_content_style":"","_kad_post_vertical_padding":"","_kad_post_feature":"","_kad_post_feature_position":"","_kad_post_header":false,"_kad_post_footer":false,"_kad_post_classname":""},"product-category":[6],"class_list":["post-97","product","type-product","status-publish","has-post-thumbnail","hentry","product-category-other-materials"],"acf":[],"taxonomy_info":{"product-category":[{"value":6,"label":"Other Materials"}]},"featured_image_src_large":["https:\/\/lanxingco.com\/wp-content\/uploads\/2024\/07\/Polyethylene-Wax.jpg",700,700,false],"author_info":[],"comment_info":"","_links":{"self":[{"href":"https:\/\/lanxingco.com\/pt\/wp-json\/wp\/v2\/product\/97","targetHints":{"allow":["GET"]}}],"collection":[{"href":"https:\/\/lanxingco.com\/pt\/wp-json\/wp\/v2\/product"}],"about":[{"href":"https:\/\/lanxingco.com\/pt\/wp-json\/wp\/v2\/types\/product"}],"wp:featuredmedia":[{"embeddable":true,"href":"https:\/\/lanxingco.com\/pt\/wp-json\/wp\/v2\/media\/1695"}],"wp:attachment":[{"href":"https:\/\/lanxingco.com\/pt\/wp-json\/wp\/v2\/media?parent=97"}],"wp:term":[{"taxonomy":"product-category","embeddable":true,"href":"https:\/\/lanxingco.com\/pt\/wp-json\/wp\/v2\/product-category?post=97"}],"curies":[{"name":"wp","href":"https:\/\/api.w.org\/{rel}","templated":true}]}}