{"id":94,"date":"2024-06-17T01:51:12","date_gmt":"2024-06-17T01:51:12","guid":{"rendered":"https:\/\/lanxing.easiwin.com\/?post_type=product&#038;p=94"},"modified":"2024-07-15T08:45:54","modified_gmt":"2024-07-15T08:45:54","slug":"anti-skid-aggregates","status":"publish","type":"product","link":"https:\/\/lanxingco.com\/pt\/product\/anti-skid-aggregates\/","title":{"rendered":"Agregados antiderrapantes"},"content":{"rendered":"<h2 class=\"wp-block-heading\">Vis\u00e3o geral dos agregados antiderrapantes<\/h2>\n\n\n\n<p>Os agregados antiderrapantes, tamb\u00e9m conhecidos como agregados de fric\u00e7\u00e3o ou materiais antiderrapantes, s\u00e3o subst\u00e2ncias adicionadas \u00e0s superf\u00edcies de marca\u00e7\u00e3o rodovi\u00e1ria para melhorar a tra\u00e7\u00e3o e reduzir o risco de escorregamento, especialmente em condi\u00e7\u00f5es de chuva ou gelo. Oferecemos uma variedade de agregados anti-derrapantes, incluindo agregados cer\u00e2micos e agregados de areia de vidro. Al\u00e9m disso, podemos misturar agregados com as nossas esferas de vidro de acordo com o r\u00e1cio indicado pelo cliente e fornecer a mistura para satisfazer as necessidades dos nossos clientes&#8217;.<\/p>\n\n\n\n<h2 class=\"wp-block-heading\">Especifica\u00e7\u00f5es e dados t\u00e9cnicos<\/h2>\n\n\n\n<figure class=\"wp-block-table\"><table><thead><tr><th><strong>Parameter<\/strong><\/th><th><strong>Detalhes<\/strong><\/th><\/tr><\/thead><tbody><tr><td><strong>Composi\u00e7\u00e3o do material<\/strong><\/td><td>Cer\u00e2mica \/ vidro<\/td><\/tr><tr><td><strong>Forma<\/strong><\/td><td>Angular ou sub-angular<\/td><\/tr><tr><td><strong>Tamanho das part\u00edculas<\/strong><\/td><td>1 &#8211; 2 mm, 2 &#8211; 3 mm, 3 &#8211; 4 mm (intervalos comuns)<\/td><\/tr><tr><td><strong>Dureza (Mohs)<\/strong><\/td><td>\u2265 7<\/td><\/tr><tr><td><strong>Textura da superf\u00edcie<\/strong><\/td><td>\u00c1spero e angular<\/td><\/tr><tr><td><strong>Estabilidade qu\u00edmica<\/strong><\/td><td>Resistente \u00e0s intemp\u00e9ries e aos produtos qu\u00edmicos<\/td><\/tr><tr><td><strong>Durabilidade<\/strong><\/td><td>Elevada resist\u00eancia \u00e0 abras\u00e3o<\/td><\/tr><tr><td><strong>Normas<\/strong><\/td><td>Cumprem muitas normas internacionais.<\/td><\/tr><\/tbody><\/table><\/figure>\n\n\n\n<h2 class=\"wp-block-heading\">Benef\u00edcios dos agregados antiderrapantes<\/h2>\n\n\n\n<p>Os agregados antiderrapantes oferecem vantagens significativas no aumento da seguran\u00e7a e do desempenho das estradas:<\/p>\n\n\n\n<h3 class=\"wp-block-heading\">Vantagens<\/h3>\n\n\n\n<p><strong>1. Melhoria da tra\u00e7\u00e3o<\/strong>:<br>Aumenta a fric\u00e7\u00e3o entre os pneus e a superf\u00edcie da estrada, reduzindo o risco de derrapagem, especialmente em condi\u00e7\u00f5es de chuva ou gelo.<\/p>\n\n\n\n<p><strong>2. Maior durabilidade<\/strong>:<br>Proporciona uma resist\u00eancia duradoura \u00e0 derrapagem, mantendo a efic\u00e1cia durante per\u00edodos prolongados.<\/p>\n\n\n\n<p><strong>3. Solu\u00e7\u00e3o rent\u00e1vel<\/strong>:<br>Reduz os custos de manuten\u00e7\u00e3o, minimizando a frequ\u00eancia de repavimenta\u00e7\u00f5es e repara\u00e7\u00f5es.<\/p>\n\n\n\n<p><strong>4. Versatilidade<\/strong>:<br>Aplic\u00e1vel em v\u00e1rios tipos de estradas, incluindo auto-estradas, estradas rurais e ruas urbanas.<\/p>\n\n\n\n<p><strong>5. Compatibilidade ambiental<\/strong>:<br>A composi\u00e7\u00e3o mineral natural garante um impacto ambiental m\u00ednimo em compara\u00e7\u00e3o com as alternativas sint\u00e9ticas.<\/p>\n\n\n\n<h2 class=\"wp-block-heading\">Caracter\u00edsticas dos agregados antiderrapantes<\/h2>\n\n\n\n<p>Os agregados antiderrapantes caracterizam-se pelas suas caracter\u00edsticas \u00fanicas que contribuem para a sua efic\u00e1cia e fiabilidade:<\/p>\n\n\n\n<ul class=\"wp-block-list\">\n<li><strong>Coeficiente de fric\u00e7\u00e3o elevado<\/strong>: Proporciona uma ader\u00eancia superior \u00e0s superf\u00edcies da estrada, assegurando a estabilidade do ve\u00edculo.<\/li>\n\n\n\n<li><strong>Distribui\u00e7\u00e3o uniforme do tamanho das part\u00edculas<\/strong>: Desempenho consistente em diferentes cen\u00e1rios de aplica\u00e7\u00e3o.<\/li>\n\n\n\n<li><strong>Resist\u00eancia ao polimento<\/strong>: Mant\u00e9m a textura rugosa da superf\u00edcie para uma \u00f3ptima resist\u00eancia \u00e0 derrapagem.<\/li>\n\n\n\n<li><strong>Aplica\u00e7\u00e3o f\u00e1cil<\/strong>: Compat\u00edvel com os m\u00e9todos normais de revestimento de estradas, facilitando uma integra\u00e7\u00e3o perfeita.<\/li>\n<\/ul>\n\n\n\n<h2 class=\"wp-block-heading\">Aplica\u00e7\u00f5es dos agregados antiderrapantes<\/h2>\n\n\n\n<p><\/p>\n\n\n\n<h3 class=\"wp-block-heading\">Aplica\u00e7\u00f5es de seguran\u00e7a rodovi\u00e1ria<\/h3>\n\n\n\n<ul class=\"wp-block-list\">\n<li><strong>Auto-estradas<\/strong>: Aumenta a seguran\u00e7a e reduz os acidentes, melhorando o atrito da superf\u00edcie da estrada.<\/li>\n\n\n\n<li><strong>Pontes e t\u00faneis<\/strong>: Assegura a tra\u00e7\u00e3o em estruturas elevadas propensas \u00e0 acumula\u00e7\u00e3o de humidade.<\/li>\n\n\n\n<li><strong>Aeroportos<\/strong>: Oferece uma resist\u00eancia fi\u00e1vel \u00e0 derrapagem nas pistas de aterragem e de circula\u00e7\u00e3o de aeronaves.<\/li>\n\n\n\n<li><strong>Ciclovias<\/strong>: Aumenta a seguran\u00e7a dos ciclistas ao evitar a derrapagem em superf\u00edcies molhadas ou escorregadias.<\/li>\n<\/ul>\n\n\n\n<h3 class=\"wp-block-heading\">Aplica\u00e7\u00f5es ambientais<\/h3>\n\n\n\n<ul class=\"wp-block-list\">\n<li><strong>Controlo da eros\u00e3o<\/strong>: Atenua a eros\u00e3o do solo em taludes e aterros.<\/li>\n\n\n\n<li><strong>Paisagismo<\/strong>: Acrescenta valor est\u00e9tico e aumenta a seguran\u00e7a nas zonas pedonais.<\/li>\n<\/ul>\n\n\n\n<h2 class=\"wp-block-heading\">Perguntas mais frequentes<\/h2>\n\n\n\n<p><strong>P: Que tipo de agregados antiderrapantes existem?<\/strong><br>R: Os nossos agregados antiderrapantes incluem agregados cer\u00e2micos e areias de vidro.<\/p>\n\n\n\n<p><strong>P: Como \u00e9 que os agregados antiderrapantes melhoram a seguran\u00e7a rodovi\u00e1ria?<\/strong><br>R: Aumentam o atrito da superf\u00edcie, reduzindo a probabilidade de os ve\u00edculos derraparem, especialmente em condi\u00e7\u00f5es climat\u00e9ricas adversas.<\/p>\n\n\n\n<p><strong>Q: Podem fornecer uma mistura de esferas de vidro e agregados antiderrapantes?<\/strong><br>R: Sim, podemos misturar as esferas de vidro e os agregados antiderrapantes para si.<\/p>","protected":false},"excerpt":{"rendered":"<p>Materiais adicionados a superf\u00edcies como estradas para melhorar a tra\u00e7\u00e3o e reduzir a derrapagem. Refor\u00e7am a seguran\u00e7a aumentando a ader\u00eancia da superf\u00edcie em v\u00e1rias condi\u00e7\u00f5es climat\u00e9ricas.<\/p>","protected":false},"featured_media":1677,"parent":0,"template":"","meta":{"_acf_changed":false,"_kad_blocks_custom_css":"","_kad_blocks_head_custom_js":"","_kad_blocks_body_custom_js":"","_kad_blocks_footer_custom_js":"","_kad_post_transparent":"","_kad_post_title":"","_kad_post_layout":"","_kad_post_sidebar_id":"","_kad_post_content_style":"","_kad_post_vertical_padding":"","_kad_post_feature":"","_kad_post_feature_position":"","_kad_post_header":false,"_kad_post_footer":false,"_kad_post_classname":""},"product-category":[6],"class_list":["post-94","product","type-product","status-publish","has-post-thumbnail","hentry","product-category-other-materials"],"acf":[],"taxonomy_info":{"product-category":[{"value":6,"label":"Other Materials"}]},"featured_image_src_large":["https:\/\/lanxingco.com\/wp-content\/uploads\/2024\/07\/Anti-Skid-Aggregates-ceramic-1.jpg",700,700,false],"author_info":[],"comment_info":"","_links":{"self":[{"href":"https:\/\/lanxingco.com\/pt\/wp-json\/wp\/v2\/product\/94","targetHints":{"allow":["GET"]}}],"collection":[{"href":"https:\/\/lanxingco.com\/pt\/wp-json\/wp\/v2\/product"}],"about":[{"href":"https:\/\/lanxingco.com\/pt\/wp-json\/wp\/v2\/types\/product"}],"wp:featuredmedia":[{"embeddable":true,"href":"https:\/\/lanxingco.com\/pt\/wp-json\/wp\/v2\/media\/1677"}],"wp:attachment":[{"href":"https:\/\/lanxingco.com\/pt\/wp-json\/wp\/v2\/media?parent=94"}],"wp:term":[{"taxonomy":"product-category","embeddable":true,"href":"https:\/\/lanxingco.com\/pt\/wp-json\/wp\/v2\/product-category?post=94"}],"curies":[{"name":"wp","href":"https:\/\/api.w.org\/{rel}","templated":true}]}}