{"id":92,"date":"2024-06-17T01:48:19","date_gmt":"2024-06-17T01:48:19","guid":{"rendered":"https:\/\/lanxing.easiwin.com\/?post_type=product&#038;p=92"},"modified":"2024-07-15T08:48:35","modified_gmt":"2024-07-15T08:48:35","slug":"filler-glass-beads","status":"publish","type":"product","link":"https:\/\/lanxingco.com\/pt\/product\/filler-glass-beads\/","title":{"rendered":"Contas de vidro de enchimento"},"content":{"rendered":"<h2 class=\"wp-block-heading\">Vis\u00e3o geral das esferas de vidro de enchimento<\/h2>\n\n\n\n<p>As esferas de vidro de enchimento s\u00e3o pequenas part\u00edculas esf\u00e9ricas utilizadas em muitas aplica\u00e7\u00f5es industriais e comerciais. A principal fun\u00e7\u00e3o das esferas de vidro de enchimento \u00e9 melhorar as propriedades dos materiais a que s\u00e3o adicionadas, tais como melhorar a viscosidade, a densidade ou a condutividade t\u00e9rmica. S\u00e3o amplamente utilizadas em ind\u00fastrias que v\u00e3o da constru\u00e7\u00e3o civil e autom\u00f3vel \u00e0 eletr\u00f3nica e aos cuidados de sa\u00fade. As aplica\u00e7\u00f5es mais comuns incluem cobertores de peso e compostos de calafetagem.<\/p>\n\n\n\n<h2 class=\"wp-block-heading\">Especifica\u00e7\u00f5es e dados t\u00e9cnicos<\/h2>\n\n\n\n<figure class=\"wp-block-table\"><table><thead><tr><th><strong>Parameter<\/strong><\/th><th><strong>Detalhes<\/strong><\/th><\/tr><\/thead><tbody><tr><td><strong>Composi\u00e7\u00e3o<\/strong><\/td><td>Soda-cal<\/td><\/tr><tr><td><strong>Forma<\/strong><\/td><td>Esf\u00e9rico<\/td><\/tr><tr><td><strong>Tamanhos<\/strong><\/td><td>10-1000 microns<\/td><\/tr><tr><td><strong>Densidade<\/strong><\/td><td>2,4 - 2,6 g\/cm\u00b3<\/td><\/tr><tr><td><strong>Dureza (Mohs)<\/strong><\/td><td>6.0 &#8211; 7.0<\/td><\/tr><tr><td><strong>Arredondamento<\/strong><\/td><td>\u2265 85%<\/td><\/tr><tr><td><strong>Estabilidade qu\u00edmica<\/strong><\/td><td>Resistente a \u00e1cidos e \u00e1lcalis<\/td><\/tr><tr><td><strong>Gama de temperaturas<\/strong><\/td><td>At\u00e9 600\u00b0C<\/td><\/tr><tr><td><strong>Normas<\/strong><\/td><td>Cumpre muitas normas internacionais do sector.<\/td><\/tr><\/tbody><\/table><\/figure>\n\n\n\n<h2 class=\"wp-block-heading\">Benef\u00edcios das p\u00e9rolas de vidro de enchimento<\/h2>\n\n\n\n<p>As esferas de vidro de enchimento oferecem vantagens significativas na melhoria do desempenho do produto e da efici\u00eancia operacional:<\/p>\n\n\n\n<h3 class=\"wp-block-heading\">Vantagens<\/h3>\n\n\n\n<p><strong>1. Controlo da densidade<\/strong>:<br>Ajusta a densidade em materiais comp\u00f3sitos e revestimentos, melhorando o manuseamento e a aplica\u00e7\u00e3o do material.<\/p>\n\n\n\n<p><strong>2. Isolamento t\u00e9rmico<\/strong>:<br>Proporciona isolamento t\u00e9rmico em materiais de constru\u00e7\u00e3o e comp\u00f3sitos, melhorando a efici\u00eancia energ\u00e9tica.<\/p>\n\n\n\n<p><strong>3. Resist\u00eancia \u00e0 abras\u00e3o<\/strong>:<br>Melhora a resist\u00eancia ao desgaste em revestimentos e pl\u00e1sticos, prolongando a vida \u00fatil do produto.<\/p>\n\n\n\n<p><strong>4. In\u00e9rcia qu\u00edmica<\/strong>:<br>Resistente a reac\u00e7\u00f5es qu\u00edmicas, mant\u00e9m a estabilidade em ambientes corrosivos.<\/p>\n\n\n\n<p><strong>5. Versatilidade<\/strong>:<br>Aplic\u00e1vel em v\u00e1rias ind\u00fastrias, incluindo a constru\u00e7\u00e3o, autom\u00f3vel, aeroespacial e eletr\u00f3nica.<\/p>\n\n\n\n<h2 class=\"wp-block-heading\">Caracter\u00edsticas das p\u00e9rolas de vidro de enchimento<\/h2>\n\n\n\n<p>As p\u00e9rolas de vidro de enchimento s\u00e3o caracterizadas pelas suas caracter\u00edsticas \u00fanicas que contribuem para o seu desempenho e versatilidade:<\/p>\n\n\n\n<ul class=\"wp-block-list\">\n<li><strong>Distribui\u00e7\u00e3o uniforme de tamanhos<\/strong>: Assegura a coer\u00eancia das propriedades dos materiais e o desempenho das aplica\u00e7\u00f5es.<\/li>\n\n\n\n<li><strong>Alta resist\u00eancia<\/strong>: Fornece refor\u00e7o em comp\u00f3sitos sem aumentar significativamente o peso.<\/li>\n\n\n\n<li><strong>Clareza \u00f3tica<\/strong>: Mant\u00e9m a transpar\u00eancia em aplica\u00e7\u00f5es que requerem propriedades \u00f3pticas.<\/li>\n\n\n\n<li><strong>F\u00e1cil manuseamento<\/strong>: Compat\u00edvel com v\u00e1rios processos de fabrico, facilitando a integra\u00e7\u00e3o nos sistemas existentes.<\/li>\n<\/ul>\n\n\n\n<h2 class=\"wp-block-heading\">Aplica\u00e7\u00f5es das esferas de vidro de enchimento<\/h2>\n\n\n\n<p><\/p>\n\n\n\n<h3 class=\"wp-block-heading\">Aplica\u00e7\u00f5es industriais<\/h3>\n\n\n\n<ul class=\"wp-block-list\">\n<li><strong>Constru\u00e7\u00e3o<\/strong>: Aumenta a resist\u00eancia e a durabilidade do bet\u00e3o em aplica\u00e7\u00f5es de alto desempenho.<\/li>\n\n\n\n<li><strong>Autom\u00f3vel<\/strong>: Melhora a leveza e a resist\u00eancia ao impacto em componentes autom\u00f3veis.<\/li>\n\n\n\n<li><strong>Eletr\u00f3nica<\/strong>: Fornece gest\u00e3o t\u00e9rmica e isolamento em dispositivos electr\u00f3nicos.<\/li>\n\n\n\n<li><strong>Revestimentos<\/strong>: Aumenta a resist\u00eancia \u00e0 abras\u00e3o e a durabilidade dos revestimentos de prote\u00e7\u00e3o.<\/li>\n<\/ul>\n\n\n\n<h3 class=\"wp-block-heading\">Aplica\u00e7\u00f5es para consumidores<\/h3>\n\n\n\n<ul class=\"wp-block-list\">\n<li><strong>Cobertores com pesos<\/strong>: Proporcionando uma distribui\u00e7\u00e3o de peso reconfortante e terap\u00eautica que favorece o relaxamento e uma melhor qualidade do sono...<\/li>\n\n\n\n<li><strong>Compostos para calafetagem<\/strong>: Melhoram a coes\u00e3o do composto, resultando em propriedades de veda\u00e7\u00e3o superiores para aplica\u00e7\u00f5es na constru\u00e7\u00e3o e melhoria da casa.<\/li>\n\n\n\n<li><strong>Cosm\u00e9ticos<\/strong>: Actua como um agente de enchimento em cosm\u00e9ticos para melhorar a textura e o desempenho do produto.<\/li>\n\n\n\n<li><strong>Artigos de desporto<\/strong>: Aumenta a durabilidade e o desempenho do equipamento desportivo.<\/li>\n<\/ul>\n\n\n\n<h2 class=\"wp-block-heading\">Perguntas mais frequentes<\/h2>\n\n\n\n<p><strong>P: Para que s\u00e3o utilizadas as contas de vidro de enchimento?<\/strong><br>R: As esferas de vidro de enchimento s\u00e3o utilizadas como aditivos em v\u00e1rias ind\u00fastrias para melhorar o desempenho dos produtos. Por exemplo, para cobertores de peso e compostos de calafetagem.<\/p>\n\n\n\n<p><strong>P: Quais s\u00e3o as vantagens da utiliza\u00e7\u00e3o de p\u00e9rolas de vidro de enchimento?<\/strong><br>R: As p\u00e9rolas de vidro de enchimento proporcionam v\u00e1rias vantagens, incluindo maior fluidez e dispersibilidade nos materiais, maior durabilidade e resist\u00eancia.<\/p>\n\n\n\n<p><strong>P: As contas de vidro de enchimento s\u00e3o amigas do ambiente?<\/strong><br>R: Sim, s\u00e3o inertes e n\u00e3o t\u00f3xicos, o que os torna ambientalmente seguros em compara\u00e7\u00e3o com outros aditivos utilizados em aplica\u00e7\u00f5es industriais.<\/p>","protected":false},"excerpt":{"rendered":"<p>Pequenas esferas de vidro utilizadas como cargas em comp\u00f3sitos, pl\u00e1sticos e adesivos para aumentar a resist\u00eancia, a estabilidade t\u00e9rmica e a precis\u00e3o dimensional. Melhoram as propriedades do material, reduzindo o peso e o custo.<\/p>","protected":false},"featured_media":1686,"parent":0,"template":"","meta":{"_acf_changed":false,"_kad_blocks_custom_css":"","_kad_blocks_head_custom_js":"","_kad_blocks_body_custom_js":"","_kad_blocks_footer_custom_js":"","_kad_post_transparent":"","_kad_post_title":"","_kad_post_layout":"","_kad_post_sidebar_id":"","_kad_post_content_style":"","_kad_post_vertical_padding":"","_kad_post_feature":"","_kad_post_feature_position":"","_kad_post_header":false,"_kad_post_footer":false,"_kad_post_classname":""},"product-category":[5],"class_list":["post-92","product","type-product","status-publish","has-post-thumbnail","hentry","product-category-industrial-glass-beads"],"acf":[],"taxonomy_info":{"product-category":[{"value":5,"label":"Industrial Glass Beads"}]},"featured_image_src_large":["https:\/\/lanxingco.com\/wp-content\/uploads\/2024\/07\/Filler-Glass-Beads-1-1024x576.jpg",1024,576,true],"author_info":[],"comment_info":"","_links":{"self":[{"href":"https:\/\/lanxingco.com\/pt\/wp-json\/wp\/v2\/product\/92","targetHints":{"allow":["GET"]}}],"collection":[{"href":"https:\/\/lanxingco.com\/pt\/wp-json\/wp\/v2\/product"}],"about":[{"href":"https:\/\/lanxingco.com\/pt\/wp-json\/wp\/v2\/types\/product"}],"wp:featuredmedia":[{"embeddable":true,"href":"https:\/\/lanxingco.com\/pt\/wp-json\/wp\/v2\/media\/1686"}],"wp:attachment":[{"href":"https:\/\/lanxingco.com\/pt\/wp-json\/wp\/v2\/media?parent=92"}],"wp:term":[{"taxonomy":"product-category","embeddable":true,"href":"https:\/\/lanxingco.com\/pt\/wp-json\/wp\/v2\/product-category?post=92"}],"curies":[{"name":"wp","href":"https:\/\/api.w.org\/{rel}","templated":true}]}}