{"id":89,"date":"2024-06-17T01:44:06","date_gmt":"2024-06-17T01:44:06","guid":{"rendered":"https:\/\/lanxing.easiwin.com\/?post_type=product&#038;p=89"},"modified":"2024-07-15T08:49:32","modified_gmt":"2024-07-15T08:49:32","slug":"oil-drilling-glass-beads","status":"publish","type":"product","link":"https:\/\/lanxingco.com\/pt\/product\/oil-drilling-glass-beads\/","title":{"rendered":"Contas de vidro para perfura\u00e7\u00e3o de petr\u00f3leo"},"content":{"rendered":"<h2 class=\"wp-block-heading\">Vis\u00e3o geral das esferas de vidro para perfura\u00e7\u00e3o de po\u00e7os de petr\u00f3leo<\/h2>\n\n\n\n<p>As esferas de vidro para perfura\u00e7\u00e3o de petr\u00f3leo desempenham um papel crucial na ind\u00fastria petrol\u00edfera, especificamente no aumento da efici\u00eancia e seguran\u00e7a das opera\u00e7\u00f5es de perfura\u00e7\u00e3o. Estas esferas especializadas s\u00e3o utilizadas como aditivos nos fluidos de perfura\u00e7\u00e3o para controlar a perda de fluido, melhorar a lubrifica\u00e7\u00e3o e mitigar os danos na forma\u00e7\u00e3o durante os processos de extra\u00e7\u00e3o de petr\u00f3leo e g\u00e1s. <\/p>\n\n\n\n<h2 class=\"wp-block-heading\">Especifica\u00e7\u00f5es e dados t\u00e9cnicos<\/h2>\n\n\n\n<figure class=\"wp-block-table\"><table><thead><tr><th><strong>Parameter<\/strong><\/th><th><strong>Detalhes<\/strong><\/th><\/tr><\/thead><tbody><tr><td><strong>Composi\u00e7\u00e3o<\/strong><\/td><td>Copo de lima com g\u00e1s<\/td><\/tr><tr><td><strong>Forma<\/strong><\/td><td>Esf\u00e9rico<\/td><\/tr><tr><td><strong>Tamanhos<\/strong><\/td><td>53-300 microns<\/td><\/tr><tr><td><strong>Densidade<\/strong><\/td><td>2,4 - 2,6 g\/cm\u00b3<\/td><\/tr><tr><td><strong>Dureza (Mohs)<\/strong><\/td><td>6.0 &#8211; 7.0<\/td><\/tr><tr><td><strong>Arredondamento<\/strong><\/td><td>\u2265 85%<\/td><\/tr><tr><td><strong>Estabilidade qu\u00edmica<\/strong><\/td><td>Quimicamente inerte, resistente a \u00e1cidos e \u00e1lcalis<\/td><\/tr><tr><td><strong>Gama de temperaturas<\/strong><\/td><td>At\u00e9 500\u00b0F (260\u00b0C)<\/td><\/tr><tr><td><strong>Normas<\/strong><\/td><td>API RP 13C<\/td><\/tr><\/tbody><\/table><\/figure>\n\n\n\n<h2 class=\"wp-block-heading\">Benef\u00edcios das esferas de vidro para perfura\u00e7\u00e3o de po\u00e7os de petr\u00f3leo<\/h2>\n\n\n\n<p>As esferas de vidro para perfura\u00e7\u00e3o de petr\u00f3leo oferecem vantagens significativas na melhoria do desempenho do fluido de perfura\u00e7\u00e3o e da efici\u00eancia operacional global:<\/p>\n\n\n\n<h3 class=\"wp-block-heading\">Vantagens<\/h3>\n\n\n\n<p><strong>1. controlo da perda de fluidos<\/strong>:<br>Reduz a perda de fluido e estabiliza os po\u00e7os, melhorando a efici\u00eancia da perfura\u00e7\u00e3o.<\/p>\n\n\n\n<p><strong>2. Lubrifica\u00e7\u00e3o<\/strong>:<br>Aumenta a lubricidade dos fluidos de perfura\u00e7\u00e3o, reduzindo a fric\u00e7\u00e3o e o desgaste do equipamento.<\/p>\n\n\n\n<p><strong>3. Preven\u00e7\u00e3o de danos na forma\u00e7\u00e3o<\/strong>:<br>Minimiza os danos na forma\u00e7\u00e3o, mantendo a estabilidade e integridade do po\u00e7o.<\/p>\n\n\n\n<p><strong>4. Estabilidade da temperatura<\/strong>:<br>Resiste a temperaturas elevadas encontradas em opera\u00e7\u00f5es de perfura\u00e7\u00e3o profunda.<\/p>\n\n\n\n<p><strong>5. Seguran\u00e7a ambiental<\/strong>:<br>N\u00e3o t\u00f3xico e amigo do ambiente em compara\u00e7\u00e3o com outros aditivos.<\/p>\n\n\n\n<h2 class=\"wp-block-heading\">Caracter\u00edsticas das Contas de Vidro para Perfura\u00e7\u00e3o de Petr\u00f3leo<\/h2>\n\n\n\n<p>As esferas de vidro para perfura\u00e7\u00e3o de petr\u00f3leo s\u00e3o caracterizadas pelas suas caracter\u00edsticas \u00fanicas que contribuem para o seu desempenho e fiabilidade:<\/p>\n\n\n\n<ul class=\"wp-block-list\">\n<li><strong>Distribui\u00e7\u00e3o uniforme de tamanhos<\/strong>: Assegura um desempenho consistente em fluidos de perfura\u00e7\u00e3o.<\/li>\n\n\n\n<li><strong>In\u00e9rcia qu\u00edmica<\/strong>: Resistente \u00e0s reac\u00e7\u00f5es qu\u00edmicas, mant\u00e9m a estabilidade em v\u00e1rias composi\u00e7\u00f5es de fluidos.<\/li>\n\n\n\n<li><strong>Alta resist\u00eancia<\/strong>: Resiste \u00e0 press\u00e3o e \u00e0s for\u00e7as de corte em ambientes de perfura\u00e7\u00e3o.<\/li>\n\n\n\n<li><strong>Baixa densidade<\/strong>: Ajuda a controlar a flutuabilidade e a ajustar a densidade do fluido.<\/li>\n\n\n\n<li><strong>F\u00e1cil manuseamento<\/strong>: Compat\u00edvel com v\u00e1rios sistemas de fluidos de perfura\u00e7\u00e3o, f\u00e1cil de transportar e misturar.<\/li>\n<\/ul>\n\n\n\n<h2 class=\"wp-block-heading\">Aplica\u00e7\u00f5es das esferas de vidro para perfura\u00e7\u00e3o de petr\u00f3leo<\/h2>\n\n\n\n<p><\/p>\n\n\n\n<h3 class=\"wp-block-heading\">Aplica\u00e7\u00f5es industriais<\/h3>\n\n\n\n<ul class=\"wp-block-list\">\n<li><strong>Po\u00e7os de petr\u00f3leo onshore e offshore<\/strong>: Melhora o desempenho do fluido de perfura\u00e7\u00e3o em reservat\u00f3rios convencionais e n\u00e3o convencionais.<\/li>\n\n\n\n<li><strong>Perfura\u00e7\u00e3o horizontal<\/strong>: Facilita a perfura\u00e7\u00e3o eficiente em forma\u00e7\u00f5es geol\u00f3gicas complexas.<\/li>\n\n\n\n<li><strong>Po\u00e7os de alta temperatura<\/strong>: Mant\u00e9m a estabilidade e a lubrifica\u00e7\u00e3o a temperaturas extremas.<\/li>\n<\/ul>\n\n\n\n<h3 class=\"wp-block-heading\">Aplica\u00e7\u00f5es ambientais<\/h3>\n\n\n\n<ul class=\"wp-block-list\">\n<li><strong>Po\u00e7os geot\u00e9rmicos<\/strong>: Melhora a circula\u00e7\u00e3o do fluido e a efici\u00eancia da transfer\u00eancia de calor.<\/li>\n\n\n\n<li><strong>Remedia\u00e7\u00e3o ambiental<\/strong>: Ajuda na monitoriza\u00e7\u00e3o das \u00e1guas subterr\u00e2neas e nas actividades de corre\u00e7\u00e3o.<\/li>\n<\/ul>\n\n\n\n<h2 class=\"wp-block-heading\">Perguntas mais frequentes<\/h2>\n\n\n\n<p><strong>P: Para que s\u00e3o utilizadas as esferas de vidro para perfura\u00e7\u00e3o de po\u00e7os de petr\u00f3leo?<\/strong><br>R: As esferas de vidro para perfura\u00e7\u00e3o de petr\u00f3leo s\u00e3o utilizadas como aditivos em fluidos de perfura\u00e7\u00e3o para controlar a perda de fluido, melhorar a lubrifica\u00e7\u00e3o e evitar danos na forma\u00e7\u00e3o durante a extra\u00e7\u00e3o de petr\u00f3leo e g\u00e1s.<\/p>\n\n\n\n<p><strong>Q: Que tamanhos de part\u00edculas est\u00e3o dispon\u00edveis para as esferas de vidro para perfura\u00e7\u00e3o de petr\u00f3leo?<\/strong><br>A: Tamanhos finos: 45 &#8211; 75 microns. Tamanhos m\u00e9dios: 75 &#8211; 150 microns. Tamanhos grossos: 150 &#8211; 300 microns.<\/p>\n\n\n\n<p><strong>P: As contas de vidro para perfura\u00e7\u00e3o de po\u00e7os de petr\u00f3leo s\u00e3o amigas do ambiente?<\/strong><br>R: Sim, n\u00e3o s\u00e3o t\u00f3xicos e s\u00e3o seguros para o ambiente em compara\u00e7\u00e3o com outros aditivos utilizados nas opera\u00e7\u00f5es de perfura\u00e7\u00e3o.<\/p>\n\n\n\n<p><strong>Q: Como devem ser armazenadas as p\u00e9rolas de vidro para perfura\u00e7\u00e3o de po\u00e7os de petr\u00f3leo?<\/strong><br>R: As esferas de vidro para perfura\u00e7\u00e3o de \u00f3leo devem ser armazenadas num local fresco e seco, longe da luz solar direta e da humidade. O armazenamento correto ajuda a manter a sua efic\u00e1cia e prolonga o seu prazo de validade.<\/p>","protected":false},"excerpt":{"rendered":"<p>Esferas utilizadas em fluidos de perfura\u00e7\u00e3o para controlar a perda de fluido e melhorar a estabilidade do po\u00e7o durante a extra\u00e7\u00e3o de petr\u00f3leo e g\u00e1s. Suportam condi\u00e7\u00f5es de perfura\u00e7\u00e3o dif\u00edceis, garantindo a efici\u00eancia e a seguran\u00e7a operacionais.<\/p>","protected":false},"featured_media":1692,"parent":0,"template":"","meta":{"_acf_changed":false,"_kad_blocks_custom_css":"","_kad_blocks_head_custom_js":"","_kad_blocks_body_custom_js":"","_kad_blocks_footer_custom_js":"","_kad_post_transparent":"","_kad_post_title":"","_kad_post_layout":"","_kad_post_sidebar_id":"","_kad_post_content_style":"","_kad_post_vertical_padding":"","_kad_post_feature":"","_kad_post_feature_position":"","_kad_post_header":false,"_kad_post_footer":false,"_kad_post_classname":""},"product-category":[5],"class_list":["post-89","product","type-product","status-publish","has-post-thumbnail","hentry","product-category-industrial-glass-beads"],"acf":[],"taxonomy_info":{"product-category":[{"value":5,"label":"Industrial Glass Beads"}]},"featured_image_src_large":["https:\/\/lanxingco.com\/wp-content\/uploads\/2024\/07\/Oil-Drilling-Glass-Beads-1-1024x620.jpg",1024,620,true],"author_info":[],"comment_info":"","_links":{"self":[{"href":"https:\/\/lanxingco.com\/pt\/wp-json\/wp\/v2\/product\/89","targetHints":{"allow":["GET"]}}],"collection":[{"href":"https:\/\/lanxingco.com\/pt\/wp-json\/wp\/v2\/product"}],"about":[{"href":"https:\/\/lanxingco.com\/pt\/wp-json\/wp\/v2\/types\/product"}],"wp:featuredmedia":[{"embeddable":true,"href":"https:\/\/lanxingco.com\/pt\/wp-json\/wp\/v2\/media\/1692"}],"wp:attachment":[{"href":"https:\/\/lanxingco.com\/pt\/wp-json\/wp\/v2\/media?parent=89"}],"wp:term":[{"taxonomy":"product-category","embeddable":true,"href":"https:\/\/lanxingco.com\/pt\/wp-json\/wp\/v2\/product-category?post=89"}],"curies":[{"name":"wp","href":"https:\/\/api.w.org\/{rel}","templated":true}]}}