{"id":87,"date":"2024-06-17T01:41:23","date_gmt":"2024-06-17T01:41:23","guid":{"rendered":"https:\/\/lanxing.easiwin.com\/?post_type=product&#038;p=87"},"modified":"2024-07-15T08:50:44","modified_gmt":"2024-07-15T08:50:44","slug":"sand-blasting-glass-beads","status":"publish","type":"product","link":"https:\/\/lanxingco.com\/pt\/product\/sand-blasting-glass-beads\/","title":{"rendered":"contas de vidro para jato de areia"},"content":{"rendered":"<h2 class=\"wp-block-heading\">Vis\u00e3o geral das contas de vidro para jato de areia<\/h2>\n\n\n\n<p>As esferas de vidro para jato de areia s\u00e3o meios abrasivos essenciais utilizados em aplica\u00e7\u00f5es de prepara\u00e7\u00e3o de superf\u00edcies em v\u00e1rias ind\u00fastrias. Oferecem vantagens \u00fanicas em termos de efic\u00e1cia, reutiliza\u00e7\u00e3o e respeito pelo ambiente, em compara\u00e7\u00e3o com os abrasivos tradicionais, como a areia de s\u00edlica. <\/p>\n\n\n\n<p>O jato de areia com esferas de vidro consiste em impulsionar esferas de vidro finas a alta press\u00e3o para limpar, polir ou rebarbar superf\u00edcies sem danificar os materiais subjacentes. Este m\u00e9todo \u00e9 amplamente preferido pela sua capacidade de obter acabamentos suaves e uma limpeza precisa, tornando-o indispens\u00e1vel em ind\u00fastrias como a autom\u00f3vel, a aeroespacial, a constru\u00e7\u00e3o e a metalomec\u00e2nica.<\/p>\n\n\n\n<h2 class=\"wp-block-heading\">Especifica\u00e7\u00f5es e dados t\u00e9cnicos<\/h2>\n\n\n\n<figure class=\"wp-block-table\"><table><thead><tr><th><strong>Parameter<\/strong><\/th><th><strong>Detalhes<\/strong><\/th><\/tr><\/thead><tbody><tr><td><strong>Material<\/strong><\/td><td>Copo de lima com g\u00e1s<\/td><\/tr><tr><td><strong>Apar\u00eancia<\/strong><\/td><td>Transparente, incolor<\/td><\/tr><tr><td><strong>Forma<\/strong><\/td><td>Esf\u00e9rico<\/td><\/tr><tr><td><strong>Tamanho<\/strong> <strong>Gama<\/strong><\/td><td>53-1180 microns<\/td><\/tr><tr><td><strong>Arredondamento<\/strong><\/td><td>\u2265 80%<\/td><\/tr><tr><td><strong>Dureza (Mohs)<\/strong><\/td><td>6.0 &#8211; 7.0<\/td><\/tr><tr><td><strong>Densidade<\/strong><\/td><td>2,4 - 2,6 g\/cm\u00b3<\/td><\/tr><tr><td><strong>Composi\u00e7\u00e3o qu\u00edmica<\/strong><\/td><td>SiO\u2082 (70-75%), Na\u2082O (13-15%), CaO (8-10%), MgO (2-4%).<\/td><\/tr><tr><td><strong>Normas<\/strong><\/td><td>De acordo com muitas normas internacionais<\/td><\/tr><\/tbody><\/table><\/figure>\n\n\n\n<h2 class=\"wp-block-heading\">Vantagens das contas de vidro com jato de areia<\/h2>\n\n\n\n<h3 class=\"wp-block-heading\">Vantagens<\/h3>\n\n\n\n<p><strong>1. Acabamento da superf\u00edcie<\/strong>:<br>Produz acabamentos suaves sem danificar o substrato, ideal para superf\u00edcies delicadas.<\/p>\n\n\n\n<p><strong>2. Reutiliza\u00e7\u00e3o<\/strong>:<br>As contas de vidro podem ser recicladas v\u00e1rias vezes, reduzindo os custos operacionais.<\/p>\n\n\n\n<p><strong>3. Respeito pelo ambiente<\/strong>:<br>N\u00e3o t\u00f3xico e sem s\u00edlica, minimizando os riscos para a sa\u00fade e o impacto ambiental.<\/p>\n\n\n\n<p><strong>4. Versatilidade<\/strong>:<br>Adequado para uma vasta gama de materiais, incluindo metais, pl\u00e1sticos, comp\u00f3sitos e cer\u00e2mica.<\/p>\n\n\n\n<p><strong>5. Limpeza de precis\u00e3o<\/strong>:<br>Remove eficazmente os contaminantes e os revestimentos sem alterar as dimens\u00f5es da superf\u00edcie.<\/p>\n\n\n\n<h2 class=\"wp-block-heading\">Caracter\u00edsticas das contas de vidro para jato de areia<\/h2>\n\n\n\n<ul class=\"wp-block-list\">\n<li><strong>Distribui\u00e7\u00e3o uniforme de tamanhos<\/strong>: Assegura resultados de granalhagem consistentes.<\/li>\n\n\n\n<li><strong>In\u00e9rcia qu\u00edmica<\/strong>: N\u00e3o reage com substratos ou revestimentos.<\/li>\n\n\n\n<li><strong>Baixa produ\u00e7\u00e3o de poeiras<\/strong>: Proporciona um ambiente de trabalho mais limpo.<\/li>\n\n\n\n<li><strong>Reparti\u00e7\u00e3o m\u00ednima<\/strong>: Mant\u00e9m a forma e a efic\u00e1cia ao longo de m\u00faltiplas utiliza\u00e7\u00f5es.<\/li>\n\n\n\n<li><strong>Alta visibilidade<\/strong>: As esferas de vidro transparentes permitem aos operadores monitorizar o progresso da decapagem.<\/li>\n<\/ul>\n\n\n\n<h2 class=\"wp-block-heading\">Aplica\u00e7\u00f5es das esferas de vidro para jato de areia<\/h2>\n\n\n\n<p><\/p>\n\n\n\n<h3 class=\"wp-block-heading\">Aplica\u00e7\u00f5es industriais<\/h3>\n\n\n\n<ul class=\"wp-block-list\">\n<li><strong>Autom\u00f3vel<\/strong>: Prepara\u00e7\u00e3o da superf\u00edcie para remo\u00e7\u00e3o de tinta e remo\u00e7\u00e3o de ferrugem.<\/li>\n\n\n\n<li><strong>Aeroespacial<\/strong>: Rebarbagem e acabamento de componentes de aeronaves.<\/li>\n\n\n\n<li><strong>Constru\u00e7\u00e3o<\/strong>: Limpeza de superf\u00edcies arquitect\u00f3nicas e projectos de restauro.<\/li>\n\n\n\n<li><strong>Metalurgia<\/strong>: Limpeza e polimento para melhorar a integridade da superf\u00edcie.<\/li>\n<\/ul>\n\n\n\n<h3 class=\"wp-block-heading\">Aplica\u00e7\u00f5es para consumidores<\/h3>\n\n\n\n<ul class=\"wp-block-list\">\n<li><strong>Melhoria da casa<\/strong>: Acabamento de m\u00f3veis e restauro de antiguidades.<\/li>\n\n\n\n<li><strong>Artesanato e passatempos<\/strong>: Gravura em vidro e tratamentos decorativos de superf\u00edcie.<\/li>\n<\/ul>\n\n\n\n<h2 class=\"wp-block-heading\">Perguntas mais frequentes<\/h2>\n\n\n\n<p><strong>Para que s\u00e3o utilizadas as contas de vidro para jato de areia?<\/strong><br>As p\u00e9rolas de vidro para jato de areia s\u00e3o utilizadas para limpar, rebarbar e dar acabamento a superf\u00edcies sem danificar o material subjacente.<\/p>\n\n\n\n<p><strong>As contas de vidro para jato de areia s\u00e3o reutiliz\u00e1veis?<\/strong><br>Sim, as contas de vidro podem ser reutilizadas v\u00e1rias vezes, reduzindo os custos operacionais.<\/p>\n\n\n\n<p><strong>As contas de vidro com jato de areia s\u00e3o amigas do ambiente?<\/strong><br>Sim, n\u00e3o s\u00e3o t\u00f3xicos e n\u00e3o cont\u00eam s\u00edlica, minimizando os riscos para a sa\u00fade e o impacto ambiental em compara\u00e7\u00e3o com a areia de s\u00edlica.<\/p>\n\n\n\n<p><strong>Que tamanhos de part\u00edculas est\u00e3o dispon\u00edveis para as contas de vidro para jato de areia?<\/strong><br>850-600um, 600-425um, 425-300um, 300-150um, 150-75um, etc.<\/p>","protected":false},"excerpt":{"rendered":"<p>Contas de vidro utilizadas em jato de areia para limpeza e acabamento de superf\u00edcies sem causar danos. Removem ferrugem, tinta e contaminantes de forma eficaz, mantendo a integridade da superf\u00edcie.<\/p>","protected":false},"featured_media":1698,"parent":0,"template":"","meta":{"_acf_changed":false,"_kad_blocks_custom_css":"","_kad_blocks_head_custom_js":"","_kad_blocks_body_custom_js":"","_kad_blocks_footer_custom_js":"","_kad_post_transparent":"","_kad_post_title":"","_kad_post_layout":"","_kad_post_sidebar_id":"","_kad_post_content_style":"","_kad_post_vertical_padding":"","_kad_post_feature":"","_kad_post_feature_position":"","_kad_post_header":false,"_kad_post_footer":false,"_kad_post_classname":""},"product-category":[5],"class_list":["post-87","product","type-product","status-publish","has-post-thumbnail","hentry","product-category-industrial-glass-beads"],"acf":[],"taxonomy_info":{"product-category":[{"value":5,"label":"Industrial Glass Beads"}]},"featured_image_src_large":["https:\/\/lanxingco.com\/wp-content\/uploads\/2024\/07\/Sand-Blasting-Glass-Beads-1.jpg",833,700,false],"author_info":[],"comment_info":"","_links":{"self":[{"href":"https:\/\/lanxingco.com\/pt\/wp-json\/wp\/v2\/product\/87","targetHints":{"allow":["GET"]}}],"collection":[{"href":"https:\/\/lanxingco.com\/pt\/wp-json\/wp\/v2\/product"}],"about":[{"href":"https:\/\/lanxingco.com\/pt\/wp-json\/wp\/v2\/types\/product"}],"wp:featuredmedia":[{"embeddable":true,"href":"https:\/\/lanxingco.com\/pt\/wp-json\/wp\/v2\/media\/1698"}],"wp:attachment":[{"href":"https:\/\/lanxingco.com\/pt\/wp-json\/wp\/v2\/media?parent=87"}],"wp:term":[{"taxonomy":"product-category","embeddable":true,"href":"https:\/\/lanxingco.com\/pt\/wp-json\/wp\/v2\/product-category?post=87"}],"curies":[{"name":"wp","href":"https:\/\/api.w.org\/{rel}","templated":true}]}}