{"id":81,"date":"2024-06-17T01:34:37","date_gmt":"2024-06-17T01:34:37","guid":{"rendered":"https:\/\/lanxing.easiwin.com\/?post_type=product&#038;p=81"},"modified":"2024-11-21T02:35:12","modified_gmt":"2024-11-21T02:35:12","slug":"titanium-dioxide","status":"publish","type":"product","link":"https:\/\/lanxingco.com\/pt\/product\/titanium-dioxide\/","title":{"rendered":"Di\u00f3xido de tit\u00e2nio rutilo"},"content":{"rendered":"<h2 class=\"wp-block-heading\">Vis\u00e3o geral do di\u00f3xido de tit\u00e2nio rutilo<\/h2>\n\n\n\n<p><strong>Di\u00f3xido de tit\u00e2nio rutilo<\/strong> (R-TiO\u2082) \u00e9 um dos materiais qu\u00edmicos inorg\u00e2nicos mais essenciais na ind\u00fastria moderna. Como um pigmento branco de alto desempenho, o di\u00f3xido de tit\u00e2nio rutilo \u00e9 altamente valorizado por suas excelentes propriedades \u00f3pticas, estabilidade qu\u00edmica e ampla gama de aplica\u00e7\u00f5es. A sua estrutura cristalina \u00fanica e propriedades f\u00edsicas e qu\u00edmicas superiores tornam-no indispens\u00e1vel em ind\u00fastrias como a das tintas, pl\u00e1sticos, cosm\u00e9ticos, papel, cer\u00e2mica, borracha e tintas, desempenhando um papel crucial tanto na produ\u00e7\u00e3o industrial como na vida quotidiana.<\/p>\n\n\n\n<p>O di\u00f3xido de tit\u00e2nio rutilo \u00e9 conhecido pelo seu elevado \u00edndice de refra\u00e7\u00e3o (at\u00e9 2,7) e pela sua excelente opacidade e brancura. Al\u00e9m disso, possui uma resist\u00eancia superior \u00e0s intemp\u00e9ries, resist\u00eancia \u00e0 corros\u00e3o \u00e1cida e alcalina e carater\u00edsticas ecol\u00f3gicas e n\u00e3o t\u00f3xicas, o que o torna a escolha preferida para uma variedade de aplica\u00e7\u00f5es topo de gama.<\/p>\n\n\n\n<p>Este artigo fornece uma introdu\u00e7\u00e3o abrangente \u00e0s propriedades, processos de produ\u00e7\u00e3o, principais aplica\u00e7\u00f5es e valor de mercado do di\u00f3xido de tit\u00e2nio rutilo.<\/p>\n\n\n\n<hr class=\"wp-block-separator has-alpha-channel-opacity\"\/>\n\n\n\n<p><\/p>\n\n\n\n<h3 class=\"wp-block-heading\">Principais propriedades do di\u00f3xido de tit\u00e2nio<\/h3>\n\n\n\n<ul class=\"wp-block-list\">\n<li><strong>Opacidade<\/strong>: Excelente na dispers\u00e3o da luz, proporcionando uma cor branca brilhante.<\/li>\n\n\n\n<li><strong>\u00cdndice de refra\u00e7\u00e3o<\/strong>: Extremamente elevado, refor\u00e7ando a sua capacidade de conferir brancura e opacidade.<\/li>\n\n\n\n<li><strong>Estabilidade qu\u00edmica<\/strong>: N\u00e3o reativo e resistente aos factores ambientais.<\/li>\n\n\n\n<li><strong>N\u00e3o toxicidade<\/strong>: Seguro para utiliza\u00e7\u00e3o em alimentos, cosm\u00e9ticos e produtos farmac\u00eauticos.<\/li>\n\n\n\n<li><strong>Resist\u00eancia aos raios UV<\/strong>: Eficaz no bloqueio da luz ultravioleta, oferece prote\u00e7\u00e3o em v\u00e1rias aplica\u00e7\u00f5es.<\/li>\n<\/ul>\n\n\n\n<h2 class=\"wp-block-heading\">Especifica\u00e7\u00f5es e dados t\u00e9cnicos<\/h2>\n\n\n\n<figure class=\"wp-block-table\"><table><thead><tr><th><strong>Parameter<\/strong><\/th><th><strong>De<\/strong>caudas<\/th><\/tr><\/thead><tbody><tr><td><strong>Tipo<\/strong><\/td><td>Rutilo<\/td><\/tr><tr><td><strong>Apar\u00eancia<\/strong><\/td><td>P\u00f3 branco<\/td><\/tr><tr><td><strong>Teor de TiO2<\/strong><\/td><td>\u2265 95%<\/td><\/tr><tr><td><strong>Teor de rutilo<\/strong><\/td><td>\u2265 98<\/td><\/tr><tr><td><strong>Tamanho das part\u00edculas<\/strong><\/td><td>0,2 &#8211; 0,3 microns<\/td><\/tr><tr><td><strong>\u00cdndice de refra\u00e7\u00e3o<\/strong><\/td><td>2.7 &#8211; 2.9<\/td><\/tr><tr><td><strong>Absor\u00e7\u00e3o de \u00f3leo<\/strong><\/td><td>\u226419 g\/100g<\/td><\/tr><tr><td><strong>pH<\/strong><\/td><td>6.5 &#8211; 8.5<\/td><\/tr><tr><td><strong>Gravidade espec\u00edfica<\/strong><\/td><td>4.1<\/td><\/tr><tr><td><strong>Solubilidade em \u00e1gua<\/strong><\/td><td>Insol\u00favel<\/td><\/tr><tr><td><strong>Absor\u00e7\u00e3o de UV<\/strong><\/td><td>Absorvente eficaz das radia\u00e7\u00f5es UV-A e UV-B<\/td><\/tr><tr><td><strong>Normas<\/strong><\/td><td>Cumpre muitas normas da ind\u00fastria<\/td><\/tr><\/tbody><\/table><\/figure>\n\n\n\n<p><\/p>\n\n\n\n<h2 class=\"wp-block-heading\">Carater\u00edsticas e propriedades do di\u00f3xido de tit\u00e2nio rutilo<\/h2>\n\n\n\n<h3 class=\"wp-block-heading\">1. Estrutura cristalina e propriedades \u00f3pticas<\/h3>\n\n\n\n<p>O di\u00f3xido de tit\u00e2nio rutilo pertence ao sistema cristalino tetragonal, caracterizado por uma estrutura cristalina est\u00e1vel e densa, que lhe confere as seguintes propriedades<\/p>\n\n\n\n<ul class=\"wp-block-list\">\n<li><strong>\u00cdndice de refra\u00e7\u00e3o elevado<\/strong>: O di\u00f3xido de tit\u00e2nio rut\u00edlico tem um \u00edndice de refra\u00e7\u00e3o de 2,7, apenas atr\u00e1s do diamante, o que lhe confere uma excelente capacidade de dispers\u00e3o da luz e opacidade.<\/li>\n\n\n\n<li><strong>Elevada estabilidade \u00f3tica<\/strong>: A sua estrutura cristalina permite-lhe absorver a luz ultravioleta e refletir a luz vis\u00edvel, aumentando a durabilidade e a resist\u00eancia ao fotoenvelhecimento.<\/li>\n<\/ul>\n\n\n\n<h3 class=\"wp-block-heading\">2. Estabilidade f\u00edsica e qu\u00edmica<\/h3>\n\n\n\n<ul class=\"wp-block-list\">\n<li><strong>Resist\u00eancia excecional \u00e0s intemp\u00e9ries<\/strong>: O di\u00f3xido de tit\u00e2nio rutilo tem uma forte capacidade de absor\u00e7\u00e3o de UV e uma estrutura cristalina mais densa, o que o torna altamente resistente ao envelhecimento em condi\u00e7\u00f5es exteriores.<\/li>\n\n\n\n<li><strong>Elevada resist\u00eancia \u00e0 corros\u00e3o<\/strong>: Mant\u00e9m a estabilidade em ambientes \u00e1cidos e alcalinos.<\/li>\n\n\n\n<li><strong>Baixa toxicidade e respeito pelo ambiente<\/strong>: Sendo um material n\u00e3o t\u00f3xico e inofensivo, o di\u00f3xido de tit\u00e2nio rutilo \u00e9 amplamente utilizado em produtos de qualidade alimentar e farmac\u00eautica, cumprindo as normas modernas de prote\u00e7\u00e3o ambiental.<\/li>\n<\/ul>\n\n\n\n<h3 class=\"wp-block-heading\">3. Brancura e opacidade<\/h3>\n\n\n\n<p>Como um pigmento branco de alto desempenho, o di\u00f3xido de tit\u00e2nio rutilo oferece opacidade superior e excelente brancura, tornando-o insubstitu\u00edvel nas ind\u00fastrias de tintas e pl\u00e1sticos. Al\u00e9m disso, mant\u00e9m a estabilidade a altas temperaturas, garantindo um desempenho \u00f3tico duradouro.<\/p>\n\n\n\n<hr class=\"wp-block-separator has-alpha-channel-opacity\"\/>\n\n\n\n<h2 class=\"wp-block-heading\">Processos de produ\u00e7\u00e3o<\/h2>\n\n\n\n<p>A produ\u00e7\u00e3o de di\u00f3xido de tit\u00e2nio r\u00fatilo envolve principalmente dois m\u00e9todos: a <strong>processo de sulfato<\/strong> e o <strong>processo de cloreto<\/strong>.<\/p>\n\n\n\n<h3 class=\"wp-block-heading\">1. Processo de sulfato<\/h3>\n\n\n\n<p>O processo de sulfato \u00e9 um m\u00e9todo tradicional para a produ\u00e7\u00e3o de di\u00f3xido de tit\u00e2nio e envolve etapas fundamentais como a dissolu\u00e7\u00e3o do min\u00e9rio contendo tit\u00e2nio em \u00e1cido sulf\u00farico, purifica\u00e7\u00e3o, precipita\u00e7\u00e3o e calcina\u00e7\u00e3o. As vantagens do processo de sulfato incluem:<\/p>\n\n\n\n<ul class=\"wp-block-list\">\n<li>Grande disponibilidade de mat\u00e9rias-primas, incluindo min\u00e9rios de baixo teor.<\/li>\n\n\n\n<li>Tecnologia madura adequada \u00e0 produ\u00e7\u00e3o em pequena e m\u00e9dia escala.<\/li>\n<\/ul>\n\n\n\n<p>O di\u00f3xido de tit\u00e2nio rutilo produzido atrav\u00e9s do processo de sulfato tem elevada brancura e boa dispersibilidade, mas o processo gera res\u00edduos significativos de \u00e1cido e \u00e1guas residuais, exigindo uma gest\u00e3o ambiental rigorosa.<\/p>\n\n\n\n<h3 class=\"wp-block-heading\">2. Processo de cloreto<\/h3>\n\n\n\n<p>O processo de cloreto \u00e9 um m\u00e9todo de produ\u00e7\u00e3o mais avan\u00e7ado, amplamente utilizado a n\u00edvel internacional. Envolve a clora\u00e7\u00e3o a alta temperatura do min\u00e9rio de tit\u00e2nio para produzir tetracloreto de tit\u00e2nio, seguida de oxida\u00e7\u00e3o e purifica\u00e7\u00e3o para obter di\u00f3xido de tit\u00e2nio rutilo. O processo de cloreto tem as seguintes vantagens<\/p>\n\n\n\n<ul class=\"wp-block-list\">\n<li>Maior pureza do produto e estrutura cristalina superior.<\/li>\n\n\n\n<li>Amigo do ambiente com emiss\u00f5es m\u00ednimas de res\u00edduos.<\/li>\n\n\n\n<li>Adequado para produ\u00e7\u00e3o cont\u00ednua e em grande escala.<\/li>\n<\/ul>\n\n\n\n<p>O di\u00f3xido de tit\u00e2nio rutilo produzido atrav\u00e9s do processo de cloreto oferece uma resist\u00eancia superior \u00e0s intemp\u00e9ries e um desempenho \u00f3tico, tornando-o ideal para os mercados de gama alta.<\/p>\n\n\n\n<hr class=\"wp-block-separator has-alpha-channel-opacity\"\/>\n\n\n\n<h2 class=\"wp-block-heading\">Principais aplica\u00e7\u00f5es<\/h2>\n\n\n\n<h3 class=\"wp-block-heading\">1. Ind\u00fastria de tintas e revestimentos<\/h3>\n\n\n\n<p>O sector das tintas e revestimentos \u00e9 respons\u00e1vel por mais de 60% do consumo total de di\u00f3xido de tit\u00e2nio rutilo. Nos revestimentos, o di\u00f3xido de tit\u00e2nio rutilo proporciona opacidade e melhora o brilho:<\/p>\n\n\n\n<ul class=\"wp-block-list\">\n<li><strong>Revestimentos arquitect\u00f3nicos<\/strong>: Melhora a resist\u00eancia \u00e0s intemp\u00e9ries e a prote\u00e7\u00e3o UV, prolongando a vida \u00fatil dos edif\u00edcios.<\/li>\n\n\n\n<li><strong>Revestimentos industriais<\/strong>: Proporciona excelentes propriedades anti-corros\u00e3o para superf\u00edcies met\u00e1licas, melhorando simultaneamente a est\u00e9tica.<\/li>\n\n\n\n<li><strong>Revestimentos para autom\u00f3veis<\/strong>: Proporciona um elevado brilho e uma satura\u00e7\u00e3o de cores vibrantes, melhorando simultaneamente a durabilidade das camadas de tinta.<\/li>\n<\/ul>\n\n\n\n<h3 class=\"wp-block-heading\">2. Pl\u00e1sticos e borracha<\/h3>\n\n\n\n<p>O di\u00f3xido de tit\u00e2nio rutilo \u00e9 amplamente utilizado em pl\u00e1sticos e borracha para proporcionar branqueamento, refor\u00e7o e resist\u00eancia ao envelhecimento por UV:<\/p>\n\n\n\n<ul class=\"wp-block-list\">\n<li><strong>Produtos de pl\u00e1stico<\/strong>: Aplicado em pl\u00e1sticos de PVC, PE e PP para melhorar significativamente a brancura e a resist\u00eancia \u00e0s intemp\u00e9ries.<\/li>\n\n\n\n<li><strong>Produtos de borracha<\/strong>: Utilizado em materiais de borracha de alta qualidade para melhorar a estabilidade UV e prolongar a vida \u00fatil do produto.<\/li>\n<\/ul>\n\n\n\n<h3 class=\"wp-block-heading\">3. Cosm\u00e9ticos e produtos de higiene pessoal<\/h3>\n\n\n\n<p>Devido \u00e0 sua natureza n\u00e3o t\u00f3xica, ao tamanho fino das part\u00edculas e ao elevado \u00edndice de refra\u00e7\u00e3o, o di\u00f3xido de tit\u00e2nio rutilo \u00e9 amplamente utilizado em cosm\u00e9ticos:<\/p>\n\n\n\n<ul class=\"wp-block-list\">\n<li><strong>Protectores solares<\/strong>: Como principal agente protetor solar f\u00edsico, bloqueia eficazmente os raios UVA e UVB, protegendo a pele dos danos.<\/li>\n\n\n\n<li><strong>Bases e cremes<\/strong>: Proporciona uma excelente cobertura e uma textura suave.<\/li>\n<\/ul>\n\n\n\n<h3 class=\"wp-block-heading\">4. Papel e tinta<\/h3>\n\n\n\n<p>Na ind\u00fastria do papel, o di\u00f3xido de tit\u00e2nio rutilo \u00e9 utilizado como enchimento ou pigmento de revestimento para melhorar a brancura e o brilho do papel. Na ind\u00fastria das tintas, a sua elevada opacidade assegura cores vibrantes e uma aplica\u00e7\u00e3o uniforme.<\/p>\n\n\n\n<h3 class=\"wp-block-heading\">5. Aplica\u00e7\u00f5es ambientais e fotocatal\u00edticas<\/h3>\n\n\n\n<p>Nos \u00faltimos anos, a utiliza\u00e7\u00e3o de di\u00f3xido de tit\u00e2nio rutilo no sector ambiental tem vindo a ganhar aten\u00e7\u00e3o:<\/p>\n\n\n\n<ul class=\"wp-block-list\">\n<li><strong>Materiais fotocatal\u00edticos<\/strong>: O di\u00f3xido de tit\u00e2nio rutilo pode atuar como um fotocatalisador para decompor poluentes org\u00e2nicos, purificar o ar e tratar a \u00e1gua.<\/li>\n\n\n\n<li><strong>Revestimentos de auto-limpeza<\/strong>: Utilizado para desenvolver vidro autolimpante e materiais cer\u00e2micos, amplamente aplicados na constru\u00e7\u00e3o e em ambientes dom\u00e9sticos.<\/li>\n<\/ul>\n\n\n\n<hr class=\"wp-block-separator has-alpha-channel-opacity\"\/>\n\n\n\n<h2 class=\"wp-block-heading\">Perspectivas e valor do mercado<\/h2>\n\n\n\n<h3 class=\"wp-block-heading\">1. Tend\u00eancias globais da procura<\/h3>\n\n\n\n<p>Com o crescimento cont\u00ednuo das ind\u00fastrias da constru\u00e7\u00e3o, autom\u00f3vel e dos pl\u00e1sticos, a procura de di\u00f3xido de tit\u00e2nio rutilo continua a aumentar de forma constante. Os pa\u00edses em desenvolvimento, em particular, est\u00e3o a impulsionar a procura devido \u00e0 urbaniza\u00e7\u00e3o acelerada e ao desenvolvimento de infra-estruturas, expandindo ainda mais o consumo de di\u00f3xido de tit\u00e2nio rutilo em tintas e pl\u00e1sticos.<\/p>\n\n\n\n<h3 class=\"wp-block-heading\">2. Expans\u00e3o nos mercados de gama alta<\/h3>\n\n\n\n<p>O di\u00f3xido de tit\u00e2nio rutilo produzido atrav\u00e9s do processo de cloreto \u00e9 cada vez mais aplicado em cosm\u00e9ticos de alta qualidade, protectores solares e materiais amigos do ambiente. Al\u00e9m disso, com o avan\u00e7o da tecnologia fotocatal\u00edtica, o potencial de aplica\u00e7\u00e3o do di\u00f3xido de tit\u00e2nio rutilo na degrada\u00e7\u00e3o de poluentes, materiais antibacterianos e vidro economizador de energia est\u00e1 a ser mais explorado.<\/p>\n\n\n\n<h3 class=\"wp-block-heading\">3. Factores determinantes da pol\u00edtica ambiental<\/h3>\n\n\n\n<p>\u00c0 medida que a aten\u00e7\u00e3o global \u00e0 prote\u00e7\u00e3o ambiental e \u00e0 sustentabilidade se intensifica, o di\u00f3xido de tit\u00e2nio rutilo, enquanto material amigo do ambiente, est\u00e1 a ganhar uma vantagem competitiva. As suas aplica\u00e7\u00f5es em edif\u00edcios ecol\u00f3gicos, tintas com baixo teor de COV e pl\u00e1sticos biodegrad\u00e1veis abrir\u00e3o ainda mais oportunidades no mercado futuro.<\/p>\n\n\n\n<hr class=\"wp-block-separator has-alpha-channel-opacity\"\/>\n\n\n\n<h2 class=\"wp-block-heading\">Conclus\u00e3o<\/h2>\n\n\n\n<p>O di\u00f3xido de tit\u00e2nio rutilo, com as suas excelentes propriedades \u00f3pticas, estabilidade qu\u00edmica e vasta gama de aplica\u00e7\u00f5es, tornou-se um material indispens\u00e1vel na ind\u00fastria moderna. Seja em \u00e1reas tradicionais como tintas, pl\u00e1sticos e cosm\u00e9ticos, ou em mercados emergentes de alta qualidade, o di\u00f3xido de tit\u00e2nio rutilo demonstra um imenso potencial de mercado e perspectivas de desenvolvimento.<\/p>\n\n\n\n<p>Com os avan\u00e7os cont\u00ednuos na tecnologia, especialmente a ado\u00e7\u00e3o generalizada do processo de cloreto e a promo\u00e7\u00e3o de aplica\u00e7\u00f5es fotocatal\u00edticas, espera-se que o di\u00f3xido de tit\u00e2nio rutilo consolide a sua posi\u00e7\u00e3o no mercado global, apoiando o crescimento de v\u00e1rias ind\u00fastrias.<\/p>\n\n\n\n<p>O di\u00f3xido de tit\u00e2nio rutilo n\u00e3o \u00e9 apenas um material; \u00e9 uma for\u00e7a vital que impulsiona o progresso industrial e melhora a qualidade da vida humana.<\/p>\n\n\n\n<p><\/p>\n\n\n\n<h2 class=\"wp-block-heading\">Benef\u00edcios e caracter\u00edsticas do di\u00f3xido de tit\u00e2nio<\/h2>\n\n\n\n<p><\/p>\n\n\n\n<h3 class=\"wp-block-heading\">Benef\u00edcios do di\u00f3xido de tit\u00e2nio<\/h3>\n\n\n\n<p><strong>1. Brancura e opacidade excepcionais:<\/strong><br>O di\u00f3xido de tit\u00e2nio \u00e9 incompar\u00e1vel na sua capacidade de dispersar a luz, proporcionando uma brancura e opacidade superiores, tornando-o um componente vital em tintas, revestimentos e pl\u00e1sticos.<\/p>\n\n\n\n<p><strong>2. Prote\u00e7\u00e3o UV:<\/strong><br>O di\u00f3xido de tit\u00e2nio \u00e9 um absorvente eficaz da radia\u00e7\u00e3o UV, o que o torna um ingrediente essencial em protectores solares e revestimentos de prote\u00e7\u00e3o.<\/p>\n\n\n\n<p><strong>3. Estabilidade qu\u00edmica:<\/strong><br>O di\u00f3xido de tit\u00e2nio \u00e9 quimicamente inerte e resistente \u00e0 degrada\u00e7\u00e3o ambiental, garantindo durabilidade e longevidade em v\u00e1rias aplica\u00e7\u00f5es.<\/p>\n\n\n\n<p><strong>4. N\u00e3o t\u00f3xico e seguro:<\/strong><br>Aprovado para utiliza\u00e7\u00e3o em alimentos, cosm\u00e9ticos e produtos farmac\u00eauticos, o di\u00f3xido de tit\u00e2nio n\u00e3o \u00e9 t\u00f3xico e \u00e9 seguro para consumo e contacto humano.<\/p>\n\n\n\n<p><strong>5. Aplica\u00e7\u00f5es vers\u00e1teis:<\/strong><br>As suas propriedades tornam-no adequado para uma vasta gama de aplica\u00e7\u00f5es, desde utiliza\u00e7\u00f5es industriais a produtos de consumo quotidiano.<\/p>\n\n\n\n<h2 class=\"wp-block-heading\">Aplica\u00e7\u00f5es do di\u00f3xido de tit\u00e2nio<\/h2>\n\n\n\n<p><\/p>\n\n\n\n<h3 class=\"wp-block-heading\">Tintas e revestimentos<\/h3>\n\n\n\n<p>O di\u00f3xido de tit\u00e2nio \u00e9 um pigmento essencial na ind\u00fastria das tintas e revestimentos, proporcionando uma brancura, brilho e opacidade excepcionais. Aumenta a durabilidade e a longevidade das tintas, tornando-as resistentes ao desvanecimento e \u00e0 forma\u00e7\u00e3o de giz.<\/p>\n\n\n\n<h3 class=\"wp-block-heading\">Pl\u00e1sticos<\/h3>\n\n\n\n<p>Na ind\u00fastria dos pl\u00e1sticos, o di\u00f3xido de tit\u00e2nio \u00e9 utilizado para conferir brilho e opacidade aos produtos pl\u00e1sticos. Tamb\u00e9m proporciona prote\u00e7\u00e3o UV, evitando a degrada\u00e7\u00e3o de materiais pl\u00e1sticos expostos \u00e0 luz solar.<\/p>\n\n\n\n<h3 class=\"wp-block-heading\">Cosm\u00e9ticos<\/h3>\n\n\n\n<p>O di\u00f3xido de tit\u00e2nio \u00e9 um ingrediente popular nos cosm\u00e9ticos, particularmente nos protectores solares, onde proporciona uma prote\u00e7\u00e3o UV eficaz. \u00c9 tamb\u00e9m utilizado em produtos de maquilhagem pelas suas propriedades de branqueamento e opacidade.<\/p>\n\n\n\n<h3 class=\"wp-block-heading\">Ind\u00fastria alimentar<\/h3>\n\n\n\n<p>Aprovado para utiliza\u00e7\u00e3o como aditivo alimentar (E171), o di\u00f3xido de tit\u00e2nio \u00e9 utilizado para branquear e iluminar v\u00e1rios produtos alimentares, incluindo produtos de confeitaria, produtos l\u00e1cteos e produtos de pastelaria.<\/p>\n\n\n\n<h3 class=\"wp-block-heading\">Papel<\/h3>\n\n\n\n<p>Na ind\u00fastria do papel, o di\u00f3xido de tit\u00e2nio \u00e9 utilizado para aumentar o brilho e a opacidade dos produtos de papel, melhorando a sua capacidade de impress\u00e3o e apar\u00eancia.<\/p>\n\n\n\n<h3 class=\"wp-block-heading\">Produtos farmac\u00eauticos<\/h3>\n\n\n\n<p>O di\u00f3xido de tit\u00e2nio \u00e9 utilizado em produtos farmac\u00eauticos como pigmento branco e opacificador em comprimidos e c\u00e1psulas, garantindo uma apar\u00eancia consistente e prote\u00e7\u00e3o contra a luz.<\/p>\n\n\n\n<h2 class=\"wp-block-heading\">Perguntas mais frequentes<\/h2>\n\n\n\n<p><strong>P: Para que \u00e9 utilizado o di\u00f3xido de tit\u00e2nio?<\/strong><br>R: O di\u00f3xido de tit\u00e2nio \u00e9 utilizado em tintas, revestimentos, pl\u00e1sticos, cosm\u00e9ticos, alimentos, papel e produtos farmac\u00eauticos devido \u00e0s suas excepcionais propriedades de brancura, opacidade e prote\u00e7\u00e3o UV.<\/p>\n\n\n\n<p><strong>P: Como \u00e9 que o di\u00f3xido de tit\u00e2nio proporciona prote\u00e7\u00e3o UV?<\/strong><br>R: O di\u00f3xido de tit\u00e2nio absorve e dispersa a radia\u00e7\u00e3o UV, impedindo-a de atingir a pele ou de degradar os materiais, o que o torna um ingrediente-chave em protectores solares e revestimentos de prote\u00e7\u00e3o.<\/p>\n\n\n\n<p><strong>P: Quais s\u00e3o as diferentes formas de di\u00f3xido de tit\u00e2nio?<\/strong><br>R: O di\u00f3xido de tit\u00e2nio ocorre naturalmente em v\u00e1rias formas minerais, incluindo rutilo, anatase e brookite. O rutilo e a anatase s\u00e3o as formas mais utilizadas em aplica\u00e7\u00f5es industriais.<\/p>\n\n\n\n<p><strong>P: Porque \u00e9 que o di\u00f3xido de tit\u00e2nio \u00e9 utilizado nos alimentos?<\/strong><br>R: O di\u00f3xido de tit\u00e2nio \u00e9 utilizado como aditivo alimentar para branquear e dar brilho aos produtos alimentares, melhorando o seu aspeto visual.<\/p>\n\n\n\n<p><strong>P: O di\u00f3xido de tit\u00e2nio pode ser utilizado em todos os tipos de tintas para marca\u00e7\u00e3o de estradas?<\/strong><br>R: Sim, o di\u00f3xido de tit\u00e2nio \u00e9 compat\u00edvel com a maioria dos tipos de tintas para marca\u00e7\u00e3o de estradas.<\/p>\n\n\n\n<p><strong>P: Como \u00e9 produzido o di\u00f3xido de tit\u00e2nio?<\/strong><br>R: O di\u00f3xido de tit\u00e2nio \u00e9 produzido atrav\u00e9s do processo de sulfato ou do processo de cloreto, ambos envolvendo a extra\u00e7\u00e3o e refina\u00e7\u00e3o de di\u00f3xido de tit\u00e2nio a partir de min\u00e9rios.<\/p>\n\n\n\n<p><strong>P: Quais s\u00e3o as principais especifica\u00e7\u00f5es a considerar ao escolher o di\u00f3xido de tit\u00e2nio?<\/strong><br>R: As principais especifica\u00e7\u00f5es incluem a pureza, o tamanho das part\u00edculas, o \u00edndice de refra\u00e7\u00e3o, a absor\u00e7\u00e3o de \u00f3leo, o pH, a gravidade espec\u00edfica e a conformidade com as normas da ind\u00fastria, como a ASTM e a ISO.<\/p>","protected":false},"excerpt":{"rendered":"<p>O di\u00f3xido de tit\u00e2nio \u00e9 um pigmento branco utilizado em tintas, revestimentos, pl\u00e1sticos e protectores solares devido \u00e0 sua opacidade e resist\u00eancia aos raios UV. Aumenta o brilho da cor e protege as superf\u00edcies da degrada\u00e7\u00e3o induzida pelos raios UV.<\/p>","protected":false},"featured_media":1699,"parent":0,"template":"","meta":{"_acf_changed":false,"_kad_blocks_custom_css":"","_kad_blocks_head_custom_js":"","_kad_blocks_body_custom_js":"","_kad_blocks_footer_custom_js":"","_kad_post_transparent":"","_kad_post_title":"","_kad_post_layout":"","_kad_post_sidebar_id":"","_kad_post_content_style":"","_kad_post_vertical_padding":"","_kad_post_feature":"","_kad_post_feature_position":"","_kad_post_header":false,"_kad_post_footer":false,"_kad_post_classname":""},"product-category":[4],"class_list":["post-81","product","type-product","status-publish","has-post-thumbnail","hentry","product-category-pigment"],"acf":[],"taxonomy_info":{"product-category":[{"value":4,"label":"Pigment"}]},"featured_image_src_large":["https:\/\/lanxingco.com\/wp-content\/uploads\/2024\/07\/Titanium-Dioxide.jpg",700,700,false],"author_info":[],"comment_info":"","_links":{"self":[{"href":"https:\/\/lanxingco.com\/pt\/wp-json\/wp\/v2\/product\/81","targetHints":{"allow":["GET"]}}],"collection":[{"href":"https:\/\/lanxingco.com\/pt\/wp-json\/wp\/v2\/product"}],"about":[{"href":"https:\/\/lanxingco.com\/pt\/wp-json\/wp\/v2\/types\/product"}],"wp:featuredmedia":[{"embeddable":true,"href":"https:\/\/lanxingco.com\/pt\/wp-json\/wp\/v2\/media\/1699"}],"wp:attachment":[{"href":"https:\/\/lanxingco.com\/pt\/wp-json\/wp\/v2\/media?parent=81"}],"wp:term":[{"taxonomy":"product-category","embeddable":true,"href":"https:\/\/lanxingco.com\/pt\/wp-json\/wp\/v2\/product-category?post=81"}],"curies":[{"name":"wp","href":"https:\/\/api.w.org\/{rel}","templated":true}]}}