{"id":806,"date":"2024-06-21T08:19:29","date_gmt":"2024-06-21T08:19:29","guid":{"rendered":"https:\/\/lanxing.easiwin.com\/?post_type=product&#038;p=806"},"modified":"2024-07-15T08:46:06","modified_gmt":"2024-07-15T08:46:06","slug":"as20092006-drop-on-glass-beads","status":"publish","type":"product","link":"https:\/\/lanxingco.com\/pt\/product\/as20092006-drop-on-glass-beads\/","title":{"rendered":"AS\/NZS 2009:2006 gota em contas de vidro"},"content":{"rendered":"<h2 class=\"wp-block-heading\"><strong>Vis\u00e3o geral da norma AS\/nZS 2009:2006 Gota sobre contas de vidro<\/strong><\/h2>\n\n\n\n<p>As esferas de vidro com gota AS\/NZS 2009:2006 s\u00e3o especificamente concebidas para melhorar a visibilidade e a durabilidade das marca\u00e7\u00f5es rodovi\u00e1rias. Est\u00e3o em conformidade com a norma australiana\/neozelandesa AS\/NZS 2009:2006, garantindo que cumprem rigorosos crit\u00e9rios de qualidade e desempenho. Ao serem incorporadas na pintura rodovi\u00e1ria rec\u00e9m-aplicada, estas esferas aumentam significativamente a refletividade, tornando as estradas mais seguras para os condutores, especialmente \u00e0 noite.<\/p>\n\n\n<style>.wp-block-kadence-advancedheading.kt-adv-heading806_a53080-61, .wp-block-kadence-advancedheading.kt-adv-heading806_a53080-61[data-kb-block=\"kb-adv-heading806_a53080-61\"]{font-style:normal;}.wp-block-kadence-advancedheading.kt-adv-heading806_a53080-61 mark.kt-highlight, .wp-block-kadence-advancedheading.kt-adv-heading806_a53080-61[data-kb-block=\"kb-adv-heading806_a53080-61\"] mark.kt-highlight{font-style:normal;color:#f76a0c;-webkit-box-decoration-break:clone;box-decoration-break:clone;padding-top:0px;padding-right:0px;padding-bottom:0px;padding-left:0px;}.wp-block-kadence-advancedheading.kt-adv-heading806_a53080-61 img.kb-inline-image, .wp-block-kadence-advancedheading.kt-adv-heading806_a53080-61[data-kb-block=\"kb-adv-heading806_a53080-61\"] img.kb-inline-image{width:150px;vertical-align:baseline;}<\/style>\n<h2 class=\"kt-adv-heading806_a53080-61 wp-block-kadence-advancedheading\" data-kb-block=\"kb-adv-heading806_a53080-61\"><strong>Especifica\u00e7\u00f5es<\/strong> e dados t\u00e9cnicos<\/h2>\n\n\n\n<figure class=\"wp-block-table\"><table><thead><tr><th><strong>Parameter<\/strong><\/th><th><strong>Detalhes<\/strong><\/th><\/tr><\/thead><tbody><tr><td><strong>Composi\u00e7\u00e3o<\/strong><\/td><td>Vidro de alta qualidade<\/td><\/tr><tr><td><strong>Apar\u00eancia<\/strong><\/td><td>Transparente, incolor<\/td><\/tr><tr><td><strong>Forma<\/strong><\/td><td>Esf\u00e9rico<\/td><\/tr><tr><td><strong>\u00cdndice de refra\u00e7\u00e3o<\/strong><\/td><td>\u22651.5<\/td><\/tr><tr><td><strong>Gama de tamanhos<\/strong><\/td><td>53 &#8211; 1180 microns<\/td><\/tr><tr><td><strong>Arredondamento<\/strong><\/td><td>\u226580<\/td><\/tr><tr><td><strong>Dureza<\/strong><\/td><td>6-7 Moh&#8217;s<\/td><\/tr><tr><td><strong>Tipos de revestimento<\/strong><\/td><td>Revestimento \u00e0 prova de humidade, Revestimento de flota\u00e7\u00e3o, Revestimento de ader\u00eancia<\/td><\/tr><tr><td><strong>M\u00e9todo de aplica\u00e7\u00e3o<\/strong><\/td><td>Gota na parte superior da tinta de marca\u00e7\u00e3o rodovi\u00e1ria<\/td><\/tr><tr><td><strong>Durabilidade<\/strong><\/td><td>Mant\u00e9m a refletividade durante 1 &#8211; 3 anos, dependendo da utiliza\u00e7\u00e3o<\/td><\/tr><tr><td><strong>Normas<\/strong><\/td><td>AS\/NZS 2009:2006<\/td><\/tr><\/tbody><\/table><\/figure>\n\n\n\n<h2 class=\"wp-block-heading\"><strong>Vantagens da norma AS\/NZS 2009:2006 Drop On Glass Beads<\/strong><\/h2>\n\n\n\n<h3 class=\"wp-block-heading\"><strong>Visibilidade nocturna melhorada<\/strong><\/h3>\n\n\n\n<p>As gotas de vidro AS2009:2006 melhoram significativamente a visibilidade das marca\u00e7\u00f5es rodovi\u00e1rias, especialmente durante a noite ou em condi\u00e7\u00f5es de pouca luz. Ao refletir a luz dos far\u00f3is dos ve\u00edculos, melhoram a perce\u00e7\u00e3o do condutor e reduzem os riscos de acidente.<\/p>\n\n\n\n<h3 class=\"wp-block-heading\"><strong>Durabilidade a longo prazo<\/strong><\/h3>\n\n\n\n<p>Estas p\u00e9rolas foram concebidas para resistir ao tr\u00e1fego intenso e \u00e0s condi\u00e7\u00f5es meteorol\u00f3gicas adversas, mantendo as suas propriedades reflectoras durante longos per\u00edodos. Esta durabilidade reduz a necessidade de manuten\u00e7\u00e3o frequente das estradas, oferecendo uma boa rela\u00e7\u00e3o custo-efic\u00e1cia \u00e0s autoridades de transportes.<\/p>\n\n\n\n<h3 class=\"wp-block-heading\"><strong>Facilidade de aplica\u00e7\u00e3o<\/strong><\/h3>\n\n\n\n<p>O seu m\u00e9todo de aplica\u00e7\u00e3o gota a gota garante uma f\u00e1cil integra\u00e7\u00e3o nas marca\u00e7\u00f5es rodovi\u00e1rias rec\u00e9m-pintadas, promovendo uma dispers\u00e3o uniforme e maximizando a refletividade. Esta simplicidade aumenta a efici\u00eancia operacional durante os projectos de marca\u00e7\u00e3o rodovi\u00e1ria.<\/p>\n\n\n\n<h2 class=\"wp-block-heading\"><strong>Caracter\u00edsticas das contas de vidro com gota AS\/NZS 2009:2006<\/strong><\/h2>\n\n\n\n<h3 class=\"wp-block-heading\"><strong>Refletividade e uniformidade elevadas<\/strong><\/h3>\n\n\n\n<p>As gotas de vidro AS2009:2006 s\u00e3o conhecidas pela sua elevada refletividade, garantindo uma visibilidade superior das marca\u00e7\u00f5es rodovi\u00e1rias em v\u00e1rias condi\u00e7\u00f5es de ilumina\u00e7\u00e3o. A sua distribui\u00e7\u00e3o uniforme de tamanhos minimiza as irregularidades da superf\u00edcie, melhorando o aspeto est\u00e9tico das marca\u00e7\u00f5es rodovi\u00e1rias.<\/p>\n\n\n\n<h3 class=\"wp-block-heading\"><strong>Considera\u00e7\u00f5es ambientais<\/strong><\/h3>\n\n\n\n<p>Fabricadas a partir de materiais amigos do ambiente, como o vidro reciclado, estas p\u00e9rolas apoiam pr\u00e1ticas sustent\u00e1veis na constru\u00e7\u00e3o e manuten\u00e7\u00e3o de estradas. A sua composi\u00e7\u00e3o ecol\u00f3gica alinha-se com os esfor\u00e7os globais para reduzir o impacto ambiental.<\/p>\n\n\n\n<h3 class=\"wp-block-heading\"><strong>Versatilidade nas aplica\u00e7\u00f5es de marca\u00e7\u00e3o de estradas<\/strong><\/h3>\n\n\n\n<p>S\u00e3o compat\u00edveis com v\u00e1rios materiais de marca\u00e7\u00e3o rodovi\u00e1ria, incluindo tintas acr\u00edlicas e termopl\u00e1sticas, oferecendo flexibilidade nos m\u00e9todos de aplica\u00e7\u00e3o, mantendo elevados n\u00edveis de refletividade e durabilidade.<\/p>\n\n\n\n<h2 class=\"wp-block-heading\"><strong>Perguntas frequentes sobre a AS\/NZS 2009:2006 Contas de vidro com gota<\/strong><\/h2>\n\n\n\n<p><strong>O que \u00e9 que a AS\/NZS 2009:2006 deixa cair nas contas de vidro?<\/strong><\/p>\n\n\n\n<p>Estas p\u00e9rolas s\u00e3o part\u00edculas de vidro aplicadas sobre as marcas rodovi\u00e1rias rec\u00e9m-pintadas para aumentar a sua refletividade.<\/p>\n\n\n\n<p><strong>Como \u00e9 que as contas AS\/NZS 2009:2006 melhoram a seguran\u00e7a rodovi\u00e1ria?<\/strong><\/p>\n\n\n\n<p>Ao reflectirem a luz dos far\u00f3is dos ve\u00edculos, tornam as marca\u00e7\u00f5es rodovi\u00e1rias mais vis\u00edveis, especialmente \u00e0 noite ou em condi\u00e7\u00f5es meteorol\u00f3gicas adversas.<\/p>\n\n\n\n<p><strong>As p\u00e9rolas AS\/NZS 2009:2006 s\u00e3o dur\u00e1veis?<\/strong><\/p>\n\n\n\n<p>Sim, foram concebidos para resistir ao desgaste do tr\u00e1fego e das condi\u00e7\u00f5es atmosf\u00e9ricas, mantendo as suas propriedades reflectoras ao longo do tempo.<\/p>\n\n\n\n<p><strong>Que tamanhos est\u00e3o dispon\u00edveis para as p\u00e9rolas AS\/NZS 2009:2006?<\/strong><\/p>\n\n\n\n<p>A gama vai de 75 \u00b5m a 850 \u00b5m, satisfazendo os v\u00e1rios requisitos de marca\u00e7\u00e3o rodovi\u00e1ria.<\/p>","protected":false},"excerpt":{"rendered":"<p>As nossas gotas de vidro AS\/NZS 2009:2006 cumprem as normas rigorosas da AS\/NZS 2009:2006, proporcionando uma excelente refletividade e durabilidade para as marca\u00e7\u00f5es rodovi\u00e1rias, garantindo uma visibilidade nocturna e seguran\u00e7a superiores.<\/p>","protected":false},"featured_media":1678,"parent":0,"template":"","meta":{"_acf_changed":false,"_kad_blocks_custom_css":"","_kad_blocks_head_custom_js":"","_kad_blocks_body_custom_js":"","_kad_blocks_footer_custom_js":"","_kad_post_transparent":"","_kad_post_title":"","_kad_post_layout":"","_kad_post_sidebar_id":"","_kad_post_content_style":"","_kad_post_vertical_padding":"","_kad_post_feature":"","_kad_post_feature_position":"","_kad_post_header":false,"_kad_post_footer":false,"_kad_post_classname":""},"product-category":[2],"class_list":["post-806","product","type-product","status-publish","has-post-thumbnail","hentry","product-category-road-marking-glass-beads"],"acf":[],"taxonomy_info":{"product-category":[{"value":2,"label":"Road Marking Glass Beads"}]},"featured_image_src_large":["https:\/\/lanxingco.com\/wp-content\/uploads\/2024\/07\/AS20092006-Drop-On-Glass-Beads-1.jpg",700,700,false],"author_info":[],"comment_info":"","_links":{"self":[{"href":"https:\/\/lanxingco.com\/pt\/wp-json\/wp\/v2\/product\/806","targetHints":{"allow":["GET"]}}],"collection":[{"href":"https:\/\/lanxingco.com\/pt\/wp-json\/wp\/v2\/product"}],"about":[{"href":"https:\/\/lanxingco.com\/pt\/wp-json\/wp\/v2\/types\/product"}],"wp:featuredmedia":[{"embeddable":true,"href":"https:\/\/lanxingco.com\/pt\/wp-json\/wp\/v2\/media\/1678"}],"wp:attachment":[{"href":"https:\/\/lanxingco.com\/pt\/wp-json\/wp\/v2\/media?parent=806"}],"wp:term":[{"taxonomy":"product-category","embeddable":true,"href":"https:\/\/lanxingco.com\/pt\/wp-json\/wp\/v2\/product-category?post=806"}],"curies":[{"name":"wp","href":"https:\/\/api.w.org\/{rel}","templated":true}]}}