{"id":801,"date":"2024-06-21T08:14:59","date_gmt":"2024-06-21T08:14:59","guid":{"rendered":"https:\/\/lanxing.easiwin.com\/?post_type=product&#038;p=801"},"modified":"2025-01-17T13:28:47","modified_gmt":"2025-01-17T13:28:47","slug":"bs6088b-drop-on-glass-beads","status":"publish","type":"product","link":"https:\/\/lanxingco.com\/pt\/product\/bs6088b-drop-on-glass-beads\/","title":{"rendered":"BS6088B gota em contas de vidro"},"content":{"rendered":"<h2 class=\"wp-block-heading\"><strong>Vis\u00e3o geral das contas de vidro BS6088B Drop On<\/strong><\/h2>\n\n\n\n<p>As esferas de vidro com gota BS6088B foram concebidas para melhorar significativamente a visibilidade e a longevidade das marca\u00e7\u00f5es rodovi\u00e1rias. Estas p\u00e9rolas est\u00e3o em conformidade com a norma brit\u00e2nica BS6088 Tipo B, garantindo que cumprem rigorosos padr\u00f5es de qualidade e desempenho. Aplicadas por gota sobre as marca\u00e7\u00f5es rodovi\u00e1rias rec\u00e9m-pintadas, incorporam-se para melhorar a refletividade, tornando as estradas mais seguras para os condutores.<\/p>\n\n\n<style>.wp-block-kadence-advancedheading.kt-adv-heading801_2c237a-04, .wp-block-kadence-advancedheading.kt-adv-heading801_2c237a-04[data-kb-block=\"kb-adv-heading801_2c237a-04\"]{font-style:normal;}.wp-block-kadence-advancedheading.kt-adv-heading801_2c237a-04 mark.kt-highlight, .wp-block-kadence-advancedheading.kt-adv-heading801_2c237a-04[data-kb-block=\"kb-adv-heading801_2c237a-04\"] mark.kt-highlight{font-style:normal;color:#f76a0c;-webkit-box-decoration-break:clone;box-decoration-break:clone;padding-top:0px;padding-right:0px;padding-bottom:0px;padding-left:0px;}.wp-block-kadence-advancedheading.kt-adv-heading801_2c237a-04 img.kb-inline-image, .wp-block-kadence-advancedheading.kt-adv-heading801_2c237a-04[data-kb-block=\"kb-adv-heading801_2c237a-04\"] img.kb-inline-image{width:150px;vertical-align:baseline;}<\/style>\n<h2 class=\"kt-adv-heading801_2c237a-04 wp-block-kadence-advancedheading\" data-kb-block=\"kb-adv-heading801_2c237a-04\">Especifica\u00e7\u00f5es e dados t\u00e9cnicos<\/h2>\n\n\n\n<figure class=\"wp-block-table\"><table><thead><tr><th><strong>Parameter<\/strong><\/th><th><strong>Detalhes<\/strong><\/th><\/tr><\/thead><tbody><tr><td><strong>Composi\u00e7\u00e3o<\/strong><\/td><td>Vidro de alta qualidade<\/td><\/tr><tr><td><strong>Apar\u00eancia<\/strong><\/td><td>Transparente, incolor<\/td><\/tr><tr><td><strong>Forma<\/strong><\/td><td>Esf\u00e9rico<\/td><\/tr><tr><td><strong>\u00cdndice de refra\u00e7\u00e3o<\/strong><\/td><td>\u22651.5<\/td><\/tr><tr><td><strong>Gama de tamanhos<\/strong><\/td><td>180 &#8211; 850 microns<\/td><\/tr><tr><td><strong>Arredondamento<\/strong><\/td><td>\u226580<\/td><\/tr><tr><td><strong>Dureza<\/strong><\/td><td>6-7 Moh&#8217;s<\/td><\/tr><tr><td><strong>Tipos de revestimento<\/strong><\/td><td>Revestimento \u00e0 prova de humidade, Revestimento de flota\u00e7\u00e3o, Revestimento de ader\u00eancia<\/td><\/tr><tr><td><strong>M\u00e9todo de aplica\u00e7\u00e3o<\/strong><\/td><td>Gota na parte superior da tinta de marca\u00e7\u00e3o rodovi\u00e1ria<\/td><\/tr><tr><td><strong>Durabilidade<\/strong><\/td><td>Mant\u00e9m a refletividade durante 1 &#8211; 3 anos, dependendo da utiliza\u00e7\u00e3o<\/td><\/tr><tr><td><strong>Normas<\/strong><\/td><td>BS 6088B<\/td><\/tr><\/tbody><\/table><\/figure>\n\n\n\n<h2 class=\"wp-block-heading\"><strong>Benef\u00edcios das contas de vidro BS6088B Drop On<\/strong><\/h2>\n\n\n\n<h3 class=\"wp-block-heading\"><strong>Visibilidade melhorada<\/strong><\/h3>\n\n\n\n<p>As gotas de vidro BS6088B melhoram significativamente a visibilidade das marca\u00e7\u00f5es rodovi\u00e1rias, particularmente durante a noite ou em condi\u00e7\u00f5es climat\u00e9ricas adversas. Ao refletir a luz dos far\u00f3is dos ve\u00edculos, melhoram a perce\u00e7\u00e3o do condutor e reduzem os riscos de acidente.<\/p>\n\n\n\n<h3 class=\"wp-block-heading\"><strong>Durabilidade a longo prazo<\/strong><\/h3>\n\n\n\n<p>Estas esferas de vidro foram concebidas para resistir ao tr\u00e1fego intenso e a condi\u00e7\u00f5es ambientais adversas, mantendo as suas propriedades reflectoras durante longos per\u00edodos. Esta durabilidade reduz a frequ\u00eancia da manuten\u00e7\u00e3o das estradas, oferecendo uma boa rela\u00e7\u00e3o custo-efic\u00e1cia aos departamentos de transportes.<\/p>\n\n\n\n<h3 class=\"wp-block-heading\"><strong>Facilidade de aplica\u00e7\u00e3o<\/strong><\/h3>\n\n\n\n<p>O seu m\u00e9todo de aplica\u00e7\u00e3o gota a gota garante uma f\u00e1cil integra\u00e7\u00e3o nas marca\u00e7\u00f5es rodovi\u00e1rias rec\u00e9m-pintadas, promovendo uma dispers\u00e3o uniforme e maximizando a refletividade. Esta simplicidade aumenta a efici\u00eancia operacional durante os projectos de marca\u00e7\u00e3o rodovi\u00e1ria.<\/p>\n\n\n\n<h2 class=\"wp-block-heading\"><strong>Caracter\u00edsticas das contas de vidro BS6088B Drop On<\/strong><\/h2>\n\n\n\n<h3 class=\"wp-block-heading\"><strong>Refletividade e uniformidade elevadas<\/strong><\/h3>\n\n\n\n<p>As gotas de vidro BS6088B s\u00e3o conhecidas pela sua elevada refletividade, garantindo uma visibilidade superior das marca\u00e7\u00f5es rodovi\u00e1rias em v\u00e1rias condi\u00e7\u00f5es de ilumina\u00e7\u00e3o. A sua distribui\u00e7\u00e3o de tamanho uniforme minimiza as irregularidades da superf\u00edcie, melhorando o aspeto est\u00e9tico das marca\u00e7\u00f5es rodovi\u00e1rias.<\/p>\n\n\n\n<h3 class=\"wp-block-heading\"><strong>Considera\u00e7\u00f5es ambientais<\/strong><\/h3>\n\n\n\n<p>Fabricadas a partir de materiais amigos do ambiente, como o vidro reciclado, estas p\u00e9rolas apoiam pr\u00e1ticas sustent\u00e1veis na constru\u00e7\u00e3o e manuten\u00e7\u00e3o de estradas. A sua composi\u00e7\u00e3o ecol\u00f3gica alinha-se com os esfor\u00e7os globais para reduzir o impacto ambiental.<\/p>\n\n\n\n<h3 class=\"wp-block-heading\"><strong>Versatilidade nas aplica\u00e7\u00f5es de marca\u00e7\u00e3o de estradas<\/strong><\/h3>\n\n\n\n<p>S\u00e3o compat\u00edveis com v\u00e1rios materiais de marca\u00e7\u00e3o rodovi\u00e1ria, incluindo tintas epox\u00eddicas e termopl\u00e1sticas, oferecendo flexibilidade nos m\u00e9todos de aplica\u00e7\u00e3o, mantendo elevados n\u00edveis de refletividade e durabilidade.<\/p>\n\n\n\n<p><\/p>\n\n\n\n<figure class=\"wp-block-image size-full\"><img loading=\"lazy\" decoding=\"async\" width=\"700\" height=\"700\" src=\"https:\/\/lanxingco.com\/wp-content\/uploads\/2024\/07\/BS6088B-Drop-On-Glass-Beads.jpg\" alt=\"BS6088B Contas de vidro com gota\" class=\"wp-image-1453\" srcset=\"https:\/\/lanxingco.com\/wp-content\/uploads\/2024\/07\/BS6088B-Drop-On-Glass-Beads.jpg 700w, https:\/\/lanxingco.com\/wp-content\/uploads\/2024\/07\/BS6088B-Drop-On-Glass-Beads-300x300.jpg 300w, https:\/\/lanxingco.com\/wp-content\/uploads\/2024\/07\/BS6088B-Drop-On-Glass-Beads-150x150.jpg 150w\" sizes=\"auto, (max-width: 700px) 100vw, 700px\" \/><\/figure>\n\n\n\n<p><\/p>\n\n\n\n<h2 class=\"wp-block-heading\"><strong>Tabela de compara\u00e7\u00e3o: Contas de vidro BS6088B vs. Produtos similares<\/strong><\/h2>\n\n\n\n<p>Segue-se uma compara\u00e7\u00e3o entre as esferas de vidro BS6088B e outros tipos de esferas de vidro reflectoras normalmente utilizadas para aplica\u00e7\u00f5es de marca\u00e7\u00e3o rodovi\u00e1ria:<\/p>\n\n\n\n<figure class=\"wp-block-table\"><table class=\"has-fixed-layout\"><thead><tr><th><strong>Carater\u00edstica<\/strong><\/th><th><strong>Contas de vidro BS6088B<\/strong><\/th><th><strong>Contas de vidro BS6088A<\/strong><\/th><th><strong><a href=\"https:\/\/lanxingco.com\/pt\/product\/en1423-drop-on-glass-bead\/\">EN1423 Contas de vidro<\/a><\/strong><\/th><th><strong>Contas de vidro AASHTO tipo I<\/strong><\/th><th><strong><a href=\"https:\/\/lanxingco.com\/pt\/product\/aashto-m247-ii-drop-on-glass-beads\/\">Contas de vidro AASHTO tipo II<\/a><\/strong><\/th><\/tr><\/thead><tbody><tr><td><strong>Conformidade com a norma<\/strong><\/td><td>BS6088B<\/td><td>BS6088A<\/td><td>EN1423<\/td><td>AASHTO M247 Tipo I<\/td><td>AASHTO M247 Tipo II<\/td><\/tr><tr><td><strong>Gama de tamanhos de part\u00edculas<\/strong><\/td><td>90-850 \u00b5m<\/td><td>600-1400 \u00b5m<\/td><td>100-850 \u00b5m<\/td><td>600-850 \u00b5m<\/td><td>300-600 \u00b5m<\/td><\/tr><tr><td><strong>Esfericidade<\/strong><\/td><td>\u226580%<\/td><td>\u226570%<\/td><td>\u226580%<\/td><td>\u226570%<\/td><td>\u226570%<\/td><\/tr><tr><td><strong>\u00cdndice de refra\u00e7\u00e3o<\/strong><\/td><td>\u22651.5<\/td><td>\u22651.5<\/td><td>\u22651.5<\/td><td>\u22651.5<\/td><td>\u22651.5<\/td><\/tr><tr><td><strong>Retrorreflectividade<\/strong><\/td><td>Elevado<\/td><td>Moderado<\/td><td>Elevado<\/td><td>Elevado<\/td><td>Moderado<\/td><\/tr><tr><td><strong>Durabilidade<\/strong><\/td><td>Excelente<\/td><td>Excelente<\/td><td>Excelente<\/td><td>Elevado<\/td><td>Moderado<\/td><\/tr><tr><td><strong>Aplica\u00e7\u00e3o<\/strong><\/td><td>Marca\u00e7\u00f5es rodovi\u00e1rias em gota<\/td><td>Pr\u00e9-mistura e gota a gota<\/td><td>Marca\u00e7\u00f5es rodovi\u00e1rias em gota<\/td><td>Marca\u00e7\u00f5es rodovi\u00e1rias em gota<\/td><td>Marca\u00e7\u00f5es rodovi\u00e1rias em gota<\/td><\/tr><tr><td><strong>Revestimento (opcional)<\/strong><\/td><td><a href=\"https:\/\/en.wikipedia.org\/wiki\/Silane\" target=\"_blank\" rel=\"noopener\">Silano<\/a> ou Promotor de Ades\u00e3o<\/td><td>Silano ou promotor de ader\u00eancia<\/td><td>Silano ou promotor de ader\u00eancia<\/td><td>Silano ou promotor de ader\u00eancia<\/td><td>Silano ou promotor de ader\u00eancia<\/td><\/tr><tr><td><strong>Utiliza\u00e7\u00e3o t\u00edpica<\/strong><\/td><td>Estradas urbanas, auto-estradas, aeroportos<\/td><td>Zonas de tr\u00e1fego intenso, auto-estradas<\/td><td>Estradas urbanas, auto-estradas, aeroportos<\/td><td>Marca\u00e7\u00f5es rodovi\u00e1rias gerais<\/td><td>Marca\u00e7\u00f5es rodovi\u00e1rias de baixo tr\u00e1fego<\/td><\/tr><tr><td><strong>Visibilidade em condi\u00e7\u00f5es de humidade<\/strong><\/td><td>Moderado a elevado<\/td><td>Moderado<\/td><td>Elevado<\/td><td>Moderado<\/td><td>Baixa<\/td><\/tr><tr><td><strong>Custo<\/strong><\/td><td>Moderado<\/td><td>Mais alto<\/td><td>Mais alto<\/td><td>Moderado<\/td><td>Inferior<\/td><\/tr><\/tbody><\/table><\/figure>\n\n\n\n<hr class=\"wp-block-separator has-alpha-channel-opacity\"\/>\n\n\n\n<h3 class=\"wp-block-heading\"><strong>Principais diferen\u00e7as<\/strong><\/h3>\n\n\n\n<ol class=\"wp-block-list\">\n<li><strong>Tamanho das part\u00edculas:<\/strong><\/li>\n<\/ol>\n\n\n\n<ul class=\"wp-block-list\">\n<li>O BS6088B tem uma gama de tamanho de part\u00edculas mais pequena (90-850 \u00b5m) em compara\u00e7\u00e3o com o BS6088A (600-1400 \u00b5m), o que o torna mais adequado para aplica\u00e7\u00f5es de aplica\u00e7\u00e3o gota a gota onde a uniformidade e a ader\u00eancia s\u00e3o cr\u00edticas.<\/li>\n\n\n\n<li>As p\u00e9rolas AASHTO Tipo II t\u00eam part\u00edculas mais pequenas (300-600 \u00b5m), o que as torna ideais para marca\u00e7\u00f5es tempor\u00e1rias e de baixo tr\u00e1fego.<\/li>\n<\/ul>\n\n\n\n<ol class=\"wp-block-list\">\n<li><strong>Retrorreflexividade:<\/strong><\/li>\n<\/ol>\n\n\n\n<ul class=\"wp-block-list\">\n<li>A BS6088B e a EN1423 oferecem um desempenho retrorreflector mais elevado em compara\u00e7\u00e3o com a AASHTO Tipo II, tornando-as adequadas para aplica\u00e7\u00f5es cr\u00edticas, como estradas e aeroportos.<\/li>\n<\/ul>\n\n\n\n<ol class=\"wp-block-list\">\n<li><strong>Durabilidade:<\/strong><\/li>\n<\/ol>\n\n\n\n<ul class=\"wp-block-list\">\n<li>As p\u00e9rolas BS6088B e EN1423 t\u00eam uma excelente durabilidade, enquanto as p\u00e9rolas AASHTO Tipo II s\u00e3o menos dur\u00e1veis e adequadas para \u00e1reas de pouco tr\u00e1fego.<\/li>\n<\/ul>\n\n\n\n<ol class=\"wp-block-list\">\n<li><strong>Conformidade com as normas:<\/strong><\/li>\n<\/ol>\n\n\n\n<ul class=\"wp-block-list\">\n<li>A BS6088B est\u00e1 em conformidade com as normas brit\u00e2nicas, enquanto a EN1423 est\u00e1 alinhada com as normas europeias e os frisos AASHTO cumprem as normas americanas. A sele\u00e7\u00e3o depende dos requisitos regionais.<\/li>\n<\/ul>\n\n\n\n<ol class=\"wp-block-list\">\n<li><strong>Efici\u00eancia de custos:<\/strong><\/li>\n<\/ol>\n\n\n\n<ul class=\"wp-block-list\">\n<li>O BS6088B oferece um equil\u00edbrio entre custo e desempenho, tornando-o uma escolha vers\u00e1til para a maioria das aplica\u00e7\u00f5es. As p\u00e9rolas AASHTO Tipo II s\u00e3o mais econ\u00f3micas, mas menos reflectoras e dur\u00e1veis.<\/li>\n<\/ul>\n\n\n\n<hr class=\"wp-block-separator has-alpha-channel-opacity\"\/>\n\n\n\n<h2 class=\"wp-block-heading\"><strong>Conclus\u00e3o<\/strong><\/h2>\n\n\n\n<ul class=\"wp-block-list\">\n<li><strong>Contas de vidro BS6088B<\/strong> s\u00e3o ideais para uma vasta gama de aplica\u00e7\u00f5es devido \u00e0 sua excelente retrorreflectividade, durabilidade e conformidade com as normas internacionais. S\u00e3o particularmente adequados para estradas urbanas, auto-estradas e aeroportos.<\/li>\n\n\n\n<li>Para projectos que requerem contas de maiores dimens\u00f5es ou um melhor desempenho em condi\u00e7\u00f5es de humidade, <strong>BS6088A<\/strong> ou <strong>EN1423<\/strong> pode ser uma melhor escolha.<\/li>\n\n\n\n<li><strong>Contas de vidro AASHTO tipo II<\/strong> s\u00e3o uma op\u00e7\u00e3o econ\u00f3mica para aplica\u00e7\u00f5es com pouco tr\u00e1fego ou de curta dura\u00e7\u00e3o.<\/li>\n<\/ul>\n\n\n\n<p>Este quadro apresenta uma compara\u00e7\u00e3o clara para o ajudar a escolher o produto mais adequado \u00e0s suas necessidades espec\u00edficas de marca\u00e7\u00e3o rodovi\u00e1ria.<\/p>\n\n\n\n<p><\/p>\n\n\n\n<h2 class=\"wp-block-heading\"><strong>Perguntas frequentes sobre as contas de vidro BS6088B Drop On<\/strong><\/h2>\n\n\n\n<p><strong>O que \u00e9 a gota BS6088B nas contas de vidro?<\/strong><\/p>\n\n\n\n<p>Estas p\u00e9rolas s\u00e3o part\u00edculas de vidro aplicadas sobre as marcas rodovi\u00e1rias rec\u00e9m-pintadas para aumentar a sua refletividade.<\/p>\n\n\n\n<p><strong>Como \u00e9 que <strong>BS6088B gota em contas de vidro<\/strong> melhorar a seguran\u00e7a rodovi\u00e1ria?<\/strong><\/p>\n\n\n\n<p>Ao reflectirem a luz dos far\u00f3is dos ve\u00edculos, tornam as marca\u00e7\u00f5es rodovi\u00e1rias mais vis\u00edveis, especialmente \u00e0 noite ou em condi\u00e7\u00f5es meteorol\u00f3gicas adversas.<\/p>\n\n\n\n<p><strong>S\u00e3o <strong>BS6088B gota em contas de vidro<\/strong> dur\u00e1vel?<\/strong><\/p>\n\n\n\n<p>Sim, foram concebidos para resistir ao desgaste do tr\u00e1fego e das condi\u00e7\u00f5es atmosf\u00e9ricas, mantendo as suas propriedades reflectoras ao longo do tempo.<\/p>\n\n\n\n<p><strong>As contas BS6088B cumprem as normas brit\u00e2nicas?<\/strong><\/p>\n\n\n\n<p>Sim, cumprem a norma BS6088B, garantindo qualidade e desempenho nas aplica\u00e7\u00f5es de marca\u00e7\u00e3o rodovi\u00e1ria.<\/p>","protected":false},"excerpt":{"rendered":"<p>As nossas esferas de vidro com gota BS6088B cumprem as rigorosas normas BS6088B, proporcionando uma refletividade e longevidade excepcionais. Estas esferas s\u00e3o ideais para \u00e1reas de tr\u00e1fego intenso, assegurando que as marca\u00e7\u00f5es rodovi\u00e1rias permanecem altamente vis\u00edveis e eficazes.<\/p>","protected":false},"featured_media":1680,"parent":0,"template":"","meta":{"_acf_changed":false,"_kad_blocks_custom_css":"","_kad_blocks_head_custom_js":"","_kad_blocks_body_custom_js":"","_kad_blocks_footer_custom_js":"","_kad_post_transparent":"","_kad_post_title":"","_kad_post_layout":"","_kad_post_sidebar_id":"","_kad_post_content_style":"","_kad_post_vertical_padding":"","_kad_post_feature":"","_kad_post_feature_position":"","_kad_post_header":false,"_kad_post_footer":false,"_kad_post_classname":""},"product-category":[2],"class_list":["post-801","product","type-product","status-publish","has-post-thumbnail","hentry","product-category-road-marking-glass-beads"],"acf":[],"taxonomy_info":{"product-category":[{"value":2,"label":"Road Marking Glass Beads"}]},"featured_image_src_large":["https:\/\/lanxingco.com\/wp-content\/uploads\/2024\/07\/BS6088B-Drop-On-Glass-Beads-1.jpg",700,700,false],"author_info":[],"comment_info":"","_links":{"self":[{"href":"https:\/\/lanxingco.com\/pt\/wp-json\/wp\/v2\/product\/801","targetHints":{"allow":["GET"]}}],"collection":[{"href":"https:\/\/lanxingco.com\/pt\/wp-json\/wp\/v2\/product"}],"about":[{"href":"https:\/\/lanxingco.com\/pt\/wp-json\/wp\/v2\/types\/product"}],"wp:featuredmedia":[{"embeddable":true,"href":"https:\/\/lanxingco.com\/pt\/wp-json\/wp\/v2\/media\/1680"}],"wp:attachment":[{"href":"https:\/\/lanxingco.com\/pt\/wp-json\/wp\/v2\/media?parent=801"}],"wp:term":[{"taxonomy":"product-category","embeddable":true,"href":"https:\/\/lanxingco.com\/pt\/wp-json\/wp\/v2\/product-category?post=801"}],"curies":[{"name":"wp","href":"https:\/\/api.w.org\/{rel}","templated":true}]}}