{"id":778,"date":"2024-06-21T07:54:48","date_gmt":"2024-06-21T07:54:48","guid":{"rendered":"https:\/\/lanxing.easiwin.com\/?post_type=product&#038;p=778"},"modified":"2024-07-15T06:25:14","modified_gmt":"2024-07-15T06:25:14","slug":"jis-r-3301-intermix-glass-beads","status":"publish","type":"product","link":"https:\/\/lanxingco.com\/pt\/product\/jis-r-3301-intermix-glass-beads\/","title":{"rendered":"Contas de vidro intermisturadas JIS R 3301"},"content":{"rendered":"<h2 class=\"wp-block-heading\"><strong>Vis\u00e3o geral das Contas de Vidro Intermix JIS R 3301<\/strong><\/h2>\n\n\n\n<p>As esferas de vidro intermix JIS R 3301 foram concebidas para melhorar a visibilidade das marca\u00e7\u00f5es rodovi\u00e1rias, reflectindo a luz de volta \u00e0 sua fonte - normalmente os far\u00f3is dos ve\u00edculos. Estas p\u00e9rolas s\u00e3o fabricadas de acordo com a norma industrial japonesa (JIS R 3301), garantindo uma elevada qualidade e consist\u00eancia de desempenho. Desempenham um papel crucial na melhoria da seguran\u00e7a rodovi\u00e1ria, tornando as marca\u00e7\u00f5es das faixas de rodagem, passadeiras e sinais de tr\u00e2nsito claramente vis\u00edveis em v\u00e1rias condi\u00e7\u00f5es de ilumina\u00e7\u00e3o.<\/p>\n\n\n\n<h2 class=\"wp-block-heading\">Especifica\u00e7\u00f5es e dados t\u00e9cnicos<\/h2>\n\n\n\n<figure class=\"wp-block-table\"><table><thead><tr><th><strong>Parameter<\/strong><\/th><th><strong>Detalhes<\/strong><\/th><\/tr><\/thead><tbody><tr><td><strong>Composi\u00e7\u00e3o<\/strong><\/td><td>Vidro de alta qualidade<\/td><\/tr><tr><td><strong>Apar\u00eancia<\/strong><\/td><td>Transparente, incolor<\/td><\/tr><tr><td><strong>Forma<\/strong><\/td><td>Esf\u00e9rico<\/td><\/tr><tr><td><strong>\u00cdndice de refra\u00e7\u00e3o<\/strong><\/td><td>\u22651.5<\/td><\/tr><tr><td><strong>Gama de tamanhos<\/strong><\/td><td>90 &#8211; 1180 m\u00edcrons<\/td><\/tr><tr><td><strong>Arredondamento<\/strong><\/td><td>\u226580<\/td><\/tr><tr><td><strong>Dureza<\/strong><\/td><td>6-7 Moh&#8217;s<\/td><\/tr><tr><td><strong>Tipos de revestimento<\/strong><\/td><td>Revestimento \u00e0 prova de humidade, Revestimento de flota\u00e7\u00e3o, Revestimento de ader\u00eancia<\/td><\/tr><tr><td><strong>M\u00e9todo de aplica\u00e7\u00e3o<\/strong><\/td><td>Misturado diretamente na tinta<\/td><\/tr><tr><td><strong>Durabilidade<\/strong><\/td><td>Mant\u00e9m a refletividade durante 1 &#8211; 3 anos, dependendo da utiliza\u00e7\u00e3o<\/td><\/tr><tr><td><strong>Normas<\/strong><\/td><td>JIS R 3301<\/td><\/tr><\/tbody><\/table><\/figure>\n\n\n\n<h2 class=\"wp-block-heading\"><strong>Vantagens das Contas de Vidro Intermix JIS R 3301<\/strong><\/h2>\n\n\n\n<h3 class=\"wp-block-heading\"><strong>Visibilidade melhorada em condi\u00e7\u00f5es de pouca luz<\/strong><\/h3>\n\n\n\n<p>A principal vantagem das p\u00e9rolas de vidro intermix JIS R 3301 \u00e9 a sua capacidade de melhorar significativamente a visibilidade das marca\u00e7\u00f5es rodovi\u00e1rias \u00e0 noite ou durante condi\u00e7\u00f5es climat\u00e9ricas adversas. Ao refletir a luz dos far\u00f3is dos ve\u00edculos, estas p\u00e9rolas melhoram a perce\u00e7\u00e3o do condutor e reduzem o risco de acidentes.<\/p>\n\n\n\n<h3 class=\"wp-block-heading\"><strong>Durabilidade a longo prazo<\/strong><\/h3>\n\n\n\n<p>Estas esferas de vidro foram concebidas para resistir ao tr\u00e1fego intenso e a condi\u00e7\u00f5es ambientais adversas, mantendo as suas propriedades reflectoras durante longos per\u00edodos. Esta durabilidade reduz a frequ\u00eancia da manuten\u00e7\u00e3o e assegura a rentabilidade dos projectos de marca\u00e7\u00e3o rodovi\u00e1ria.<\/p>\n\n\n\n<h3 class=\"wp-block-heading\"><strong>Conformidade com as normas<\/strong><\/h3>\n\n\n\n<p>Fabricadas em conformidade com as normas JIS R 3301, estas esferas cumprem requisitos de qualidade rigorosos, garantindo consist\u00eancia e fiabilidade em aplica\u00e7\u00f5es de seguran\u00e7a rodovi\u00e1ria. A conformidade com as normas tamb\u00e9m simplifica os processos de aprova\u00e7\u00e3o de projectos de marca\u00e7\u00e3o de estradas.<\/p>\n\n\n\n<h3 class=\"wp-block-heading\"><strong>Versatilidade na aplica\u00e7\u00e3o<\/strong><\/h3>\n\n\n\n<p>As p\u00e9rolas de vidro intermix JIS R 3301 s\u00e3o compat\u00edveis com v\u00e1rios tipos de tintas e materiais de marca\u00e7\u00e3o rodovi\u00e1ria, incluindo termopl\u00e1sticos e pl\u00e1sticos frios. Esta versatilidade permite m\u00e9todos de aplica\u00e7\u00e3o flex\u00edveis, mantendo elevados n\u00edveis de refletividade e durabilidade.<\/p>\n\n\n\n<h2 class=\"wp-block-heading\"><strong>Caracter\u00edsticas das Contas de Vidro Intermix JIS R 3301<\/strong><\/h2>\n\n\n\n<h3 class=\"wp-block-heading\"><strong>Refletividade e uniformidade elevadas<\/strong><\/h3>\n\n\n\n<p>Estas esferas s\u00e3o conhecidas pela sua elevada refletividade, garantindo uma visibilidade superior das marca\u00e7\u00f5es rodovi\u00e1rias em diversas condi\u00e7\u00f5es de ilumina\u00e7\u00e3o. Para al\u00e9m disso, a sua distribui\u00e7\u00e3o uniforme do tamanho das part\u00edculas minimiza as irregularidades da superf\u00edcie, melhorando o aspeto est\u00e9tico das marca\u00e7\u00f5es rodovi\u00e1rias.<\/p>\n\n\n\n<h3 class=\"wp-block-heading\"><strong>Considera\u00e7\u00f5es ambientais<\/strong><\/h3>\n\n\n\n<p>Fabricadas a partir de materiais amigos do ambiente, como o vidro reciclado, as p\u00e9rolas de vidro intermisturadas JIS R 3301 apoiam pr\u00e1ticas sustent\u00e1veis na constru\u00e7\u00e3o e manuten\u00e7\u00e3o de estradas. A sua composi\u00e7\u00e3o ecol\u00f3gica alinha-se com os esfor\u00e7os globais para reduzir o impacto ambiental.<\/p>\n\n\n\n<h3 class=\"wp-block-heading\"><strong>Facilidade de aplica\u00e7\u00e3o<\/strong><\/h3>\n\n\n\n<p>O seu design de mistura permite uma f\u00e1cil incorpora\u00e7\u00e3o em v\u00e1rios materiais de marca\u00e7\u00e3o rodovi\u00e1ria, garantindo uma dispers\u00e3o uniforme e uma refletividade m\u00e1xima. Esta facilidade de aplica\u00e7\u00e3o aumenta a efici\u00eancia operacional durante os projectos de marca\u00e7\u00e3o de estradas.<\/p>\n\n\n\n<h2 class=\"wp-block-heading\"><strong>Perguntas frequentes sobre as Contas de Vidro Intermix JIS R 3301<\/strong><\/h2>\n\n\n\n<p><strong>O que s\u00e3o contas de vidro intermisturadas JIS R 3301?<\/strong><\/p>\n\n\n\n<p>S\u00e3o contas de vidro altamente reflectoras utilizadas nas marca\u00e7\u00f5es rodovi\u00e1rias para aumentar a visibilidade, especialmente \u00e0 noite.<\/p>\n\n\n\n<p><strong>Como \u00e9 que estas p\u00e9rolas melhoram a seguran\u00e7a rodovi\u00e1ria?<\/strong><\/p>\n\n\n\n<p>Ao reflectirem a luz dos far\u00f3is dos ve\u00edculos, tornam as marca\u00e7\u00f5es rodovi\u00e1rias mais vis\u00edveis, reduzindo a probabilidade de acidentes.<\/p>\n\n\n\n<p><strong>As contas JIS R 3301 s\u00e3o dur\u00e1veis?<\/strong><\/p>\n\n\n\n<p>Sim, foram concebidos para resistir ao desgaste do tr\u00e1fego e \u00e0s condi\u00e7\u00f5es climat\u00e9ricas adversas, mantendo as suas propriedades reflectoras ao longo do tempo.<\/p>\n\n\n\n<p><strong>Onde posso comprar contas de vidro intermisturadas JIS R 3301?<\/strong><\/p>\n\n\n\n<p>Os principais fornecedores incluem a Swarco, a Potters Industries, a Jinan Jingyu Glass Bead Co. e a 3M Traffic Safety Systems.<\/p>\n\n\n\n<p><strong>Que tamanhos est\u00e3o dispon\u00edveis para as p\u00e9rolas JIS R 3301?<\/strong><\/p>\n\n\n\n<p>A gama vai de 75 \u00b5m a 850 \u00b5m, satisfazendo os v\u00e1rios requisitos de marca\u00e7\u00e3o rodovi\u00e1ria.<\/p>\n\n\n\n<p><strong>As p\u00e9rolas JIS R 3301 est\u00e3o em conformidade com as normas japonesas?<\/strong><\/p>\n\n\n\n<p>Sim, cumprem as normas JIS R 3301, garantindo a qualidade e o desempenho nas aplica\u00e7\u00f5es de marca\u00e7\u00e3o rodovi\u00e1ria.<\/p>","protected":false},"excerpt":{"rendered":"<p>Estas esferas de vidro de elevado desempenho est\u00e3o em conformidade com as especifica\u00e7\u00f5es JIS R 3301, garantindo uma refletividade e durabilidade superiores. Foram concebidas para um desempenho de topo em aplica\u00e7\u00f5es de marca\u00e7\u00e3o rodovi\u00e1ria, proporcionando resultados fi\u00e1veis e consistentes.<\/p>","protected":false},"featured_media":1460,"parent":0,"template":"","meta":{"_acf_changed":false,"_kad_blocks_custom_css":"","_kad_blocks_head_custom_js":"","_kad_blocks_body_custom_js":"","_kad_blocks_footer_custom_js":"","_kad_post_transparent":"","_kad_post_title":"","_kad_post_layout":"","_kad_post_sidebar_id":"","_kad_post_content_style":"","_kad_post_vertical_padding":"","_kad_post_feature":"","_kad_post_feature_position":"","_kad_post_header":false,"_kad_post_footer":false,"_kad_post_classname":""},"product-category":[2],"class_list":["post-778","product","type-product","status-publish","has-post-thumbnail","hentry","product-category-road-marking-glass-beads"],"acf":[],"taxonomy_info":{"product-category":[{"value":2,"label":"Road Marking Glass Beads"}]},"featured_image_src_large":["https:\/\/lanxingco.com\/wp-content\/uploads\/2024\/07\/JIS-R-3301-Intermix-Glass-Beads.jpg",700,700,false],"author_info":[],"comment_info":"","_links":{"self":[{"href":"https:\/\/lanxingco.com\/pt\/wp-json\/wp\/v2\/product\/778","targetHints":{"allow":["GET"]}}],"collection":[{"href":"https:\/\/lanxingco.com\/pt\/wp-json\/wp\/v2\/product"}],"about":[{"href":"https:\/\/lanxingco.com\/pt\/wp-json\/wp\/v2\/types\/product"}],"wp:featuredmedia":[{"embeddable":true,"href":"https:\/\/lanxingco.com\/pt\/wp-json\/wp\/v2\/media\/1460"}],"wp:attachment":[{"href":"https:\/\/lanxingco.com\/pt\/wp-json\/wp\/v2\/media?parent=778"}],"wp:term":[{"taxonomy":"product-category","embeddable":true,"href":"https:\/\/lanxingco.com\/pt\/wp-json\/wp\/v2\/product-category?post=778"}],"curies":[{"name":"wp","href":"https:\/\/api.w.org\/{rel}","templated":true}]}}