{"id":776,"date":"2024-06-21T07:50:47","date_gmt":"2024-06-21T07:50:47","guid":{"rendered":"https:\/\/lanxing.easiwin.com\/?post_type=product&#038;p=776"},"modified":"2024-07-15T08:48:24","modified_gmt":"2024-07-15T08:48:24","slug":"en1424-intermix-glass-beads","status":"publish","type":"product","link":"https:\/\/lanxingco.com\/pt\/product\/en1424-intermix-glass-beads\/","title":{"rendered":"EN1424 Contas de vidro intermix"},"content":{"rendered":"<h2 class=\"wp-block-heading\"><strong>Vis\u00e3o geral das esferas de vidro intermix EN1424<\/strong><\/h2>\n\n\n\n<p>As p\u00e9rolas de vidro intermix EN1424 s\u00e3o um tipo especializado de material refletor utilizado extensivamente em aplica\u00e7\u00f5es de marca\u00e7\u00e3o rodovi\u00e1ria. Desempenham um papel fundamental para que as marca\u00e7\u00f5es rodovi\u00e1rias permane\u00e7am vis\u00edveis em todas as condi\u00e7\u00f5es, nomeadamente \u00e0 noite ou em situa\u00e7\u00f5es de fraca luminosidade. Fabricadas de acordo com as normas europeias (EN1424), estas esferas de vidro s\u00e3o conhecidas pela sua elevada refletividade e durabilidade.<\/p>\n\n\n\n<h2 class=\"wp-block-heading\">Especifica\u00e7\u00f5es e dados t\u00e9cnicos<\/h2>\n\n\n\n<figure class=\"wp-block-table\"><table><thead><tr><th><strong>Parameter<\/strong><\/th><th><strong>Detalhes<\/strong><\/th><\/tr><\/thead><tbody><tr><td><strong>Composi\u00e7\u00e3o<\/strong><\/td><td>Vidro de alta qualidade<\/td><\/tr><tr><td><strong>Apar\u00eancia<\/strong><\/td><td>Transparente, incolor<\/td><\/tr><tr><td><strong>Forma<\/strong><\/td><td>Esf\u00e9rico<\/td><\/tr><tr><td><strong>\u00cdndice de refra\u00e7\u00e3o<\/strong><\/td><td>\u22651.5<\/td><\/tr><tr><td><strong>Gama de tamanhos<\/strong><\/td><td>53 &#8211; 1180 microns<\/td><\/tr><tr><td><strong>Arredondamento<\/strong><\/td><td>\u226580<\/td><\/tr><tr><td><strong>Dureza<\/strong><\/td><td>6-7 Moh&#8217;s<\/td><\/tr><tr><td><strong>Tipos de revestimento<\/strong><\/td><td>Revestimento \u00e0 prova de humidade, Revestimento de flota\u00e7\u00e3o, Revestimento de ader\u00eancia<\/td><\/tr><tr><td><strong>M\u00e9todo de aplica\u00e7\u00e3o<\/strong><\/td><td>Misturado diretamente na tinta<\/td><\/tr><tr><td><strong>Durabilidade<\/strong><\/td><td>Mant\u00e9m a refletividade durante 1 &#8211; 3 anos, dependendo da utiliza\u00e7\u00e3o<\/td><\/tr><tr><td><strong>Normas<\/strong><\/td><td>PT 1424<\/td><\/tr><\/tbody><\/table><\/figure>\n\n\n\n<h2 class=\"wp-block-heading\"><strong>Vantagens das Contas de Vidro Intermix EN1424<\/strong><\/h2>\n\n\n\n<h3 class=\"wp-block-heading\"><strong>Visibilidade nocturna melhorada<\/strong><\/h3>\n\n\n\n<p>As esferas de vidro intermix EN1424 melhoram significativamente a visibilidade nocturna das marca\u00e7\u00f5es rodovi\u00e1rias, reflectindo a luz de volta para os condutores. Isto melhora a seguran\u00e7a, tornando as marca\u00e7\u00f5es da faixa de rodagem e os sinais de tr\u00e2nsito claramente vis\u00edveis em condi\u00e7\u00f5es de fraca luminosidade.<\/p>\n\n\n\n<h3 class=\"wp-block-heading\"><strong>Longevidade e durabilidade<\/strong><\/h3>\n\n\n\n<p>Estas esferas de vidro foram concebidas para resistir a condi\u00e7\u00f5es climat\u00e9ricas adversas e ao tr\u00e1fego intenso, mantendo as suas propriedades reflectoras durante um longo per\u00edodo de tempo. Esta durabilidade reduz a frequ\u00eancia de manuten\u00e7\u00e3o e os custos associados \u00e0 remarca\u00e7\u00e3o de estradas.<\/p>\n\n\n\n<h3 class=\"wp-block-heading\"><strong>Conformidade com as normas<\/strong><\/h3>\n\n\n\n<p>As esferas de vidro intermix EN1424 cumprem as rigorosas normas europeias, assegurando que cumprem os requisitos regulamentares de seguran\u00e7a rodovi\u00e1ria. A sua conformidade facilita uma integra\u00e7\u00e3o perfeita em projectos de marca\u00e7\u00e3o rodovi\u00e1ria em toda a Europa e n\u00e3o s\u00f3.<\/p>\n\n\n\n<h3 class=\"wp-block-heading\"><strong>Versatilidade nas aplica\u00e7\u00f5es<\/strong><\/h3>\n\n\n\n<p>S\u00e3o compat\u00edveis com v\u00e1rios tipos de tintas para marca\u00e7\u00e3o de estradas, incluindo formula\u00e7\u00f5es \u00e0 base de \u00e1gua e \u00e0 base de solventes. Esta versatilidade permite m\u00e9todos de aplica\u00e7\u00e3o flex\u00edveis, mantendo elevados n\u00edveis de refletividade e durabilidade.<\/p>\n\n\n\n<h2 class=\"wp-block-heading\"><strong>Caracter\u00edsticas das p\u00e9rolas de vidro EN1424 Intermix<\/strong><\/h2>\n\n\n\n<h3 class=\"wp-block-heading\"><strong>Alta Refletividade<\/strong><\/h3>\n\n\n\n<p>As esferas de vidro intermix EN1424 s\u00e3o conhecidas pela sua excecional refletividade, maximizando a visibilidade das marca\u00e7\u00f5es rodovi\u00e1rias em diversas condi\u00e7\u00f5es de ilumina\u00e7\u00e3o. Esta carater\u00edstica aumenta a consciencializa\u00e7\u00e3o do condutor e melhora a seguran\u00e7a rodovi\u00e1ria global.<\/p>\n\n\n\n<h3 class=\"wp-block-heading\"><strong>Distribui\u00e7\u00e3o uniforme do tamanho das part\u00edculas<\/strong><\/h3>\n\n\n\n<p>Fabricadas com um controlo preciso da distribui\u00e7\u00e3o do tamanho das part\u00edculas, estas esferas garantem um desempenho consistente em todas as aplica\u00e7\u00f5es de marca\u00e7\u00e3o rodovi\u00e1ria. A uniformidade minimiza o risco de refletividade irregular e melhora a est\u00e9tica das marca\u00e7\u00f5es rodovi\u00e1rias.<\/p>\n\n\n\n<h3 class=\"wp-block-heading\"><strong>Considera\u00e7\u00f5es ambientais<\/strong><\/h3>\n\n\n\n<p>Fabricadas a partir de materiais amigos do ambiente, como o vidro reciclado, as p\u00e9rolas de vidro intermix EN1424 apoiam pr\u00e1ticas de marca\u00e7\u00e3o rodovi\u00e1ria sustent\u00e1veis. A sua composi\u00e7\u00e3o ecol\u00f3gica alinha-se com os esfor\u00e7os globais para reduzir o impacto ambiental nos projectos de constru\u00e7\u00e3o e de infra-estruturas.<\/p>\n\n\n\n<h2 class=\"wp-block-heading\"><strong>Perguntas frequentes sobre as Contas de Vidro Intermix EN1424<\/strong><\/h2>\n\n\n\n<p><strong>O que s\u00e3o contas de vidro intermisturadas EN1424?<\/strong><\/p>\n\n\n\n<p>S\u00e3o contas de vidro altamente reflectoras utilizadas nas marca\u00e7\u00f5es rodovi\u00e1rias para melhorar a visibilidade, especialmente \u00e0 noite.<\/p>\n\n\n\n<p><strong>Como \u00e9 que os frisos EN1424 aumentam a seguran\u00e7a rodovi\u00e1ria?<\/strong><\/p>\n\n\n\n<p>Ao reflectirem a luz dos far\u00f3is dos ve\u00edculos, tornam as marca\u00e7\u00f5es rodovi\u00e1rias mais vis\u00edveis em condi\u00e7\u00f5es de fraca luminosidade, reduzindo o risco de acidentes.<\/p>\n\n\n\n<p><strong>As contas de vidro intermix EN1424 s\u00e3o dur\u00e1veis?<\/strong><\/p>\n\n\n\n<p>Sim, foram concebidos para resistir ao desgaste do tr\u00e1fego e \u00e0s condi\u00e7\u00f5es climat\u00e9ricas adversas, mantendo as suas propriedades reflectoras ao longo do tempo.<\/p>\n\n\n\n<p><strong>Onde posso comprar contas de vidro intermix EN1424?<\/strong><\/p>\n\n\n\n<p>Os principais fornecedores incluem a Potters Industries, a Swarco, a Jinan Jingyu Glass Bead Co. e a 3M Traffic Safety Systems.<\/p>\n\n\n\n<p><strong>Que tamanhos est\u00e3o dispon\u00edveis para as p\u00e9rolas EN1424?<\/strong><\/p>\n\n\n\n<p>A gama vai de 150 \u00b5m a 850 \u00b5m, satisfazendo os v\u00e1rios requisitos de marca\u00e7\u00e3o rodovi\u00e1ria.<\/p>\n\n\n\n<p><strong>As p\u00e9rolas EN1424 cumprem as normas europeias?<\/strong><\/p>\n\n\n\n<p>Sim, cumprem as normas EN1424, garantindo qualidade e desempenho nas aplica\u00e7\u00f5es de marca\u00e7\u00e3o rodovi\u00e1ria.<\/p>","protected":false},"excerpt":{"rendered":"<p>Concebidas para cumprir as normas europeias EN1424, as nossas p\u00e9rolas de vidro intermix EN1424 oferecem uma excelente visibilidade e durabilidade. Estas p\u00e9rolas proporcionam marca\u00e7\u00f5es rodovi\u00e1rias duradouras que resistem \u00e0s exig\u00eancias do tr\u00e1fego intenso e \u00e0s condi\u00e7\u00f5es climat\u00e9ricas adversas.<\/p>","protected":false},"featured_media":1685,"parent":0,"template":"","meta":{"_acf_changed":false,"_kad_blocks_custom_css":"","_kad_blocks_head_custom_js":"","_kad_blocks_body_custom_js":"","_kad_blocks_footer_custom_js":"","_kad_post_transparent":"","_kad_post_title":"","_kad_post_layout":"","_kad_post_sidebar_id":"","_kad_post_content_style":"","_kad_post_vertical_padding":"","_kad_post_feature":"","_kad_post_feature_position":"","_kad_post_header":false,"_kad_post_footer":false,"_kad_post_classname":""},"product-category":[2],"class_list":["post-776","product","type-product","status-publish","has-post-thumbnail","hentry","product-category-road-marking-glass-beads"],"acf":[],"taxonomy_info":{"product-category":[{"value":2,"label":"Road Marking Glass Beads"}]},"featured_image_src_large":["https:\/\/lanxingco.com\/wp-content\/uploads\/2024\/07\/EN1424-Intermix-Glass-Beads-1.jpg",700,700,false],"author_info":[],"comment_info":"","_links":{"self":[{"href":"https:\/\/lanxingco.com\/pt\/wp-json\/wp\/v2\/product\/776","targetHints":{"allow":["GET"]}}],"collection":[{"href":"https:\/\/lanxingco.com\/pt\/wp-json\/wp\/v2\/product"}],"about":[{"href":"https:\/\/lanxingco.com\/pt\/wp-json\/wp\/v2\/types\/product"}],"wp:featuredmedia":[{"embeddable":true,"href":"https:\/\/lanxingco.com\/pt\/wp-json\/wp\/v2\/media\/1685"}],"wp:attachment":[{"href":"https:\/\/lanxingco.com\/pt\/wp-json\/wp\/v2\/media?parent=776"}],"wp:term":[{"taxonomy":"product-category","embeddable":true,"href":"https:\/\/lanxingco.com\/pt\/wp-json\/wp\/v2\/product-category?post=776"}],"curies":[{"name":"wp","href":"https:\/\/api.w.org\/{rel}","templated":true}]}}