{"id":772,"date":"2024-06-21T07:37:45","date_gmt":"2024-06-21T07:37:45","guid":{"rendered":"https:\/\/lanxing.easiwin.com\/?post_type=product&#038;p=772"},"modified":"2024-11-17T02:58:18","modified_gmt":"2024-11-17T02:58:18","slug":"aashto-m247-i-intermix-glass-beads-2","status":"publish","type":"product","link":"https:\/\/lanxingco.com\/pt\/product\/aashto-m247-i-intermix-glass-beads-2\/","title":{"rendered":"AASHTO M247-I Contas de vidro intermix"},"content":{"rendered":"<h2 class=\"wp-block-heading\"><strong>Descri\u00e7\u00e3o geral das esferas de vidro intermix AASHTO M247-I<\/strong><\/h2>\n\n\n\n<p>As esferas de vidro AASHTO M247-I Intermix s\u00e3o utilizadas na pintura de tr\u00e1fego para melhorar a visibilidade nocturna das marca\u00e7\u00f5es rodovi\u00e1rias. Estas pequenas esferas esf\u00e9ricas reflectem a luz dos far\u00f3is dos ve\u00edculos de volta para o condutor, tornando as marca\u00e7\u00f5es rodovi\u00e1rias muito mais f\u00e1ceis de ver no escuro. Fabricadas de acordo com as especifica\u00e7\u00f5es rigorosas da American Association of State Highway and Transportation Officials (AASHTO), estas p\u00e9rolas garantem uma qualidade e um desempenho consistentes.<\/p>\n\n\n\n<h2 class=\"wp-block-heading\">Especifica\u00e7\u00f5es e dados t\u00e9cnicos<\/h2>\n\n\n\n<figure class=\"wp-block-table\"><table><thead><tr><th><strong>Parameter<\/strong><\/th><th><strong>Detalhes<\/strong><\/th><\/tr><\/thead><tbody><tr><td><strong>Composi\u00e7\u00e3o<\/strong><\/td><td>Vidro de alta qualidade<\/td><\/tr><tr><td><strong>Apar\u00eancia<\/strong><\/td><td>Transparente, incolor<\/td><\/tr><tr><td><strong>Forma<\/strong><\/td><td>Esf\u00e9rico<\/td><\/tr><tr><td><strong>\u00cdndice de refra\u00e7\u00e3o<\/strong><\/td><td>\u22651.5<\/td><\/tr><tr><td><strong>Gama de tamanhos<\/strong><\/td><td>53 &#8211; 1180 microns<\/td><\/tr><tr><td><strong>Arredondamento<\/strong><\/td><td>\u226580<\/td><\/tr><tr><td><strong>Dureza<\/strong><\/td><td>6-7 Moh&#8217;s<\/td><\/tr><tr><td><strong>Tipos de revestimento<\/strong><\/td><td>Revestimento \u00e0 prova de humidade, Revestimento de flota\u00e7\u00e3o, Revestimento de ader\u00eancia<\/td><\/tr><tr><td><strong>M\u00e9todo de aplica\u00e7\u00e3o<\/strong><\/td><td>Misturado diretamente na tinta<\/td><\/tr><tr><td><strong>Durabilidade<\/strong><\/td><td>Mant\u00e9m a refletividade durante 1 &#8211; 3 anos, dependendo da utiliza\u00e7\u00e3o<\/td><\/tr><tr><td><strong>Normas<\/strong><\/td><td>AASHTO M247<\/td><\/tr><\/tbody><\/table><\/figure>\n\n\n\n<h2 class=\"wp-block-heading\"><strong>Vantagens das esferas de vidro intermix AASHTO M247-I<\/strong><\/h2>\n\n\n\n<h3 class=\"wp-block-heading\"><strong>Visibilidade nocturna melhorada<\/strong><\/h3>\n\n\n\n<p>A principal vantagem das esferas de vidro AASHTO M247-I Intermix \u00e9 a sua capacidade de melhorar significativamente a visibilidade nocturna. Ao refletir os far\u00f3is dos ve\u00edculos, estas esferas tornam as marca\u00e7\u00f5es rodovi\u00e1rias muito mais vis\u00edveis em condi\u00e7\u00f5es de fraca luminosidade, aumentando a seguran\u00e7a rodovi\u00e1ria.<\/p>\n\n\n\n<h3 class=\"wp-block-heading\"><strong>Durabilidade e longevidade<\/strong><\/h3>\n\n\n\n<p>As esferas de vidro AASHTO M247-I foram concebidas para resistir \u00e0s condi\u00e7\u00f5es climat\u00e9ricas adversas e ao desgaste constante do tr\u00e1fego. Esta durabilidade garante que as marca\u00e7\u00f5es rodovi\u00e1rias permane\u00e7am reflectoras e eficazes durante per\u00edodos mais longos, reduzindo a frequ\u00eancia da manuten\u00e7\u00e3o.<\/p>\n\n\n\n<h3 class=\"wp-block-heading\"><strong>Custo-efic\u00e1cia<\/strong><\/h3>\n\n\n\n<p>Embora o custo inicial das p\u00e9rolas de vidro de alta qualidade possa ser mais elevado, a sua longevidade e os requisitos de manuten\u00e7\u00e3o reduzidos tornam-nas uma solu\u00e7\u00e3o rent\u00e1vel a longo prazo. Proporcionam um melhor retorno do investimento em compara\u00e7\u00e3o com alternativas mais baratas e de qualidade inferior.<\/p>\n\n\n\n<h3 class=\"wp-block-heading\"><strong>Conformidade com as normas<\/strong><\/h3>\n\n\n\n<p>A utiliza\u00e7\u00e3o das p\u00e9rolas de vidro AASHTO M247-I Intermix garante a conformidade com as normas reconhecidas, o que \u00e9 crucial para os projectos de estradas p\u00fablicas. Esta conformidade n\u00e3o s\u00f3 garante o desempenho, como tamb\u00e9m facilita os processos de aprova\u00e7\u00e3o de projectos de marca\u00e7\u00e3o de estradas.<\/p>\n\n\n\n<h2 class=\"wp-block-heading\"><strong>Caracter\u00edsticas das Contas de Vidro Intermix AASHTO M247-I<\/strong><\/h2>\n\n\n\n<h3 class=\"wp-block-heading\"><strong>Alta Refletividade<\/strong><\/h3>\n\n\n\n<p>Uma das caracter\u00edsticas mais importantes destas esferas de vidro \u00e9 a sua elevada refletividade. Esta carater\u00edstica \u00e9 essencial para melhorar a visibilidade das marca\u00e7\u00f5es rodovi\u00e1rias \u00e0 noite e em m\u00e1s condi\u00e7\u00f5es climat\u00e9ricas, assegurando que os condutores conseguem ver as marca\u00e7\u00f5es das faixas de rodagem, passadeiras e outros indicadores importantes.<\/p>\n\n\n\n<h3 class=\"wp-block-heading\"><strong>Qualidade consistente<\/strong><\/h3>\n\n\n\n<p>Fabricadas de acordo com as rigorosas normas AASHTO, estas esferas de vidro oferecem uma qualidade consistente. Esta consist\u00eancia \u00e9 fundamental para projectos de grande escala em que \u00e9 necess\u00e1rio um desempenho uniforme em todas as marca\u00e7\u00f5es rodovi\u00e1rias.<\/p>\n\n\n\n<h3 class=\"wp-block-heading\"><strong>Versatilidade<\/strong><\/h3>\n\n\n\n<p>As p\u00e9rolas de vidro AASHTO M247-I Intermix podem ser utilizadas em v\u00e1rios tipos de tintas para tr\u00e1fego e materiais de marca\u00e7\u00e3o. Quer esteja a trabalhar com tintas \u00e0 base de \u00e1gua, \u00e0 base de solvente ou termopl\u00e1sticas, estas p\u00e9rolas integram-se perfeitamente, proporcionando o mesmo n\u00edvel de refletividade e durabilidade.<\/p>\n\n\n\n<h3 class=\"wp-block-heading\"><strong>Amigo do ambiente<\/strong><\/h3>\n\n\n\n<p>Fabricadas a partir de vidro reciclado, estas p\u00e9rolas contribuem para os esfor\u00e7os de sustentabilidade na constru\u00e7\u00e3o e manuten\u00e7\u00e3o de estradas. A sua natureza amiga do ambiente faz com que sejam a escolha preferida para projectos com consci\u00eancia ecol\u00f3gica.<\/p>\n\n\n\n<h2 class=\"wp-block-heading\"><strong>Perguntas frequentes sobre as p\u00e9rolas de vidro intermix AASHTO M247-I<\/strong><\/h2>\n\n\n\n<p><strong>O que s\u00e3o as p\u00e9rolas de vidro AASHTO M247-I Intermix?<\/strong><\/p>\n\n\n\n<p>S\u00e3o contas de vidro reflectoras utilizadas nas marca\u00e7\u00f5es rodovi\u00e1rias para aumentar a visibilidade, especialmente \u00e0 noite.<\/p>\n\n\n\n<p><strong>Porque \u00e9 que estas p\u00e9rolas s\u00e3o importantes para a seguran\u00e7a rodovi\u00e1ria?<\/strong><\/p>\n\n\n\n<p>Reflectem os far\u00f3is de volta para o condutor, tornando as marcas rodovi\u00e1rias vis\u00edveis em condi\u00e7\u00f5es de fraca luminosidade.<\/p>\n\n\n\n<p><strong>Como \u00e9 que estas p\u00e9rolas s\u00e3o aplicadas?<\/strong><\/p>\n\n\n\n<p>S\u00e3o normalmente misturados na tinta de tr\u00e1fego ou aplicados \u00e0 tinta h\u00famida durante os processos de marca\u00e7\u00e3o de estradas.<\/p>\n\n\n\n<p><strong>Que tamanhos est\u00e3o dispon\u00edveis?<\/strong><\/p>\n\n\n\n<p>A gama vai de 212 \u00b5m a 850 \u00b5m, satisfazendo v\u00e1rias necessidades de aplica\u00e7\u00e3o.<\/p>\n\n\n\n<p><strong>As p\u00e9rolas AASHTO M247-I s\u00e3o amigas do ambiente?<\/strong><\/p>\n\n\n\n<p>Sim, s\u00e3o feitos de vidro reciclado, contribuindo para a sustentabilidade.<\/p>\n\n\n\n<p><strong>Estas p\u00e9rolas resistem a condi\u00e7\u00f5es climat\u00e9ricas adversas?<\/strong><\/p>\n\n\n\n<p>Sim, foram concebidos para serem duradouros e resistirem ao desgaste provocado pelo tr\u00e1fego e pelas condi\u00e7\u00f5es climat\u00e9ricas.<\/p>","protected":false},"excerpt":{"rendered":"<p>Fabricadas de acordo com as especifica\u00e7\u00f5es AASHTO M247-I, estas esferas de vidro oferecem uma qualidade e fiabilidade excepcionais. Asseguram marca\u00e7\u00f5es rodovi\u00e1rias claras e duradouras, proporcionando um excelente desempenho e longevidade para todas as necessidades de marca\u00e7\u00e3o rodovi\u00e1ria.<\/p>","protected":false},"featured_media":1673,"parent":0,"template":"","meta":{"_acf_changed":false,"_kad_blocks_custom_css":"","_kad_blocks_head_custom_js":"","_kad_blocks_body_custom_js":"","_kad_blocks_footer_custom_js":"","_kad_post_transparent":"","_kad_post_title":"","_kad_post_layout":"","_kad_post_sidebar_id":"","_kad_post_content_style":"","_kad_post_vertical_padding":"","_kad_post_feature":"","_kad_post_feature_position":"","_kad_post_header":false,"_kad_post_footer":false,"_kad_post_classname":""},"product-category":[2],"class_list":["post-772","product","type-product","status-publish","has-post-thumbnail","hentry","product-category-road-marking-glass-beads"],"acf":[],"taxonomy_info":{"product-category":[{"value":2,"label":"Road Marking Glass Beads"}]},"featured_image_src_large":["https:\/\/lanxingco.com\/wp-content\/uploads\/2024\/07\/AASHTO-M247-I-Intermix-Glass-Beads-1.jpg",700,700,false],"author_info":[],"comment_info":"","_links":{"self":[{"href":"https:\/\/lanxingco.com\/pt\/wp-json\/wp\/v2\/product\/772","targetHints":{"allow":["GET"]}}],"collection":[{"href":"https:\/\/lanxingco.com\/pt\/wp-json\/wp\/v2\/product"}],"about":[{"href":"https:\/\/lanxingco.com\/pt\/wp-json\/wp\/v2\/types\/product"}],"wp:featuredmedia":[{"embeddable":true,"href":"https:\/\/lanxingco.com\/pt\/wp-json\/wp\/v2\/media\/1673"}],"wp:attachment":[{"href":"https:\/\/lanxingco.com\/pt\/wp-json\/wp\/v2\/media?parent=772"}],"wp:term":[{"taxonomy":"product-category","embeddable":true,"href":"https:\/\/lanxingco.com\/pt\/wp-json\/wp\/v2\/product-category?post=772"}],"curies":[{"name":"wp","href":"https:\/\/api.w.org\/{rel}","templated":true}]}}