{"id":77,"date":"2024-06-17T01:16:08","date_gmt":"2024-06-17T01:16:08","guid":{"rendered":"https:\/\/lanxing.easiwin.com\/?post_type=product&#038;p=77"},"modified":"2024-07-15T08:47:45","modified_gmt":"2024-07-15T08:47:45","slug":"c9-petroleum-resin","status":"publish","type":"product","link":"https:\/\/lanxingco.com\/pt\/product\/c9-petroleum-resin\/","title":{"rendered":"C9 Resina de petr\u00f3leo"},"content":{"rendered":"<h2 class=\"wp-block-heading\">Descri\u00e7\u00e3o geral da resina de petr\u00f3leo C9<\/h2>\n\n\n\n<p>A resina de petr\u00f3leo C9, tamb\u00e9m conhecida como resina de hidrocarboneto arom\u00e1tico, \u00e9 uma resina sint\u00e9tica derivada da polimeriza\u00e7\u00e3o de hidrocarbonetos arom\u00e1ticos C9. Estes hidrocarbonetos s\u00e3o subprodutos do processo de cracking na produ\u00e7\u00e3o de etileno e propileno. Conhecida pela sua excelente ader\u00eancia, resist\u00eancia qu\u00edmica e compatibilidade com v\u00e1rios pol\u00edmeros, a resina de petr\u00f3leo C9 \u00e9 um ingrediente essencial em muitos produtos industriais.<\/p>\n\n\n\n<h3 class=\"wp-block-heading\">Propriedades principais da resina de petr\u00f3leo C9<\/h3>\n\n\n\n<ul class=\"wp-block-list\">\n<li><strong>Ades\u00e3o<\/strong>: Forte capacidade de ader\u00eancia.<\/li>\n\n\n\n<li><strong>Resist\u00eancia qu\u00edmica<\/strong>: Resistente a \u00e1cidos, \u00e1lcalis e outros produtos qu\u00edmicos.<\/li>\n\n\n\n<li><strong>Compatibilidade<\/strong>: Funciona bem com outras resinas e pol\u00edmeros.<\/li>\n\n\n\n<li><strong>Cor<\/strong>: Tipicamente varia do amarelo claro ao castanho escuro.<\/li>\n\n\n\n<li><strong>Ponto de amolecimento<\/strong>: Gama de 80\u00b0C a 140\u00b0C.<\/li>\n<\/ul>\n\n\n\n<h2 class=\"wp-block-heading\">Especifica\u00e7\u00f5es e dados t\u00e9cnicos<\/h2>\n\n\n\n<figure class=\"wp-block-table\"><table><thead><tr><th><strong>Parameter<\/strong><\/th><th><strong>De<\/strong>caudas<\/th><\/tr><\/thead><tbody><tr><td><strong>Apar\u00eancia<\/strong><\/td><td>S\u00f3lido transparente, amarelo claro a castanho escuro<\/td><\/tr><tr><td><strong>Ponto de amolecimento<\/strong><\/td><td>95\u00b0C - 105\u00b0C<\/td><\/tr><tr><td><strong>Valor \u00e1cido<\/strong><\/td><td>\u2264 1,0 mg KOH\/g<\/td><\/tr><tr><td><strong>Cor (Gardner)<\/strong><\/td><td>8 M\u00e1ximo<\/td><\/tr><tr><td><strong>Conte\u00fado de cinzas<\/strong><\/td><td>\u2264 0.1%<\/td><\/tr><tr><td><strong>Solubilidade<\/strong><\/td><td>Sol\u00favel em hidrocarbonetos arom\u00e1ticos e alif\u00e1ticos, \u00e9steres e cetonas<\/td><\/tr><tr><td><strong>Viscosidade de fus\u00e3o<\/strong><\/td><td>220 mPa-s<\/td><\/tr><tr><td><strong>Compatibilidade<\/strong><\/td><td>Compat\u00edvel com v\u00e1rias resinas, borrachas e pol\u00edmeros<\/td><\/tr><tr><td><strong>Normas<\/strong><\/td><td>Cumpre muitas normas internacionais da ind\u00fastria<\/td><\/tr><\/tbody><\/table><\/figure>\n\n\n\n<h2 class=\"wp-block-heading\">Benef\u00edcios e caracter\u00edsticas da resina de petr\u00f3leo C9<\/h2>\n\n\n\n<p><\/p>\n\n\n\n<h3 class=\"wp-block-heading\">Benef\u00edcios da resina de petr\u00f3leo C9<\/h3>\n\n\n\n<p><strong>1. Forte ader\u00eancia:<\/strong><br>A resina de petr\u00f3leo C9 melhora as propriedades adesivas dos produtos, proporcionando uma forte liga\u00e7\u00e3o. Isto torna-a ideal para adesivos utilizados nas ind\u00fastrias de embalagem, constru\u00e7\u00e3o e autom\u00f3vel.<\/p>\n\n\n\n<p><strong>2. Resist\u00eancia qu\u00edmica:<\/strong><br>A resina petrol\u00edfera C9 \u00e9 resistente a v\u00e1rios produtos qu\u00edmicos, incluindo \u00e1cidos e \u00e1lcalis, garantindo durabilidade e longevidade em ambientes agressivos.<\/p>\n\n\n\n<p><strong>3. Compatibilidade melhorada:<\/strong><br>A resina de petr\u00f3leo C9 mistura-se bem com outras resinas, pol\u00edmeros e borrachas, oferecendo versatilidade em diferentes formula\u00e7\u00f5es.<\/p>\n\n\n\n<p><strong>4. Estabilidade t\u00e9rmica:<\/strong><br>Com uma excelente estabilidade t\u00e9rmica, a resina de petr\u00f3leo C9 mant\u00e9m o desempenho numa vasta gama de temperaturas, tornando-a adequada para aplica\u00e7\u00f5es no exterior e a altas temperaturas.<\/p>\n\n\n\n<p><strong>5. Custo-efic\u00e1cia:<\/strong><br>Em compara\u00e7\u00e3o com outras resinas, a resina de petr\u00f3leo C9 oferece uma solu\u00e7\u00e3o econ\u00f3mica sem comprometer a qualidade, tornando-a uma adi\u00e7\u00e3o valiosa para v\u00e1rios produtos.<\/p>\n\n\n\n<h3 class=\"wp-block-heading\">Caracter\u00edsticas da Resina de Petr\u00f3leo C9<\/h3>\n\n\n\n<ul class=\"wp-block-list\">\n<li><strong>Alta ader\u00eancia:<\/strong> Assegura uma forte liga\u00e7\u00e3o em adesivos e revestimentos.<\/li>\n\n\n\n<li><strong>Versatilidade:<\/strong> Compat\u00edvel com v\u00e1rias resinas, borrachas e pol\u00edmeros.<\/li>\n\n\n\n<li><strong>Excelente resist\u00eancia qu\u00edmica:<\/strong> Resiste a produtos qu\u00edmicos e ambientes agressivos.<\/li>\n\n\n\n<li><strong>Estabilidade t\u00e9rmica:<\/strong> Funciona bem em diferentes condi\u00e7\u00f5es de temperatura.<\/li>\n\n\n\n<li><strong>Gama de cores:<\/strong> Oferece flexibilidade est\u00e9tica nas formula\u00e7\u00f5es de produtos.<\/li>\n<\/ul>\n\n\n\n<h2 class=\"wp-block-heading\">Aplica\u00e7\u00f5es da resina de petr\u00f3leo C9<\/h2>\n\n\n\n<p><\/p>\n\n\n\n<h3 class=\"wp-block-heading\">Adesivos e vedantes<\/h3>\n\n\n\n<p>A resina de petr\u00f3leo C9 \u00e9 amplamente utilizada na ind\u00fastria de adesivos, particularmente em adesivos de fus\u00e3o a quente (HMAs) e adesivos sens\u00edveis \u00e0 press\u00e3o (PSAs). A sua excelente ades\u00e3o e compatibilidade com v\u00e1rios pol\u00edmeros melhoram o desempenho destes adesivos.<\/p>\n\n\n\n<h3 class=\"wp-block-heading\">Revestimentos<\/h3>\n\n\n\n<p>Na ind\u00fastria de revestimentos, a resina de petr\u00f3leo C9 melhora a ader\u00eancia, o brilho e a durabilidade. \u00c9 utilizada em tintas, vernizes e materiais de marca\u00e7\u00e3o de estradas, proporcionando uma excelente resist\u00eancia ao desgaste e longevidade.<\/p>\n\n\n\n<h3 class=\"wp-block-heading\">Composto de borracha<\/h3>\n\n\n\n<p>A resina de petr\u00f3leo C9 aumenta a elasticidade e a pegajosidade dos produtos de borracha. \u00c9 normalmente utilizada na produ\u00e7\u00e3o de pneus, el\u00e1sticos e outros artigos \u00e0 base de borracha, melhorando o seu desempenho e durabilidade.<\/p>\n\n\n\n<h3 class=\"wp-block-heading\">Tintas de impress\u00e3o<\/h3>\n\n\n\n<p>A resina de petr\u00f3leo C9 \u00e9 utilizada em tintas de impress\u00e3o para melhorar a ader\u00eancia e o brilho. \u00c9 eficaz numa variedade de formula\u00e7\u00f5es de tintas, incluindo tintas flexogr\u00e1ficas e de gravura, garantindo impress\u00f5es vibrantes e duradouras.<\/p>\n\n\n\n<h2 class=\"wp-block-heading\">Perguntas mais frequentes<\/h2>\n\n\n\n<figure class=\"wp-block-table\"><table><thead><tr><th><strong>Quest\u00e3o<\/strong><\/th><th><strong>Resposta<\/strong><\/th><\/tr><\/thead><tbody><tr><td><strong>De que \u00e9 feita a resina de petr\u00f3leo C9?<\/strong><\/td><td>A resina de petr\u00f3leo C9 \u00e9 produzida a partir da polimeriza\u00e7\u00e3o de hidrocarbonetos arom\u00e1ticos C9 derivados do processo de cracking na produ\u00e7\u00e3o de etileno.<\/td><\/tr><tr><td><strong>Quais s\u00e3o as principais utiliza\u00e7\u00f5es da resina de petr\u00f3leo C9?<\/strong><\/td><td>\u00c9 utilizado principalmente em adesivos, vedantes, revestimentos, compostos de borracha e tintas de impress\u00e3o.<\/td><\/tr><tr><td><strong>Como \u00e9 que a resina de petr\u00f3leo C9 melhora a ader\u00eancia?<\/strong><\/td><td>As suas fortes propriedades adesivas e a compatibilidade com v\u00e1rios pol\u00edmeros aumentam a for\u00e7a de liga\u00e7\u00e3o de adesivos e vedantes.<\/td><\/tr><tr><td><strong>A resina de petr\u00f3leo C9 \u00e9 amiga do ambiente?<\/strong><\/td><td>Embora seja um produto sint\u00e9tico, a sua utiliza\u00e7\u00e3o para melhorar o desempenho de colas e revestimentos pode reduzir os res\u00edduos e melhorar a longevidade dos produtos.<\/td><\/tr><tr><td><strong>Que normas cumpre a resina petrol\u00edfera C9?<\/strong><\/td><td>Cumpre as normas do sector, tais como ASTM E28, ASTM D974 e ASTM D1544.<\/td><\/tr><tr><td><strong>Como \u00e9 que a resina petrol\u00edfera C9 \u00e9 normalmente vendida?<\/strong><\/td><td>\u00c9 geralmente vendido na forma s\u00f3lida, quer em flocos, gr\u00e2nulos ou pellets.<\/td><\/tr><tr><td><strong>A resina de petr\u00f3leo C9 pode ser utilizada em embalagens de alimentos?<\/strong><\/td><td>Depende do grau e da aplica\u00e7\u00e3o espec\u00edfica. Verifique sempre com o fornecedor as certifica\u00e7\u00f5es de qualidade alimentar, se necess\u00e1rio.<\/td><\/tr><\/tbody><\/table><\/figure>","protected":false},"excerpt":{"rendered":"<p>A resina petrol\u00edfera C9, semelhante \u00e0 C5 mas com uma resist\u00eancia superior ao calor, \u00e9 utilizada em colas termofus\u00edveis, tintas para marca\u00e7\u00e3o de estradas e composi\u00e7\u00e3o de borracha. Melhora a viscosidade, a pegajosidade e a durabilidade em aplica\u00e7\u00f5es exigentes.<\/p>","protected":false},"featured_media":1682,"parent":0,"template":"","meta":{"_acf_changed":false,"_kad_blocks_custom_css":"","_kad_blocks_head_custom_js":"","_kad_blocks_body_custom_js":"","_kad_blocks_footer_custom_js":"","_kad_post_transparent":"","_kad_post_title":"","_kad_post_layout":"","_kad_post_sidebar_id":"","_kad_post_content_style":"","_kad_post_vertical_padding":"","_kad_post_feature":"","_kad_post_feature_position":"","_kad_post_header":false,"_kad_post_footer":false,"_kad_post_classname":""},"product-category":[3],"class_list":["post-77","product","type-product","status-publish","has-post-thumbnail","hentry","product-category-resin-products"],"acf":[],"taxonomy_info":{"product-category":[{"value":3,"label":"Resin"}]},"featured_image_src_large":["https:\/\/lanxingco.com\/wp-content\/uploads\/2024\/07\/C9-Petroleum-Resin.jpg",700,700,false],"author_info":[],"comment_info":"","_links":{"self":[{"href":"https:\/\/lanxingco.com\/pt\/wp-json\/wp\/v2\/product\/77","targetHints":{"allow":["GET"]}}],"collection":[{"href":"https:\/\/lanxingco.com\/pt\/wp-json\/wp\/v2\/product"}],"about":[{"href":"https:\/\/lanxingco.com\/pt\/wp-json\/wp\/v2\/types\/product"}],"wp:featuredmedia":[{"embeddable":true,"href":"https:\/\/lanxingco.com\/pt\/wp-json\/wp\/v2\/media\/1682"}],"wp:attachment":[{"href":"https:\/\/lanxingco.com\/pt\/wp-json\/wp\/v2\/media?parent=77"}],"wp:term":[{"taxonomy":"product-category","embeddable":true,"href":"https:\/\/lanxingco.com\/pt\/wp-json\/wp\/v2\/product-category?post=77"}],"curies":[{"name":"wp","href":"https:\/\/api.w.org\/{rel}","templated":true}]}}