{"id":75,"date":"2024-06-17T01:14:01","date_gmt":"2024-06-17T01:14:01","guid":{"rendered":"https:\/\/lanxing.easiwin.com\/?post_type=product&#038;p=75"},"modified":"2024-07-15T08:46:48","modified_gmt":"2024-07-15T08:46:48","slug":"c5-petroleum-resin","status":"publish","type":"product","link":"https:\/\/lanxingco.com\/pt\/product\/c5-petroleum-resin\/","title":{"rendered":"C5 Resina de petr\u00f3leo"},"content":{"rendered":"<h2 class=\"wp-block-heading\">Descri\u00e7\u00e3o geral da resina petrol\u00edfera C5<\/h2>\n\n\n\n<p>A resina de petr\u00f3leo C5, tamb\u00e9m conhecida como resina de hidrocarbonetos, \u00e9 uma resina sint\u00e9tica derivada da polimeriza\u00e7\u00e3o de hidrocarbonetos C5. Estes hidrocarbonetos s\u00e3o subprodutos do processo de cracking na produ\u00e7\u00e3o de etileno e propileno. A resina \u00e9 conhecida pela sua excelente pegajosidade, ader\u00eancia e compatibilidade com uma variedade de pol\u00edmeros, o que a torna um componente valioso em v\u00e1rias aplica\u00e7\u00f5es industriais.<\/p>\n\n\n\n<h3 class=\"wp-block-heading\">Propriedades principais da resina de petr\u00f3leo C5<\/h3>\n\n\n\n<ul class=\"wp-block-list\">\n<li><strong>Tackiness<\/strong>: Proporciona propriedades de ader\u00eancia superiores.<\/li>\n\n\n\n<li><strong>Compatibilidade<\/strong>: Mistura-se bem com outros pol\u00edmeros e resinas.<\/li>\n\n\n\n<li><strong>Estabilidade t\u00e9rmica<\/strong>: Mant\u00e9m o desempenho a v\u00e1rias temperaturas.<\/li>\n\n\n\n<li><strong>Cor<\/strong>: Tipicamente amarelo p\u00e1lido a castanho claro.<\/li>\n\n\n\n<li><strong>Ponto de amolecimento<\/strong>: Gama de 80\u00b0C a 140\u00b0C.<\/li>\n<\/ul>\n\n\n\n<h2 class=\"wp-block-heading\">Especifica\u00e7\u00f5es e dados t\u00e9cnicos<\/h2>\n\n\n\n<figure class=\"wp-block-table\"><table><thead><tr><th><strong>Parameter<\/strong><\/th><th><strong>De<\/strong>talis<\/th><\/tr><\/thead><tbody><tr><td><strong>Apar\u00eancia<\/strong><\/td><td>S\u00f3lido transparente amarelo-p\u00e1lido a castanho-claro<\/td><\/tr><tr><td><strong>Ponto de amolecimento<\/strong><\/td><td>95\u00b0C - 105\u00b0C<\/td><\/tr><tr><td><strong>Valor \u00e1cido<\/strong><\/td><td>\u2264 1,0 mg KOH\/g<\/td><\/tr><tr><td><strong>Cor (Gardner)<\/strong><\/td><td>3.5 &#8211; 5<\/td><\/tr><tr><td><strong>Conte\u00fado de cinzas<\/strong><\/td><td>\u2264 0.1%<\/td><\/tr><tr><td><strong>Solubilidade<\/strong><\/td><td>Sol\u00favel em hidrocarbonetos arom\u00e1ticos e alif\u00e1ticos, \u00e9steres e cetonas<\/td><\/tr><tr><td><strong>Viscosidade de fus\u00e3o<\/strong><\/td><td>220 mPa-s<\/td><\/tr><tr><td><strong>Compatibilidade<\/strong><\/td><td>Compat\u00edvel com v\u00e1rias borrachas, EVA, SBS, SIS e outras resinas<\/td><\/tr><tr><td><strong>Normas<\/strong><\/td><td>Cumpre muitas normas internacionais do sector.<\/td><\/tr><\/tbody><\/table><\/figure>\n\n\n\n<h2 class=\"wp-block-heading\">Vantagens e caracter\u00edsticas da resina de petr\u00f3leo C5<\/h2>\n\n\n\n<p><\/p>\n\n\n\n<h3 class=\"wp-block-heading\">Benef\u00edcios da resina de petr\u00f3leo C5<\/h3>\n\n\n\n<p><strong>1. Melhoria da ader\u00eancia e da pegajosidade:<\/strong><br>A resina petrol\u00edfera C5 melhora as propriedades de ader\u00eancia de colas e vedantes, proporcionando uma ader\u00eancia superior. Isto torna-a ideal para adesivos sens\u00edveis \u00e0 press\u00e3o (PSA), adesivos de fus\u00e3o a quente (HMA) e produtos \u00e0 base de borracha.<\/p>\n\n\n\n<p><strong>2. Compatibilidade melhorada:<\/strong><br>A resina petrol\u00edfera C5 \u00e9 compat\u00edvel com uma vasta gama de pol\u00edmeros, incluindo borracha natural, borracha sint\u00e9tica, EVA (acetato de etileno-vinilo), SBS (estireno-butadieno-estireno) e SIS (estireno-isopreno-estireno). Esta versatilidade permite-lhe ser utilizado em diversas aplica\u00e7\u00f5es.<\/p>\n\n\n\n<p><strong>3. Estabilidade t\u00e9rmica:<\/strong><br>Com uma excelente estabilidade t\u00e9rmica, a resina petrol\u00edfera C5 mant\u00e9m o seu desempenho numa vasta gama de temperaturas. Isto \u00e9 particularmente importante em aplica\u00e7\u00f5es expostas a condi\u00e7\u00f5es ambientais vari\u00e1veis.<\/p>\n\n\n\n<p><strong>4. Custo-efic\u00e1cia:<\/strong><br>Em compara\u00e7\u00e3o com outras resinas, a resina de petr\u00f3leo C5 oferece uma solu\u00e7\u00e3o econ\u00f3mica sem comprometer a qualidade. A sua efici\u00eancia na melhoria do desempenho do produto torna-a uma adi\u00e7\u00e3o valiosa a qualquer formula\u00e7\u00e3o.<\/p>\n\n\n\n<p><strong>5. Coer\u00eancia e fiabilidade:<\/strong><br>Os fabricantes valorizam a resina petrol\u00edfera C5 pela sua qualidade consistente e desempenho fi\u00e1vel. Esta consist\u00eancia garante que os produtos finais cumprem as rigorosas normas da ind\u00fastria e as expectativas dos clientes.<\/p>\n\n\n\n<h3 class=\"wp-block-heading\">Caracter\u00edsticas da resina de petr\u00f3leo C5<\/h3>\n\n\n\n<ul class=\"wp-block-list\">\n<li><strong>Alta ader\u00eancia:<\/strong> Garante uma forte ader\u00eancia em adesivos e vedantes.<\/li>\n\n\n\n<li><strong>Versatilidade:<\/strong> Compat\u00edvel com v\u00e1rios pol\u00edmeros e utilizado em m\u00faltiplas aplica\u00e7\u00f5es.<\/li>\n\n\n\n<li><strong>Excelente estabilidade t\u00e9rmica:<\/strong> Funciona bem em diferentes condi\u00e7\u00f5es de temperatura.<\/li>\n\n\n\n<li><strong>Cor de amarelo p\u00e1lido a castanho claro:<\/strong> Flexibilidade est\u00e9tica nas formula\u00e7\u00f5es de produtos.<\/li>\n\n\n\n<li><strong>Baixo \u00edndice de acidez:<\/strong> Minimiza o risco de corros\u00e3o e degrada\u00e7\u00e3o nas formula\u00e7\u00f5es.<\/li>\n<\/ul>\n\n\n\n<h2 class=\"wp-block-heading\">Aplica\u00e7\u00f5es da resina petrol\u00edfera C5<\/h2>\n\n\n\n<p><\/p>\n\n\n\n<h3 class=\"wp-block-heading\">Adesivos e vedantes<\/h3>\n\n\n\n<p>A resina petrol\u00edfera C5 \u00e9 amplamente utilizada na ind\u00fastria de adesivos, particularmente em adesivos sens\u00edveis \u00e0 press\u00e3o (PSA) e adesivos de fus\u00e3o a quente (HMA). A sua excelente pegajosidade e compatibilidade com v\u00e1rios pol\u00edmeros melhoram o desempenho destes adesivos.<\/p>\n\n\n\n<h3 class=\"wp-block-heading\">Composto de borracha<\/h3>\n\n\n\n<p>Na ind\u00fastria da borracha, a resina de petr\u00f3leo C5 melhora a elasticidade e a pegajosidade dos produtos de borracha. \u00c9 normalmente utilizada na produ\u00e7\u00e3o de pneus, el\u00e1sticos e outros artigos \u00e0 base de borracha.<\/p>\n\n\n\n<h3 class=\"wp-block-heading\">Revestimentos<\/h3>\n\n\n\n<p>A resina de petr\u00f3leo C5 \u00e9 utilizada em revestimentos para melhorar a ader\u00eancia, o brilho e a durabilidade. \u00c9 particularmente eficaz em tintas para marca\u00e7\u00e3o de estradas, proporcionando uma excelente visibilidade e resist\u00eancia ao desgaste.<\/p>\n\n\n\n<h3 class=\"wp-block-heading\">Tintas de impress\u00e3o<\/h3>\n\n\n\n<p>Nas tintas de impress\u00e3o, a resina de petr\u00f3leo C5 melhora a ades\u00e3o da tinta ao substrato, garantindo impress\u00f5es vibrantes e duradouras. \u00c9 utilizada numa variedade de formula\u00e7\u00f5es de tintas, incluindo tintas flexogr\u00e1ficas e de gravura.<\/p>\n\n\n\n<h2 class=\"wp-block-heading\">Perguntas mais frequentes<\/h2>\n\n\n\n<figure class=\"wp-block-table\"><table><thead><tr><th><strong>Quest\u00e3o<\/strong><\/th><th><strong>Resposta<\/strong><\/th><\/tr><\/thead><tbody><tr><td><strong>De que \u00e9 feita a resina de petr\u00f3leo C5?<\/strong><\/td><td>A resina de petr\u00f3leo C5 \u00e9 produzida a partir da polimeriza\u00e7\u00e3o de hidrocarbonetos C5 derivados do processo de cracking na produ\u00e7\u00e3o de etileno.<\/td><\/tr><tr><td><strong>Quais s\u00e3o as principais utiliza\u00e7\u00f5es da resina de petr\u00f3leo C5?<\/strong><\/td><td>\u00c9 utilizado principalmente em adesivos, vedantes, compostos de borracha, revestimentos e tintas de impress\u00e3o.<\/td><\/tr><tr><td><strong>Como \u00e9 que a resina de petr\u00f3leo C5 melhora a ader\u00eancia?<\/strong><\/td><td>A sua pegajosidade e compatibilidade com v\u00e1rios pol\u00edmeros melhoram as propriedades de ades\u00e3o de adesivos e vedantes.<\/td><\/tr><tr><td><strong>A resina de petr\u00f3leo C5 \u00e9 amiga do ambiente?<\/strong><\/td><td>Embora seja um produto sint\u00e9tico, a sua utiliza\u00e7\u00e3o para melhorar o desempenho de colas e revestimentos pode reduzir os res\u00edduos e melhorar a longevidade dos produtos.<\/td><\/tr><tr><td><strong>A que normas obedece a resina petrol\u00edfera C5?<\/strong><\/td><td>Cumpre as normas do sector, tais como ASTM E28, ASTM D974 e ASTM D1544.<\/td><\/tr><tr><td><strong>Como \u00e9 normalmente vendida a resina petrol\u00edfera C5?<\/strong><\/td><td>\u00c9 geralmente vendido na forma s\u00f3lida, quer em flocos, gr\u00e2nulos ou pellets.<\/td><\/tr><tr><td><strong>A resina de petr\u00f3leo C5 pode ser utilizada em embalagens de alimentos?<\/strong><\/td><td>Depende do grau e da aplica\u00e7\u00e3o espec\u00edfica. Verifique sempre com o fornecedor as certifica\u00e7\u00f5es de qualidade alimentar, se necess\u00e1rio.<\/td><\/tr><\/tbody><\/table><\/figure>","protected":false},"excerpt":{"rendered":"<p>A resina petrol\u00edfera C5, derivada do petr\u00f3leo bruto, \u00e9 utilizada em adesivos, revestimentos e tintas devido \u00e0s suas excelentes propriedades de ader\u00eancia. Aumenta a ades\u00e3o e a coes\u00e3o, melhorando o desempenho e a durabilidade destes produtos.<\/p>","protected":false},"featured_media":1681,"parent":0,"template":"","meta":{"_acf_changed":false,"_kad_blocks_custom_css":"","_kad_blocks_head_custom_js":"","_kad_blocks_body_custom_js":"","_kad_blocks_footer_custom_js":"","_kad_post_transparent":"","_kad_post_title":"","_kad_post_layout":"","_kad_post_sidebar_id":"","_kad_post_content_style":"","_kad_post_vertical_padding":"","_kad_post_feature":"","_kad_post_feature_position":"","_kad_post_header":false,"_kad_post_footer":false,"_kad_post_classname":""},"product-category":[3],"class_list":["post-75","product","type-product","status-publish","has-post-thumbnail","hentry","product-category-resin-products"],"acf":[],"taxonomy_info":{"product-category":[{"value":3,"label":"Resin"}]},"featured_image_src_large":["https:\/\/lanxingco.com\/wp-content\/uploads\/2024\/07\/C5-Petroleum-Resin.jpg",700,700,false],"author_info":[],"comment_info":"","_links":{"self":[{"href":"https:\/\/lanxingco.com\/pt\/wp-json\/wp\/v2\/product\/75","targetHints":{"allow":["GET"]}}],"collection":[{"href":"https:\/\/lanxingco.com\/pt\/wp-json\/wp\/v2\/product"}],"about":[{"href":"https:\/\/lanxingco.com\/pt\/wp-json\/wp\/v2\/types\/product"}],"wp:featuredmedia":[{"embeddable":true,"href":"https:\/\/lanxingco.com\/pt\/wp-json\/wp\/v2\/media\/1681"}],"wp:attachment":[{"href":"https:\/\/lanxingco.com\/pt\/wp-json\/wp\/v2\/media?parent=75"}],"wp:term":[{"taxonomy":"product-category","embeddable":true,"href":"https:\/\/lanxingco.com\/pt\/wp-json\/wp\/v2\/product-category?post=75"}],"curies":[{"name":"wp","href":"https:\/\/api.w.org\/{rel}","templated":true}]}}