{"id":72,"date":"2024-06-17T01:11:35","date_gmt":"2024-06-17T01:11:35","guid":{"rendered":"https:\/\/lanxing.easiwin.com\/?post_type=product&#038;p=72"},"modified":"2024-07-15T08:45:43","modified_gmt":"2024-07-15T08:45:43","slug":"all-weather-elements","status":"publish","type":"product","link":"https:\/\/lanxingco.com\/pt\/product\/all-weather-elements\/","title":{"rendered":"Elementos para todas as condi\u00e7\u00f5es climat\u00e9ricas"},"content":{"rendered":"<h2 class=\"wp-block-heading\">Vis\u00e3o geral de todos os elementos clim\u00e1ticos<\/h2>\n\n\n\n<p>All Weather Elements \u00e9 um material especializado concebido para aplica\u00e7\u00f5es de marca\u00e7\u00e3o rodovi\u00e1ria, concebido para resistir a v\u00e1rias condi\u00e7\u00f5es climat\u00e9ricas e melhorar a visibilidade para os condutores. Foi formulado para manter um desempenho \u00f3timo mesmo em ambientes dif\u00edceis, quer sejam condi\u00e7\u00f5es secas, h\u00famidas ou chuvosas.<\/p>\n\n\n\n<h2 class=\"wp-block-heading\">Especifica\u00e7\u00f5es e dados t\u00e9cnicos<\/h2>\n\n\n\n<figure class=\"wp-block-table\"><table><thead><tr><th><strong>Parameter<\/strong><\/th><th><strong>Detalhes<\/strong><\/th><\/tr><\/thead><tbody><tr><td><strong>Composi\u00e7\u00e3o<\/strong><\/td><td>elemento cer\u00e2mico com vidro \u00f3tico<\/td><\/tr><tr><td><strong>Apar\u00eancia<\/strong><\/td><td>elemento cer\u00e2mico<\/td><\/tr><tr><td><strong>Forma<\/strong><\/td><td>Esf\u00e9rico<\/td><\/tr><tr><td><strong>\u00cdndice de refra\u00e7\u00e3o<\/strong><\/td><td>1.9 &#8211; 2.4<\/td><\/tr><tr><td><strong>Gama de tamanhos<\/strong><\/td><td>600 &#8211; 1700 microns<\/td><\/tr><tr><td><strong>Arredondamento<\/strong><\/td><td>\u226590<\/td><\/tr><tr><td><strong>Cor dispon\u00edvel<\/strong><\/td><td>Branco, amarelo, vermelho, verde, azul<\/td><\/tr><tr><td><strong>Normas<\/strong><\/td><td>Exceder as v\u00e1rias normas internacionais, garantindo uma elevada qualidade e desempenho<\/td><\/tr><\/tbody><\/table><\/figure>\n\n\n\n<h2 class=\"wp-block-heading\">Aplica\u00e7\u00f5es de todos os elementos clim\u00e1ticos<\/h2>\n\n\n\n<p><\/p>\n\n\n\n<h3 class=\"wp-block-heading\">Marca\u00e7\u00f5es rodovi\u00e1rias<\/h3>\n\n\n\n<ul class=\"wp-block-list\">\n<li><strong>Marca\u00e7\u00e3o das faixas de rodagem<\/strong>: Aumenta a visibilidade dos separadores de faixas de rodagem e das vias de tr\u00e2nsito.<\/li>\n\n\n\n<li><strong>Auto-estradas<\/strong>: Fornece orienta\u00e7\u00f5es claras e medidas de seguran\u00e7a para o tr\u00e1fego de alta velocidade.<\/li>\n\n\n\n<li><strong>Pista do aeroporto:<\/strong> assegurar uma visibilidade e orienta\u00e7\u00e3o claras durante a descolagem e a aterragem do avi\u00e3o.<\/li>\n\n\n\n<li><strong>Zonas industriais<\/strong>: Marca\u00e7\u00f5es para armaz\u00e9ns, f\u00e1bricas e cais de carga onde a visibilidade \u00e9 crucial para a seguran\u00e7a e efici\u00eancia.<\/li>\n<\/ul>\n\n\n\n<h2 class=\"wp-block-heading\">Perguntas mais frequentes<\/h2>\n\n\n\n<p><strong>Q: <strong>O que torna os All Weather Elements diferentes dos materiais de marca\u00e7\u00e3o rodovi\u00e1ria normais<\/strong>?<\/strong><br>R: O All Weather Element foi especificamente formulado para manter a visibilidade e a durabilidade numa vasta gama de condi\u00e7\u00f5es climat\u00e9ricas, seja em condi\u00e7\u00f5es secas, h\u00famidas ou de chuva.<\/p>\n\n\n\n<p><strong>Q: <strong>Os produtos All Weather Elements s\u00e3o mais caros?<\/strong>?<\/strong><br>R: Inicialmente, sim. No entanto, a sua durabilidade e os baixos custos de manuten\u00e7\u00e3o tornam-nos rent\u00e1veis ao longo do tempo.<\/p>\n\n\n\n<p><strong>Q: <strong>Posso utilizar os produtos All Weather Elements em <strong>climas frios<\/strong>?<\/strong><\/strong><br>R: Sim, foram concebidos para terem um bom desempenho em climas frios, resistindo a fissuras e descama\u00e7\u00e3o causadas por temperaturas negativas.<\/p>\n\n\n\n<p><strong>Q: <strong>A All Weather Elements cumpre as normas internacionais?<\/strong><\/strong><br>R: Sim, os produtos cumprem muitas normas internacionais.<\/p>","protected":false},"excerpt":{"rendered":"<p> Materiais concebidos para resistir a diversas condi\u00e7\u00f5es climat\u00e9ricas sem se degradarem, garantindo a durabilidade em aplica\u00e7\u00f5es no exterior, como a constru\u00e7\u00e3o e as infra-estruturas.<\/p>","protected":false},"featured_media":1675,"parent":0,"template":"","meta":{"_acf_changed":true,"_kad_blocks_custom_css":"","_kad_blocks_head_custom_js":"","_kad_blocks_body_custom_js":"","_kad_blocks_footer_custom_js":"","_kad_post_transparent":"","_kad_post_title":"","_kad_post_layout":"","_kad_post_sidebar_id":"","_kad_post_content_style":"","_kad_post_vertical_padding":"","_kad_post_feature":"","_kad_post_feature_position":"","_kad_post_header":false,"_kad_post_footer":false,"_kad_post_classname":""},"product-category":[2],"class_list":["post-72","product","type-product","status-publish","has-post-thumbnail","hentry","product-category-road-marking-glass-beads"],"acf":[],"taxonomy_info":{"product-category":[{"value":2,"label":"Road Marking Glass Beads"}]},"featured_image_src_large":["https:\/\/lanxingco.com\/wp-content\/uploads\/2024\/07\/All-Weather-element-white-1.jpg",700,700,false],"author_info":[],"comment_info":"","_links":{"self":[{"href":"https:\/\/lanxingco.com\/pt\/wp-json\/wp\/v2\/product\/72","targetHints":{"allow":["GET"]}}],"collection":[{"href":"https:\/\/lanxingco.com\/pt\/wp-json\/wp\/v2\/product"}],"about":[{"href":"https:\/\/lanxingco.com\/pt\/wp-json\/wp\/v2\/types\/product"}],"wp:featuredmedia":[{"embeddable":true,"href":"https:\/\/lanxingco.com\/pt\/wp-json\/wp\/v2\/media\/1675"}],"wp:attachment":[{"href":"https:\/\/lanxingco.com\/pt\/wp-json\/wp\/v2\/media?parent=72"}],"wp:term":[{"taxonomy":"product-category","embeddable":true,"href":"https:\/\/lanxingco.com\/pt\/wp-json\/wp\/v2\/product-category?post=72"}],"curies":[{"name":"wp","href":"https:\/\/api.w.org\/{rel}","templated":true}]}}