{"id":70,"date":"2024-06-17T01:09:21","date_gmt":"2024-06-17T01:09:21","guid":{"rendered":"https:\/\/lanxing.easiwin.com\/?post_type=product&#038;p=70"},"modified":"2024-07-15T08:48:44","modified_gmt":"2024-07-15T08:48:44","slug":"hr-glass-beads","status":"publish","type":"product","link":"https:\/\/lanxingco.com\/pt\/product\/hr-glass-beads\/","title":{"rendered":"Contas de vidro HR"},"content":{"rendered":"<h2 class=\"wp-block-heading\">Vis\u00e3o geral das p\u00e9rolas de vidro HR<\/h2>\n\n\n\n<p>As esferas de vidro HR s\u00e3o materiais avan\u00e7ados conhecidos pelas suas propriedades retrorreflectoras superiores, o que as torna altamente eficazes em v\u00e1rias aplica\u00e7\u00f5es. As esferas de vidro HR s\u00e3o fabricadas a partir de vidro \u00f3tico especial para satisfazer a procura crescente de materiais mais retrorreflectores. Estas p\u00e9rolas s\u00e3o meticulosamente concebidas para maximizar a sua capacidade de refletir a luz de forma eficiente, garantindo uma maior visibilidade e seguran\u00e7a em muitas condi\u00e7\u00f5es, especialmente em condi\u00e7\u00f5es nocturnas h\u00famidas. Concebidas com propriedades \u00f3pticas avan\u00e7adas, as esferas de vidro HR podem atingir mais de 600MCD\/lx\/m2 nas marca\u00e7\u00f5es rodovi\u00e1rias.<\/p>\n\n\n<style>.wp-block-kadence-advancedheading.kt-adv-heading70_8ca76b-59, .wp-block-kadence-advancedheading.kt-adv-heading70_8ca76b-59[data-kb-block=\"kb-adv-heading70_8ca76b-59\"]{font-style:normal;}.wp-block-kadence-advancedheading.kt-adv-heading70_8ca76b-59 mark.kt-highlight, .wp-block-kadence-advancedheading.kt-adv-heading70_8ca76b-59[data-kb-block=\"kb-adv-heading70_8ca76b-59\"] mark.kt-highlight{font-style:normal;color:#f76a0c;-webkit-box-decoration-break:clone;box-decoration-break:clone;padding-top:0px;padding-right:0px;padding-bottom:0px;padding-left:0px;}.wp-block-kadence-advancedheading.kt-adv-heading70_8ca76b-59 img.kb-inline-image, .wp-block-kadence-advancedheading.kt-adv-heading70_8ca76b-59[data-kb-block=\"kb-adv-heading70_8ca76b-59\"] img.kb-inline-image{width:150px;vertical-align:baseline;}<\/style>\n<h2 class=\"kt-adv-heading70_8ca76b-59 wp-block-kadence-advancedheading\" data-kb-block=\"kb-adv-heading70_8ca76b-59\"><strong>Especifica\u00e7\u00f5es<\/strong> e dados t\u00e9cnicos<\/h2>\n\n\n\n<figure class=\"wp-block-table\"><table><thead><tr><th><strong>Parameter<\/strong><\/th><th><strong>Detalhes<\/strong><\/th><\/tr><\/thead><tbody><tr><td><strong>Composi\u00e7\u00e3o<\/strong><\/td><td>Vidro \u00f3tico de alta qualidade<\/td><\/tr><tr><td><strong>Apar\u00eancia<\/strong><\/td><td>Transparente, incolor<\/td><\/tr><tr><td><strong>Forma<\/strong><\/td><td>Esf\u00e9rico<\/td><\/tr><tr><td><strong>\u00cdndice de refra\u00e7\u00e3o<\/strong><\/td><td>1.5 &#8211; 1.9<\/td><\/tr><tr><td><strong>Gama de tamanhos<\/strong><\/td><td>53 &#8211; 1180 microns<\/td><\/tr><tr><td><strong>Arredondamento<\/strong><\/td><td>\u226590<\/td><\/tr><tr><td><strong>Dureza<\/strong><\/td><td>6-7 Moh&#8217;s<\/td><\/tr><tr><td><strong>Tipos de revestimento<\/strong><\/td><td>Revestimento \u00e0 prova de humidade, Revestimento de flota\u00e7\u00e3o, Revestimento de ader\u00eancia<\/td><\/tr><tr><td><strong>M\u00e9todo de aplica\u00e7\u00e3o<\/strong><\/td><td>Misturado com a tinta ou pingado em cima da tinta de marca\u00e7\u00e3o de estradas<\/td><\/tr><tr><td><strong>Durabilidade<\/strong><\/td><td>Mant\u00e9m a refletividade durante 1 &#8211; 3 anos, dependendo da utiliza\u00e7\u00e3o<\/td><\/tr><tr><td><strong>Normas<\/strong><\/td><td>Exceder as v\u00e1rias normas internacionais, garantindo uma elevada qualidade e desempenho<\/td><\/tr><\/tbody><\/table><\/figure>\n\n\n\n<h2 class=\"wp-block-heading\">Aplica\u00e7\u00f5es das esferas de vidro HR<\/h2>\n\n\n\n<p><\/p>\n\n\n\n<h3 class=\"wp-block-heading\">Marca\u00e7\u00f5es rodovi\u00e1rias<\/h3>\n\n\n\n<ul class=\"wp-block-list\">\n<li><strong>Marca\u00e7\u00e3o das faixas de rodagem<\/strong>: Aumenta a visibilidade dos separadores de faixas de rodagem e das vias de tr\u00e2nsito.<\/li>\n\n\n\n<li><strong>Auto-estradas<\/strong>: Fornece orienta\u00e7\u00f5es claras e medidas de seguran\u00e7a para o tr\u00e1fego de alta velocidade.<\/li>\n\n\n\n<li><strong>Pista do aeroporto:<\/strong> assegurar uma visibilidade e orienta\u00e7\u00e3o claras durante a descolagem e a aterragem do avi\u00e3o.<\/li>\n<\/ul>\n\n\n\n<h3 class=\"wp-block-heading\">Sinais e sinais de tr\u00e2nsito<\/h3>\n\n\n\n<ul class=\"wp-block-list\">\n<li><strong>Sinais de tr\u00e2nsito<\/strong>: Aumenta a visibilidade dos sinais regulamentares, de aviso e informativos.<\/li>\n\n\n\n<li><strong>Sinais de tr\u00e2nsito<\/strong>: Melhora a visibilidade dos sinais de tr\u00e2nsito para uma navega\u00e7\u00e3o segura nos cruzamentos.<\/li>\n<\/ul>\n\n\n\n<h2 class=\"wp-block-heading\">Perguntas mais frequentes<\/h2>\n\n\n\n<p><strong>Q: <strong>De que s\u00e3o feitas as contas de vidro HR?<\/strong><\/strong><br>R: As p\u00e9rolas de vidro HR s\u00e3o fabricadas a partir de vidro \u00f3tico especial e moldadas em formas esf\u00e9ricas.<\/p>\n\n\n\n<p><strong>Q: <strong>Onde \u00e9 que as contas de vidro HR s\u00e3o normalmente utilizadas?<\/strong><\/strong><br>R: S\u00e3o utilizados em marca\u00e7\u00f5es rodovi\u00e1rias, pistas de aeroportos, parques de estacionamento e v\u00e1rias marca\u00e7\u00f5es de seguran\u00e7a industriais.<\/p>\n\n\n\n<p><strong>Q: <strong><strong>Em que tamanhos est\u00e3o dispon\u00edveis as contas de vidro HR?<\/strong><\/strong><\/strong><br>R: Os tamanhos variam normalmente entre 53 e 1180 microns, permitindo aplica\u00e7\u00f5es personalizadas.<\/p>\n\n\n\n<p><strong>Q: <strong>Que efeito podem obter as contas de vidro HR?<\/strong><\/strong><br>R: As esferas de vidro HR podem atingir um valor de retrorreflectividade superior a 600MCD.<\/p>\n\n\n\n<p><strong>Q: <strong><strong>Que normas cumprem as contas de vidro HR<\/strong>?<\/strong><\/strong><br>R: Cumprem ou excedem as normas internacionais, como a EN 1423, a AASHTO M247 e muitas outras normas.<\/p>","protected":false},"excerpt":{"rendered":"<p>As esferas de vidro HR s\u00e3o part\u00edculas altamente reflectoras utilizadas em tintas para marca\u00e7\u00e3o de estradas para uma visibilidade superior. Reflectem eficazmente a luz de volta para a sua fonte, aumentando a seguran\u00e7a rodovi\u00e1ria ao tornar as marca\u00e7\u00f5es altamente vis\u00edveis em diferentes condi\u00e7\u00f5es de ilumina\u00e7\u00e3o.<\/p>","protected":false},"featured_media":1688,"parent":0,"template":"","meta":{"_acf_changed":false,"_kad_blocks_custom_css":"","_kad_blocks_head_custom_js":"","_kad_blocks_body_custom_js":"","_kad_blocks_footer_custom_js":"","_kad_post_transparent":"","_kad_post_title":"","_kad_post_layout":"","_kad_post_sidebar_id":"","_kad_post_content_style":"","_kad_post_vertical_padding":"","_kad_post_feature":"","_kad_post_feature_position":"","_kad_post_header":false,"_kad_post_footer":false,"_kad_post_classname":""},"product-category":[2],"class_list":["post-70","product","type-product","status-publish","has-post-thumbnail","hentry","product-category-road-marking-glass-beads"],"acf":[],"taxonomy_info":{"product-category":[{"value":2,"label":"Road Marking Glass Beads"}]},"featured_image_src_large":["https:\/\/lanxingco.com\/wp-content\/uploads\/2024\/07\/HR-glass-beads.jpg",700,700,false],"author_info":[],"comment_info":"","_links":{"self":[{"href":"https:\/\/lanxingco.com\/pt\/wp-json\/wp\/v2\/product\/70","targetHints":{"allow":["GET"]}}],"collection":[{"href":"https:\/\/lanxingco.com\/pt\/wp-json\/wp\/v2\/product"}],"about":[{"href":"https:\/\/lanxingco.com\/pt\/wp-json\/wp\/v2\/types\/product"}],"wp:featuredmedia":[{"embeddable":true,"href":"https:\/\/lanxingco.com\/pt\/wp-json\/wp\/v2\/media\/1688"}],"wp:attachment":[{"href":"https:\/\/lanxingco.com\/pt\/wp-json\/wp\/v2\/media?parent=70"}],"wp:term":[{"taxonomy":"product-category","embeddable":true,"href":"https:\/\/lanxingco.com\/pt\/wp-json\/wp\/v2\/product-category?post=70"}],"curies":[{"name":"wp","href":"https:\/\/api.w.org\/{rel}","templated":true}]}}