{"id":99,"date":"2024-06-17T01:56:26","date_gmt":"2024-06-17T01:56:26","guid":{"rendered":"https:\/\/lanxing.easiwin.com\/?post_type=product&#038;p=99"},"modified":"2024-07-15T08:50:24","modified_gmt":"2024-07-15T08:50:24","slug":"road-marking-paint","status":"publish","type":"product","link":"https:\/\/lanxingco.com\/fr\/product\/road-marking-paint\/","title":{"rendered":"Peinture de marquage routier"},"content":{"rendered":"<h2 class=\"wp-block-heading\">Vue d'ensemble de la peinture de marquage routier<\/h2>\n\n\n\n<p>La peinture de marquage routier est sp\u00e9cifiquement formul\u00e9e pour fournir des marquages clairs et durables sur les routes, les autoroutes, les parkings et autres surfaces. Elle am\u00e9liore la visibilit\u00e9 pour les conducteurs, les pi\u00e9tons et les cyclistes, am\u00e9liorant ainsi la s\u00e9curit\u00e9 et l'efficacit\u00e9 de la circulation. La peinture doit respecter des normes strictes de durabilit\u00e9 et de r\u00e9flectivit\u00e9 pour r\u00e9sister aux conditions m\u00e9t\u00e9orologiques difficiles et au trafic intense. La peinture de marquage routier joue un r\u00f4le crucial dans la s\u00e9curit\u00e9 et l'organisation des routes et autoroutes du monde entier. <\/p>\n\n\n\n<h2 class=\"wp-block-heading\">Sp\u00e9cifications et donn\u00e9es techniques<\/h2>\n\n\n\n<figure class=\"wp-block-table\"><table><thead><tr><th><strong>Param\u00e8tres<\/strong><\/th><th><strong>D\u00e9tails<\/strong><\/th><\/tr><\/thead><tbody><tr><td><strong>Composition chimique<\/strong><\/td><td>R\u00e9sines acryliques, \u00e9poxy ou thermoplastiques<\/td><\/tr><tr><td><strong>M\u00e9thode d'application<\/strong><\/td><td>Application par pulv\u00e9risation, extrusion ou \u00e0 la main<\/td><\/tr><tr><td><strong>Temps de s\u00e9chage<\/strong><\/td><td>G\u00e9n\u00e9ralement 5 &amp;#8211 ; 10 minutes<\/td><\/tr><tr><td><strong>Options de couleur<\/strong><\/td><td>Blanc, jaune, rouge, bleu, vert<\/td><\/tr><tr><td><strong>Durabilit\u00e9<\/strong><\/td><td>R\u00e9flectivit\u00e9 et conservation des couleurs pendant 6 mois \u00e0 3 ans<\/td><\/tr><tr><td><strong>\u00c9paisseur<\/strong><\/td><td>300 &amp;#8211 ; 600 microns (selon la m\u00e9thode d'application)<\/td><\/tr><tr><td><strong>R\u00e9sistance au d\u00e9rapage<\/strong><\/td><td>Conforme aux normes ASTM ou \u00e9quivalentes<\/td><\/tr><tr><td><strong>Impact sur l'environnement<\/strong><\/td><td>Faible teneur en COV, formulations respectueuses de l'environnement<\/td><\/tr><tr><td><strong>Normes<\/strong><\/td><td>EN 1871, BS 3262, AASHTO M249, etc.<\/td><\/tr><\/tbody><\/table><\/figure>\n\n\n\n<h2 class=\"wp-block-heading\">Avantages de la peinture de marquage routier<\/h2>\n\n\n\n<p>La peinture de marquage routier offre de nombreux avantages qui contribuent \u00e0 am\u00e9liorer la s\u00e9curit\u00e9 et l'efficacit\u00e9 des routes :<\/p>\n\n\n\n<h3 class=\"wp-block-heading\">Avantages<\/h3>\n\n\n\n<p><strong>1. Am\u00e9lioration de la visibilit\u00e9<\/strong>:<br>Des marquages clairs dans des couleurs vives am\u00e9liorent la visibilit\u00e9, en particulier dans des conditions de faible luminosit\u00e9 ou par mauvais temps.<\/p>\n\n\n\n<p><strong>2. Organisation du trafic<\/strong>:<br>Favorise la fluidit\u00e9 du trafic et r\u00e9duit la probabilit\u00e9 d'accidents et d'encombrements.<\/p>\n\n\n\n<p><strong>3. Durabilit\u00e9<\/strong>:<br>R\u00e9siste \u00e0 la d\u00e9coloration et maintient la r\u00e9flectivit\u00e9 sur de longues p\u00e9riodes, r\u00e9duisant ainsi la fr\u00e9quence d'entretien.<\/p>\n\n\n\n<p><strong>4. S\u00e9chage rapide<\/strong>:<br>Les formulations \u00e0 s\u00e9chage rapide minimisent la perturbation du trafic pendant l'application.<\/p>\n\n\n\n<p><strong>5. Respect de l'environnement<\/strong>:<br>Les options \u00e0 faible teneur en COV et respectueuses de l'environnement r\u00e9duisent l'impact \u00e9cologique.<\/p>\n\n\n\n<h2 class=\"wp-block-heading\">Caract\u00e9ristiques de la peinture de marquage routier<\/h2>\n\n\n\n<p>Les peintures de marquage routier se distinguent par leurs caract\u00e9ristiques qui r\u00e9pondent \u00e0 des besoins sp\u00e9cifiques en mati\u00e8re de marquage routier :<\/p>\n\n\n\n<ul class=\"wp-block-list\">\n<li><strong>Haute r\u00e9flectivit\u00e9<\/strong>: Assure la visibilit\u00e9 de nuit ou par mauvais temps.<\/li>\n\n\n\n<li><strong>R\u00e9sistance \u00e0 l'abrasion<\/strong>: R\u00e9siste \u00e0 l'usure due \u00e0 la circulation des v\u00e9hicules et aux intemp\u00e9ries.<\/li>\n\n\n\n<li><strong>R\u00e9sistance chimique<\/strong>: Maintient la couleur et l'adh\u00e9rence en cas d'exposition aux sels de voirie et aux produits chimiques de nettoyage.<\/li>\n\n\n\n<li><strong>Polyvalence des applications<\/strong>: Convient \u00e0 divers rev\u00eatements routiers, y compris l'asphalte et le b\u00e9ton.<\/li>\n\n\n\n<li><strong>Conformit\u00e9<\/strong>: R\u00e9pond aux normes r\u00e9gionales et internationales en mati\u00e8re de s\u00e9curit\u00e9 et de performance.<\/li>\n<\/ul>\n\n\n\n<h2 class=\"wp-block-heading\">Applications de la peinture de marquage routier<\/h2>\n\n\n\n<p><\/p>\n\n\n\n<h3 class=\"wp-block-heading\">Applications industrielles<\/h3>\n\n\n\n<ul class=\"wp-block-list\">\n<li><strong>Routes et autoroutes<\/strong>: Marquage des voies, fl\u00e8ches et symboles pour le guidage.<\/li>\n\n\n\n<li><strong>Aires de stationnement<\/strong>: D\u00e9limitation de l'espace et gestion des flux de trafic.<\/li>\n\n\n\n<li><strong>A\u00e9roports<\/strong>: Marquage des pistes et voies de circulation pour la navigation des a\u00e9ronefs.<\/li>\n\n\n\n<li><strong>Zones urbaines<\/strong>: Passages pi\u00e9tons, pistes cyclables et voies de bus pour la mobilit\u00e9 urbaine.<\/li>\n<\/ul>\n\n\n\n<h3 class=\"wp-block-heading\">Applications de s\u00e9curit\u00e9<\/h3>\n\n\n\n<ul class=\"wp-block-list\">\n<li><strong>Zones scolaires<\/strong>: Des passages pour pi\u00e9tons et des marquages de limitation de vitesse pour am\u00e9liorer la s\u00e9curit\u00e9 des enfants.<\/li>\n\n\n\n<li><strong>Zones de construction<\/strong>: Marquage temporaire pour rediriger le trafic et assurer la s\u00e9curit\u00e9 des travailleurs.<\/li>\n<\/ul>\n\n\n\n<h2 class=\"wp-block-heading\">Questions fr\u00e9quemment pos\u00e9es<\/h2>\n\n\n\n<p><strong>Quelle est la dur\u00e9e de vie de votre peinture de marquage routier ?<\/strong><br>La dur\u00e9e de vie varie en fonction du volume de trafic et des conditions m\u00e9t\u00e9orologiques, mais elle est g\u00e9n\u00e9ralement comprise entre 6 mois et 3 ans.<\/p>\n\n\n\n<p><strong>\u00c0 quelle fr\u00e9quence les marquages routiers doivent-ils \u00eatre repeints ?<\/strong><br>Les programmes d'entretien courant recommandent de repeindre tous les 1 \u00e0 2 ans pour garantir une visibilit\u00e9 et une s\u00e9curit\u00e9 optimales.<\/p>\n\n\n\n<p><strong>La peinture de marquage routier peut-elle \u00eatre appliqu\u00e9e par temps froid ?<\/strong><br>Oui, certaines formulations permettent une application \u00e0 des temp\u00e9ratures plus froides, bien que les temps de s\u00e9chage puissent \u00eatre plus longs.<\/p>","protected":false},"excerpt":{"rendered":"<p>Peinture sp\u00e9cialis\u00e9e pour le marquage des voies de circulation et des symboles sur les routes. Elle comprend des billes de verre r\u00e9fl\u00e9chissantes pour une meilleure visibilit\u00e9, am\u00e9liorant ainsi la s\u00e9curit\u00e9 des conducteurs et des pi\u00e9tons.<\/p>","protected":false},"featured_media":1696,"parent":0,"template":"","meta":{"_acf_changed":true,"_kad_blocks_custom_css":"","_kad_blocks_head_custom_js":"","_kad_blocks_body_custom_js":"","_kad_blocks_footer_custom_js":"","_kad_post_transparent":"","_kad_post_title":"","_kad_post_layout":"","_kad_post_sidebar_id":"","_kad_post_content_style":"","_kad_post_vertical_padding":"","_kad_post_feature":"","_kad_post_feature_position":"","_kad_post_header":false,"_kad_post_footer":false,"_kad_post_classname":""},"product-category":[6],"class_list":["post-99","product","type-product","status-publish","has-post-thumbnail","hentry","product-category-other-materials"],"acf":[],"taxonomy_info":{"product-category":[{"value":6,"label":"Other Materials"}]},"featured_image_src_large":["https:\/\/lanxingco.com\/wp-content\/uploads\/2024\/07\/road-marking-paint.jpg",700,700,false],"author_info":[],"comment_info":"","_links":{"self":[{"href":"https:\/\/lanxingco.com\/fr\/wp-json\/wp\/v2\/product\/99","targetHints":{"allow":["GET"]}}],"collection":[{"href":"https:\/\/lanxingco.com\/fr\/wp-json\/wp\/v2\/product"}],"about":[{"href":"https:\/\/lanxingco.com\/fr\/wp-json\/wp\/v2\/types\/product"}],"wp:featuredmedia":[{"embeddable":true,"href":"https:\/\/lanxingco.com\/fr\/wp-json\/wp\/v2\/media\/1696"}],"wp:attachment":[{"href":"https:\/\/lanxingco.com\/fr\/wp-json\/wp\/v2\/media?parent=99"}],"wp:term":[{"taxonomy":"product-category","embeddable":true,"href":"https:\/\/lanxingco.com\/fr\/wp-json\/wp\/v2\/product-category?post=99"}],"curies":[{"name":"wp","href":"https:\/\/api.w.org\/{rel}","templated":true}]}}