{"id":97,"date":"2024-06-17T01:53:31","date_gmt":"2024-06-17T01:53:31","guid":{"rendered":"https:\/\/lanxing.easiwin.com\/?post_type=product&#038;p=97"},"modified":"2024-07-15T08:50:58","modified_gmt":"2024-07-15T08:50:58","slug":"polyethylene-wax","status":"publish","type":"product","link":"https:\/\/lanxingco.com\/fr\/product\/polyethylene-wax\/","title":{"rendered":"Cire de poly\u00e9thyl\u00e8ne"},"content":{"rendered":"<h2 class=\"wp-block-heading\">Aper\u00e7u de la cire de poly\u00e9thyl\u00e8ne<\/h2>\n\n\n\n<p>La cire de poly\u00e9thyl\u00e8ne (cire PE) est une cire synth\u00e9tique polyvalente d\u00e9riv\u00e9e de la polym\u00e9risation de l'\u00e9thyl\u00e8ne. Elle trouve une application \u00e9tendue dans diverses industries en raison de ses propri\u00e9t\u00e9s chimiques uniques et de ses caract\u00e9ristiques de performance. Elle est couramment utilis\u00e9e dans l'industrie du marquage routier.<\/p>\n\n\n\n<h2 class=\"wp-block-heading\">Sp\u00e9cifications et donn\u00e9es techniques<\/h2>\n\n\n\n<figure class=\"wp-block-table\"><table><thead><tr><th><strong>Param\u00e8tres<\/strong><\/th><th><strong>D\u00e9tails<\/strong><\/th><\/tr><\/thead><tbody><tr><td><strong>Poids mol\u00e9culaire<\/strong><\/td><td>G\u00e9n\u00e9ralement 400 &amp;#8211 ; 3000 g\/mol<\/td><\/tr><tr><td><strong>Apparence<\/strong><\/td><td>White pellet<\/td><\/tr><tr><td><strong>Point d'adoucissement<\/strong><\/td><td>95\u00b0C &amp;#8211 ; 100\u00b0C<\/td><\/tr><tr><td><strong>Densit\u00e9<\/strong><\/td><td>0,92 &amp;#8211 ; 0,95 g\/cm\u00b3<\/td><\/tr><tr><td><strong>Viscosit\u00e9<\/strong><\/td><td>5-10<\/td><\/tr><tr><td><strong>Duret\u00e9<\/strong><\/td><td>Doux \u00e0 mi-dur<\/td><\/tr><tr><td><strong>Compatibilit\u00e9<\/strong><\/td><td>Compatible avec divers polym\u00e8res et additifs<\/td><\/tr><tr><td><strong>Applications<\/strong><\/td><td>Rev\u00eatements, adh\u00e9sifs, m\u00e9langes ma\u00eetres, traitement du PVC<\/td><\/tr><tr><td><strong>Normes<\/strong><\/td><td>R\u00e9pond \u00e0 de nombreuses normes industrielles internationales<\/td><\/tr><\/tbody><\/table><\/figure>\n\n\n\n<h2 class=\"wp-block-heading\">Avantages de la cire de poly\u00e9thyl\u00e8ne<\/h2>\n\n\n\n<p>La cire de poly\u00e9thyl\u00e8ne offre une multitude d'avantages dans diverses applications industrielles :<\/p>\n\n\n\n<h3 class=\"wp-block-heading\">Avantages<\/h3>\n\n\n\n<p><strong>1. Lubrification et aide \u00e0 la transformation<\/strong>:<br>Am\u00e9liore l'efficacit\u00e9 du traitement des plastiques, du caoutchouc et des rev\u00eatements en r\u00e9duisant le frottement et en am\u00e9liorant les caract\u00e9ristiques d'\u00e9coulement.<\/p>\n\n\n\n<p><strong>2. Protection de la surface<\/strong>:<br>Forme une barri\u00e8re protectrice contre l'humidit\u00e9, les produits chimiques et l'abrasion, am\u00e9liorant la durabilit\u00e9 et la long\u00e9vit\u00e9 des produits.<\/p>\n\n\n\n<p><strong>3. Brillance et finition de la surface<\/strong>:<br>Am\u00e9liore l'attrait esth\u00e9tique des rev\u00eatements et des produits de polissage en leur donnant une finition brillante.<\/p>\n\n\n\n<p><strong>4. Stabilit\u00e9 thermique<\/strong>:<br>Maintient les propri\u00e9t\u00e9s physiques \u00e0 des temp\u00e9ratures de traitement \u00e9lev\u00e9es, garantissant la stabilit\u00e9 au cours des processus de fabrication.<\/p>\n\n\n\n<p><strong>5. La polyvalence<\/strong>:<br>Compatible avec une large gamme de polym\u00e8res et d'additifs, il offre une grande souplesse de formulation et d'application.<\/p>\n\n\n\n<h2 class=\"wp-block-heading\">Caract\u00e9ristiques de la cire de poly\u00e9thyl\u00e8ne<\/h2>\n\n\n\n<p>La cire de poly\u00e9thyl\u00e8ne se caract\u00e9rise par des caract\u00e9ristiques uniques qui contribuent \u00e0 sa large utilisation dans les applications industrielles :<\/p>\n\n\n\n<ul class=\"wp-block-list\">\n<li><strong>Poids mol\u00e9culaire \u00e9lev\u00e9<\/strong>: Assure une duret\u00e9 et une durabilit\u00e9 excellentes aux produits finis.<\/li>\n\n\n\n<li><strong>Faible volatilit\u00e9<\/strong>: Assure une perte minimale au cours du traitement, am\u00e9liorant ainsi l'efficacit\u00e9 et la rentabilit\u00e9.<\/li>\n\n\n\n<li><strong>Non toxique et inodore<\/strong>: Convient aux applications n\u00e9cessitant un contact alimentaire ou aux environnements sensibles.<\/li>\n\n\n\n<li><strong>Taille uniforme des particules<\/strong>: Performances constantes dans diverses conditions de traitement.<\/li>\n\n\n\n<li><strong>Compatibilit\u00e9 environnementale<\/strong>: Biod\u00e9gradable et respectueux de l'environnement par rapport aux autres additifs.<\/li>\n<\/ul>\n\n\n\n<h2 class=\"wp-block-heading\">Applications de la cire de poly\u00e9thyl\u00e8ne<\/h2>\n\n\n\n<p><\/p>\n\n\n\n<h3 class=\"wp-block-heading\">Applications industrielles<\/h3>\n\n\n\n<ul class=\"wp-block-list\">\n<li><strong>Transformation des mati\u00e8res plastiques<\/strong>: Agit comme lubrifiant et agent de d\u00e9moulage dans le moulage par injection et l'extrusion.<\/li>\n\n\n\n<li><strong>Rev\u00eatements et encres<\/strong>: Am\u00e9liore la r\u00e9sistance aux rayures et la brillance de la surface des peintures et des encres d'imprimerie.<\/li>\n\n\n\n<li><strong>Adh\u00e9sifs<\/strong>: Am\u00e9liore l'adh\u00e9sivit\u00e9 et la force d'adh\u00e9rence des adh\u00e9sifs thermofusibles.<\/li>\n\n\n\n<li><strong>M\u00e9lange de caoutchouc<\/strong>: Facilite la dispersion des charges et am\u00e9liore le traitement des m\u00e9langes de caoutchouc.<\/li>\n<\/ul>\n\n\n\n<h3 class=\"wp-block-heading\">Applications pour les consommateurs<\/h3>\n\n\n\n<ul class=\"wp-block-list\">\n<li><strong>Cosm\u00e9tiques<\/strong>: Utilis\u00e9 dans les rouges \u00e0 l\u00e8vres et les produits de soin pour am\u00e9liorer la texture.<\/li>\n\n\n\n<li><strong>Bougies<\/strong>: Ajoute de la duret\u00e9 et de la brillance aux formulations de bougies.<\/li>\n\n\n\n<li><strong>Textiles<\/strong>: Am\u00e9liore la douceur des tissus et le traitement des fibres.<\/li>\n<\/ul>\n\n\n\n<h2 class=\"wp-block-heading\">Questions fr\u00e9quemment pos\u00e9es<\/h2>\n\n\n\n<p><strong>\u00c0 quoi sert la cire de poly\u00e9thyl\u00e8ne ?<\/strong><br>La cire de poly\u00e9thyl\u00e8ne est utilis\u00e9e comme auxiliaire de fabrication, lubrifiant et modificateur de surface dans diverses industries, notamment les plastiques, les rev\u00eatements, les adh\u00e9sifs et le caoutchouc.<\/p>\n\n\n\n<p><strong>La cire de poly\u00e9thyl\u00e8ne est-elle respectueuse de l'environnement ?<\/strong><br>Oui, la cire de poly\u00e9thyl\u00e8ne est biod\u00e9gradable et non toxique, ce qui la rend adapt\u00e9e aux applications n\u00e9cessitant une compatibilit\u00e9 environnementale.<\/p>\n\n\n\n<p><strong>Quels sont les avantages de l'utilisation de la cire PE dans la peinture de marquage routier ?<\/strong><br>La cire PE am\u00e9liore les performances de la peinture de marquage routier en augmentant sa r\u00e9sistance aux facteurs environnementaux tels que les rayons UV, la pluie et les produits chimiques. Elle am\u00e9liore \u00e9galement l'adh\u00e9rence de la peinture aux surfaces routi\u00e8res, r\u00e9duisant ainsi les craquelures et l'\u00e9caillage au fil du temps...<\/p>","protected":false},"excerpt":{"rendered":"<p>Cire synth\u00e9tique utilis\u00e9e comme lubrifiant, dispersant et auxiliaire de traitement dans les rev\u00eatements, les plastiques et les adh\u00e9sifs. Elle am\u00e9liore les propri\u00e9t\u00e9s de surface telles que la douceur, la r\u00e9sistance aux rayures et les caract\u00e9ristiques de d\u00e9moulage.<\/p>","protected":false},"featured_media":1695,"parent":0,"template":"","meta":{"_acf_changed":false,"_kad_blocks_custom_css":"","_kad_blocks_head_custom_js":"","_kad_blocks_body_custom_js":"","_kad_blocks_footer_custom_js":"","_kad_post_transparent":"","_kad_post_title":"","_kad_post_layout":"","_kad_post_sidebar_id":"","_kad_post_content_style":"","_kad_post_vertical_padding":"","_kad_post_feature":"","_kad_post_feature_position":"","_kad_post_header":false,"_kad_post_footer":false,"_kad_post_classname":""},"product-category":[6],"class_list":["post-97","product","type-product","status-publish","has-post-thumbnail","hentry","product-category-other-materials"],"acf":[],"taxonomy_info":{"product-category":[{"value":6,"label":"Other Materials"}]},"featured_image_src_large":["https:\/\/lanxingco.com\/wp-content\/uploads\/2024\/07\/Polyethylene-Wax.jpg",700,700,false],"author_info":[],"comment_info":"","_links":{"self":[{"href":"https:\/\/lanxingco.com\/fr\/wp-json\/wp\/v2\/product\/97","targetHints":{"allow":["GET"]}}],"collection":[{"href":"https:\/\/lanxingco.com\/fr\/wp-json\/wp\/v2\/product"}],"about":[{"href":"https:\/\/lanxingco.com\/fr\/wp-json\/wp\/v2\/types\/product"}],"wp:featuredmedia":[{"embeddable":true,"href":"https:\/\/lanxingco.com\/fr\/wp-json\/wp\/v2\/media\/1695"}],"wp:attachment":[{"href":"https:\/\/lanxingco.com\/fr\/wp-json\/wp\/v2\/media?parent=97"}],"wp:term":[{"taxonomy":"product-category","embeddable":true,"href":"https:\/\/lanxingco.com\/fr\/wp-json\/wp\/v2\/product-category?post=97"}],"curies":[{"name":"wp","href":"https:\/\/api.w.org\/{rel}","templated":true}]}}