{"id":94,"date":"2024-06-17T01:51:12","date_gmt":"2024-06-17T01:51:12","guid":{"rendered":"https:\/\/lanxing.easiwin.com\/?post_type=product&#038;p=94"},"modified":"2024-07-15T08:45:54","modified_gmt":"2024-07-15T08:45:54","slug":"anti-skid-aggregates","status":"publish","type":"product","link":"https:\/\/lanxingco.com\/fr\/product\/anti-skid-aggregates\/","title":{"rendered":"Agr\u00e9gats antid\u00e9rapants"},"content":{"rendered":"<h2 class=\"wp-block-heading\">Aper\u00e7u des agr\u00e9gats antid\u00e9rapants<\/h2>\n\n\n\n<p>Les granulats antid\u00e9rapants, \u00e9galement appel\u00e9s granulats de friction ou mat\u00e9riaux antid\u00e9rapants, sont des substances ajout\u00e9es aux surfaces de marquage routier pour am\u00e9liorer la traction et r\u00e9duire le risque de glissade, en particulier dans des conditions humides ou glac\u00e9es. Nous proposons une vari\u00e9t\u00e9 de granulats antid\u00e9rapants, notamment des granulats c\u00e9ramiques et des granulats de sable de verre. En outre, nous pouvons m\u00e9langer des agr\u00e9gats avec nos billes de verre selon le ratio donn\u00e9 par le client, et fournir le m\u00e9lange pour r\u00e9pondre aux besoins de nos clients.<\/p>\n\n\n\n<h2 class=\"wp-block-heading\">Sp\u00e9cifications et donn\u00e9es techniques<\/h2>\n\n\n\n<figure class=\"wp-block-table\"><table><thead><tr><th><strong>Param\u00e8tres<\/strong><\/th><th><strong>D\u00e9tails<\/strong><\/th><\/tr><\/thead><tbody><tr><td><strong>Composition du mat\u00e9riau<\/strong><\/td><td>C\u00e9ramique \/ verre<\/td><\/tr><tr><td><strong>Forme<\/strong><\/td><td>Angulaire ou sub-angulaire<\/td><\/tr><tr><td><strong>Particle Size<\/strong><\/td><td>1 &amp;#8211 ; 2 mm, 2 &amp;#8211 ; 3 mm, 3 &amp;#8211 ; 4 mm (fourchettes courantes)<\/td><\/tr><tr><td><strong>Duret\u00e9 (Mohs)<\/strong><\/td><td>\u2265 7<\/td><\/tr><tr><td><strong>Texture de la surface<\/strong><\/td><td>Rugueux et anguleux<\/td><\/tr><tr><td><strong>Stabilit\u00e9 chimique<\/strong><\/td><td>R\u00e9sistant aux intemp\u00e9ries et aux produits chimiques<\/td><\/tr><tr><td><strong>Durabilit\u00e9<\/strong><\/td><td>Haute r\u00e9sistance \u00e0 l'abrasion<\/td><\/tr><tr><td><strong>Normes<\/strong><\/td><td>Conforme \u00e0 de nombreuses normes internationales.<\/td><\/tr><\/tbody><\/table><\/figure>\n\n\n\n<h2 class=\"wp-block-heading\">Avantages des granulats antid\u00e9rapants<\/h2>\n\n\n\n<p>Les granulats antid\u00e9rapants offrent des avantages significatifs en termes d'am\u00e9lioration de la s\u00e9curit\u00e9 et de la performance des routes :<\/p>\n\n\n\n<h3 class=\"wp-block-heading\">Avantages<\/h3>\n\n\n\n<p><strong>1. Am\u00e9lioration de la traction<\/strong>:<br>Am\u00e9liore la friction entre les pneus et les surfaces de la route, r\u00e9duisant ainsi le risque de d\u00e9rapage, en particulier sur le mouill\u00e9 ou le verglas.<\/p>\n\n\n\n<p><strong>2. Durabilit\u00e9 accrue<\/strong>:<br>Offre une r\u00e9sistance au d\u00e9rapage de longue dur\u00e9e, maintenant l'efficacit\u00e9 sur des p\u00e9riodes prolong\u00e9es.<\/p>\n\n\n\n<p><strong>3. Une solution rentable<\/strong>:<br>R\u00e9duit les co\u00fbts d'entretien en diminuant la fr\u00e9quence des travaux de rev\u00eatement et de r\u00e9paration.<\/p>\n\n\n\n<p><strong>4. Versatility<\/strong>:<br>Applicable \u00e0 diff\u00e9rents types de routes, y compris les autoroutes, les routes rurales et les rues urbaines.<\/p>\n\n\n\n<p><strong>5. Compatibilit\u00e9 environnementale<\/strong>:<br>La composition min\u00e9rale naturelle garantit un impact environnemental minimal par rapport aux alternatives synth\u00e9tiques.<\/p>\n\n\n\n<h2 class=\"wp-block-heading\">Caract\u00e9ristiques des granulats antid\u00e9rapants<\/h2>\n\n\n\n<p>Les granulats antid\u00e9rapants se caract\u00e9risent par des caract\u00e9ristiques uniques qui contribuent \u00e0 leur efficacit\u00e9 et \u00e0 leur fiabilit\u00e9 :<\/p>\n\n\n\n<ul class=\"wp-block-list\">\n<li><strong>Coefficient de friction \u00e9lev\u00e9<\/strong>: Offre une adh\u00e9rence sup\u00e9rieure sur les surfaces routi\u00e8res, garantissant ainsi la stabilit\u00e9 du v\u00e9hicule.<\/li>\n\n\n\n<li><strong>Distribution uniforme de la taille des particules<\/strong>: Performances constantes dans diff\u00e9rents sc\u00e9narios d'application.<\/li>\n\n\n\n<li><strong>R\u00e9sistance au polissage<\/strong>: Maintient une texture de surface rugueuse pour une r\u00e9sistance optimale au d\u00e9rapage.<\/li>\n\n\n\n<li><strong>Application facile<\/strong>: Compatible avec les m\u00e9thodes de rev\u00eatement routier standard, facilitant une int\u00e9gration sans faille.<\/li>\n<\/ul>\n\n\n\n<h2 class=\"wp-block-heading\">Applications des granulats antid\u00e9rapants<\/h2>\n\n\n\n<p><\/p>\n\n\n\n<h3 class=\"wp-block-heading\">Applications en mati\u00e8re de s\u00e9curit\u00e9 routi\u00e8re<\/h3>\n\n\n\n<ul class=\"wp-block-list\">\n<li><strong>Autoroutes<\/strong>: Am\u00e9liore la s\u00e9curit\u00e9 et r\u00e9duit les accidents en augmentant le frottement de la surface de la route.<\/li>\n\n\n\n<li><strong>Ponts et tunnels<\/strong>: Assure la traction sur les structures sur\u00e9lev\u00e9es sujettes \u00e0 l'accumulation d'humidit\u00e9.<\/li>\n\n\n\n<li><strong>A\u00e9roports<\/strong>: Fournit une r\u00e9sistance au d\u00e9rapage fiable pour les pistes d'atterrissage et les voies de circulation des avions.<\/li>\n\n\n\n<li><strong>Pistes cyclables<\/strong>: Am\u00e9liore la s\u00e9curit\u00e9 des cyclistes en emp\u00eachant le d\u00e9rapage sur les surfaces humides ou glissantes.<\/li>\n<\/ul>\n\n\n\n<h3 class=\"wp-block-heading\">Applications environnementales<\/h3>\n\n\n\n<ul class=\"wp-block-list\">\n<li><strong>Contr\u00f4le de l'\u00e9rosion<\/strong>: Att\u00e9nue l'\u00e9rosion du sol sur les pentes et les talus.<\/li>\n\n\n\n<li><strong>Am\u00e9nagement paysager<\/strong>: Ajoute une valeur esth\u00e9tique tout en am\u00e9liorant la s\u00e9curit\u00e9 dans les zones pi\u00e9tonnes.<\/li>\n<\/ul>\n\n\n\n<h2 class=\"wp-block-heading\">Questions fr\u00e9quemment pos\u00e9es<\/h2>\n\n\n\n<p><strong>Q : Quel type d'agr\u00e9gats antid\u00e9rapants proposez-vous ?<\/strong><br>R : Nos granulats antid\u00e9rapants comprennent des granulats c\u00e9ramiques et des sables de verre.<\/p>\n\n\n\n<p><strong>Q : Comment les granulats antid\u00e9rapants am\u00e9liorent-ils la s\u00e9curit\u00e9 routi\u00e8re ?<\/strong><br>R : Ils augmentent le frottement de la surface, r\u00e9duisant ainsi le risque de d\u00e9rapage des v\u00e9hicules, en particulier dans des conditions m\u00e9t\u00e9orologiques d\u00e9favorables.<\/p>\n\n\n\n<p><strong>Q : Pouvez-vous fournir un m\u00e9lange de billes de verre et d'agr\u00e9gats antid\u00e9rapants ?<\/strong><br>R : Oui, nous pouvons m\u00e9langer les billes de verre et les agr\u00e9gats antid\u00e9rapants pour vous.<\/p>","protected":false},"excerpt":{"rendered":"<p>Mat\u00e9riaux ajout\u00e9s aux surfaces telles que les routes pour am\u00e9liorer la traction et r\u00e9duire le d\u00e9rapage. Ils am\u00e9liorent la s\u00e9curit\u00e9 en augmentant l'adh\u00e9rence de la surface dans diff\u00e9rentes conditions m\u00e9t\u00e9orologiques.<\/p>","protected":false},"featured_media":1677,"parent":0,"template":"","meta":{"_acf_changed":false,"_kad_blocks_custom_css":"","_kad_blocks_head_custom_js":"","_kad_blocks_body_custom_js":"","_kad_blocks_footer_custom_js":"","_kad_post_transparent":"","_kad_post_title":"","_kad_post_layout":"","_kad_post_sidebar_id":"","_kad_post_content_style":"","_kad_post_vertical_padding":"","_kad_post_feature":"","_kad_post_feature_position":"","_kad_post_header":false,"_kad_post_footer":false,"_kad_post_classname":""},"product-category":[6],"class_list":["post-94","product","type-product","status-publish","has-post-thumbnail","hentry","product-category-other-materials"],"acf":[],"taxonomy_info":{"product-category":[{"value":6,"label":"Other Materials"}]},"featured_image_src_large":["https:\/\/lanxingco.com\/wp-content\/uploads\/2024\/07\/Anti-Skid-Aggregates-ceramic-1.jpg",700,700,false],"author_info":[],"comment_info":"","_links":{"self":[{"href":"https:\/\/lanxingco.com\/fr\/wp-json\/wp\/v2\/product\/94","targetHints":{"allow":["GET"]}}],"collection":[{"href":"https:\/\/lanxingco.com\/fr\/wp-json\/wp\/v2\/product"}],"about":[{"href":"https:\/\/lanxingco.com\/fr\/wp-json\/wp\/v2\/types\/product"}],"wp:featuredmedia":[{"embeddable":true,"href":"https:\/\/lanxingco.com\/fr\/wp-json\/wp\/v2\/media\/1677"}],"wp:attachment":[{"href":"https:\/\/lanxingco.com\/fr\/wp-json\/wp\/v2\/media?parent=94"}],"wp:term":[{"taxonomy":"product-category","embeddable":true,"href":"https:\/\/lanxingco.com\/fr\/wp-json\/wp\/v2\/product-category?post=94"}],"curies":[{"name":"wp","href":"https:\/\/api.w.org\/{rel}","templated":true}]}}