{"id":92,"date":"2024-06-17T01:48:19","date_gmt":"2024-06-17T01:48:19","guid":{"rendered":"https:\/\/lanxing.easiwin.com\/?post_type=product&#038;p=92"},"modified":"2024-07-15T08:48:35","modified_gmt":"2024-07-15T08:48:35","slug":"filler-glass-beads","status":"publish","type":"product","link":"https:\/\/lanxingco.com\/fr\/product\/filler-glass-beads\/","title":{"rendered":"Perles de verre de remplissage"},"content":{"rendered":"<h2 class=\"wp-block-heading\">Aper\u00e7u des perles de verre de remplissage<\/h2>\n\n\n\n<p>Les billes de verre de remplissage sont de petites particules sph\u00e9riques utilis\u00e9es dans de nombreuses applications industrielles et commerciales. La fonction premi\u00e8re des billes de verre de remplissage est d'am\u00e9liorer les propri\u00e9t\u00e9s des mat\u00e9riaux auxquels elles sont ajout\u00e9es, comme la viscosit\u00e9, la densit\u00e9 ou la conductivit\u00e9 thermique. Elles sont largement utilis\u00e9es dans des secteurs allant de la construction et de l'automobile \u00e0 l'\u00e9lectronique et aux soins de sant\u00e9. Les applications courantes comprennent les couvertures lest\u00e9es et les compos\u00e9s de calfeutrage.<\/p>\n\n\n\n<h2 class=\"wp-block-heading\">Sp\u00e9cifications et donn\u00e9es techniques<\/h2>\n\n\n\n<figure class=\"wp-block-table\"><table><thead><tr><th><strong>Param\u00e8tres<\/strong><\/th><th><strong>D\u00e9tails<\/strong><\/th><\/tr><\/thead><tbody><tr><td><strong>Composition<\/strong><\/td><td>Soda-lime<\/td><\/tr><tr><td><strong>Forme<\/strong><\/td><td>Sph\u00e9rique<\/td><\/tr><tr><td><strong>Tailles<\/strong><\/td><td>10-1000 microns<\/td><\/tr><tr><td><strong>Densit\u00e9<\/strong><\/td><td>2,4 &amp;#8211 ; 2,6 g\/cm\u00b3<\/td><\/tr><tr><td><strong>Duret\u00e9 (Mohs)<\/strong><\/td><td>6.0 &#8211; 7.0<\/td><\/tr><tr><td><strong>Rondeur<\/strong><\/td><td>\u2265 85%<\/td><\/tr><tr><td><strong>Stabilit\u00e9 chimique<\/strong><\/td><td>R\u00e9sistant aux acides et aux alcalis<\/td><\/tr><tr><td><strong>Plage de temp\u00e9rature<\/strong><\/td><td>Jusqu'\u00e0 600\u00b0C<\/td><\/tr><tr><td><strong>Normes<\/strong><\/td><td>R\u00e9pond \u00e0 de nombreuses normes industrielles internationales.<\/td><\/tr><\/tbody><\/table><\/figure>\n\n\n\n<h2 class=\"wp-block-heading\">Avantages des perles de verre de remplissage<\/h2>\n\n\n\n<p>Les billes de verre de remplissage offrent des avantages significatifs dans l'am\u00e9lioration de la performance des produits et de l'efficacit\u00e9 op\u00e9rationnelle :<\/p>\n\n\n\n<h3 class=\"wp-block-heading\">Avantages<\/h3>\n\n\n\n<p><strong>1. Contr\u00f4le de la densit\u00e9<\/strong>:<br>Ajuste la densit\u00e9 des mat\u00e9riaux composites et des rev\u00eatements, am\u00e9liorant ainsi la manipulation et l'application des mat\u00e9riaux.<\/p>\n\n\n\n<p><strong>2. Isolation thermique<\/strong>:<br>Assure l'isolation thermique des mat\u00e9riaux de construction et des composites, am\u00e9liorant ainsi l'efficacit\u00e9 \u00e9nerg\u00e9tique.<\/p>\n\n\n\n<p><strong>3. R\u00e9sistance \u00e0 l'abrasion<\/strong>:<br>Am\u00e9liore la r\u00e9sistance \u00e0 l'usure des rev\u00eatements et des plastiques, prolongeant ainsi la dur\u00e9e de vie des produits.<\/p>\n\n\n\n<p><strong>4. Inertie chimique<\/strong>:<br>R\u00e9sistant aux r\u00e9actions chimiques, il conserve sa stabilit\u00e9 dans les environnements corrosifs.<\/p>\n\n\n\n<p><strong>5. La polyvalence<\/strong>:<br>Applicable dans diverses industries, notamment la construction, l'automobile, l'a\u00e9rospatiale et l'\u00e9lectronique.<\/p>\n\n\n\n<h2 class=\"wp-block-heading\">Caract\u00e9ristiques des perles de verre de remplissage<\/h2>\n\n\n\n<p>Les billes de verre de remplissage se caract\u00e9risent par des caract\u00e9ristiques uniques qui contribuent \u00e0 leur performance et \u00e0 leur polyvalence :<\/p>\n\n\n\n<ul class=\"wp-block-list\">\n<li><strong>Distribution uniforme de la taille<\/strong>: Assurer la coh\u00e9rence des propri\u00e9t\u00e9s des mat\u00e9riaux et des performances des applications.<\/li>\n\n\n\n<li><strong>Haute r\u00e9sistance<\/strong>: Permet de renforcer les composites sans ajouter de poids significatif.<\/li>\n\n\n\n<li><strong>Clart\u00e9 optique<\/strong>: Maintient la transparence dans les applications n\u00e9cessitant des propri\u00e9t\u00e9s optiques.<\/li>\n\n\n\n<li><strong>Manipulation ais\u00e9e<\/strong>: Compatible avec divers processus de fabrication, ce qui facilite l'int\u00e9gration dans les syst\u00e8mes existants.<\/li>\n<\/ul>\n\n\n\n<h2 class=\"wp-block-heading\">Applications des billes de verre de remplissage<\/h2>\n\n\n\n<p><\/p>\n\n\n\n<h3 class=\"wp-block-heading\">Applications industrielles<\/h3>\n\n\n\n<ul class=\"wp-block-list\">\n<li><strong>La construction<\/strong>: Am\u00e9liore la r\u00e9sistance et la durabilit\u00e9 du b\u00e9ton dans les applications de haute performance.<\/li>\n\n\n\n<li><strong>Automobile<\/strong>: Am\u00e9liore l'all\u00e8gement et la r\u00e9sistance aux chocs des composants automobiles.<\/li>\n\n\n\n<li><strong>\u00c9lectronique<\/strong>: Assure la gestion thermique et l'isolation des appareils \u00e9lectroniques.<\/li>\n\n\n\n<li><strong>Rev\u00eatements<\/strong>: Am\u00e9liore la r\u00e9sistance \u00e0 l'abrasion et la durabilit\u00e9 des rev\u00eatements de protection.<\/li>\n<\/ul>\n\n\n\n<h3 class=\"wp-block-heading\">Applications pour les consommateurs<\/h3>\n\n\n\n<ul class=\"wp-block-list\">\n<li><strong>Couvertures lest\u00e9es<\/strong>: Une r\u00e9partition du poids r\u00e9confortante et th\u00e9rapeutique qui favorise la relaxation et un sommeil de meilleure qualit\u00e9...<\/li>\n\n\n\n<li><strong>Produits de calfeutrage<\/strong>: Am\u00e9liore la coh\u00e9sion du compos\u00e9, ce qui permet d'obtenir des propri\u00e9t\u00e9s d'\u00e9tanch\u00e9it\u00e9 sup\u00e9rieures pour les applications dans le domaine de la construction et de l'am\u00e9lioration de l'habitat.<\/li>\n\n\n\n<li><strong>Cosm\u00e9tiques<\/strong>: Agit comme une charge dans les cosm\u00e9tiques pour am\u00e9liorer la texture et la performance du produit.<\/li>\n\n\n\n<li><strong>Articles de sport<\/strong>: Am\u00e9liore la durabilit\u00e9 et les performances des \u00e9quipements sportifs.<\/li>\n<\/ul>\n\n\n\n<h2 class=\"wp-block-heading\">Questions fr\u00e9quemment pos\u00e9es<\/h2>\n\n\n\n<p><strong>Q : \u00c0 quoi servent les perles de verre de remplissage ?<\/strong><br>R : Les billes de verre de remplissage sont utilis\u00e9es comme additifs dans diverses industries pour am\u00e9liorer les performances des produits. Par exemple, pour les couvertures lest\u00e9es et les produits de calfeutrage.<\/p>\n\n\n\n<p><strong>Q : Quels sont les avantages de l'utilisation de billes de verre de remplissage ?<\/strong><br>R : Les billes de verre de remplissage pr\u00e9sentent plusieurs avantages, notamment une meilleure fluidit\u00e9 et dispersibilit\u00e9 dans les mat\u00e9riaux, une durabilit\u00e9 et une r\u00e9sistance accrues.<\/p>\n\n\n\n<p><strong>Q : Les perles de verre de remplissage sont-elles respectueuses de l'environnement ?<\/strong><br>R : Oui, ils sont inertes et non toxiques, ce qui les rend sans danger pour l'environnement par rapport \u00e0 d'autres additifs utilis\u00e9s dans les applications industrielles.<\/p>","protected":false},"excerpt":{"rendered":"<p>Petites billes de verre utilis\u00e9es comme charge dans les composites, les plastiques et les adh\u00e9sifs pour am\u00e9liorer la r\u00e9sistance, la stabilit\u00e9 thermique et la pr\u00e9cision dimensionnelle. Elles am\u00e9liorent les propri\u00e9t\u00e9s des mat\u00e9riaux tout en r\u00e9duisant le poids et le co\u00fbt.<\/p>","protected":false},"featured_media":1686,"parent":0,"template":"","meta":{"_acf_changed":false,"_kad_blocks_custom_css":"","_kad_blocks_head_custom_js":"","_kad_blocks_body_custom_js":"","_kad_blocks_footer_custom_js":"","_kad_post_transparent":"","_kad_post_title":"","_kad_post_layout":"","_kad_post_sidebar_id":"","_kad_post_content_style":"","_kad_post_vertical_padding":"","_kad_post_feature":"","_kad_post_feature_position":"","_kad_post_header":false,"_kad_post_footer":false,"_kad_post_classname":""},"product-category":[5],"class_list":["post-92","product","type-product","status-publish","has-post-thumbnail","hentry","product-category-industrial-glass-beads"],"acf":[],"taxonomy_info":{"product-category":[{"value":5,"label":"Industrial Glass Beads"}]},"featured_image_src_large":["https:\/\/lanxingco.com\/wp-content\/uploads\/2024\/07\/Filler-Glass-Beads-1-1024x576.jpg",1024,576,true],"author_info":[],"comment_info":"","_links":{"self":[{"href":"https:\/\/lanxingco.com\/fr\/wp-json\/wp\/v2\/product\/92","targetHints":{"allow":["GET"]}}],"collection":[{"href":"https:\/\/lanxingco.com\/fr\/wp-json\/wp\/v2\/product"}],"about":[{"href":"https:\/\/lanxingco.com\/fr\/wp-json\/wp\/v2\/types\/product"}],"wp:featuredmedia":[{"embeddable":true,"href":"https:\/\/lanxingco.com\/fr\/wp-json\/wp\/v2\/media\/1686"}],"wp:attachment":[{"href":"https:\/\/lanxingco.com\/fr\/wp-json\/wp\/v2\/media?parent=92"}],"wp:term":[{"taxonomy":"product-category","embeddable":true,"href":"https:\/\/lanxingco.com\/fr\/wp-json\/wp\/v2\/product-category?post=92"}],"curies":[{"name":"wp","href":"https:\/\/api.w.org\/{rel}","templated":true}]}}