{"id":89,"date":"2024-06-17T01:44:06","date_gmt":"2024-06-17T01:44:06","guid":{"rendered":"https:\/\/lanxing.easiwin.com\/?post_type=product&#038;p=89"},"modified":"2024-07-15T08:49:32","modified_gmt":"2024-07-15T08:49:32","slug":"oil-drilling-glass-beads","status":"publish","type":"product","link":"https:\/\/lanxingco.com\/fr\/product\/oil-drilling-glass-beads\/","title":{"rendered":"Perles de verre pour le forage p\u00e9trolier"},"content":{"rendered":"<h2 class=\"wp-block-heading\">Aper\u00e7u des billes de verre pour forage p\u00e9trolier<\/h2>\n\n\n\n<p>Les billes de verre pour le forage p\u00e9trolier jouent un r\u00f4le crucial dans l'industrie p\u00e9troli\u00e8re, notamment en am\u00e9liorant l'efficacit\u00e9 et la s\u00e9curit\u00e9 des op\u00e9rations de forage. Ces billes sp\u00e9cialis\u00e9es sont utilis\u00e9es comme additifs dans les fluides de forage pour contr\u00f4ler la perte de fluide, am\u00e9liorer la lubrification et att\u00e9nuer les dommages caus\u00e9s \u00e0 la formation pendant les processus d'extraction du p\u00e9trole et du gaz. <\/p>\n\n\n\n<h2 class=\"wp-block-heading\">Sp\u00e9cifications et donn\u00e9es techniques<\/h2>\n\n\n\n<figure class=\"wp-block-table\"><table><thead><tr><th><strong>Param\u00e8tres<\/strong><\/th><th><strong>D\u00e9tails<\/strong><\/th><\/tr><\/thead><tbody><tr><td><strong>Composition<\/strong><\/td><td>Verre sodocalcique<\/td><\/tr><tr><td><strong>Forme<\/strong><\/td><td>Sph\u00e9rique<\/td><\/tr><tr><td><strong>Tailles<\/strong><\/td><td>53-300 microns<\/td><\/tr><tr><td><strong>Densit\u00e9<\/strong><\/td><td>2,4 &amp;#8211 ; 2,6 g\/cm\u00b3<\/td><\/tr><tr><td><strong>Duret\u00e9 (Mohs)<\/strong><\/td><td>6.0 &#8211; 7.0<\/td><\/tr><tr><td><strong>Rondeur<\/strong><\/td><td>\u2265 85%<\/td><\/tr><tr><td><strong>Stabilit\u00e9 chimique<\/strong><\/td><td>Chimiquement inerte, r\u00e9sistant aux acides et aux alcalis<\/td><\/tr><tr><td><strong>Plage de temp\u00e9rature<\/strong><\/td><td>Jusqu'\u00e0 260\u00b0C (500\u00b0F)<\/td><\/tr><tr><td><strong>Normes<\/strong><\/td><td>API RP 13C<\/td><\/tr><\/tbody><\/table><\/figure>\n\n\n\n<h2 class=\"wp-block-heading\">Avantages des billes de verre pour forage p\u00e9trolier<\/h2>\n\n\n\n<p>Les billes de verre pour le forage p\u00e9trolier offrent des avantages significatifs en am\u00e9liorant la performance des fluides de forage et l'efficacit\u00e9 op\u00e9rationnelle globale :<\/p>\n\n\n\n<h3 class=\"wp-block-heading\">Avantages<\/h3>\n\n\n\n<p><strong>1. contr\u00f4le des pertes de fluide<\/strong>:<br>R\u00e9duit les pertes de fluide et stabilise les puits, am\u00e9liorant ainsi l'efficacit\u00e9 du forage.<\/p>\n\n\n\n<p><strong>2. Lubrication<\/strong>:<br>Am\u00e9liore le pouvoir lubrifiant des fluides de forage, r\u00e9duisant la friction et l'usure des \u00e9quipements.<\/p>\n\n\n\n<p><strong>3. Pr\u00e9vention des dommages \u00e0 la formation<\/strong>:<br>Minimise les dommages \u00e0 la formation en maintenant la stabilit\u00e9 et l'int\u00e9grit\u00e9 du puits de forage.<\/p>\n\n\n\n<p><strong>4. Stabilit\u00e9 de la temp\u00e9rature<\/strong>:<br>R\u00e9siste aux temp\u00e9ratures \u00e9lev\u00e9es rencontr\u00e9es dans les op\u00e9rations de forage profond.<\/p>\n\n\n\n<p><strong>5. S\u00e9curit\u00e9 environnementale<\/strong>:<br>Non toxique et respectueux de l'environnement par rapport \u00e0 d'autres additifs.<\/p>\n\n\n\n<h2 class=\"wp-block-heading\">Caract\u00e9ristiques des perles de verre pour forage p\u00e9trolier<\/h2>\n\n\n\n<p>Les billes de verre pour le forage p\u00e9trolier se caract\u00e9risent par des caract\u00e9ristiques uniques qui contribuent \u00e0 leur performance et \u00e0 leur fiabilit\u00e9 :<\/p>\n\n\n\n<ul class=\"wp-block-list\">\n<li><strong>Distribution uniforme de la taille<\/strong>: Assure une performance constante dans les fluides de forage.<\/li>\n\n\n\n<li><strong>Inertie chimique<\/strong>: R\u00e9sistant aux r\u00e9actions chimiques, il reste stable dans diverses compositions de fluides.<\/li>\n\n\n\n<li><strong>Haute r\u00e9sistance<\/strong>: R\u00e9siste \u00e0 la pression et aux forces de cisaillement dans les environnements de forage.<\/li>\n\n\n\n<li><strong>Faible densit\u00e9<\/strong>: Aide au contr\u00f4le de la flottabilit\u00e9 et \u00e0 l'ajustement de la densit\u00e9 des fluides.<\/li>\n\n\n\n<li><strong>Manipulation ais\u00e9e<\/strong>: Compatible avec divers syst\u00e8mes de fluides de forage, facile \u00e0 transporter et \u00e0 m\u00e9langer.<\/li>\n<\/ul>\n\n\n\n<h2 class=\"wp-block-heading\">Applications des billes de verre pour forage p\u00e9trolier<\/h2>\n\n\n\n<p><\/p>\n\n\n\n<h3 class=\"wp-block-heading\">Applications industrielles<\/h3>\n\n\n\n<ul class=\"wp-block-list\">\n<li><strong>Puits de p\u00e9trole onshore et offshore<\/strong>: Am\u00e9liore la performance des fluides de forage dans les r\u00e9servoirs conventionnels et non conventionnels.<\/li>\n\n\n\n<li><strong>Forage horizontal<\/strong>: Facilite le forage efficace dans des formations g\u00e9ologiques complexes.<\/li>\n\n\n\n<li><strong>Puits \u00e0 haute temp\u00e9rature<\/strong>: Maintient la stabilit\u00e9 et la lubrification \u00e0 des temp\u00e9ratures extr\u00eames.<\/li>\n<\/ul>\n\n\n\n<h3 class=\"wp-block-heading\">Applications environnementales<\/h3>\n\n\n\n<ul class=\"wp-block-list\">\n<li><strong>Puits g\u00e9othermiques<\/strong>: Am\u00e9liore la circulation des fluides et l'efficacit\u00e9 du transfert de chaleur.<\/li>\n\n\n\n<li><strong>Assainissement de l'environnement<\/strong>: Participe \u00e0 la surveillance des eaux souterraines et aux activit\u00e9s d'assainissement.<\/li>\n<\/ul>\n\n\n\n<h2 class=\"wp-block-heading\">Questions fr\u00e9quemment pos\u00e9es<\/h2>\n\n\n\n<p><strong>Q : A quoi servent les billes de verre pour le forage p\u00e9trolier ?<\/strong><br>R : Les billes de verre pour le forage p\u00e9trolier sont utilis\u00e9es comme additifs dans les fluides de forage pour contr\u00f4ler la perte de fluide, am\u00e9liorer la lubrification et pr\u00e9venir les dommages \u00e0 la formation pendant l'extraction du p\u00e9trole et du gaz.<\/p>\n\n\n\n<p><strong>Q : Quelles sont les tailles de particules disponibles pour les billes de verre de forage p\u00e9trolier ?<\/strong><br>A : Tailles fines : 45 &amp;#8211 ; 75 microns. Tailles moyennes : 75 &amp;#8211 ; 150 microns. Tailles grossi\u00e8res : 150 &amp;#8211 ; 300 microns.<\/p>\n\n\n\n<p><strong>Q : Les billes de verre pour forage p\u00e9trolier sont-elles respectueuses de l'environnement ?<\/strong><br>R : Oui, ils sont non toxiques et sans danger pour l'environnement par rapport \u00e0 d'autres additifs utilis\u00e9s dans les op\u00e9rations de forage.<\/p>\n\n\n\n<p><strong>Q : Comment les billes de verre pour forage p\u00e9trolier doivent-elles \u00eatre stock\u00e9es ?<\/strong><br>R : Les billes de verre pour forage p\u00e9trolier doivent \u00eatre conserv\u00e9es dans un endroit frais et sec, \u00e0 l'abri de la lumi\u00e8re directe du soleil et de l'humidit\u00e9. Un stockage ad\u00e9quat permet de pr\u00e9server leur efficacit\u00e9 et de prolonger leur dur\u00e9e de vie.<\/p>","protected":false},"excerpt":{"rendered":"<p>Billes sph\u00e9riques utilis\u00e9es dans les fluides de forage pour contr\u00f4ler les pertes de fluides et am\u00e9liorer la stabilit\u00e9 des puits pendant l'extraction du p\u00e9trole et du gaz. Elles r\u00e9sistent aux conditions de forage difficiles, ce qui garantit l'efficacit\u00e9 et la s\u00e9curit\u00e9 des op\u00e9rations.<\/p>","protected":false},"featured_media":1692,"parent":0,"template":"","meta":{"_acf_changed":false,"_kad_blocks_custom_css":"","_kad_blocks_head_custom_js":"","_kad_blocks_body_custom_js":"","_kad_blocks_footer_custom_js":"","_kad_post_transparent":"","_kad_post_title":"","_kad_post_layout":"","_kad_post_sidebar_id":"","_kad_post_content_style":"","_kad_post_vertical_padding":"","_kad_post_feature":"","_kad_post_feature_position":"","_kad_post_header":false,"_kad_post_footer":false,"_kad_post_classname":""},"product-category":[5],"class_list":["post-89","product","type-product","status-publish","has-post-thumbnail","hentry","product-category-industrial-glass-beads"],"acf":[],"taxonomy_info":{"product-category":[{"value":5,"label":"Industrial Glass Beads"}]},"featured_image_src_large":["https:\/\/lanxingco.com\/wp-content\/uploads\/2024\/07\/Oil-Drilling-Glass-Beads-1-1024x620.jpg",1024,620,true],"author_info":[],"comment_info":"","_links":{"self":[{"href":"https:\/\/lanxingco.com\/fr\/wp-json\/wp\/v2\/product\/89","targetHints":{"allow":["GET"]}}],"collection":[{"href":"https:\/\/lanxingco.com\/fr\/wp-json\/wp\/v2\/product"}],"about":[{"href":"https:\/\/lanxingco.com\/fr\/wp-json\/wp\/v2\/types\/product"}],"wp:featuredmedia":[{"embeddable":true,"href":"https:\/\/lanxingco.com\/fr\/wp-json\/wp\/v2\/media\/1692"}],"wp:attachment":[{"href":"https:\/\/lanxingco.com\/fr\/wp-json\/wp\/v2\/media?parent=89"}],"wp:term":[{"taxonomy":"product-category","embeddable":true,"href":"https:\/\/lanxingco.com\/fr\/wp-json\/wp\/v2\/product-category?post=89"}],"curies":[{"name":"wp","href":"https:\/\/api.w.org\/{rel}","templated":true}]}}