{"id":87,"date":"2024-06-17T01:41:23","date_gmt":"2024-06-17T01:41:23","guid":{"rendered":"https:\/\/lanxing.easiwin.com\/?post_type=product&#038;p=87"},"modified":"2024-07-15T08:50:44","modified_gmt":"2024-07-15T08:50:44","slug":"sand-blasting-glass-beads","status":"publish","type":"product","link":"https:\/\/lanxingco.com\/fr\/product\/sand-blasting-glass-beads\/","title":{"rendered":"Sablage de perles de verre"},"content":{"rendered":"<h2 class=\"wp-block-heading\">Vue d'ensemble du sablage des billes de verre<\/h2>\n\n\n\n<p>Les billes de verre de sablage sont des abrasifs essentiels utilis\u00e9s dans les applications de pr\u00e9paration de surface dans diverses industries. Elles offrent des avantages uniques en termes d'efficacit\u00e9, de r\u00e9utilisation et de respect de l'environnement par rapport aux abrasifs traditionnels tels que le sable de silice. <\/p>\n\n\n\n<p>Le sablage aux billes de verre consiste \u00e0 propulser de fines billes de verre \u00e0 haute pression pour nettoyer, polir ou \u00e9bavurer des surfaces sans endommager les mat\u00e9riaux sous-jacents. Cette m\u00e9thode est largement pr\u00e9f\u00e9r\u00e9e pour sa capacit\u00e9 \u00e0 obtenir des finitions lisses et un nettoyage pr\u00e9cis, ce qui la rend indispensable dans des secteurs tels que l'automobile, l'a\u00e9rospatiale, la construction et la m\u00e9tallurgie.<\/p>\n\n\n\n<h2 class=\"wp-block-heading\">Sp\u00e9cifications et donn\u00e9es techniques<\/h2>\n\n\n\n<figure class=\"wp-block-table\"><table><thead><tr><th><strong>Param\u00e8tres<\/strong><\/th><th><strong>D\u00e9tails<\/strong><\/th><\/tr><\/thead><tbody><tr><td><strong>Mat\u00e9riau<\/strong><\/td><td>Verre sodocalcique<\/td><\/tr><tr><td><strong>Apparence<\/strong><\/td><td>Transparent, incolore<\/td><\/tr><tr><td><strong>Forme<\/strong><\/td><td>Sph\u00e9rique<\/td><\/tr><tr><td><strong>Taille<\/strong> <strong>Range<\/strong><\/td><td>53-1180 microns<\/td><\/tr><tr><td><strong>Rondeur<\/strong><\/td><td>\u2265 80%<\/td><\/tr><tr><td><strong>Duret\u00e9 (Mohs)<\/strong><\/td><td>6.0 &#8211; 7.0<\/td><\/tr><tr><td><strong>Densit\u00e9<\/strong><\/td><td>2,4 &amp;#8211 ; 2,6 g\/cm\u00b3<\/td><\/tr><tr><td><strong>Composition chimique<\/strong><\/td><td>SiO\u2082 (70-75%), Na\u2082O (13-15%), CaO (8-10%), MgO (2-4%).<\/td><\/tr><tr><td><strong>Normes<\/strong><\/td><td>Selon de nombreuses normes internationales<\/td><\/tr><\/tbody><\/table><\/figure>\n\n\n\n<h2 class=\"wp-block-heading\">Avantages du sablage des perles de verre<\/h2>\n\n\n\n<h3 class=\"wp-block-heading\">Avantages<\/h3>\n\n\n\n<p><strong>1. Finition de la surface<\/strong>:<br>Produit des finitions lisses sans endommager le substrat, id\u00e9al pour les surfaces d\u00e9licates.<\/p>\n\n\n\n<p><strong>2. R\u00e9utilisation<\/strong>:<br>Les billes de verre peuvent \u00eatre recycl\u00e9es plusieurs fois, ce qui r\u00e9duit les co\u00fbts d'exploitation.<\/p>\n\n\n\n<p><strong>3. Respect de l'environnement<\/strong>:<br>Non toxiques et sans silice, ils minimisent les risques pour la sant\u00e9 et l'impact sur l'environnement.<\/p>\n\n\n\n<p><strong>4. Versatility<\/strong>:<br>Convient \u00e0 une large gamme de mat\u00e9riaux, y compris les m\u00e9taux, les plastiques, les composites et les c\u00e9ramiques.<\/p>\n\n\n\n<p><strong>5. Nettoyage de pr\u00e9cision<\/strong>:<br>Elimine efficacement les contaminants et les rev\u00eatements sans alt\u00e9rer les dimensions de la surface.<\/p>\n\n\n\n<h2 class=\"wp-block-heading\">Caract\u00e9ristiques des perles de verre pour sablage<\/h2>\n\n\n\n<ul class=\"wp-block-list\">\n<li><strong>Distribution uniforme de la taille<\/strong>: Garantit des r\u00e9sultats de sablage constants.<\/li>\n\n\n\n<li><strong>Inertie chimique<\/strong>: Ne r\u00e9agit pas avec les substrats ou les rev\u00eatements.<\/li>\n\n\n\n<li><strong>Faible production de poussi\u00e8res<\/strong>: Permet d'assainir l'environnement de travail.<\/li>\n\n\n\n<li><strong>Ventilation minimale<\/strong>: Conserve sa forme et son efficacit\u00e9 apr\u00e8s de multiples utilisations.<\/li>\n\n\n\n<li><strong>Haute visibilit\u00e9<\/strong>: Des billes de verre transparentes permettent aux op\u00e9rateurs de contr\u00f4ler la progression du sablage.<\/li>\n<\/ul>\n\n\n\n<h2 class=\"wp-block-heading\">Applications des billes de verre de sablage<\/h2>\n\n\n\n<p><\/p>\n\n\n\n<h3 class=\"wp-block-heading\">Applications industrielles<\/h3>\n\n\n\n<ul class=\"wp-block-list\">\n<li><strong>Automobile<\/strong>: Pr\u00e9paration de la surface pour le d\u00e9capage et l'\u00e9limination de la rouille.<\/li>\n\n\n\n<li><strong>A\u00e9rospatiale<\/strong>: \u00c9bavurage et finition des composants d'a\u00e9ronefs.<\/li>\n\n\n\n<li><strong>La construction<\/strong>: Nettoyage de surfaces architecturales et projets de restauration.<\/li>\n\n\n\n<li><strong>Travail des m\u00e9taux<\/strong>: Nettoyage et grenaillage pour am\u00e9liorer l'int\u00e9grit\u00e9 de la surface.<\/li>\n<\/ul>\n\n\n\n<h3 class=\"wp-block-heading\">Applications pour les consommateurs<\/h3>\n\n\n\n<ul class=\"wp-block-list\">\n<li><strong>Am\u00e9lioration de l'habitat<\/strong>: Remise en \u00e9tat de meubles et restauration d'antiquit\u00e9s.<\/li>\n\n\n\n<li><strong>Artisanat et loisirs<\/strong>: Gravure sur verre et traitements de surface d\u00e9coratifs.<\/li>\n<\/ul>\n\n\n\n<h2 class=\"wp-block-heading\">Questions fr\u00e9quemment pos\u00e9es<\/h2>\n\n\n\n<p><strong>A quoi servent les billes de verre de sablage ?<\/strong><br>Les billes de verre de sablage sont utilis\u00e9es pour nettoyer, \u00e9bavurer et finir les surfaces sans endommager le mat\u00e9riau sous-jacent.<\/p>\n\n\n\n<p><strong>Les billes de verre de sablage sont-elles r\u00e9utilisables ?<\/strong><br>Oui, les billes de verre peuvent \u00eatre r\u00e9utilis\u00e9es plusieurs fois, ce qui r\u00e9duit les co\u00fbts d'exploitation.<\/p>\n\n\n\n<p><strong>Le sablage de billes de verre est-il respectueux de l'environnement ?<\/strong><br>Oui, ils sont non toxiques et sans silice, ce qui minimise les risques pour la sant\u00e9 et l'impact sur l'environnement par rapport au sable de silice.<\/p>\n\n\n\n<p><strong>Quelles sont les tailles de particules disponibles pour vos billes de verre de sablage ?<\/strong><br>850-600um, 600-425um, 425-300um, 300-150um, 150-75um, etc.<\/p>","protected":false},"excerpt":{"rendered":"<p>Billes de verre utilis\u00e9es dans le sablage pour le nettoyage et la finition des surfaces sans les endommager. Elles \u00e9liminent efficacement la rouille, la peinture et les contaminants tout en pr\u00e9servant l'int\u00e9grit\u00e9 de la surface.<\/p>","protected":false},"featured_media":1698,"parent":0,"template":"","meta":{"_acf_changed":false,"_kad_blocks_custom_css":"","_kad_blocks_head_custom_js":"","_kad_blocks_body_custom_js":"","_kad_blocks_footer_custom_js":"","_kad_post_transparent":"","_kad_post_title":"","_kad_post_layout":"","_kad_post_sidebar_id":"","_kad_post_content_style":"","_kad_post_vertical_padding":"","_kad_post_feature":"","_kad_post_feature_position":"","_kad_post_header":false,"_kad_post_footer":false,"_kad_post_classname":""},"product-category":[5],"class_list":["post-87","product","type-product","status-publish","has-post-thumbnail","hentry","product-category-industrial-glass-beads"],"acf":[],"taxonomy_info":{"product-category":[{"value":5,"label":"Industrial Glass Beads"}]},"featured_image_src_large":["https:\/\/lanxingco.com\/wp-content\/uploads\/2024\/07\/Sand-Blasting-Glass-Beads-1.jpg",833,700,false],"author_info":[],"comment_info":"","_links":{"self":[{"href":"https:\/\/lanxingco.com\/fr\/wp-json\/wp\/v2\/product\/87","targetHints":{"allow":["GET"]}}],"collection":[{"href":"https:\/\/lanxingco.com\/fr\/wp-json\/wp\/v2\/product"}],"about":[{"href":"https:\/\/lanxingco.com\/fr\/wp-json\/wp\/v2\/types\/product"}],"wp:featuredmedia":[{"embeddable":true,"href":"https:\/\/lanxingco.com\/fr\/wp-json\/wp\/v2\/media\/1698"}],"wp:attachment":[{"href":"https:\/\/lanxingco.com\/fr\/wp-json\/wp\/v2\/media?parent=87"}],"wp:term":[{"taxonomy":"product-category","embeddable":true,"href":"https:\/\/lanxingco.com\/fr\/wp-json\/wp\/v2\/product-category?post=87"}],"curies":[{"name":"wp","href":"https:\/\/api.w.org\/{rel}","templated":true}]}}