{"id":81,"date":"2024-06-17T01:34:37","date_gmt":"2024-06-17T01:34:37","guid":{"rendered":"https:\/\/lanxing.easiwin.com\/?post_type=product&#038;p=81"},"modified":"2024-11-21T02:35:12","modified_gmt":"2024-11-21T02:35:12","slug":"titanium-dioxide","status":"publish","type":"product","link":"https:\/\/lanxingco.com\/fr\/product\/titanium-dioxide\/","title":{"rendered":"Rutile Dioxyde de titane"},"content":{"rendered":"<h2 class=\"wp-block-heading\">Aper\u00e7u du dioxyde de titane rutile<\/h2>\n\n\n\n<p><strong>Rutile Dioxyde de titane<\/strong> (R-TiO\u2082) est l'un des mat\u00e9riaux chimiques inorganiques les plus essentiels de l'industrie moderne. En tant que pigment blanc de haute performance, le dioxyde de titane rutile est tr\u00e8s appr\u00e9ci\u00e9 pour ses excellentes propri\u00e9t\u00e9s optiques, sa stabilit\u00e9 chimique et son large \u00e9ventail d'applications. Sa structure cristalline unique et ses propri\u00e9t\u00e9s physiques et chimiques sup\u00e9rieures le rendent indispensable dans des industries telles que les peintures, les plastiques, les cosm\u00e9tiques, le papier, les c\u00e9ramiques, le caoutchouc et les encres, jouant un r\u00f4le crucial tant dans la production industrielle que dans la vie quotidienne.<\/p>\n\n\n\n<p>Le dioxyde de titane rutile est connu pour son indice de r\u00e9fraction \u00e9lev\u00e9 (jusqu'\u00e0 2,7) ainsi que pour son opacit\u00e9 et sa blancheur exceptionnelles. En outre, il pr\u00e9sente une r\u00e9sistance sup\u00e9rieure aux intemp\u00e9ries, \u00e0 la corrosion acide et alcaline, ainsi que des caract\u00e9ristiques \u00e9cologiques et non toxiques, ce qui en fait un choix privil\u00e9gi\u00e9 pour une vari\u00e9t\u00e9 d'applications haut de gamme.<\/p>\n\n\n\n<p>Cet article pr\u00e9sente de mani\u00e8re exhaustive les propri\u00e9t\u00e9s, les processus de production, les principales applications et la valeur marchande du dioxyde de titane rutile.<\/p>\n\n\n\n<hr class=\"wp-block-separator has-alpha-channel-opacity\"\/>\n\n\n\n<p><\/p>\n\n\n\n<h3 class=\"wp-block-heading\">Principales propri\u00e9t\u00e9s du dioxyde de titane<\/h3>\n\n\n\n<ul class=\"wp-block-list\">\n<li><strong>Opacit\u00e9<\/strong>: Excellente diffusion de la lumi\u00e8re, ce qui donne une couleur blanche brillante.<\/li>\n\n\n\n<li><strong>Indice de r\u00e9fraction<\/strong>: Extr\u00eamement \u00e9lev\u00e9, ce qui renforce sa capacit\u00e9 \u00e0 donner de la blancheur et de l'opacit\u00e9.<\/li>\n\n\n\n<li><strong>Stabilit\u00e9 chimique<\/strong>: Non r\u00e9actif et r\u00e9sistant aux facteurs environnementaux.<\/li>\n\n\n\n<li><strong>Non-toxicit\u00e9<\/strong>: Sans danger pour les aliments, les cosm\u00e9tiques et les produits pharmaceutiques.<\/li>\n\n\n\n<li><strong>R\u00e9sistance aux UV<\/strong>: Efficace pour bloquer la lumi\u00e8re ultraviolette, il offre une protection dans diverses applications.<\/li>\n<\/ul>\n\n\n\n<h2 class=\"wp-block-heading\">Sp\u00e9cifications et donn\u00e9es techniques<\/h2>\n\n\n\n<figure class=\"wp-block-table\"><table><thead><tr><th><strong>Param\u00e8tres<\/strong><\/th><th><strong>De<\/strong>queues<\/th><\/tr><\/thead><tbody><tr><td><strong>Type<\/strong><\/td><td>Rutile<\/td><\/tr><tr><td><strong>Apparence<\/strong><\/td><td>Poudre blanche<\/td><\/tr><tr><td><strong>Teneur en TiO2<\/strong><\/td><td>\u2265 95%<\/td><\/tr><tr><td><strong>Rutile content<\/strong><\/td><td>\u2265 98<\/td><\/tr><tr><td><strong>Particle Size<\/strong><\/td><td>0,2 &amp;#8211 ; 0,3 microns<\/td><\/tr><tr><td><strong>Indice de r\u00e9fraction<\/strong><\/td><td>2.7 &#8211; 2.9<\/td><\/tr><tr><td><strong>Absorption de l'huile<\/strong><\/td><td>\u226419 g\/100g<\/td><\/tr><tr><td><strong>pH<\/strong><\/td><td>6.5 &#8211; 8.5<\/td><\/tr><tr><td><strong>Gravit\u00e9 sp\u00e9cifique<\/strong><\/td><td>4.1<\/td><\/tr><tr><td><strong>Solubilit\u00e9 dans l'eau<\/strong><\/td><td>Insoluble<\/td><\/tr><tr><td><strong>Absorption des UV<\/strong><\/td><td>Absorbe efficacement les rayons UV-A et UV-B<\/td><\/tr><tr><td><strong>Normes<\/strong><\/td><td>R\u00e9pond \u00e0 de nombreuses normes industrielles<\/td><\/tr><\/tbody><\/table><\/figure>\n\n\n\n<p><\/p>\n\n\n\n<h2 class=\"wp-block-heading\">Caract\u00e9ristiques et propri\u00e9t\u00e9s du dioxyde de titane rutile<\/h2>\n\n\n\n<h3 class=\"wp-block-heading\">1. Structure cristalline et propri\u00e9t\u00e9s optiques<\/h3>\n\n\n\n<p>Le dioxyde de titane rutile appartient au syst\u00e8me cristallin t\u00e9tragonal, caract\u00e9ris\u00e9 par une structure cristalline stable et dense, qui lui conf\u00e8re les propri\u00e9t\u00e9s suivantes :<\/p>\n\n\n\n<ul class=\"wp-block-list\">\n<li><strong>Indice de r\u00e9fraction \u00e9lev\u00e9<\/strong>: Le dioxyde de titane rutile a un indice de r\u00e9fraction de 2,7, le deuxi\u00e8me apr\u00e8s le diamant, ce qui lui conf\u00e8re une excellente capacit\u00e9 de diffusion de la lumi\u00e8re et une grande opacit\u00e9.<\/li>\n\n\n\n<li><strong>Stabilit\u00e9 optique \u00e9lev\u00e9e<\/strong>: Sa structure cristalline lui permet d'absorber la lumi\u00e8re ultraviolette et de r\u00e9fl\u00e9chir la lumi\u00e8re visible, ce qui am\u00e9liore la durabilit\u00e9 et la r\u00e9sistance au photovieillissement.<\/li>\n<\/ul>\n\n\n\n<h3 class=\"wp-block-heading\">2. Stabilit\u00e9 physique et chimique<\/h3>\n\n\n\n<ul class=\"wp-block-list\">\n<li><strong>R\u00e9sistance exceptionnelle aux intemp\u00e9ries<\/strong>: Le dioxyde de titane rutile a une forte capacit\u00e9 d'absorption des UV et une structure cristalline plus dense, ce qui le rend tr\u00e8s r\u00e9sistant au vieillissement dans des conditions ext\u00e9rieures.<\/li>\n\n\n\n<li><strong>R\u00e9sistance \u00e9lev\u00e9e \u00e0 la corrosion<\/strong>: Il conserve sa stabilit\u00e9 dans les environnements acides et alcalins.<\/li>\n\n\n\n<li><strong>Faible toxicit\u00e9 et respect de l'environnement<\/strong>: Mat\u00e9riau non toxique et inoffensif, le dioxyde de titane rutile est largement utilis\u00e9 dans les produits alimentaires et pharmaceutiques et r\u00e9pond aux normes modernes de protection de l'environnement.<\/li>\n<\/ul>\n\n\n\n<h3 class=\"wp-block-heading\">3. Blancheur et opacit\u00e9<\/h3>\n\n\n\n<p>En tant que pigment blanc de haute performance, le dioxyde de titane rutile offre une opacit\u00e9 sup\u00e9rieure et une excellente blancheur, ce qui le rend irrempla\u00e7able dans les industries de la peinture et des plastiques. En outre, il reste stable \u00e0 haute temp\u00e9rature, ce qui garantit des performances optiques durables.<\/p>\n\n\n\n<hr class=\"wp-block-separator has-alpha-channel-opacity\"\/>\n\n\n\n<h2 class=\"wp-block-heading\">Processus de production<\/h2>\n\n\n\n<p>La production de dioxyde de titane rutile repose principalement sur deux m\u00e9thodes : le <strong>processus de sulfatage<\/strong> et le <strong>proc\u00e9d\u00e9 au chlorure<\/strong>.<\/p>\n\n\n\n<h3 class=\"wp-block-heading\">1. Le proc\u00e9d\u00e9 au sulfate<\/h3>\n\n\n\n<p>Le proc\u00e9d\u00e9 au sulfate est une m\u00e9thode traditionnelle de production de dioxyde de titane et implique des \u00e9tapes cl\u00e9s telles que la dissolution du minerai contenant du titane dans de l'acide sulfurique, la purification, la pr\u00e9cipitation et la calcination. Les avantages du proc\u00e9d\u00e9 au sulfate sont les suivants<\/p>\n\n\n\n<ul class=\"wp-block-list\">\n<li>Grande disponibilit\u00e9 des mati\u00e8res premi\u00e8res, y compris des minerais \u00e0 faible teneur.<\/li>\n\n\n\n<li>Technologie mature adapt\u00e9e \u00e0 la production \u00e0 petite et moyenne \u00e9chelle.<\/li>\n<\/ul>\n\n\n\n<p>Le dioxyde de titane rutile produit par le proc\u00e9d\u00e9 au sulfate pr\u00e9sente une grande blancheur et une bonne dispersibilit\u00e9, mais le proc\u00e9d\u00e9 g\u00e9n\u00e8re des d\u00e9chets acides et des eaux us\u00e9es importants, ce qui n\u00e9cessite une gestion environnementale rigoureuse.<\/p>\n\n\n\n<h3 class=\"wp-block-heading\">2. Proc\u00e9d\u00e9 au chlorure<\/h3>\n\n\n\n<p>Le proc\u00e9d\u00e9 au chlorure est une m\u00e9thode de production plus avanc\u00e9e, largement utilis\u00e9e au niveau international. Il implique la chloration \u00e0 haute temp\u00e9rature du minerai de titane pour produire du t\u00e9trachlorure de titane, suivie d'une oxydation et d'une purification pour obtenir du dioxyde de titane rutile. Le proc\u00e9d\u00e9 au chlorure pr\u00e9sente les avantages suivants :<\/p>\n\n\n\n<ul class=\"wp-block-list\">\n<li>Une plus grande puret\u00e9 du produit et une structure cristalline sup\u00e9rieure.<\/li>\n\n\n\n<li>Respectueux de l'environnement avec un minimum d'\u00e9missions de d\u00e9chets.<\/li>\n\n\n\n<li>Convient \u00e0 la production continue \u00e0 grande \u00e9chelle.<\/li>\n<\/ul>\n\n\n\n<p>Le dioxyde de titane rutile produit par le proc\u00e9d\u00e9 au chlorure offre une r\u00e9sistance aux intemp\u00e9ries et des performances optiques sup\u00e9rieures, ce qui le rend id\u00e9al pour les march\u00e9s haut de gamme.<\/p>\n\n\n\n<hr class=\"wp-block-separator has-alpha-channel-opacity\"\/>\n\n\n\n<h2 class=\"wp-block-heading\">Principales applications<\/h2>\n\n\n\n<h3 class=\"wp-block-heading\">1. Industrie des peintures et des rev\u00eatements<\/h3>\n\n\n\n<p>L'industrie des peintures et des rev\u00eatements repr\u00e9sente plus de 60% de la consommation totale de dioxyde de titane rutile. Dans les rev\u00eatements, le dioxyde de titane rutile apporte de l'opacit\u00e9 et renforce la brillance :<\/p>\n\n\n\n<ul class=\"wp-block-list\">\n<li><strong>Rev\u00eatements architecturaux<\/strong>: Am\u00e9liore la r\u00e9sistance aux intemp\u00e9ries et la protection contre les UV, prolongeant ainsi la dur\u00e9e de vie des b\u00e2timents.<\/li>\n\n\n\n<li><strong>Rev\u00eatements industriels<\/strong>: Offre d'excellentes propri\u00e9t\u00e9s anticorrosion pour les surfaces m\u00e9talliques tout en am\u00e9liorant l'esth\u00e9tique.<\/li>\n\n\n\n<li><strong>Rev\u00eatements automobiles<\/strong>: Permet d'obtenir un brillant \u00e9lev\u00e9 et une saturation vibrante des couleurs tout en am\u00e9liorant la durabilit\u00e9 des couches de peinture.<\/li>\n<\/ul>\n\n\n\n<h3 class=\"wp-block-heading\">2. Plastiques et caoutchouc<\/h3>\n\n\n\n<p>Le dioxyde de titane rutile est largement utilis\u00e9 dans les plastiques et les caoutchoucs afin de les blanchir, de les renforcer et de les rendre r\u00e9sistants aux UV :<\/p>\n\n\n\n<ul class=\"wp-block-list\">\n<li><strong>Produits en plastique<\/strong>: Appliqu\u00e9 dans les plastiques PVC, PE et PP pour am\u00e9liorer de mani\u00e8re significative la blancheur et la r\u00e9sistance aux intemp\u00e9ries.<\/li>\n\n\n\n<li><strong>Produits en caoutchouc<\/strong>: Utilis\u00e9 dans les mat\u00e9riaux en caoutchouc haut de gamme pour am\u00e9liorer la stabilit\u00e9 aux UV et prolonger la dur\u00e9e de vie du produit.<\/li>\n<\/ul>\n\n\n\n<h3 class=\"wp-block-heading\">3. Cosm\u00e9tiques et produits de soins personnels<\/h3>\n\n\n\n<p>En raison de sa nature non toxique, de la finesse de ses particules et de son indice de r\u00e9fraction \u00e9lev\u00e9, le dioxyde de titane rutile est largement utilis\u00e9 dans les cosm\u00e9tiques :<\/p>\n\n\n\n<ul class=\"wp-block-list\">\n<li><strong>Cr\u00e8mes solaires<\/strong>: En tant que principal agent physique de protection solaire, il bloque efficacement les rayons UVA et UVB, prot\u00e9geant ainsi la peau des dommages.<\/li>\n\n\n\n<li><strong>Fonds de teint et cr\u00e8mes<\/strong>: Offre une excellente couverture et une texture lisse.<\/li>\n<\/ul>\n\n\n\n<h3 class=\"wp-block-heading\">4. Le papier et l'encre<\/h3>\n\n\n\n<p>Dans l'industrie du papier, le dioxyde de titane rutile est utilis\u00e9 comme charge ou pigment de couchage pour am\u00e9liorer la blancheur et la brillance du papier. Dans l'industrie des encres, sa grande opacit\u00e9 garantit des couleurs \u00e9clatantes et une application uniforme.<\/p>\n\n\n\n<h3 class=\"wp-block-heading\">5. Applications environnementales et photocatalytiques<\/h3>\n\n\n\n<p>Ces derni\u00e8res ann\u00e9es, l'utilisation du dioxyde de titane rutile dans le secteur de l'environnement a attir\u00e9 l'attention :<\/p>\n\n\n\n<ul class=\"wp-block-list\">\n<li><strong>Mat\u00e9riaux photocatalytiques<\/strong>: Le dioxyde de titane rutile peut agir comme photocatalyseur pour d\u00e9composer les polluants organiques, purifier l'air et traiter l'eau.<\/li>\n\n\n\n<li><strong>Rev\u00eatements autonettoyants<\/strong>: Utilis\u00e9 pour d\u00e9velopper des mat\u00e9riaux en verre et en c\u00e9ramique autonettoyants, largement utilis\u00e9s dans la construction et les environnements domestiques.<\/li>\n<\/ul>\n\n\n\n<hr class=\"wp-block-separator has-alpha-channel-opacity\"\/>\n\n\n\n<h2 class=\"wp-block-heading\">Perspectives et valeur du march\u00e9<\/h2>\n\n\n\n<h3 class=\"wp-block-heading\">1. Tendances de la demande mondiale<\/h3>\n\n\n\n<p>Avec la croissance continue des industries de la construction, de l'automobile et des plastiques, la demande de dioxyde de titane rutile continue d'augmenter r\u00e9guli\u00e8rement. Les pays en d\u00e9veloppement, en particulier, stimulent la demande en raison de l'acc\u00e9l\u00e9ration de l'urbanisation et du d\u00e9veloppement des infrastructures, ce qui accro\u00eet encore la consommation de dioxyde de titane rutile dans les peintures et les plastiques.<\/p>\n\n\n\n<h3 class=\"wp-block-heading\">2. Expansion sur les march\u00e9s haut de gamme<\/h3>\n\n\n\n<p>Le dioxyde de titane rutile produit par le proc\u00e9d\u00e9 au chlorure est de plus en plus utilis\u00e9 dans les cosm\u00e9tiques haut de gamme, les \u00e9crans solaires et les mat\u00e9riaux respectueux de l'environnement. En outre, avec les progr\u00e8s de la technologie photocatalytique, le potentiel d'application du dioxyde de titane rutile dans la d\u00e9gradation des polluants, les mat\u00e9riaux antibact\u00e9riens et le verre \u00e0 \u00e9conomie d'\u00e9nergie est de plus en plus explor\u00e9.<\/p>\n\n\n\n<h3 class=\"wp-block-heading\">3. Les moteurs de la politique environnementale<\/h3>\n\n\n\n<p>Alors que l'attention port\u00e9e \u00e0 la protection de l'environnement et au d\u00e9veloppement durable s'intensifie au niveau mondial, le dioxyde de titane rutile, en tant que mat\u00e9riau respectueux de l'environnement, acquiert un avantage concurrentiel. Ses applications dans les b\u00e2timents \u00e9cologiques, les peintures \u00e0 faible teneur en COV et les plastiques biod\u00e9gradables ouvriront encore plus de perspectives sur le march\u00e9 futur.<\/p>\n\n\n\n<hr class=\"wp-block-separator has-alpha-channel-opacity\"\/>\n\n\n\n<h2 class=\"wp-block-heading\">Conclusion<\/h2>\n\n\n\n<p>Le dioxyde de titane rutile, avec ses propri\u00e9t\u00e9s optiques exceptionnelles, sa stabilit\u00e9 chimique et son large \u00e9ventail d'applications, est devenu un mat\u00e9riau indispensable dans l'industrie moderne. Que ce soit dans les domaines traditionnels tels que les peintures, les plastiques et les cosm\u00e9tiques, ou sur les march\u00e9s \u00e9mergents haut de gamme, le dioxyde de titane rutile pr\u00e9sente un potentiel de march\u00e9 et des perspectives de d\u00e9veloppement immenses.<\/p>\n\n\n\n<p>Gr\u00e2ce aux progr\u00e8s constants de la technologie, en particulier l'adoption g\u00e9n\u00e9ralis\u00e9e du proc\u00e9d\u00e9 au chlorure et la promotion des applications photocatalytiques, le dioxyde de titane rutile devrait consolider sa position sur le march\u00e9 mondial, en soutenant la croissance de nombreuses industries.<\/p>\n\n\n\n<p>Le dioxyde de titane rutile n'est pas seulement un mat\u00e9riau ; c'est une force vitale qui stimule le progr\u00e8s industriel et am\u00e9liore la qualit\u00e9 de la vie humaine.<\/p>\n\n\n\n<p><\/p>\n\n\n\n<h2 class=\"wp-block-heading\">Avantages et caract\u00e9ristiques du dioxyde de titane<\/h2>\n\n\n\n<p><\/p>\n\n\n\n<h3 class=\"wp-block-heading\">Avantages du dioxyde de titane<\/h3>\n\n\n\n<p><strong>1. Blancheur et opacit\u00e9 exceptionnelles :<\/strong><br>Le dioxyde de titane n'a pas son pareil pour diffuser la lumi\u00e8re, ce qui lui conf\u00e8re une blancheur et une opacit\u00e9 sup\u00e9rieures et en fait un composant essentiel des peintures, des rev\u00eatements et des plastiques.<\/p>\n\n\n\n<p><strong>2. Protection contre les UV :<\/strong><br>Le dioxyde de titane absorbe efficacement les rayons UV, ce qui en fait un ingr\u00e9dient essentiel des \u00e9crans solaires et des rev\u00eatements protecteurs.<\/p>\n\n\n\n<p><strong>3. Stabilit\u00e9 chimique :<\/strong><br>Le dioxyde de titane est chimiquement inerte et r\u00e9sistant \u00e0 la d\u00e9gradation de l'environnement, ce qui garantit sa durabilit\u00e9 et sa long\u00e9vit\u00e9 dans diverses applications.<\/p>\n\n\n\n<p><strong>4. Non toxique et sans danger :<\/strong><br>Approuv\u00e9 pour une utilisation dans l'alimentation, les cosm\u00e9tiques et les produits pharmaceutiques, le dioxyde de titane est non toxique et sans danger pour la consommation humaine et le contact.<\/p>\n\n\n\n<p><strong>5. Applications polyvalentes :<\/strong><br>Ses propri\u00e9t\u00e9s lui permettent d'\u00eatre utilis\u00e9 dans une large gamme d'applications, depuis les utilisations industrielles jusqu'aux produits de consommation courante.<\/p>\n\n\n\n<h2 class=\"wp-block-heading\">Applications du dioxyde de titane<\/h2>\n\n\n\n<p><\/p>\n\n\n\n<h3 class=\"wp-block-heading\">Peintures et rev\u00eatements<\/h3>\n\n\n\n<p>Le dioxyde de titane est un pigment essentiel dans l'industrie des peintures et des rev\u00eatements, car il offre une blancheur, une luminosit\u00e9 et une opacit\u00e9 exceptionnelles. Il am\u00e9liore la durabilit\u00e9 et la long\u00e9vit\u00e9 des peintures, les rendant r\u00e9sistantes \u00e0 la d\u00e9coloration et au farinage.<\/p>\n\n\n\n<h3 class=\"wp-block-heading\">Plastiques<\/h3>\n\n\n\n<p>Dans l'industrie des plastiques, le dioxyde de titane est utilis\u00e9 pour donner de la brillance et de l'opacit\u00e9 aux produits en plastique. Il assure \u00e9galement une protection contre les UV, emp\u00eachant la d\u00e9gradation des mati\u00e8res plastiques expos\u00e9es \u00e0 la lumi\u00e8re du soleil.<\/p>\n\n\n\n<h3 class=\"wp-block-heading\">Cosm\u00e9tiques<\/h3>\n\n\n\n<p>Le dioxyde de titane est un ingr\u00e9dient populaire dans les cosm\u00e9tiques, en particulier dans les \u00e9crans solaires, o\u00f9 il offre une protection efficace contre les UV. Il est \u00e9galement utilis\u00e9 dans les produits de maquillage pour ses propri\u00e9t\u00e9s de blanchiment et d'opacit\u00e9.<\/p>\n\n\n\n<h3 class=\"wp-block-heading\">Industrie alimentaire<\/h3>\n\n\n\n<p>Approuv\u00e9 en tant qu'additif alimentaire (E171), le dioxyde de titane est utilis\u00e9 pour blanchir et \u00e9claircir divers produits alimentaires, notamment les confiseries, les produits laitiers et les produits de boulangerie.<\/p>\n\n\n\n<h3 class=\"wp-block-heading\">Papier<\/h3>\n\n\n\n<p>Dans l'industrie du papier, le dioxyde de titane est utilis\u00e9 pour am\u00e9liorer la luminosit\u00e9 et l'opacit\u00e9 des produits de papier, ce qui am\u00e9liore leur imprimabilit\u00e9 et leur apparence.<\/p>\n\n\n\n<h3 class=\"wp-block-heading\">Produits pharmaceutiques<\/h3>\n\n\n\n<p>Le dioxyde de titane est utilis\u00e9 dans les produits pharmaceutiques comme pigment blanc et opacifiant dans les comprim\u00e9s et les g\u00e9lules, afin de garantir une apparence homog\u00e8ne et une protection contre la lumi\u00e8re.<\/p>\n\n\n\n<h2 class=\"wp-block-heading\">Questions fr\u00e9quemment pos\u00e9es<\/h2>\n\n\n\n<p><strong>Q : \u00c0 quoi sert le dioxyde de titane ?<\/strong><br>R : Le dioxyde de titane est utilis\u00e9 dans les peintures, les rev\u00eatements, les plastiques, les cosm\u00e9tiques, l'alimentation, le papier et les produits pharmaceutiques en raison de ses propri\u00e9t\u00e9s exceptionnelles de blancheur, d'opacit\u00e9 et de protection contre les UV.<\/p>\n\n\n\n<p><strong>Q : Comment le dioxyde de titane assure-t-il la protection contre les UV ?<\/strong><br>R : Le dioxyde de titane absorbe et diffuse les rayons UV, les emp\u00eachant d'atteindre la peau ou de d\u00e9grader les mat\u00e9riaux, ce qui en fait un ingr\u00e9dient cl\u00e9 des \u00e9crans solaires et des rev\u00eatements protecteurs.<\/p>\n\n\n\n<p><strong>Q : Quelles sont les diff\u00e9rentes formes de dioxyde de titane ?<\/strong><br>R : Le dioxyde de titane existe \u00e0 l'\u00e9tat naturel sous plusieurs formes min\u00e9rales, notamment le rutile, l'anatase et la brookite. Le rutile et l'anatase sont les formes les plus couramment utilis\u00e9es dans les applications industrielles.<\/p>\n\n\n\n<p><strong>Q : Pourquoi le dioxyde de titane est-il utilis\u00e9 dans l'alimentation ?<\/strong><br>R : Le dioxyde de titane est utilis\u00e9 comme additif alimentaire pour blanchir et \u00e9claircir les produits alimentaires, am\u00e9liorant ainsi leur aspect visuel.<\/p>\n\n\n\n<p><strong>Q : Le dioxyde de titane peut-il \u00eatre utilis\u00e9 dans tous les types de peintures de marquage routier ?<\/strong><br>R : Oui, le dioxyde de titane est compatible avec la plupart des types de peintures de marquage routier.<\/p>\n\n\n\n<p><strong>Q : Comment le dioxyde de titane est-il produit ?<\/strong><br>R : Le dioxyde de titane est produit par le proc\u00e9d\u00e9 au sulfate ou le proc\u00e9d\u00e9 au chlorure, qui impliquent tous deux l'extraction et le raffinage du dioxyde de titane \u00e0 partir de minerais.<\/p>\n\n\n\n<p><strong>Q : Quelles sont les principales sp\u00e9cifications \u00e0 prendre en compte lors du choix du dioxyde de titane ?<\/strong><br>R : Les principales sp\u00e9cifications sont la puret\u00e9, la taille des particules, l'indice de r\u00e9fraction, l'absorption de l'huile, le pH, la densit\u00e9 et la conformit\u00e9 aux normes industrielles telles que l'ASTM et l'ISO.<\/p>","protected":false},"excerpt":{"rendered":"<p>Le dioxyde de titane est un pigment blanc utilis\u00e9 dans les peintures, les rev\u00eatements, les plastiques et les \u00e9crans solaires pour son opacit\u00e9 et sa r\u00e9sistance aux UV. Il renforce la luminosit\u00e9 des couleurs et prot\u00e8ge les surfaces de la d\u00e9gradation induite par les UV.<\/p>","protected":false},"featured_media":1699,"parent":0,"template":"","meta":{"_acf_changed":false,"_kad_blocks_custom_css":"","_kad_blocks_head_custom_js":"","_kad_blocks_body_custom_js":"","_kad_blocks_footer_custom_js":"","_kad_post_transparent":"","_kad_post_title":"","_kad_post_layout":"","_kad_post_sidebar_id":"","_kad_post_content_style":"","_kad_post_vertical_padding":"","_kad_post_feature":"","_kad_post_feature_position":"","_kad_post_header":false,"_kad_post_footer":false,"_kad_post_classname":""},"product-category":[4],"class_list":["post-81","product","type-product","status-publish","has-post-thumbnail","hentry","product-category-pigment"],"acf":[],"taxonomy_info":{"product-category":[{"value":4,"label":"Pigment"}]},"featured_image_src_large":["https:\/\/lanxingco.com\/wp-content\/uploads\/2024\/07\/Titanium-Dioxide.jpg",700,700,false],"author_info":[],"comment_info":"","_links":{"self":[{"href":"https:\/\/lanxingco.com\/fr\/wp-json\/wp\/v2\/product\/81","targetHints":{"allow":["GET"]}}],"collection":[{"href":"https:\/\/lanxingco.com\/fr\/wp-json\/wp\/v2\/product"}],"about":[{"href":"https:\/\/lanxingco.com\/fr\/wp-json\/wp\/v2\/types\/product"}],"wp:featuredmedia":[{"embeddable":true,"href":"https:\/\/lanxingco.com\/fr\/wp-json\/wp\/v2\/media\/1699"}],"wp:attachment":[{"href":"https:\/\/lanxingco.com\/fr\/wp-json\/wp\/v2\/media?parent=81"}],"wp:term":[{"taxonomy":"product-category","embeddable":true,"href":"https:\/\/lanxingco.com\/fr\/wp-json\/wp\/v2\/product-category?post=81"}],"curies":[{"name":"wp","href":"https:\/\/api.w.org\/{rel}","templated":true}]}}