{"id":801,"date":"2024-06-21T08:14:59","date_gmt":"2024-06-21T08:14:59","guid":{"rendered":"https:\/\/lanxing.easiwin.com\/?post_type=product&#038;p=801"},"modified":"2025-01-17T13:28:47","modified_gmt":"2025-01-17T13:28:47","slug":"bs6088b-drop-on-glass-beads","status":"publish","type":"product","link":"https:\/\/lanxingco.com\/fr\/product\/bs6088b-drop-on-glass-beads\/","title":{"rendered":"BS6088B perles de verre en goutte d'eau"},"content":{"rendered":"<h2 class=\"wp-block-heading\"><strong>Aper\u00e7u des perles de verre Drop On BS6088B<\/strong><\/h2>\n\n\n\n<p>Les billes de verre BS6088B sont con\u00e7ues pour am\u00e9liorer de mani\u00e8re significative la visibilit\u00e9 et la long\u00e9vit\u00e9 des marquages routiers. Ces billes sont conformes \u00e0 la norme britannique BS6088 Type B, ce qui garantit qu'elles r\u00e9pondent \u00e0 des normes rigoureuses de qualit\u00e9 et de performance. Appliqu\u00e9es sur des marquages routiers fra\u00eechement peints, elles s'incrustent pour am\u00e9liorer la r\u00e9flectivit\u00e9, rendant les routes plus s\u00fbres pour les conducteurs.<\/p>\n\n\n<style>.wp-block-kadence-advancedheading.kt-adv-heading801_2c237a-04, .wp-block-kadence-advancedheading.kt-adv-heading801_2c237a-04[data-kb-block=\"kb-adv-heading801_2c237a-04\"]{font-style:normal;}.wp-block-kadence-advancedheading.kt-adv-heading801_2c237a-04 mark.kt-highlight, .wp-block-kadence-advancedheading.kt-adv-heading801_2c237a-04[data-kb-block=\"kb-adv-heading801_2c237a-04\"] mark.kt-highlight{font-style:normal;color:#f76a0c;-webkit-box-decoration-break:clone;box-decoration-break:clone;padding-top:0px;padding-right:0px;padding-bottom:0px;padding-left:0px;}.wp-block-kadence-advancedheading.kt-adv-heading801_2c237a-04 img.kb-inline-image, .wp-block-kadence-advancedheading.kt-adv-heading801_2c237a-04[data-kb-block=\"kb-adv-heading801_2c237a-04\"] img.kb-inline-image{width:150px;vertical-align:baseline;}<\/style>\n<h2 class=\"kt-adv-heading801_2c237a-04 wp-block-kadence-advancedheading\" data-kb-block=\"kb-adv-heading801_2c237a-04\">Sp\u00e9cifications et donn\u00e9es techniques<\/h2>\n\n\n\n<figure class=\"wp-block-table\"><table><thead><tr><th><strong>Param\u00e8tres<\/strong><\/th><th><strong>D\u00e9tails<\/strong><\/th><\/tr><\/thead><tbody><tr><td><strong>Composition<\/strong><\/td><td>Verre de haute qualit\u00e9<\/td><\/tr><tr><td><strong>Apparence<\/strong><\/td><td>Transparent, incolore<\/td><\/tr><tr><td><strong>Forme<\/strong><\/td><td>Sph\u00e9rique<\/td><\/tr><tr><td><strong>Indice de r\u00e9fraction<\/strong><\/td><td>\u22651.5<\/td><\/tr><tr><td><strong>Gamme de tailles<\/strong><\/td><td>180 &amp;#8211 ; 850 microns<\/td><\/tr><tr><td><strong>Rondeur<\/strong><\/td><td>\u226580<\/td><\/tr><tr><td><strong>Duret\u00e9<\/strong><\/td><td>6-7 Moh&#8217;s<\/td><\/tr><tr><td><strong>Types de rev\u00eatement<\/strong><\/td><td>Rev\u00eatement r\u00e9sistant \u00e0 l'humidit\u00e9, rev\u00eatement de flottaison, rev\u00eatement d'adh\u00e9rence<\/td><\/tr><tr><td><strong>M\u00e9thode d'application<\/strong><\/td><td>Goutte d'eau sur le dessus de la peinture de marquage routier<\/td><\/tr><tr><td><strong>Durabilit\u00e9<\/strong><\/td><td>Maintient la r\u00e9flectivit\u00e9 pendant 1 &amp;#8211 ; 3 ans en fonction de l'utilisation<\/td><\/tr><tr><td><strong>Normes<\/strong><\/td><td>BS 6088B<\/td><\/tr><\/tbody><\/table><\/figure>\n\n\n\n<h2 class=\"wp-block-heading\"><strong>Avantages des perles de verre Drop On BS6088B<\/strong><\/h2>\n\n\n\n<h3 class=\"wp-block-heading\"><strong>Visibilit\u00e9 accrue<\/strong><\/h3>\n\n\n\n<p>Les billes de verre BS6088B am\u00e9liorent consid\u00e9rablement la visibilit\u00e9 des marquages routiers, en particulier la nuit ou par mauvais temps. En r\u00e9fl\u00e9chissant la lumi\u00e8re des phares des v\u00e9hicules, elles am\u00e9liorent la vigilance des conducteurs et r\u00e9duisent les risques d'accident.<\/p>\n\n\n\n<h3 class=\"wp-block-heading\"><strong>Durabilit\u00e9 \u00e0 long terme<\/strong><\/h3>\n\n\n\n<p>Ces billes de verre sont con\u00e7ues pour r\u00e9sister \u00e0 un trafic intense et \u00e0 des conditions environnementales difficiles, en conservant leurs propri\u00e9t\u00e9s r\u00e9fl\u00e9chissantes sur de longues p\u00e9riodes. Cette durabilit\u00e9 r\u00e9duit la fr\u00e9quence de l'entretien des routes, ce qui est rentable pour les services de transport.<\/p>\n\n\n\n<h3 class=\"wp-block-heading\"><strong>Facilit\u00e9 d'application<\/strong><\/h3>\n\n\n\n<p>Leur m\u00e9thode d'application goutte \u00e0 goutte assure une int\u00e9gration facile dans les marquages routiers fra\u00eechement peints, favorisant une dispersion uniforme et maximisant la r\u00e9flectivit\u00e9. Cette simplicit\u00e9 am\u00e9liore l'efficacit\u00e9 op\u00e9rationnelle des projets de marquage routier.<\/p>\n\n\n\n<h2 class=\"wp-block-heading\"><strong>Caract\u00e9ristiques des perles de verre Drop On BS6088B<\/strong><\/h2>\n\n\n\n<h3 class=\"wp-block-heading\"><strong>R\u00e9flectivit\u00e9 et uniformit\u00e9 \u00e9lev\u00e9es<\/strong><\/h3>\n\n\n\n<p>Les billes de verre BS6088B sont r\u00e9put\u00e9es pour leur haute r\u00e9flectivit\u00e9, assurant une visibilit\u00e9 sup\u00e9rieure des marquages routiers dans diverses conditions d'\u00e9clairage. Leur r\u00e9partition uniforme par taille minimise les irr\u00e9gularit\u00e9s de surface, ce qui am\u00e9liore l'attrait esth\u00e9tique des marquages routiers.<\/p>\n\n\n\n<h3 class=\"wp-block-heading\"><strong>Consid\u00e9rations environnementales<\/strong><\/h3>\n\n\n\n<p>Fabriqu\u00e9es \u00e0 partir de mat\u00e9riaux respectueux de l'environnement, tels que le verre recycl\u00e9, ces billes soutiennent les pratiques durables en mati\u00e8re de construction et d'entretien des routes. Leur composition respectueuse de l'environnement s'inscrit dans le cadre des efforts d\u00e9ploy\u00e9s au niveau mondial pour r\u00e9duire l'impact sur l'environnement.<\/p>\n\n\n\n<h3 class=\"wp-block-heading\"><strong>Polyvalence dans les applications de marquage routier<\/strong><\/h3>\n\n\n\n<p>Ils sont compatibles avec divers mat\u00e9riaux de marquage routier, y compris les peintures \u00e9poxy et thermoplastiques, ce qui offre une grande souplesse dans les m\u00e9thodes d'application tout en maintenant des niveaux \u00e9lev\u00e9s de r\u00e9flectivit\u00e9 et de durabilit\u00e9.<\/p>\n\n\n\n<p><\/p>\n\n\n\n<figure class=\"wp-block-image size-full\"><img loading=\"lazy\" decoding=\"async\" width=\"700\" height=\"700\" src=\"https:\/\/lanxingco.com\/wp-content\/uploads\/2024\/07\/BS6088B-Drop-On-Glass-Beads.jpg\" alt=\"BS6088B Perles de verre en goutte d&#039;eau\" class=\"wp-image-1453\" srcset=\"https:\/\/lanxingco.com\/wp-content\/uploads\/2024\/07\/BS6088B-Drop-On-Glass-Beads.jpg 700w, https:\/\/lanxingco.com\/wp-content\/uploads\/2024\/07\/BS6088B-Drop-On-Glass-Beads-300x300.jpg 300w, https:\/\/lanxingco.com\/wp-content\/uploads\/2024\/07\/BS6088B-Drop-On-Glass-Beads-150x150.jpg 150w\" sizes=\"auto, (max-width: 700px) 100vw, 700px\" \/><\/figure>\n\n\n\n<p><\/p>\n\n\n\n<h2 class=\"wp-block-heading\"><strong>Tableau comparatif : Perles de verre BS6088B vs. produits similaires<\/strong><\/h2>\n\n\n\n<p>Vous trouverez ci-dessous une comparaison des billes de verre BS6088B avec d'autres types de billes de verre r\u00e9fl\u00e9chissantes couramment utilis\u00e9es pour les applications de marquage routier :<\/p>\n\n\n\n<figure class=\"wp-block-table\"><table class=\"has-fixed-layout\"><thead><tr><th><strong>Fonctionnalit\u00e9<\/strong><\/th><th><strong>BS6088B Perles de verre<\/strong><\/th><th><strong>BS6088A Perles de verre<\/strong><\/th><th><strong><a href=\"https:\/\/lanxingco.com\/fr\/product\/en1423-drop-on-glass-bead\/\">EN1423 Perles de verre<\/a><\/strong><\/th><th><strong>AASHTO Type I Billes de verre<\/strong><\/th><th><strong><a href=\"https:\/\/lanxingco.com\/fr\/product\/aashto-m247-ii-drop-on-glass-beads\/\">AASHTO Type II Billes de verre<\/a><\/strong><\/th><\/tr><\/thead><tbody><tr><td><strong>Conformit\u00e9 aux normes<\/strong><\/td><td>BS6088B<\/td><td>BS6088A<\/td><td>EN1423<\/td><td>AASHTO M247 Type I<\/td><td>AASHTO M247 Type II<\/td><\/tr><tr><td><strong>Gamme de taille des particules<\/strong><\/td><td>90-850 \u00b5m<\/td><td>600-1400 \u00b5m<\/td><td>100-850 \u00b5m<\/td><td>600-850 \u00b5m<\/td><td>300-600 \u00b5m<\/td><\/tr><tr><td><strong>Sph\u00e9ricit\u00e9<\/strong><\/td><td>\u226580%<\/td><td>\u226570%<\/td><td>\u226580%<\/td><td>\u226570%<\/td><td>\u226570%<\/td><\/tr><tr><td><strong>Indice de r\u00e9fraction<\/strong><\/td><td>\u22651.5<\/td><td>\u22651.5<\/td><td>\u22651.5<\/td><td>\u22651.5<\/td><td>\u22651.5<\/td><\/tr><tr><td><strong>R\u00e9tror\u00e9flexion<\/strong><\/td><td>Haut<\/td><td>Mod\u00e9r\u00e9<\/td><td>Haut<\/td><td>Haut<\/td><td>Mod\u00e9r\u00e9<\/td><\/tr><tr><td><strong>Durabilit\u00e9<\/strong><\/td><td>Excellent<\/td><td>Excellent<\/td><td>Excellent<\/td><td>Haut<\/td><td>Mod\u00e9r\u00e9<\/td><\/tr><tr><td><strong>Application<\/strong><\/td><td>Marquage au sol<\/td><td>Pr\u00e9m\u00e9lang\u00e9 et goutte \u00e0 goutte<\/td><td>Marquage au sol<\/td><td>Marquage au sol<\/td><td>Marquage au sol<\/td><\/tr><tr><td><strong>Rev\u00eatement (en option)<\/strong><\/td><td><a href=\"https:\/\/en.wikipedia.org\/wiki\/Silane\" target=\"_blank\" rel=\"noopener\">Silane<\/a> ou Promoteur d'adh\u00e9sion<\/td><td>Silane ou promoteur d'adh\u00e9sion<\/td><td>Silane ou promoteur d'adh\u00e9sion<\/td><td>Silane ou promoteur d'adh\u00e9sion<\/td><td>Silane ou promoteur d'adh\u00e9sion<\/td><\/tr><tr><td><strong>Utilisation typique<\/strong><\/td><td>Routes urbaines, autoroutes, a\u00e9roports<\/td><td>Zones de trafic intense, autoroutes<\/td><td>Routes urbaines, autoroutes, a\u00e9roports<\/td><td>Marquage g\u00e9n\u00e9ral des routes<\/td><td>Marquage des routes \u00e0 faible trafic<\/td><\/tr><tr><td><strong>Visibilit\u00e9 sur sol mouill\u00e9<\/strong><\/td><td>Mod\u00e9r\u00e9 \u00e0 \u00e9lev\u00e9<\/td><td>Mod\u00e9r\u00e9<\/td><td>Haut<\/td><td>Mod\u00e9r\u00e9<\/td><td>Faible<\/td><\/tr><tr><td><strong>Co\u00fbt<\/strong><\/td><td>Mod\u00e9r\u00e9<\/td><td>Plus \u00e9lev\u00e9<\/td><td>Plus \u00e9lev\u00e9<\/td><td>Mod\u00e9r\u00e9<\/td><td>Plus bas<\/td><\/tr><\/tbody><\/table><\/figure>\n\n\n\n<hr class=\"wp-block-separator has-alpha-channel-opacity\"\/>\n\n\n\n<h3 class=\"wp-block-heading\"><strong>Principales diff\u00e9rences<\/strong><\/h3>\n\n\n\n<ol class=\"wp-block-list\">\n<li><strong>Taille des particules :<\/strong><\/li>\n<\/ol>\n\n\n\n<ul class=\"wp-block-list\">\n<li>La taille des particules du BS6088B est plus petite (90-850 \u00b5m) que celle du BS6088A (600-1400 \u00b5m), ce qui le rend plus adapt\u00e9 aux applications de d\u00e9p\u00f4t o\u00f9 l'uniformit\u00e9 et l'adh\u00e9rence sont essentielles.<\/li>\n\n\n\n<li>Les billes AASHTO Type II ont des particules plus petites (300-600 \u00b5m), ce qui les rend id\u00e9ales pour les marquages temporaires et \u00e0 faible trafic.<\/li>\n<\/ul>\n\n\n\n<ol class=\"wp-block-list\">\n<li><strong>R\u00e9tror\u00e9flexion :<\/strong><\/li>\n<\/ol>\n\n\n\n<ul class=\"wp-block-list\">\n<li>Les normes BS6088B et EN1423 offrent des performances r\u00e9tror\u00e9fl\u00e9chissantes sup\u00e9rieures \u00e0 celles de la norme AASHTO Type II, ce qui les rend adapt\u00e9es aux applications critiques telles que les autoroutes et les a\u00e9roports.<\/li>\n<\/ul>\n\n\n\n<ol class=\"wp-block-list\">\n<li><strong>Durabilit\u00e9 :<\/strong><\/li>\n<\/ol>\n\n\n\n<ul class=\"wp-block-list\">\n<li>Les billes BS6088B et EN1423 ont une excellente durabilit\u00e9, tandis que les billes AASHTO Type II sont moins durables et conviennent aux zones \u00e0 faible trafic.<\/li>\n<\/ul>\n\n\n\n<ol class=\"wp-block-list\">\n<li><strong>Conformit\u00e9 aux normes :<\/strong><\/li>\n<\/ol>\n\n\n\n<ul class=\"wp-block-list\">\n<li>BS6088B est conforme aux normes britanniques, tandis que EN1423 est align\u00e9 sur les normes europ\u00e9ennes et que les tampons AASHTO r\u00e9pondent aux normes am\u00e9ricaines. Le choix d\u00e9pend des exigences r\u00e9gionales.<\/li>\n<\/ul>\n\n\n\n<ol class=\"wp-block-list\">\n<li><strong>Le rapport co\u00fbt-efficacit\u00e9 :<\/strong><\/li>\n<\/ol>\n\n\n\n<ul class=\"wp-block-list\">\n<li>Le BS6088B offre un \u00e9quilibre entre co\u00fbt et performance, ce qui en fait un choix polyvalent pour la plupart des applications. Les billes AASHTO Type II sont plus \u00e9conomiques mais moins r\u00e9fl\u00e9chissantes et durables.<\/li>\n<\/ul>\n\n\n\n<hr class=\"wp-block-separator has-alpha-channel-opacity\"\/>\n\n\n\n<h2 class=\"wp-block-heading\"><strong>Conclusion<\/strong><\/h2>\n\n\n\n<ul class=\"wp-block-list\">\n<li><strong>BS6088B Perles de verre<\/strong> sont id\u00e9ales pour un large \u00e9ventail d'applications en raison de leur excellente r\u00e9tror\u00e9flectivit\u00e9, de leur durabilit\u00e9 et de leur conformit\u00e9 aux normes internationales. Ils sont particuli\u00e8rement adapt\u00e9s aux routes urbaines, aux autoroutes et aux a\u00e9roports.<\/li>\n\n\n\n<li>Pour les projets n\u00e9cessitant des tailles de billes plus importantes ou des performances accrues en conditions humides, <strong>BS6088A<\/strong> ou <strong>EN1423<\/strong> peut \u00eatre un meilleur choix.<\/li>\n\n\n\n<li><strong>AASHTO Type II Billes de verre<\/strong> sont une option rentable pour les applications \u00e0 faible trafic ou \u00e0 court terme.<\/li>\n<\/ul>\n\n\n\n<p>Ce tableau fournit une comparaison claire pour vous aider \u00e0 choisir le produit le plus adapt\u00e9 \u00e0 vos besoins sp\u00e9cifiques en mati\u00e8re de marquage routier.<\/p>\n\n\n\n<p><\/p>\n\n\n\n<h2 class=\"wp-block-heading\"><strong>FAQ sur les perles de verre Drop On BS6088B<\/strong><\/h2>\n\n\n\n<p><strong>Que sont les perles de verre BS6088B ?<\/strong><\/p>\n\n\n\n<p>Ces billes sont des particules de verre appliqu\u00e9es sur les marquages routiers fra\u00eechement peints afin d'en am\u00e9liorer la r\u00e9flectivit\u00e9.<\/p>\n\n\n\n<p><strong>Comment <strong>BS6088B perles de verre en goutte d'eau<\/strong> am\u00e9liorer la s\u00e9curit\u00e9 routi\u00e8re ?<\/strong><\/p>\n\n\n\n<p>En r\u00e9fl\u00e9chissant la lumi\u00e8re des phares des v\u00e9hicules, ils rendent les marquages routiers plus visibles, en particulier la nuit ou dans des conditions m\u00e9t\u00e9orologiques d\u00e9favorables.<\/p>\n\n\n\n<p><strong>Sont <strong>BS6088B perles de verre en goutte d'eau<\/strong> durable ?<\/strong><\/p>\n\n\n\n<p>Oui, ils sont con\u00e7us pour r\u00e9sister \u00e0 l'usure due \u00e0 la circulation et aux intemp\u00e9ries, et conservent leurs propri\u00e9t\u00e9s r\u00e9fl\u00e9chissantes au fil du temps.<\/p>\n\n\n\n<p><strong>Les perles BS6088B sont-elles conformes aux normes britanniques ?<\/strong><\/p>\n\n\n\n<p>Oui, ils sont conformes \u00e0 la norme BS6088B, ce qui garantit la qualit\u00e9 et la performance des applications de marquage routier.<\/p>","protected":false},"excerpt":{"rendered":"<p>Nos billes de verre BS6088B r\u00e9pondent aux normes rigoureuses BS6088B, offrant une r\u00e9flectivit\u00e9 et une long\u00e9vit\u00e9 exceptionnelles. Ces billes sont id\u00e9ales pour les zones \u00e0 forte circulation, garantissant que les marquages routiers restent tr\u00e8s visibles et efficaces.<\/p>","protected":false},"featured_media":1680,"parent":0,"template":"","meta":{"_acf_changed":false,"_kad_blocks_custom_css":"","_kad_blocks_head_custom_js":"","_kad_blocks_body_custom_js":"","_kad_blocks_footer_custom_js":"","_kad_post_transparent":"","_kad_post_title":"","_kad_post_layout":"","_kad_post_sidebar_id":"","_kad_post_content_style":"","_kad_post_vertical_padding":"","_kad_post_feature":"","_kad_post_feature_position":"","_kad_post_header":false,"_kad_post_footer":false,"_kad_post_classname":""},"product-category":[2],"class_list":["post-801","product","type-product","status-publish","has-post-thumbnail","hentry","product-category-road-marking-glass-beads"],"acf":[],"taxonomy_info":{"product-category":[{"value":2,"label":"Road Marking Glass Beads"}]},"featured_image_src_large":["https:\/\/lanxingco.com\/wp-content\/uploads\/2024\/07\/BS6088B-Drop-On-Glass-Beads-1.jpg",700,700,false],"author_info":[],"comment_info":"","_links":{"self":[{"href":"https:\/\/lanxingco.com\/fr\/wp-json\/wp\/v2\/product\/801","targetHints":{"allow":["GET"]}}],"collection":[{"href":"https:\/\/lanxingco.com\/fr\/wp-json\/wp\/v2\/product"}],"about":[{"href":"https:\/\/lanxingco.com\/fr\/wp-json\/wp\/v2\/types\/product"}],"wp:featuredmedia":[{"embeddable":true,"href":"https:\/\/lanxingco.com\/fr\/wp-json\/wp\/v2\/media\/1680"}],"wp:attachment":[{"href":"https:\/\/lanxingco.com\/fr\/wp-json\/wp\/v2\/media?parent=801"}],"wp:term":[{"taxonomy":"product-category","embeddable":true,"href":"https:\/\/lanxingco.com\/fr\/wp-json\/wp\/v2\/product-category?post=801"}],"curies":[{"name":"wp","href":"https:\/\/api.w.org\/{rel}","templated":true}]}}