{"id":778,"date":"2024-06-21T07:54:48","date_gmt":"2024-06-21T07:54:48","guid":{"rendered":"https:\/\/lanxing.easiwin.com\/?post_type=product&#038;p=778"},"modified":"2024-07-15T06:25:14","modified_gmt":"2024-07-15T06:25:14","slug":"jis-r-3301-intermix-glass-beads","status":"publish","type":"product","link":"https:\/\/lanxingco.com\/fr\/product\/jis-r-3301-intermix-glass-beads\/","title":{"rendered":"Perles de verre intermix JIS R 3301"},"content":{"rendered":"<h2 class=\"wp-block-heading\"><strong>Aper\u00e7u des perles de verre intermix JIS R 3301<\/strong><\/h2>\n\n\n\n<p>Les billes de verre intermix JIS R 3301 sont con\u00e7ues pour am\u00e9liorer la visibilit\u00e9 des marquages routiers en r\u00e9fl\u00e9chissant la lumi\u00e8re vers sa source, g\u00e9n\u00e9ralement les phares des v\u00e9hicules. Ces billes sont fabriqu\u00e9es conform\u00e9ment \u00e0 la norme industrielle japonaise (JIS R 3301), ce qui garantit une qualit\u00e9 \u00e9lev\u00e9e et des performances constantes. Elles jouent un r\u00f4le crucial dans l'am\u00e9lioration de la s\u00e9curit\u00e9 routi\u00e8re en rendant le marquage des voies, les passages pour pi\u00e9tons et les panneaux de signalisation clairement visibles dans diverses conditions d'\u00e9clairage.<\/p>\n\n\n\n<h2 class=\"wp-block-heading\">Sp\u00e9cifications et donn\u00e9es techniques<\/h2>\n\n\n\n<figure class=\"wp-block-table\"><table><thead><tr><th><strong>Param\u00e8tres<\/strong><\/th><th><strong>D\u00e9tails<\/strong><\/th><\/tr><\/thead><tbody><tr><td><strong>Composition<\/strong><\/td><td>Verre de haute qualit\u00e9<\/td><\/tr><tr><td><strong>Apparence<\/strong><\/td><td>Transparent, incolore<\/td><\/tr><tr><td><strong>Forme<\/strong><\/td><td>Sph\u00e9rique<\/td><\/tr><tr><td><strong>Indice de r\u00e9fraction<\/strong><\/td><td>\u22651.5<\/td><\/tr><tr><td><strong>Gamme de tailles<\/strong><\/td><td>90 &amp;#8211 ; 1180 microns<\/td><\/tr><tr><td><strong>Rondeur<\/strong><\/td><td>\u226580<\/td><\/tr><tr><td><strong>Duret\u00e9<\/strong><\/td><td>6-7 Moh&#8217;s<\/td><\/tr><tr><td><strong>Types de rev\u00eatement<\/strong><\/td><td>Rev\u00eatement r\u00e9sistant \u00e0 l'humidit\u00e9, rev\u00eatement de flottaison, rev\u00eatement d'adh\u00e9rence<\/td><\/tr><tr><td><strong>M\u00e9thode d'application<\/strong><\/td><td>M\u00e9lang\u00e9 directement \u00e0 la peinture<\/td><\/tr><tr><td><strong>Durabilit\u00e9<\/strong><\/td><td>Maintient la r\u00e9flectivit\u00e9 pendant 1 &amp;#8211 ; 3 ans en fonction de l'utilisation<\/td><\/tr><tr><td><strong>Normes<\/strong><\/td><td>JIS R 3301<\/td><\/tr><\/tbody><\/table><\/figure>\n\n\n\n<h2 class=\"wp-block-heading\"><strong>Avantages des perles de verre intermix JIS R 3301<\/strong><\/h2>\n\n\n\n<h3 class=\"wp-block-heading\"><strong>Visibilit\u00e9 accrue dans des conditions de faible luminosit\u00e9<\/strong><\/h3>\n\n\n\n<p>Le principal avantage des billes de verre intermix JIS R 3301 est leur capacit\u00e9 \u00e0 am\u00e9liorer consid\u00e9rablement la visibilit\u00e9 des marquages routiers la nuit ou par mauvais temps. En r\u00e9fl\u00e9chissant la lumi\u00e8re des phares des v\u00e9hicules, ces billes am\u00e9liorent la vigilance des conducteurs et r\u00e9duisent le risque d'accident.<\/p>\n\n\n\n<h3 class=\"wp-block-heading\"><strong>Durabilit\u00e9 \u00e0 long terme<\/strong><\/h3>\n\n\n\n<p>Ces billes de verre sont con\u00e7ues pour r\u00e9sister \u00e0 un trafic intense et \u00e0 des conditions environnementales difficiles, en conservant leurs propri\u00e9t\u00e9s r\u00e9fl\u00e9chissantes sur de longues p\u00e9riodes. Cette durabilit\u00e9 r\u00e9duit la fr\u00e9quence de l'entretien et assure la rentabilit\u00e9 des projets de marquage routier.<\/p>\n\n\n\n<h3 class=\"wp-block-heading\"><strong>Respect des normes<\/strong><\/h3>\n\n\n\n<p>Fabriqu\u00e9es conform\u00e9ment aux normes JIS R 3301, ces billes r\u00e9pondent \u00e0 des exigences de qualit\u00e9 strictes, garantissant coh\u00e9rence et fiabilit\u00e9 dans les applications de s\u00e9curit\u00e9 routi\u00e8re. La conformit\u00e9 aux normes simplifie \u00e9galement les processus d'approbation des projets de marquage routier.<\/p>\n\n\n\n<h3 class=\"wp-block-heading\"><strong>Polyvalence d'application<\/strong><\/h3>\n\n\n\n<p>Les billes de verre intermix JIS R 3301 sont compatibles avec divers types de peintures et de mat\u00e9riaux de marquage routier, y compris les thermoplastiques et les plastiques froids. Cette polyvalence permet des m\u00e9thodes d'application flexibles tout en maintenant des niveaux \u00e9lev\u00e9s de r\u00e9flectivit\u00e9 et de durabilit\u00e9.<\/p>\n\n\n\n<h2 class=\"wp-block-heading\"><strong>Caract\u00e9ristiques des perles de verre intermix JIS R 3301<\/strong><\/h2>\n\n\n\n<h3 class=\"wp-block-heading\"><strong>R\u00e9flectivit\u00e9 et uniformit\u00e9 \u00e9lev\u00e9es<\/strong><\/h3>\n\n\n\n<p>Ces billes sont r\u00e9put\u00e9es pour leur haute r\u00e9flectivit\u00e9, assurant une visibilit\u00e9 sup\u00e9rieure des marquages routiers dans diverses conditions d'\u00e9clairage. En outre, la distribution uniforme de la taille des particules minimise les irr\u00e9gularit\u00e9s de la surface, ce qui am\u00e9liore l'attrait esth\u00e9tique des marquages routiers.<\/p>\n\n\n\n<h3 class=\"wp-block-heading\"><strong>Consid\u00e9rations environnementales<\/strong><\/h3>\n\n\n\n<p>Fabriqu\u00e9es \u00e0 partir de mat\u00e9riaux respectueux de l'environnement, tels que le verre recycl\u00e9, les billes de verre intermix JIS R 3301 soutiennent les pratiques durables dans la construction et l'entretien des routes. Leur composition respectueuse de l'environnement s'aligne sur les efforts mondiaux visant \u00e0 r\u00e9duire l'impact sur l'environnement.<\/p>\n\n\n\n<h3 class=\"wp-block-heading\"><strong>Facilit\u00e9 d'application<\/strong><\/h3>\n\n\n\n<p>Leur conception intermix permet une incorporation facile dans divers mat\u00e9riaux de marquage routier, assurant une dispersion uniforme et une r\u00e9flectivit\u00e9 maximale. Cette facilit\u00e9 d'application am\u00e9liore l'efficacit\u00e9 op\u00e9rationnelle des projets de marquage routier.<\/p>\n\n\n\n<h2 class=\"wp-block-heading\"><strong>FAQ sur les perles de verre JIS R 3301 Intermix<\/strong><\/h2>\n\n\n\n<p><strong>Que sont les perles de verre intermix JIS R 3301 ?<\/strong><\/p>\n\n\n\n<p>Il s'agit de billes de verre hautement r\u00e9fl\u00e9chissantes utilis\u00e9es dans les marquages routiers pour am\u00e9liorer la visibilit\u00e9, en particulier la nuit.<\/p>\n\n\n\n<p><strong>Comment ces perles am\u00e9liorent-elles la s\u00e9curit\u00e9 routi\u00e8re ?<\/strong><\/p>\n\n\n\n<p>En r\u00e9fl\u00e9chissant la lumi\u00e8re des phares des v\u00e9hicules, ils rendent les marquages routiers plus visibles, r\u00e9duisant ainsi la probabilit\u00e9 d'accidents.<\/p>\n\n\n\n<p><strong>Les perles JIS R 3301 sont-elles durables ?<\/strong><\/p>\n\n\n\n<p>Oui, ils sont con\u00e7us pour r\u00e9sister \u00e0 l'usure due \u00e0 la circulation et aux conditions m\u00e9t\u00e9orologiques d\u00e9favorables, en conservant leurs propri\u00e9t\u00e9s r\u00e9fl\u00e9chissantes au fil du temps.<\/p>\n\n\n\n<p><strong>O\u00f9 puis-je acheter des perles de verre intermix JIS R 3301 ?<\/strong><\/p>\n\n\n\n<p>Les principaux fournisseurs sont Swarco, Potters Industries, Jinan Jingyu Glass Bead Co. et 3M Traffic Safety Systems.<\/p>\n\n\n\n<p><strong>Quelles sont les tailles disponibles pour les perles JIS R 3301 ?<\/strong><\/p>\n\n\n\n<p>Ils vont de 75 \u00b5m \u00e0 850 \u00b5m, ce qui permet de r\u00e9pondre aux diff\u00e9rentes exigences en mati\u00e8re de marquage routier.<\/p>\n\n\n\n<p><strong>Les perles JIS R 3301 sont-elles conformes aux normes japonaises ?<\/strong><\/p>\n\n\n\n<p>Oui, ils sont conformes aux normes JIS R 3301, ce qui garantit la qualit\u00e9 et la performance des applications de marquage routier.<\/p>","protected":false},"excerpt":{"rendered":"<p>Ces billes de verre haute performance sont conformes aux sp\u00e9cifications JIS R 3301, garantissant une r\u00e9flectivit\u00e9 et une durabilit\u00e9 sup\u00e9rieures. Elles sont con\u00e7ues pour des performances de premier ordre dans les applications de marquage routier, offrant des r\u00e9sultats fiables et constants.<\/p>","protected":false},"featured_media":1460,"parent":0,"template":"","meta":{"_acf_changed":false,"_kad_blocks_custom_css":"","_kad_blocks_head_custom_js":"","_kad_blocks_body_custom_js":"","_kad_blocks_footer_custom_js":"","_kad_post_transparent":"","_kad_post_title":"","_kad_post_layout":"","_kad_post_sidebar_id":"","_kad_post_content_style":"","_kad_post_vertical_padding":"","_kad_post_feature":"","_kad_post_feature_position":"","_kad_post_header":false,"_kad_post_footer":false,"_kad_post_classname":""},"product-category":[2],"class_list":["post-778","product","type-product","status-publish","has-post-thumbnail","hentry","product-category-road-marking-glass-beads"],"acf":[],"taxonomy_info":{"product-category":[{"value":2,"label":"Road Marking Glass Beads"}]},"featured_image_src_large":["https:\/\/lanxingco.com\/wp-content\/uploads\/2024\/07\/JIS-R-3301-Intermix-Glass-Beads.jpg",700,700,false],"author_info":[],"comment_info":"","_links":{"self":[{"href":"https:\/\/lanxingco.com\/fr\/wp-json\/wp\/v2\/product\/778","targetHints":{"allow":["GET"]}}],"collection":[{"href":"https:\/\/lanxingco.com\/fr\/wp-json\/wp\/v2\/product"}],"about":[{"href":"https:\/\/lanxingco.com\/fr\/wp-json\/wp\/v2\/types\/product"}],"wp:featuredmedia":[{"embeddable":true,"href":"https:\/\/lanxingco.com\/fr\/wp-json\/wp\/v2\/media\/1460"}],"wp:attachment":[{"href":"https:\/\/lanxingco.com\/fr\/wp-json\/wp\/v2\/media?parent=778"}],"wp:term":[{"taxonomy":"product-category","embeddable":true,"href":"https:\/\/lanxingco.com\/fr\/wp-json\/wp\/v2\/product-category?post=778"}],"curies":[{"name":"wp","href":"https:\/\/api.w.org\/{rel}","templated":true}]}}