{"id":776,"date":"2024-06-21T07:50:47","date_gmt":"2024-06-21T07:50:47","guid":{"rendered":"https:\/\/lanxing.easiwin.com\/?post_type=product&#038;p=776"},"modified":"2024-07-15T08:48:24","modified_gmt":"2024-07-15T08:48:24","slug":"en1424-intermix-glass-beads","status":"publish","type":"product","link":"https:\/\/lanxingco.com\/fr\/product\/en1424-intermix-glass-beads\/","title":{"rendered":"EN1424 Intermix perles de verre"},"content":{"rendered":"<h2 class=\"wp-block-heading\"><strong>Aper\u00e7u de la norme EN1424 Intermix Glass Beads<\/strong><\/h2>\n\n\n\n<p>Les billes de verre intermix EN1424 sont un type sp\u00e9cialis\u00e9 de mat\u00e9riau r\u00e9fl\u00e9chissant largement utilis\u00e9 dans les applications de marquage routier. Elles jouent un r\u00f4le essentiel en garantissant la visibilit\u00e9 des marquages routiers dans toutes les conditions, en particulier la nuit ou dans des situations de faible luminosit\u00e9. Fabriqu\u00e9es conform\u00e9ment aux normes europ\u00e9ennes (EN1424), ces billes de verre sont connues pour leur haute r\u00e9flectivit\u00e9 et leur durabilit\u00e9.<\/p>\n\n\n\n<h2 class=\"wp-block-heading\">Sp\u00e9cifications et donn\u00e9es techniques<\/h2>\n\n\n\n<figure class=\"wp-block-table\"><table><thead><tr><th><strong>Param\u00e8tres<\/strong><\/th><th><strong>D\u00e9tails<\/strong><\/th><\/tr><\/thead><tbody><tr><td><strong>Composition<\/strong><\/td><td>Verre de haute qualit\u00e9<\/td><\/tr><tr><td><strong>Apparence<\/strong><\/td><td>Transparent, incolore<\/td><\/tr><tr><td><strong>Forme<\/strong><\/td><td>Sph\u00e9rique<\/td><\/tr><tr><td><strong>Indice de r\u00e9fraction<\/strong><\/td><td>\u22651.5<\/td><\/tr><tr><td><strong>Gamme de tailles<\/strong><\/td><td>53 &amp;#8211 ; 1180 microns<\/td><\/tr><tr><td><strong>Rondeur<\/strong><\/td><td>\u226580<\/td><\/tr><tr><td><strong>Duret\u00e9<\/strong><\/td><td>6-7 Moh&#8217;s<\/td><\/tr><tr><td><strong>Types de rev\u00eatement<\/strong><\/td><td>Rev\u00eatement r\u00e9sistant \u00e0 l'humidit\u00e9, rev\u00eatement de flottaison, rev\u00eatement d'adh\u00e9rence<\/td><\/tr><tr><td><strong>M\u00e9thode d'application<\/strong><\/td><td>M\u00e9lang\u00e9 directement \u00e0 la peinture<\/td><\/tr><tr><td><strong>Durabilit\u00e9<\/strong><\/td><td>Maintient la r\u00e9flectivit\u00e9 pendant 1 &amp;#8211 ; 3 ans en fonction de l'utilisation<\/td><\/tr><tr><td><strong>Normes<\/strong><\/td><td>EN 1424<\/td><\/tr><\/tbody><\/table><\/figure>\n\n\n\n<h2 class=\"wp-block-heading\"><strong>Avantages des billes de verre intermix EN1424<\/strong><\/h2>\n\n\n\n<h3 class=\"wp-block-heading\"><strong>Visibilit\u00e9 nocturne am\u00e9lior\u00e9e<\/strong><\/h3>\n\n\n\n<p>Les billes de verre intermix EN1424 am\u00e9liorent consid\u00e9rablement la visibilit\u00e9 nocturne des marquages routiers en r\u00e9fl\u00e9chissant la lumi\u00e8re vers les conducteurs. Cela am\u00e9liore la s\u00e9curit\u00e9 en rendant le marquage des voies et les panneaux de signalisation clairement visibles dans des conditions de faible luminosit\u00e9.<\/p>\n\n\n\n<h3 class=\"wp-block-heading\"><strong>Long\u00e9vit\u00e9 et durabilit\u00e9<\/strong><\/h3>\n\n\n\n<p>Ces billes de verre sont con\u00e7ues pour r\u00e9sister aux conditions m\u00e9t\u00e9orologiques difficiles et au trafic intense, en conservant leurs propri\u00e9t\u00e9s r\u00e9fl\u00e9chissantes sur une longue p\u00e9riode. Cette durabilit\u00e9 r\u00e9duit la fr\u00e9quence d'entretien et les co\u00fbts associ\u00e9s au re-marquage des routes.<\/p>\n\n\n\n<h3 class=\"wp-block-heading\"><strong>Respect des normes<\/strong><\/h3>\n\n\n\n<p>Les billes de verre intermix EN1424 sont conformes aux normes europ\u00e9ennes strictes, ce qui garantit qu'elles r\u00e9pondent aux exigences r\u00e9glementaires en mati\u00e8re de s\u00e9curit\u00e9 routi\u00e8re. Leur conformit\u00e9 facilite leur int\u00e9gration dans les projets de marquage routier \u00e0 travers l'Europe et au-del\u00e0.<\/p>\n\n\n\n<h3 class=\"wp-block-heading\"><strong>Polyvalence des applications<\/strong><\/h3>\n\n\n\n<p>Ils sont compatibles avec divers types de peintures de marquage routier, y compris les formulations \u00e0 base d'eau et de solvant. Cette polyvalence permet des m\u00e9thodes d'application flexibles tout en maintenant des niveaux \u00e9lev\u00e9s de r\u00e9flectivit\u00e9 et de durabilit\u00e9.<\/p>\n\n\n\n<h2 class=\"wp-block-heading\"><strong>Caract\u00e9ristiques des perles de verre Intermix EN1424<\/strong><\/h2>\n\n\n\n<h3 class=\"wp-block-heading\"><strong>Haute r\u00e9flectivit\u00e9<\/strong><\/h3>\n\n\n\n<p>Les billes de verre intermix EN1424 sont r\u00e9put\u00e9es pour leur r\u00e9flectivit\u00e9 exceptionnelle, maximisant la visibilit\u00e9 des marquages routiers dans diverses conditions d'\u00e9clairage. Cette caract\u00e9ristique renforce la vigilance du conducteur et am\u00e9liore la s\u00e9curit\u00e9 routi\u00e8re dans son ensemble.<\/p>\n\n\n\n<h3 class=\"wp-block-heading\"><strong>Distribution uniforme de la taille des particules<\/strong><\/h3>\n\n\n\n<p>Fabriqu\u00e9es avec un contr\u00f4le pr\u00e9cis de la distribution de la taille des particules, ces billes garantissent des performances constantes dans toutes les applications de marquage routier. L'uniformit\u00e9 minimise le risque de r\u00e9flectivit\u00e9 in\u00e9gale et am\u00e9liore l'esth\u00e9tique des marquages routiers.<\/p>\n\n\n\n<h3 class=\"wp-block-heading\"><strong>Consid\u00e9rations environnementales<\/strong><\/h3>\n\n\n\n<p>Fabriqu\u00e9es \u00e0 partir de mat\u00e9riaux respectueux de l'environnement, tels que le verre recycl\u00e9, les billes de verre intermix EN1424 soutiennent les pratiques de marquage routier durable. Leur composition respectueuse de l'environnement s'aligne sur les efforts mondiaux visant \u00e0 r\u00e9duire l'impact environnemental des projets de construction et d'infrastructure.<\/p>\n\n\n\n<h2 class=\"wp-block-heading\"><strong>FAQ sur la norme EN1424 Intermix Glass Beads<\/strong><\/h2>\n\n\n\n<p><strong>Que sont les perles de verre intermix EN1424 ?<\/strong><\/p>\n\n\n\n<p>Il s'agit de billes de verre hautement r\u00e9fl\u00e9chissantes utilis\u00e9es dans les marquages routiers pour am\u00e9liorer la visibilit\u00e9, en particulier la nuit.<\/p>\n\n\n\n<p><strong>Comment les perles EN1424 am\u00e9liorent-elles la s\u00e9curit\u00e9 routi\u00e8re ?<\/strong><\/p>\n\n\n\n<p>En r\u00e9fl\u00e9chissant la lumi\u00e8re des phares des v\u00e9hicules, ils rendent les marquages routiers plus visibles dans des conditions de faible luminosit\u00e9, r\u00e9duisant ainsi le risque d'accident.<\/p>\n\n\n\n<p><strong>Les billes de verre intermix EN1424 sont-elles durables ?<\/strong><\/p>\n\n\n\n<p>Oui, ils sont con\u00e7us pour r\u00e9sister \u00e0 l'usure due \u00e0 la circulation et aux conditions m\u00e9t\u00e9orologiques d\u00e9favorables, en conservant leurs propri\u00e9t\u00e9s r\u00e9fl\u00e9chissantes au fil du temps.<\/p>\n\n\n\n<p><strong>O\u00f9 puis-je acheter des perles de verre intermix EN1424 ?<\/strong><\/p>\n\n\n\n<p>Les principaux fournisseurs sont Potters Industries, Swarco, Jinan Jingyu Glass Bead Co. et 3M Traffic Safety Systems.<\/p>\n\n\n\n<p><strong>Quelles sont les tailles disponibles pour les perles EN1424 ?<\/strong><\/p>\n\n\n\n<p>Ils vont de 150 \u00b5m \u00e0 850 \u00b5m, ce qui permet de r\u00e9pondre aux diff\u00e9rentes exigences en mati\u00e8re de marquage routier.<\/p>\n\n\n\n<p><strong>Les perles EN1424 sont-elles conformes aux normes europ\u00e9ennes ?<\/strong><\/p>\n\n\n\n<p>Oui, ils sont conformes aux normes EN1424, ce qui garantit la qualit\u00e9 et la performance des applications de marquage routier.<\/p>","protected":false},"excerpt":{"rendered":"<p>Con\u00e7ues pour r\u00e9pondre aux normes europ\u00e9ennes EN1424, nos billes de verre intermix EN1424 offrent une excellente visibilit\u00e9 et une grande durabilit\u00e9. Ces billes constituent un marquage routier durable qui r\u00e9siste aux exigences d'un trafic intense et aux conditions m\u00e9t\u00e9orologiques d\u00e9favorables.<\/p>","protected":false},"featured_media":1685,"parent":0,"template":"","meta":{"_acf_changed":false,"_kad_blocks_custom_css":"","_kad_blocks_head_custom_js":"","_kad_blocks_body_custom_js":"","_kad_blocks_footer_custom_js":"","_kad_post_transparent":"","_kad_post_title":"","_kad_post_layout":"","_kad_post_sidebar_id":"","_kad_post_content_style":"","_kad_post_vertical_padding":"","_kad_post_feature":"","_kad_post_feature_position":"","_kad_post_header":false,"_kad_post_footer":false,"_kad_post_classname":""},"product-category":[2],"class_list":["post-776","product","type-product","status-publish","has-post-thumbnail","hentry","product-category-road-marking-glass-beads"],"acf":[],"taxonomy_info":{"product-category":[{"value":2,"label":"Road Marking Glass Beads"}]},"featured_image_src_large":["https:\/\/lanxingco.com\/wp-content\/uploads\/2024\/07\/EN1424-Intermix-Glass-Beads-1.jpg",700,700,false],"author_info":[],"comment_info":"","_links":{"self":[{"href":"https:\/\/lanxingco.com\/fr\/wp-json\/wp\/v2\/product\/776","targetHints":{"allow":["GET"]}}],"collection":[{"href":"https:\/\/lanxingco.com\/fr\/wp-json\/wp\/v2\/product"}],"about":[{"href":"https:\/\/lanxingco.com\/fr\/wp-json\/wp\/v2\/types\/product"}],"wp:featuredmedia":[{"embeddable":true,"href":"https:\/\/lanxingco.com\/fr\/wp-json\/wp\/v2\/media\/1685"}],"wp:attachment":[{"href":"https:\/\/lanxingco.com\/fr\/wp-json\/wp\/v2\/media?parent=776"}],"wp:term":[{"taxonomy":"product-category","embeddable":true,"href":"https:\/\/lanxingco.com\/fr\/wp-json\/wp\/v2\/product-category?post=776"}],"curies":[{"name":"wp","href":"https:\/\/api.w.org\/{rel}","templated":true}]}}