{"id":772,"date":"2024-06-21T07:37:45","date_gmt":"2024-06-21T07:37:45","guid":{"rendered":"https:\/\/lanxing.easiwin.com\/?post_type=product&#038;p=772"},"modified":"2024-11-17T02:58:18","modified_gmt":"2024-11-17T02:58:18","slug":"aashto-m247-i-intermix-glass-beads-2","status":"publish","type":"product","link":"https:\/\/lanxingco.com\/fr\/product\/aashto-m247-i-intermix-glass-beads-2\/","title":{"rendered":"AASHTO M247-I Billes de verre intermixtes"},"content":{"rendered":"<h2 class=\"wp-block-heading\"><strong>Vue d'ensemble des billes de verre intermix AASHTO M247-I<\/strong><\/h2>\n\n\n\n<p>AASHTO M247-I Les billes de verre intermix sont utilis\u00e9es dans la peinture routi\u00e8re pour am\u00e9liorer la visibilit\u00e9 nocturne des marquages routiers. Ces minuscules billes sph\u00e9riques r\u00e9fl\u00e9chissent la lumi\u00e8re des phares des v\u00e9hicules vers le conducteur, ce qui rend les marquages routiers beaucoup plus faciles \u00e0 voir dans l'obscurit\u00e9. Fabriqu\u00e9es selon les sp\u00e9cifications strictes de l'American Association of State Highway and Transportation Officials (AASHTO), ces billes garantissent une qualit\u00e9 et des performances constantes.<\/p>\n\n\n\n<h2 class=\"wp-block-heading\">Sp\u00e9cifications et donn\u00e9es techniques<\/h2>\n\n\n\n<figure class=\"wp-block-table\"><table><thead><tr><th><strong>Param\u00e8tres<\/strong><\/th><th><strong>D\u00e9tails<\/strong><\/th><\/tr><\/thead><tbody><tr><td><strong>Composition<\/strong><\/td><td>Verre de haute qualit\u00e9<\/td><\/tr><tr><td><strong>Apparence<\/strong><\/td><td>Transparent, incolore<\/td><\/tr><tr><td><strong>Forme<\/strong><\/td><td>Sph\u00e9rique<\/td><\/tr><tr><td><strong>Indice de r\u00e9fraction<\/strong><\/td><td>\u22651.5<\/td><\/tr><tr><td><strong>Gamme de tailles<\/strong><\/td><td>53 &amp;#8211 ; 1180 microns<\/td><\/tr><tr><td><strong>Rondeur<\/strong><\/td><td>\u226580<\/td><\/tr><tr><td><strong>Duret\u00e9<\/strong><\/td><td>6-7 Moh&#8217;s<\/td><\/tr><tr><td><strong>Types de rev\u00eatement<\/strong><\/td><td>Rev\u00eatement r\u00e9sistant \u00e0 l'humidit\u00e9, rev\u00eatement de flottaison, rev\u00eatement d'adh\u00e9rence<\/td><\/tr><tr><td><strong>M\u00e9thode d'application<\/strong><\/td><td>M\u00e9lang\u00e9 directement \u00e0 la peinture<\/td><\/tr><tr><td><strong>Durabilit\u00e9<\/strong><\/td><td>Maintient la r\u00e9flectivit\u00e9 pendant 1 &amp;#8211 ; 3 ans en fonction de l'utilisation<\/td><\/tr><tr><td><strong>Normes<\/strong><\/td><td>AASHTO M247<\/td><\/tr><\/tbody><\/table><\/figure>\n\n\n\n<h2 class=\"wp-block-heading\"><strong>Avantages des billes de verre intermix AASHTO M247-I<\/strong><\/h2>\n\n\n\n<h3 class=\"wp-block-heading\"><strong>Visibilit\u00e9 nocturne am\u00e9lior\u00e9e<\/strong><\/h3>\n\n\n\n<p>Le principal avantage des billes de verre AASHTO M247-I Intermix est leur capacit\u00e9 \u00e0 am\u00e9liorer de mani\u00e8re significative la visibilit\u00e9 nocturne. En r\u00e9fl\u00e9chissant les phares des v\u00e9hicules, ces billes rendent les marquages routiers beaucoup plus visibles dans des conditions de faible luminosit\u00e9, am\u00e9liorant ainsi la s\u00e9curit\u00e9 routi\u00e8re.<\/p>\n\n\n\n<h3 class=\"wp-block-heading\"><strong>Durabilit\u00e9 et long\u00e9vit\u00e9<\/strong><\/h3>\n\n\n\n<p>Les billes de verre AASHTO M247-I sont con\u00e7ues pour r\u00e9sister aux conditions m\u00e9t\u00e9orologiques difficiles et \u00e0 l'usure constante due \u00e0 la circulation. Cette durabilit\u00e9 permet aux marquages routiers de rester r\u00e9fl\u00e9chissants et efficaces plus longtemps, ce qui r\u00e9duit la fr\u00e9quence de l'entretien.<\/p>\n\n\n\n<h3 class=\"wp-block-heading\"><strong>Rapport co\u00fbt-efficacit\u00e9<\/strong><\/h3>\n\n\n\n<p>Si le co\u00fbt initial des billes de verre de haute qualit\u00e9 peut \u00eatre plus \u00e9lev\u00e9, leur long\u00e9vit\u00e9 et les exigences r\u00e9duites en mati\u00e8re d'entretien en font une solution rentable \u00e0 long terme. Elles offrent un meilleur retour sur investissement que les solutions moins co\u00fbteuses et de moindre qualit\u00e9.<\/p>\n\n\n\n<h3 class=\"wp-block-heading\"><strong>Respect des normes<\/strong><\/h3>\n\n\n\n<p>L'utilisation des billes de verre AASHTO M247-I Intermix garantit la conformit\u00e9 aux normes reconnues, ce qui est crucial pour les projets de routes publiques. Cette conformit\u00e9 garantit non seulement la performance, mais facilite \u00e9galement les processus d'approbation des projets de marquage routier.<\/p>\n\n\n\n<h2 class=\"wp-block-heading\"><strong>Caract\u00e9ristiques des billes de verre intermix AASHTO M247-I<\/strong><\/h2>\n\n\n\n<h3 class=\"wp-block-heading\"><strong>Haute r\u00e9flectivit\u00e9<\/strong><\/h3>\n\n\n\n<p>L'une des caract\u00e9ristiques principales de ces billes de verre est leur haute r\u00e9flectivit\u00e9. Cette caract\u00e9ristique est essentielle pour am\u00e9liorer la visibilit\u00e9 des marquages routiers la nuit et par mauvais temps, afin que les conducteurs puissent voir les marquages des voies, les passages pour pi\u00e9tons et d'autres indicateurs importants.<\/p>\n\n\n\n<h3 class=\"wp-block-heading\"><strong>Une qualit\u00e9 constante<\/strong><\/h3>\n\n\n\n<p>Fabriqu\u00e9es pour r\u00e9pondre aux normes strictes de l'AASHTO, ces billes de verre offrent une qualit\u00e9 constante. Cette constance est essentielle pour les projets \u00e0 grande \u00e9chelle o\u00f9 des performances uniformes sont n\u00e9cessaires pour tous les marquages routiers.<\/p>\n\n\n\n<h3 class=\"wp-block-heading\"><strong>Polyvalence<\/strong><\/h3>\n\n\n\n<p>Les billes de verre AASHTO M247-I Intermix peuvent \u00eatre utilis\u00e9es dans divers types de peintures routi\u00e8res et de mat\u00e9riaux de marquage. Que vous travailliez avec des peintures \u00e0 l'eau, au solvant ou thermoplastiques, ces billes s'int\u00e8grent parfaitement, offrant le m\u00eame niveau de r\u00e9flectivit\u00e9 et de durabilit\u00e9.<\/p>\n\n\n\n<h3 class=\"wp-block-heading\"><strong>Respect de l'environnement<\/strong><\/h3>\n\n\n\n<p>Fabriqu\u00e9es \u00e0 partir de verre recycl\u00e9, ces billes contribuent aux efforts de durabilit\u00e9 dans la construction et l'entretien des routes. Leur nature \u00e9cologique en fait un choix privil\u00e9gi\u00e9 pour les projets soucieux de l'environnement.<\/p>\n\n\n\n<h2 class=\"wp-block-heading\"><strong>FAQ sur les billes de verre intermix AASHTO M247-I<\/strong><\/h2>\n\n\n\n<p><strong>Que sont les billes de verre AASHTO M247-I Intermix ?<\/strong><\/p>\n\n\n\n<p>Il s'agit de billes de verre r\u00e9fl\u00e9chissantes utilis\u00e9es dans les marquages routiers pour am\u00e9liorer la visibilit\u00e9, en particulier la nuit.<\/p>\n\n\n\n<p><strong>Pourquoi ces perles sont-elles importantes pour la s\u00e9curit\u00e9 routi\u00e8re ?<\/strong><\/p>\n\n\n\n<p>Ils r\u00e9fl\u00e9chissent les phares vers le conducteur et rendent les marquages routiers visibles dans des conditions de faible luminosit\u00e9.<\/p>\n\n\n\n<p><strong>Comment ces perles sont-elles appliqu\u00e9es ?<\/strong><\/p>\n\n\n\n<p>Ils sont g\u00e9n\u00e9ralement m\u00e9lang\u00e9s \u00e0 la peinture routi\u00e8re ou appliqu\u00e9s \u00e0 la peinture humide lors du marquage des routes.<\/p>\n\n\n\n<p><strong>Quelles sont les tailles disponibles ?<\/strong><\/p>\n\n\n\n<p>Ils vont de 212 \u00b5m \u00e0 850 \u00b5m, ce qui permet de r\u00e9pondre aux besoins de diverses applications.<\/p>\n\n\n\n<p><strong>Les billes AASHTO M247-I sont-elles respectueuses de l'environnement ?<\/strong><\/p>\n\n\n\n<p>Oui, ils sont fabriqu\u00e9s \u00e0 partir de verre recycl\u00e9, ce qui contribue au d\u00e9veloppement durable.<\/p>\n\n\n\n<p><strong>Ces perles peuvent-elles r\u00e9sister aux intemp\u00e9ries ?<\/strong><\/p>\n\n\n\n<p>Oui, ils sont con\u00e7us pour \u00eatre durables et r\u00e9sister \u00e0 l'usure due \u00e0 la circulation et aux conditions m\u00e9t\u00e9orologiques.<\/p>","protected":false},"excerpt":{"rendered":"<p>Fabriqu\u00e9es selon les sp\u00e9cifications AASHTO M247-I, ces billes de verre offrent une qualit\u00e9 et une fiabilit\u00e9 exceptionnelles. Elles garantissent un marquage routier clair et durable, offrant d'excellentes performances et une grande long\u00e9vit\u00e9 pour tous les besoins de marquage routier.<\/p>","protected":false},"featured_media":1673,"parent":0,"template":"","meta":{"_acf_changed":false,"_kad_blocks_custom_css":"","_kad_blocks_head_custom_js":"","_kad_blocks_body_custom_js":"","_kad_blocks_footer_custom_js":"","_kad_post_transparent":"","_kad_post_title":"","_kad_post_layout":"","_kad_post_sidebar_id":"","_kad_post_content_style":"","_kad_post_vertical_padding":"","_kad_post_feature":"","_kad_post_feature_position":"","_kad_post_header":false,"_kad_post_footer":false,"_kad_post_classname":""},"product-category":[2],"class_list":["post-772","product","type-product","status-publish","has-post-thumbnail","hentry","product-category-road-marking-glass-beads"],"acf":[],"taxonomy_info":{"product-category":[{"value":2,"label":"Road Marking Glass Beads"}]},"featured_image_src_large":["https:\/\/lanxingco.com\/wp-content\/uploads\/2024\/07\/AASHTO-M247-I-Intermix-Glass-Beads-1.jpg",700,700,false],"author_info":[],"comment_info":"","_links":{"self":[{"href":"https:\/\/lanxingco.com\/fr\/wp-json\/wp\/v2\/product\/772","targetHints":{"allow":["GET"]}}],"collection":[{"href":"https:\/\/lanxingco.com\/fr\/wp-json\/wp\/v2\/product"}],"about":[{"href":"https:\/\/lanxingco.com\/fr\/wp-json\/wp\/v2\/types\/product"}],"wp:featuredmedia":[{"embeddable":true,"href":"https:\/\/lanxingco.com\/fr\/wp-json\/wp\/v2\/media\/1673"}],"wp:attachment":[{"href":"https:\/\/lanxingco.com\/fr\/wp-json\/wp\/v2\/media?parent=772"}],"wp:term":[{"taxonomy":"product-category","embeddable":true,"href":"https:\/\/lanxingco.com\/fr\/wp-json\/wp\/v2\/product-category?post=772"}],"curies":[{"name":"wp","href":"https:\/\/api.w.org\/{rel}","templated":true}]}}