{"id":72,"date":"2024-06-17T01:11:35","date_gmt":"2024-06-17T01:11:35","guid":{"rendered":"https:\/\/lanxing.easiwin.com\/?post_type=product&#038;p=72"},"modified":"2024-07-15T08:45:43","modified_gmt":"2024-07-15T08:45:43","slug":"all-weather-elements","status":"publish","type":"product","link":"https:\/\/lanxingco.com\/fr\/product\/all-weather-elements\/","title":{"rendered":"\u00c9l\u00e9ments tout temps"},"content":{"rendered":"<h2 class=\"wp-block-heading\">Vue d'ensemble de tous les \u00e9l\u00e9ments m\u00e9t\u00e9orologiques<\/h2>\n\n\n\n<p>All Weather Elements est un mat\u00e9riau sp\u00e9cialis\u00e9 con\u00e7u pour les applications de marquage routier, con\u00e7u pour r\u00e9sister aux diff\u00e9rentes conditions m\u00e9t\u00e9orologiques et am\u00e9liorer la visibilit\u00e9 pour les conducteurs. Il est formul\u00e9 pour maintenir des performances optimales m\u00eame dans des environnements difficiles, qu'il s'agisse de conditions s\u00e8ches, humides ou pluvieuses.<\/p>\n\n\n\n<h2 class=\"wp-block-heading\">Sp\u00e9cifications et donn\u00e9es techniques<\/h2>\n\n\n\n<figure class=\"wp-block-table\"><table><thead><tr><th><strong>Param\u00e8tres<\/strong><\/th><th><strong>D\u00e9tails<\/strong><\/th><\/tr><\/thead><tbody><tr><td><strong>Composition<\/strong><\/td><td>\u00e9l\u00e9ment en c\u00e9ramique avec verre optique<\/td><\/tr><tr><td><strong>Apparence<\/strong><\/td><td>\u00e9l\u00e9ment en c\u00e9ramique<\/td><\/tr><tr><td><strong>Forme<\/strong><\/td><td>Sph\u00e9rique<\/td><\/tr><tr><td><strong>Indice de r\u00e9fraction<\/strong><\/td><td>1.9 &#8211; 2.4<\/td><\/tr><tr><td><strong>Gamme de tailles<\/strong><\/td><td>600 &amp;#8211 ; 1700 microns<\/td><\/tr><tr><td><strong>Rondeur<\/strong><\/td><td>\u226590<\/td><\/tr><tr><td><strong>Couleur disponible<\/strong><\/td><td>Blanc, jaune, rouge, vert, bleu<\/td><\/tr><tr><td><strong>Normes<\/strong><\/td><td>D\u00e9passer les diff\u00e9rentes normes internationales, en garantissant une qualit\u00e9 et des performances \u00e9lev\u00e9es<\/td><\/tr><\/tbody><\/table><\/figure>\n\n\n\n<h2 class=\"wp-block-heading\">Applications de tous les \u00e9l\u00e9ments m\u00e9t\u00e9orologiques<\/h2>\n\n\n\n<p><\/p>\n\n\n\n<h3 class=\"wp-block-heading\">Marquage routier<\/h3>\n\n\n\n<ul class=\"wp-block-list\">\n<li><strong>Marquage des voies<\/strong>: Am\u00e9liore la visibilit\u00e9 des s\u00e9parateurs de voies et des voies de circulation.<\/li>\n\n\n\n<li><strong>Autoroutes<\/strong>: Fournit des orientations claires et des mesures de s\u00e9curit\u00e9 pour la circulation \u00e0 grande vitesse.<\/li>\n\n\n\n<li><strong>Piste de l'a\u00e9roport :<\/strong> assurer une bonne visibilit\u00e9 et un bon guidage lors du d\u00e9collage et de l'atterrissage de l'avion.<\/li>\n\n\n\n<li><strong>Zones industrielles<\/strong>: Marquage pour les entrep\u00f4ts, les usines et les quais de chargement o\u00f9 la visibilit\u00e9 est cruciale pour la s\u00e9curit\u00e9 et l'efficacit\u00e9.<\/li>\n<\/ul>\n\n\n\n<h2 class=\"wp-block-heading\">Questions fr\u00e9quemment pos\u00e9es<\/h2>\n\n\n\n<p><strong>Q : <strong>Qu'est-ce qui diff\u00e9rencie les \u00e9l\u00e9ments All Weather Elements des mat\u00e9riaux de marquage routier standard ?<\/strong>?<\/strong><br>R : All Weather Element est sp\u00e9cifiquement formul\u00e9 pour maintenir la visibilit\u00e9 et la durabilit\u00e9 dans un large \u00e9ventail de conditions m\u00e9t\u00e9orologiques, que ce soit dans des conditions s\u00e8ches, humides ou pluvieuses.<\/p>\n\n\n\n<p><strong>Q : <strong>Les produits All Weather Elements sont-ils plus chers ?<\/strong>?<\/strong><br>R : Dans un premier temps, oui. Toutefois, leur durabilit\u00e9 et leurs faibles co\u00fbts d'entretien les rendent rentables au fil du temps.<\/p>\n\n\n\n<p><strong>Q : <strong>Puis-je utiliser les produits All Weather Elements dans <strong>climats froids<\/strong>?<\/strong><\/strong><br>R : Oui, ils sont con\u00e7us pour bien fonctionner dans les climats froids, r\u00e9sistant aux craquelures et au d\u00e9collement caus\u00e9s par les temp\u00e9ratures glaciales.<\/p>\n\n\n\n<p><strong>Q : <strong>All Weather Elements r\u00e9pond-il aux normes internationales ?<\/strong><\/strong><br>R : Oui, les produits r\u00e9pondent \u00e0 de nombreuses normes internationales.<\/p>","protected":false},"excerpt":{"rendered":"<p> Mat\u00e9riaux con\u00e7us pour r\u00e9sister \u00e0 diverses conditions m\u00e9t\u00e9orologiques sans se d\u00e9grader, garantissant la durabilit\u00e9 des applications ext\u00e9rieures telles que la construction et l'infrastructure.<\/p>","protected":false},"featured_media":1675,"parent":0,"template":"","meta":{"_acf_changed":true,"_kad_blocks_custom_css":"","_kad_blocks_head_custom_js":"","_kad_blocks_body_custom_js":"","_kad_blocks_footer_custom_js":"","_kad_post_transparent":"","_kad_post_title":"","_kad_post_layout":"","_kad_post_sidebar_id":"","_kad_post_content_style":"","_kad_post_vertical_padding":"","_kad_post_feature":"","_kad_post_feature_position":"","_kad_post_header":false,"_kad_post_footer":false,"_kad_post_classname":""},"product-category":[2],"class_list":["post-72","product","type-product","status-publish","has-post-thumbnail","hentry","product-category-road-marking-glass-beads"],"acf":[],"taxonomy_info":{"product-category":[{"value":2,"label":"Road Marking Glass Beads"}]},"featured_image_src_large":["https:\/\/lanxingco.com\/wp-content\/uploads\/2024\/07\/All-Weather-element-white-1.jpg",700,700,false],"author_info":[],"comment_info":"","_links":{"self":[{"href":"https:\/\/lanxingco.com\/fr\/wp-json\/wp\/v2\/product\/72","targetHints":{"allow":["GET"]}}],"collection":[{"href":"https:\/\/lanxingco.com\/fr\/wp-json\/wp\/v2\/product"}],"about":[{"href":"https:\/\/lanxingco.com\/fr\/wp-json\/wp\/v2\/types\/product"}],"wp:featuredmedia":[{"embeddable":true,"href":"https:\/\/lanxingco.com\/fr\/wp-json\/wp\/v2\/media\/1675"}],"wp:attachment":[{"href":"https:\/\/lanxingco.com\/fr\/wp-json\/wp\/v2\/media?parent=72"}],"wp:term":[{"taxonomy":"product-category","embeddable":true,"href":"https:\/\/lanxingco.com\/fr\/wp-json\/wp\/v2\/product-category?post=72"}],"curies":[{"name":"wp","href":"https:\/\/api.w.org\/{rel}","templated":true}]}}