{"id":94,"date":"2024-06-17T01:51:12","date_gmt":"2024-06-17T01:51:12","guid":{"rendered":"https:\/\/lanxing.easiwin.com\/?post_type=product&#038;p=94"},"modified":"2024-07-15T08:45:54","modified_gmt":"2024-07-15T08:45:54","slug":"anti-skid-aggregates","status":"publish","type":"product","link":"https:\/\/lanxingco.com\/es\/product\/anti-skid-aggregates\/","title":{"rendered":"Antideslizante \u00c1ridos"},"content":{"rendered":"<h2 class=\"wp-block-heading\">Visi\u00f3n general de los agregados antideslizantes<\/h2>\n\n\n\n<p>Los \u00e1ridos antideslizantes, tambi\u00e9n conocidos como \u00e1ridos de fricci\u00f3n o materiales antideslizantes, son sustancias que se a\u00f1aden a las superficies de se\u00f1alizaci\u00f3n vial para mejorar la tracci\u00f3n y reducir el riesgo de resbalones, especialmente en condiciones de humedad o hielo. Ofrecemos una gran variedad de \u00e1ridos antideslizantes, como \u00e1ridos cer\u00e1micos y \u00e1ridos de arena de vidrio. Adem\u00e1s, podemos mezclar \u00e1ridos con nuestras microesferas de vidrio seg\u00fan la proporci\u00f3n indicada por el cliente, y suministrar la mezcla para satisfacer sus necesidades.<\/p>\n\n\n\n<h2 class=\"wp-block-heading\">Especificaciones y datos t\u00e9cnicos<\/h2>\n\n\n\n<figure class=\"wp-block-table\"><table><thead><tr><th><strong>Par\u00e1metro<\/strong><\/th><th><strong>Detalles<\/strong><\/th><\/tr><\/thead><tbody><tr><td><strong>Composici\u00f3n del material<\/strong><\/td><td>Cer\u00e1mica \/ vidrio<\/td><\/tr><tr><td><strong>Forma<\/strong><\/td><td>Angular o subangular<\/td><\/tr><tr><td><strong>Tama\u00f1o de las part\u00edculas<\/strong><\/td><td>1 &#8211; 2 mm, 2 &#8211; 3 mm, 3 &#8211; 4 mm (rangos comunes)<\/td><\/tr><tr><td><strong>Dureza (Mohs)<\/strong><\/td><td>\u2265 7<\/td><\/tr><tr><td><strong>Textura de la superficie<\/strong><\/td><td>\u00c1spero y anguloso<\/td><\/tr><tr><td><strong>Estabilidad qu\u00edmica<\/strong><\/td><td>Resistente a la intemperie y a los productos qu\u00edmicos<\/td><\/tr><tr><td><strong>Durabilidad<\/strong><\/td><td>Alta resistencia a la abrasi\u00f3n<\/td><\/tr><tr><td><strong>Normas<\/strong><\/td><td>Cumplen muchas normas internacionales.<\/td><\/tr><\/tbody><\/table><\/figure>\n\n\n\n<h2 class=\"wp-block-heading\">Ventajas de los \u00e1ridos antideslizantes<\/h2>\n\n\n\n<p>Los \u00e1ridos antideslizantes ofrecen importantes ventajas para mejorar la seguridad y el rendimiento de las carreteras:<\/p>\n\n\n\n<h3 class=\"wp-block-heading\">Ventajas<\/h3>\n\n\n\n<p><strong>1. Mejora de la tracci\u00f3n<\/strong>:<br>Aumenta la fricci\u00f3n entre los neum\u00e1ticos y la superficie de la carretera, reduciendo el riesgo de derrape, especialmente en condiciones h\u00famedas o heladas.<\/p>\n\n\n\n<p><strong>2. Mayor durabilidad<\/strong>:<br>Proporciona una resistencia al deslizamiento duradera, manteniendo la eficacia durante periodos prolongados.<\/p>\n\n\n\n<p><strong>3. Soluci\u00f3n rentable<\/strong>:<br>Reduce los costes de mantenimiento al minimizar la frecuencia de las repavimentaciones y reparaciones.<\/p>\n\n\n\n<p><strong>4. Versatilidad<\/strong>:<br>Aplicable a varios tipos de carreteras, incluidas autopistas, carreteras rurales y calles urbanas.<\/p>\n\n\n\n<p><strong>5. Compatibilidad medioambiental<\/strong>:<br>La composici\u00f3n mineral natural garantiza un impacto medioambiental m\u00ednimo en comparaci\u00f3n con las alternativas sint\u00e9ticas.<\/p>\n\n\n\n<h2 class=\"wp-block-heading\">Caracter\u00edsticas de los \u00e1ridos antideslizantes<\/h2>\n\n\n\n<p>Los agregados antideslizantes se caracterizan por sus rasgos \u00fanicos que contribuyen a su eficacia y fiabilidad:<\/p>\n\n\n\n<ul class=\"wp-block-list\">\n<li><strong>Alto coeficiente de fricci\u00f3n<\/strong>: Proporciona un agarre superior en superficies de carretera, asegurando la estabilidad del veh\u00edculo.<\/li>\n\n\n\n<li><strong>Distribuci\u00f3n uniforme del tama\u00f1o de las part\u00edculas<\/strong>: Rendimiento coherente en diferentes escenarios de aplicaci\u00f3n.<\/li>\n\n\n\n<li><strong>Resistencia al pulido<\/strong>: Mantiene la textura rugosa de la superficie para una \u00f3ptima resistencia al deslizamiento.<\/li>\n\n\n\n<li><strong>Aplicaci\u00f3n sencilla<\/strong>: Compatible con los m\u00e9todos est\u00e1ndar de pavimentaci\u00f3n de carreteras, lo que facilita una integraci\u00f3n perfecta.<\/li>\n<\/ul>\n\n\n\n<h2 class=\"wp-block-heading\">Aplicaciones de los \u00e1ridos antideslizantes<\/h2>\n\n\n\n<p><\/p>\n\n\n\n<h3 class=\"wp-block-heading\">Aplicaciones de seguridad vial<\/h3>\n\n\n\n<ul class=\"wp-block-list\">\n<li><strong>Carreteras<\/strong>: Mejora la seguridad y reduce los accidentes al aumentar la fricci\u00f3n de la superficie de la carretera.<\/li>\n\n\n\n<li><strong>Puentes y t\u00faneles<\/strong>: Asegura la tracci\u00f3n en estructuras elevadas propensas a la acumulaci\u00f3n de humedad.<\/li>\n\n\n\n<li><strong>Aeropuertos<\/strong>: Proporciona una resistencia al deslizamiento fiable para pistas de aterrizaje y despegue y de rodaje de aeronaves.<\/li>\n\n\n\n<li><strong>Carriles bici<\/strong>: Aumenta la seguridad de los ciclistas al evitar que patinen en superficies mojadas o resbaladizas.<\/li>\n<\/ul>\n\n\n\n<h3 class=\"wp-block-heading\">Aplicaciones medioambientales<\/h3>\n\n\n\n<ul class=\"wp-block-list\">\n<li><strong>Control de la erosi\u00f3n<\/strong>: Mitiga la erosi\u00f3n del suelo en taludes y terraplenes.<\/li>\n\n\n\n<li><strong>Paisajismo<\/strong>: A\u00f1ade valor est\u00e9tico a la vez que mejora la seguridad en las zonas peatonales.<\/li>\n<\/ul>\n\n\n\n<h2 class=\"wp-block-heading\">Preguntas frecuentes<\/h2>\n\n\n\n<p><strong>P: \u00bfQu\u00e9 tipo de agregados antideslizantes tienen?<\/strong><br>R: Nuestros \u00e1ridos antideslizantes incluyen \u00e1ridos cer\u00e1micos y arenas v\u00edtreas.<\/p>\n\n\n\n<p><strong>P: \u00bfC\u00f3mo mejoran los \u00e1ridos antideslizantes la seguridad vial?<\/strong><br>R: Aumentan la fricci\u00f3n de la superficie, reduciendo la probabilidad de que los veh\u00edculos patinen, especialmente en condiciones meteorol\u00f3gicas adversas.<\/p>\n\n\n\n<p><strong>P: \u00bfPueden suministrar mezclas de perlas de vidrio y \u00e1ridos antideslizantes?<\/strong><br>R: S\u00ed, podemos mezclar las perlas de vidrio y los \u00e1ridos antideslizantes para usted.<\/p>","protected":false},"excerpt":{"rendered":"<p>Materiales que se a\u00f1aden a superficies como carreteras para mejorar la tracci\u00f3n y reducir el derrape. Aumentan la seguridad al incrementar el agarre de la superficie en distintas condiciones meteorol\u00f3gicas.<\/p>","protected":false},"featured_media":1677,"parent":0,"template":"","meta":{"_acf_changed":false,"_kad_blocks_custom_css":"","_kad_blocks_head_custom_js":"","_kad_blocks_body_custom_js":"","_kad_blocks_footer_custom_js":"","_kad_post_transparent":"","_kad_post_title":"","_kad_post_layout":"","_kad_post_sidebar_id":"","_kad_post_content_style":"","_kad_post_vertical_padding":"","_kad_post_feature":"","_kad_post_feature_position":"","_kad_post_header":false,"_kad_post_footer":false,"_kad_post_classname":""},"product-category":[6],"class_list":["post-94","product","type-product","status-publish","has-post-thumbnail","hentry","product-category-other-materials"],"acf":[],"taxonomy_info":{"product-category":[{"value":6,"label":"Other Materials"}]},"featured_image_src_large":["https:\/\/lanxingco.com\/wp-content\/uploads\/2024\/07\/Anti-Skid-Aggregates-ceramic-1.jpg",700,700,false],"author_info":[],"comment_info":"","_links":{"self":[{"href":"https:\/\/lanxingco.com\/es\/wp-json\/wp\/v2\/product\/94","targetHints":{"allow":["GET"]}}],"collection":[{"href":"https:\/\/lanxingco.com\/es\/wp-json\/wp\/v2\/product"}],"about":[{"href":"https:\/\/lanxingco.com\/es\/wp-json\/wp\/v2\/types\/product"}],"wp:featuredmedia":[{"embeddable":true,"href":"https:\/\/lanxingco.com\/es\/wp-json\/wp\/v2\/media\/1677"}],"wp:attachment":[{"href":"https:\/\/lanxingco.com\/es\/wp-json\/wp\/v2\/media?parent=94"}],"wp:term":[{"taxonomy":"product-category","embeddable":true,"href":"https:\/\/lanxingco.com\/es\/wp-json\/wp\/v2\/product-category?post=94"}],"curies":[{"name":"wp","href":"https:\/\/api.w.org\/{rel}","templated":true}]}}