{"id":89,"date":"2024-06-17T01:44:06","date_gmt":"2024-06-17T01:44:06","guid":{"rendered":"https:\/\/lanxing.easiwin.com\/?post_type=product&#038;p=89"},"modified":"2024-07-15T08:49:32","modified_gmt":"2024-07-15T08:49:32","slug":"oil-drilling-glass-beads","status":"publish","type":"product","link":"https:\/\/lanxingco.com\/es\/product\/oil-drilling-glass-beads\/","title":{"rendered":"Perlas de vidrio para perforaci\u00f3n petrol\u00edfera"},"content":{"rendered":"<h2 class=\"wp-block-heading\">Perlas de vidrio para perforaci\u00f3n petrol\u00edfera<\/h2>\n\n\n\n<p>Las microesferas de vidrio para perforaci\u00f3n petrol\u00edfera desempe\u00f1an un papel crucial en la industria del petr\u00f3leo, concretamente en la mejora de la eficacia y la seguridad de las operaciones de perforaci\u00f3n. Estas microesferas especializadas se utilizan como aditivos en los fluidos de perforaci\u00f3n para controlar la p\u00e9rdida de fluidos, mejorar la lubricaci\u00f3n y mitigar los da\u00f1os en la formaci\u00f3n durante los procesos de extracci\u00f3n de petr\u00f3leo y gas. <\/p>\n\n\n\n<h2 class=\"wp-block-heading\">Especificaciones y datos t\u00e9cnicos<\/h2>\n\n\n\n<figure class=\"wp-block-table\"><table><thead><tr><th><strong>Par\u00e1metro<\/strong><\/th><th><strong>Detalles<\/strong><\/th><\/tr><\/thead><tbody><tr><td><strong>Composici\u00f3n<\/strong><\/td><td>Vaso de soda y lima<\/td><\/tr><tr><td><strong>Forma<\/strong><\/td><td>Esf\u00e9rica<\/td><\/tr><tr><td><strong>Tallas<\/strong><\/td><td>53-300 micras<\/td><\/tr><tr><td><strong>Densidad<\/strong><\/td><td>2,4 &#8211; 2,6 g\/cm\u00b3<\/td><\/tr><tr><td><strong>Dureza (Mohs)<\/strong><\/td><td>6.0 &#8211; 7.0<\/td><\/tr><tr><td><strong>Redondez<\/strong><\/td><td>\u2265 85%<\/td><\/tr><tr><td><strong>Estabilidad qu\u00edmica<\/strong><\/td><td>Qu\u00edmicamente inerte, resistente a \u00e1cidos y \u00e1lcalis<\/td><\/tr><tr><td><strong>Temperatura<\/strong><\/td><td>Hasta 260\u00b0C (500\u00b0F)<\/td><\/tr><tr><td><strong>Normas<\/strong><\/td><td>API RP 13C<\/td><\/tr><\/tbody><\/table><\/figure>\n\n\n\n<h2 class=\"wp-block-heading\">Ventajas de las perlas de vidrio para perforaci\u00f3n petrol\u00edfera<\/h2>\n\n\n\n<p>Las microesferas de vidrio para perforaci\u00f3n petrol\u00edfera ofrecen ventajas significativas para mejorar el rendimiento del fluido de perforaci\u00f3n y la eficacia operativa global:<\/p>\n\n\n\n<h3 class=\"wp-block-heading\">Ventajas<\/h3>\n\n\n\n<p><strong>1. control de la p\u00e9rdida de fluidos<\/strong>:<br>Reduce la p\u00e9rdida de fluidos y estabiliza los pozos, mejorando la eficacia de la perforaci\u00f3n.<\/p>\n\n\n\n<p><strong>2. Lubricaci\u00f3n<\/strong>:<br>Mejora la lubricidad de los fluidos de perforaci\u00f3n, reduciendo la fricci\u00f3n y el desgaste del equipo.<\/p>\n\n\n\n<p><strong>3. Prevenci\u00f3n de da\u00f1os en la formaci\u00f3n<\/strong>:<br>Minimiza el da\u00f1o a la formaci\u00f3n manteniendo la estabilidad e integridad del pozo.<\/p>\n\n\n\n<p><strong>4. Estabilidad de la temperatura<\/strong>:<br>Soporta las altas temperaturas que se dan en las operaciones de perforaci\u00f3n profunda.<\/p>\n\n\n\n<p><strong>5. 5. Seguridad medioambiental<\/strong>:<br>No t\u00f3xico y respetuoso con el medio ambiente en comparaci\u00f3n con otros aditivos.<\/p>\n\n\n\n<h2 class=\"wp-block-heading\">Caracter\u00edsticas de las perlas de vidrio para perforaci\u00f3n petrol\u00edfera<\/h2>\n\n\n\n<p>Las microesferas de vidrio para perforaci\u00f3n petrol\u00edfera se caracterizan por sus caracter\u00edsticas \u00fanicas que contribuyen a su rendimiento y fiabilidad:<\/p>\n\n\n\n<ul class=\"wp-block-list\">\n<li><strong>Distribuci\u00f3n uniforme de tama\u00f1os<\/strong>: Garantiza un rendimiento constante en los fluidos de perforaci\u00f3n.<\/li>\n\n\n\n<li><strong>Inercia qu\u00edmica<\/strong>: Resistente a las reacciones qu\u00edmicas, mantiene la estabilidad en diversas composiciones de fluidos.<\/li>\n\n\n\n<li><strong>Alta resistencia<\/strong>: Soporta la presi\u00f3n y las fuerzas de cizallamiento en entornos de perforaci\u00f3n.<\/li>\n\n\n\n<li><strong>Baja densidad<\/strong>: Ayuda a controlar la flotabilidad y a ajustar la densidad de los fluidos.<\/li>\n\n\n\n<li><strong>F\u00e1cil manejo<\/strong>: Compatible con varios sistemas de fluidos de perforaci\u00f3n, f\u00e1cil de transportar y mezclar.<\/li>\n<\/ul>\n\n\n\n<h2 class=\"wp-block-heading\">Aplicaciones de las perlas de vidrio para perforaci\u00f3n petrol\u00edfera<\/h2>\n\n\n\n<p><\/p>\n\n\n\n<h3 class=\"wp-block-heading\">Aplicaciones industriales<\/h3>\n\n\n\n<ul class=\"wp-block-list\">\n<li><strong>Pozos petrol\u00edferos en tierra y mar<\/strong>: Mejora el rendimiento del fluido de perforaci\u00f3n en yacimientos convencionales y no convencionales.<\/li>\n\n\n\n<li><strong>Perforaci\u00f3n horizontal<\/strong>: Facilita la perforaci\u00f3n eficaz en formaciones geol\u00f3gicas complejas.<\/li>\n\n\n\n<li><strong>Pozos de alta temperatura<\/strong>: Mantiene la estabilidad y la lubricaci\u00f3n a temperaturas extremas.<\/li>\n<\/ul>\n\n\n\n<h3 class=\"wp-block-heading\">Aplicaciones medioambientales<\/h3>\n\n\n\n<ul class=\"wp-block-list\">\n<li><strong>Pozos geot\u00e9rmicos<\/strong>: Mejora la circulaci\u00f3n del fluido y la eficacia de la transferencia de calor.<\/li>\n\n\n\n<li><strong>Rehabilitaci\u00f3n medioambiental<\/strong>: Asiste en el control de las aguas subterr\u00e1neas y en las actividades de remediaci\u00f3n.<\/li>\n<\/ul>\n\n\n\n<h2 class=\"wp-block-heading\">Preguntas frecuentes<\/h2>\n\n\n\n<p><strong>P: \u00bfPara qu\u00e9 se utilizan las perlas de vidrio para perforaci\u00f3n petrol\u00edfera?<\/strong><br>R: Las microesferas de vidrio para perforaci\u00f3n petrol\u00edfera se utilizan como aditivos en los fluidos de perforaci\u00f3n para controlar la p\u00e9rdida de fluido, mejorar la lubricaci\u00f3n y evitar da\u00f1os en la formaci\u00f3n durante la extracci\u00f3n de petr\u00f3leo y gas.<\/p>\n\n\n\n<p><strong>P: \u00bfQu\u00e9 granulometr\u00edas hay disponibles para las microesferas de vidrio para perforaci\u00f3n petrol\u00edfera?<\/strong><br>A: Tama\u00f1os finos: 45 &#8211; 75 micras. Tama\u00f1os medios: 75 &#8211; 150 micras. Tama\u00f1os gruesos: 150 &#8211; 300 micras.<\/p>\n\n\n\n<p><strong>P: \u00bfSon ecol\u00f3gicas las perlas de vidrio para perforaci\u00f3n petrol\u00edfera?<\/strong><br>R: S\u00ed, no son t\u00f3xicos y son seguros para el medio ambiente en comparaci\u00f3n con otros aditivos utilizados en las operaciones de perforaci\u00f3n.<\/p>\n\n\n\n<p><strong>P: \u00bfC\u00f3mo deben almacenarse las perlas de vidrio para perforaci\u00f3n petrol\u00edfera?<\/strong><br>R: Las perlas de vidrio para perforaci\u00f3n petrol\u00edfera deben almacenarse en un lugar fresco y seco, alejadas de la luz solar directa y de la humedad. El almacenamiento adecuado ayuda a mantener su eficacia y prolonga su vida \u00fatil.<\/p>","protected":false},"excerpt":{"rendered":"<p>Perlas esf\u00e9ricas utilizadas en fluidos de perforaci\u00f3n para controlar la p\u00e9rdida de fluido y mejorar la estabilidad del pozo durante la extracci\u00f3n de petr\u00f3leo y gas. Soportan las duras condiciones de perforaci\u00f3n, garantizando la eficacia y la seguridad operativas.<\/p>","protected":false},"featured_media":1692,"parent":0,"template":"","meta":{"_acf_changed":false,"_kad_blocks_custom_css":"","_kad_blocks_head_custom_js":"","_kad_blocks_body_custom_js":"","_kad_blocks_footer_custom_js":"","_kad_post_transparent":"","_kad_post_title":"","_kad_post_layout":"","_kad_post_sidebar_id":"","_kad_post_content_style":"","_kad_post_vertical_padding":"","_kad_post_feature":"","_kad_post_feature_position":"","_kad_post_header":false,"_kad_post_footer":false,"_kad_post_classname":""},"product-category":[5],"class_list":["post-89","product","type-product","status-publish","has-post-thumbnail","hentry","product-category-industrial-glass-beads"],"acf":[],"taxonomy_info":{"product-category":[{"value":5,"label":"Industrial Glass Beads"}]},"featured_image_src_large":["https:\/\/lanxingco.com\/wp-content\/uploads\/2024\/07\/Oil-Drilling-Glass-Beads-1-1024x620.jpg",1024,620,true],"author_info":[],"comment_info":"","_links":{"self":[{"href":"https:\/\/lanxingco.com\/es\/wp-json\/wp\/v2\/product\/89","targetHints":{"allow":["GET"]}}],"collection":[{"href":"https:\/\/lanxingco.com\/es\/wp-json\/wp\/v2\/product"}],"about":[{"href":"https:\/\/lanxingco.com\/es\/wp-json\/wp\/v2\/types\/product"}],"wp:featuredmedia":[{"embeddable":true,"href":"https:\/\/lanxingco.com\/es\/wp-json\/wp\/v2\/media\/1692"}],"wp:attachment":[{"href":"https:\/\/lanxingco.com\/es\/wp-json\/wp\/v2\/media?parent=89"}],"wp:term":[{"taxonomy":"product-category","embeddable":true,"href":"https:\/\/lanxingco.com\/es\/wp-json\/wp\/v2\/product-category?post=89"}],"curies":[{"name":"wp","href":"https:\/\/api.w.org\/{rel}","templated":true}]}}