{"id":87,"date":"2024-06-17T01:41:23","date_gmt":"2024-06-17T01:41:23","guid":{"rendered":"https:\/\/lanxing.easiwin.com\/?post_type=product&#038;p=87"},"modified":"2024-07-15T08:50:44","modified_gmt":"2024-07-15T08:50:44","slug":"sand-blasting-glass-beads","status":"publish","type":"product","link":"https:\/\/lanxingco.com\/es\/product\/sand-blasting-glass-beads\/","title":{"rendered":"Perlas de vidrio para chorro de arena"},"content":{"rendered":"<h2 class=\"wp-block-heading\">Visi\u00f3n general del chorreado con arena de perlas de vidrio<\/h2>\n\n\n\n<p>Las microesferas de vidrio para chorro de arena son medios abrasivos esenciales utilizados en aplicaciones de preparaci\u00f3n de superficies en diversas industrias. Ofrecen ventajas \u00fanicas en t\u00e9rminos de eficacia, reutilizaci\u00f3n y respeto al medio ambiente en comparaci\u00f3n con los abrasivos tradicionales como la arena de s\u00edlice. <\/p>\n\n\n\n<p>El chorreado de arena con microesferas de vidrio consiste en propulsar microesferas de vidrio finas a alta presi\u00f3n para limpiar, pulir o desbarbar superficies sin da\u00f1ar los materiales subyacentes. Este m\u00e9todo es el preferido por su capacidad para lograr acabados suaves y una limpieza precisa, lo que lo hace indispensable en industrias como la automovil\u00edstica, la aeroespacial, la de la construcci\u00f3n y la metal\u00fargica.<\/p>\n\n\n\n<h2 class=\"wp-block-heading\">Especificaciones y datos t\u00e9cnicos<\/h2>\n\n\n\n<figure class=\"wp-block-table\"><table><thead><tr><th><strong>Par\u00e1metro<\/strong><\/th><th><strong>Detalles<\/strong><\/th><\/tr><\/thead><tbody><tr><td><strong>Material<\/strong><\/td><td>Vaso de soda y lima<\/td><\/tr><tr><td><strong>Apariencia<\/strong><\/td><td>Transparente, incoloro<\/td><\/tr><tr><td><strong>Forma<\/strong><\/td><td>Esf\u00e9rica<\/td><\/tr><tr><td><strong>Talla<\/strong> <strong>Gama<\/strong><\/td><td>53-1180 micras<\/td><\/tr><tr><td><strong>Redondez<\/strong><\/td><td>\u2265 80%<\/td><\/tr><tr><td><strong>Dureza (Mohs)<\/strong><\/td><td>6.0 &#8211; 7.0<\/td><\/tr><tr><td><strong>Densidad<\/strong><\/td><td>2,4 &#8211; 2,6 g\/cm\u00b3<\/td><\/tr><tr><td><strong>Composici\u00f3n qu\u00edmica<\/strong><\/td><td>SiO\u2082 (70-75%), Na\u2082O (13-15%), CaO (8-10%), MgO (2-4%).<\/td><\/tr><tr><td><strong>Normas<\/strong><\/td><td>Seg\u00fan muchas normas internacionales<\/td><\/tr><\/tbody><\/table><\/figure>\n\n\n\n<h2 class=\"wp-block-heading\">Ventajas del chorreado con arena de perlas de vidrio<\/h2>\n\n\n\n<h3 class=\"wp-block-heading\">Ventajas<\/h3>\n\n\n\n<p><strong>1. Acabado superficial<\/strong>:<br>Produce acabados lisos sin da\u00f1ar el sustrato, ideal para superficies delicadas.<\/p>\n\n\n\n<p><strong>2. Reutilizaci\u00f3n<\/strong>:<br>Las perlas de vidrio pueden reciclarse varias veces, lo que reduce los costes operativos.<\/p>\n\n\n\n<p><strong>3. Respeto del medio ambiente<\/strong>:<br>No t\u00f3xico y sin s\u00edlice, minimiza los riesgos para la salud y el impacto medioambiental.<\/p>\n\n\n\n<p><strong>4. Versatilidad<\/strong>:<br>Adecuado para una amplia gama de materiales, incluidos metales, pl\u00e1sticos, materiales compuestos y cer\u00e1mica.<\/p>\n\n\n\n<p><strong>5. Limpieza de precisi\u00f3n<\/strong>:<br>Elimina eficazmente contaminantes y revestimientos sin alterar las dimensiones de la superficie.<\/p>\n\n\n\n<h2 class=\"wp-block-heading\">Caracter\u00edsticas de las perlas de vidrio para chorro de arena<\/h2>\n\n\n\n<ul class=\"wp-block-list\">\n<li><strong>Distribuci\u00f3n uniforme de tama\u00f1os<\/strong>: Garantiza resultados de granallado uniformes.<\/li>\n\n\n\n<li><strong>Inercia qu\u00edmica<\/strong>: No reacciona con sustratos ni revestimientos.<\/li>\n\n\n\n<li><strong>Baja generaci\u00f3n de polvo<\/strong>: Proporciona un entorno de trabajo m\u00e1s limpio.<\/li>\n\n\n\n<li><strong>Desglose m\u00ednimo<\/strong>: Mantiene su forma y eficacia en m\u00faltiples usos.<\/li>\n\n\n\n<li><strong>Alta visibilidad<\/strong>: Las perlas de vidrio transparente permiten a los operarios controlar el progreso del chorreado.<\/li>\n<\/ul>\n\n\n\n<h2 class=\"wp-block-heading\">Aplicaciones del granallado de perlas de vidrio<\/h2>\n\n\n\n<p><\/p>\n\n\n\n<h3 class=\"wp-block-heading\">Aplicaciones industriales<\/h3>\n\n\n\n<ul class=\"wp-block-list\">\n<li><strong>Automoci\u00f3n<\/strong>: Preparaci\u00f3n de superficies para la eliminaci\u00f3n de pintura y \u00f3xido.<\/li>\n\n\n\n<li><strong>Aeroespacial<\/strong>: Desbarbado y acabado de componentes aeron\u00e1uticos.<\/li>\n\n\n\n<li><strong>Construcci\u00f3n<\/strong>: Limpieza de superficies arquitect\u00f3nicas y proyectos de restauraci\u00f3n.<\/li>\n\n\n\n<li><strong>Metalurgia<\/strong>: Limpieza y granallado para mejorar la integridad de la superficie.<\/li>\n<\/ul>\n\n\n\n<h3 class=\"wp-block-heading\">Aplicaciones de consumo<\/h3>\n\n\n\n<ul class=\"wp-block-list\">\n<li><strong>Mejoras para el hogar<\/strong>: Refinado de muebles y restauraci\u00f3n de antig\u00fcedades.<\/li>\n\n\n\n<li><strong>Manualidades y aficiones<\/strong>: Grabado de vidrio y tratamientos decorativos de superficies.<\/li>\n<\/ul>\n\n\n\n<h2 class=\"wp-block-heading\">Preguntas frecuentes<\/h2>\n\n\n\n<p><strong>\u00bfPara qu\u00e9 se utilizan las perlas de vidrio para chorro de arena?<\/strong><br>Las microesferas de vidrio para chorro de arena se utilizan para limpiar, desbarbar y dar acabado a superficies sin da\u00f1ar el material subyacente.<\/p>\n\n\n\n<p><strong>\u00bfSon reutilizables las perlas de vidrio para chorro de arena?<\/strong><br>S\u00ed, las perlas de vidrio pueden reutilizarse varias veces, lo que reduce los costes operativos.<\/p>\n\n\n\n<p><strong>\u00bfSon respetuosas con el medio ambiente las perlas de vidrio chorreadas con arena?<\/strong><br>S\u00ed, no son t\u00f3xicos y no contienen s\u00edlice, lo que minimiza los riesgos para la salud y el impacto medioambiental en comparaci\u00f3n con la arena de s\u00edlice.<\/p>\n\n\n\n<p><strong>\u00bfQu\u00e9 granulometr\u00eda tienen sus perlas de vidrio para chorro de arena?<\/strong><br>850-600um, 600-425um, 425-300um, 300-150um, 150-75um etc.<\/p>","protected":false},"excerpt":{"rendered":"<p>Perlas de vidrio utilizadas en el chorro de arena para la limpieza y el acabado de superficies sin causar da\u00f1os. Eliminan eficazmente el \u00f3xido, la pintura y los contaminantes manteniendo la integridad de la superficie.<\/p>","protected":false},"featured_media":1698,"parent":0,"template":"","meta":{"_acf_changed":false,"_kad_blocks_custom_css":"","_kad_blocks_head_custom_js":"","_kad_blocks_body_custom_js":"","_kad_blocks_footer_custom_js":"","_kad_post_transparent":"","_kad_post_title":"","_kad_post_layout":"","_kad_post_sidebar_id":"","_kad_post_content_style":"","_kad_post_vertical_padding":"","_kad_post_feature":"","_kad_post_feature_position":"","_kad_post_header":false,"_kad_post_footer":false,"_kad_post_classname":""},"product-category":[5],"class_list":["post-87","product","type-product","status-publish","has-post-thumbnail","hentry","product-category-industrial-glass-beads"],"acf":[],"taxonomy_info":{"product-category":[{"value":5,"label":"Industrial Glass Beads"}]},"featured_image_src_large":["https:\/\/lanxingco.com\/wp-content\/uploads\/2024\/07\/Sand-Blasting-Glass-Beads-1.jpg",833,700,false],"author_info":[],"comment_info":"","_links":{"self":[{"href":"https:\/\/lanxingco.com\/es\/wp-json\/wp\/v2\/product\/87","targetHints":{"allow":["GET"]}}],"collection":[{"href":"https:\/\/lanxingco.com\/es\/wp-json\/wp\/v2\/product"}],"about":[{"href":"https:\/\/lanxingco.com\/es\/wp-json\/wp\/v2\/types\/product"}],"wp:featuredmedia":[{"embeddable":true,"href":"https:\/\/lanxingco.com\/es\/wp-json\/wp\/v2\/media\/1698"}],"wp:attachment":[{"href":"https:\/\/lanxingco.com\/es\/wp-json\/wp\/v2\/media?parent=87"}],"wp:term":[{"taxonomy":"product-category","embeddable":true,"href":"https:\/\/lanxingco.com\/es\/wp-json\/wp\/v2\/product-category?post=87"}],"curies":[{"name":"wp","href":"https:\/\/api.w.org\/{rel}","templated":true}]}}