{"id":81,"date":"2024-06-17T01:34:37","date_gmt":"2024-06-17T01:34:37","guid":{"rendered":"https:\/\/lanxing.easiwin.com\/?post_type=product&#038;p=81"},"modified":"2024-11-21T02:35:12","modified_gmt":"2024-11-21T02:35:12","slug":"titanium-dioxide","status":"publish","type":"product","link":"https:\/\/lanxingco.com\/es\/product\/titanium-dioxide\/","title":{"rendered":"Di\u00f3xido de titanio rutilo"},"content":{"rendered":"<h2 class=\"wp-block-heading\">Di\u00f3xido de titanio rutilo<\/h2>\n\n\n\n<p><strong>Di\u00f3xido de titanio rutilo<\/strong> (R-TiO\u2082) es uno de los materiales qu\u00edmicos inorg\u00e1nicos m\u00e1s esenciales de la industria moderna. Como pigmento blanco de alto rendimiento, el di\u00f3xido de titanio rutilo es muy apreciado por sus excelentes propiedades \u00f3pticas, su estabilidad qu\u00edmica y su amplia gama de aplicaciones. Su estructura cristalina \u00fanica y sus propiedades f\u00edsicas y qu\u00edmicas superiores lo hacen indispensable en industrias como la de pinturas, pl\u00e1sticos, cosm\u00e9ticos, papel, cer\u00e1mica, caucho y tintas, desempe\u00f1ando un papel crucial tanto en la producci\u00f3n industrial como en la vida cotidiana.<\/p>\n\n\n\n<p>El di\u00f3xido de titanio rutilo es conocido por su alto \u00edndice de refracci\u00f3n (hasta 2,7) y su extraordinaria opacidad y blancura. Adem\u00e1s, presenta una resistencia superior a la intemperie, a la corrosi\u00f3n \u00e1cida y alcalina, as\u00ed como caracter\u00edsticas ecol\u00f3gicas y no t\u00f3xicas, lo que lo convierte en la opci\u00f3n preferida para diversas aplicaciones de gama alta.<\/p>\n\n\n\n<p>Este art\u00edculo ofrecer\u00e1 una introducci\u00f3n exhaustiva a las propiedades, los procesos de producci\u00f3n, las principales aplicaciones y el valor de mercado del di\u00f3xido de titanio rutilo.<\/p>\n\n\n\n<hr class=\"wp-block-separator has-alpha-channel-opacity\"\/>\n\n\n\n<p><\/p>\n\n\n\n<h3 class=\"wp-block-heading\">Propiedades clave del di\u00f3xido de titanio<\/h3>\n\n\n\n<ul class=\"wp-block-list\">\n<li><strong>Opacidad<\/strong>: Excelente en la dispersi\u00f3n de la luz, proporcionando un color blanco brillante.<\/li>\n\n\n\n<li><strong>\u00cdndice de refracci\u00f3n<\/strong>: Extremadamente alto, realzando su capacidad de impartir blancura y opacidad.<\/li>\n\n\n\n<li><strong>Estabilidad qu\u00edmica<\/strong>: No reactivo y resistente a los factores ambientales.<\/li>\n\n\n\n<li><strong>No toxicidad<\/strong>: Apto para uso alimentario, cosm\u00e9tico y farmac\u00e9utico.<\/li>\n\n\n\n<li><strong>UV Resistance<\/strong>: Eficaz en el bloqueo de la luz ultravioleta, ofrece protecci\u00f3n en diversas aplicaciones.<\/li>\n<\/ul>\n\n\n\n<h2 class=\"wp-block-heading\">Especificaciones y datos t\u00e9cnicos<\/h2>\n\n\n\n<figure class=\"wp-block-table\"><table><thead><tr><th><strong>Par\u00e1metro<\/strong><\/th><th><strong>De<\/strong>colas<\/th><\/tr><\/thead><tbody><tr><td><strong>Tipo<\/strong><\/td><td>Rutilo<\/td><\/tr><tr><td><strong>Apariencia<\/strong><\/td><td>Polvo blanco<\/td><\/tr><tr><td><strong>Contenido de TiO2<\/strong><\/td><td>\u2265 95%<\/td><\/tr><tr><td><strong>Contenido en rutilo<\/strong><\/td><td>\u2265 98<\/td><\/tr><tr><td><strong>Tama\u00f1o de las part\u00edculas<\/strong><\/td><td>0,2 &#8211; 0,3 micras<\/td><\/tr><tr><td><strong>\u00cdndice de refracci\u00f3n<\/strong><\/td><td>2.7 &#8211; 2.9<\/td><\/tr><tr><td><strong>Absorci\u00f3n de aceite<\/strong><\/td><td>\u226419 g\/100g<\/td><\/tr><tr><td><strong>pH<\/strong><\/td><td>6.5 &#8211; 8.5<\/td><\/tr><tr><td><strong>Peso espec\u00edfico<\/strong><\/td><td>4.1<\/td><\/tr><tr><td><strong>Solubilidad en agua<\/strong><\/td><td>Insoluble<\/td><\/tr><tr><td><strong>Absorci\u00f3n UV<\/strong><\/td><td>Absorbente eficaz de las radiaciones UV-A y UV-B<\/td><\/tr><tr><td><strong>Normas<\/strong><\/td><td>Cumple muchas normas del sector<\/td><\/tr><\/tbody><\/table><\/figure>\n\n\n\n<p><\/p>\n\n\n\n<h2 class=\"wp-block-heading\">Caracter\u00edsticas y propiedades del di\u00f3xido de titanio rutilo<\/h2>\n\n\n\n<h3 class=\"wp-block-heading\">1. Estructura cristalina y propiedades \u00f3pticas<\/h3>\n\n\n\n<p>El di\u00f3xido de titanio rutilo pertenece al sistema cristalino tetragonal, caracterizado por una estructura cristalina estable y densa, que le confiere las siguientes propiedades:<\/p>\n\n\n\n<ul class=\"wp-block-list\">\n<li><strong>Alto \u00edndice de refracci\u00f3n<\/strong>: El di\u00f3xido de titanio rutilo tiene un \u00edndice de refracci\u00f3n de 2,7, s\u00f3lo superado por el diamante, lo que le confiere una excelente capacidad de dispersi\u00f3n de la luz y opacidad.<\/li>\n\n\n\n<li><strong>Alta estabilidad \u00f3ptica<\/strong>: Su estructura cristalina le permite absorber la luz ultravioleta y reflejar la luz visible, mejorando la durabilidad y la resistencia al fotoenvejecimiento.<\/li>\n<\/ul>\n\n\n\n<h3 class=\"wp-block-heading\">2. Estabilidad f\u00edsica y qu\u00edmica<\/h3>\n\n\n\n<ul class=\"wp-block-list\">\n<li><strong>Resistencia excepcional a la intemperie<\/strong>: El di\u00f3xido de titanio rutilo tiene una gran capacidad de absorci\u00f3n de los rayos UV y una estructura cristalina m\u00e1s densa, lo que lo hace muy resistente al envejecimiento en condiciones exteriores.<\/li>\n\n\n\n<li><strong>Alta resistencia a la corrosi\u00f3n<\/strong>: Mantiene la estabilidad tanto en medios \u00e1cidos como alcalinos.<\/li>\n\n\n\n<li><strong>Baja toxicidad y respeto del medio ambiente<\/strong>: Como material no t\u00f3xico e inocuo, el di\u00f3xido de titanio rutilo se utiliza ampliamente en productos de grado alimentario y farmac\u00e9utico, cumpliendo las normas modernas de protecci\u00f3n del medio ambiente.<\/li>\n<\/ul>\n\n\n\n<h3 class=\"wp-block-heading\">3. Blancura y opacidad<\/h3>\n\n\n\n<p>Como pigmento blanco de alto rendimiento, el di\u00f3xido de titanio rutilo ofrece una opacidad superior y una blancura excelente, lo que lo hace insustituible en las industrias de pinturas y pl\u00e1sticos. Adem\u00e1s, mantiene la estabilidad a altas temperaturas, lo que garantiza un rendimiento \u00f3ptico duradero.<\/p>\n\n\n\n<hr class=\"wp-block-separator has-alpha-channel-opacity\"\/>\n\n\n\n<h2 class=\"wp-block-heading\">Procesos de producci\u00f3n<\/h2>\n\n\n\n<p>La producci\u00f3n de di\u00f3xido de titanio rutilo implica principalmente dos m\u00e9todos: la <strong>proceso del sulfato<\/strong> y el <strong>proceso del cloruro<\/strong>.<\/p>\n\n\n\n<h3 class=\"wp-block-heading\">1. Proceso del sulfato<\/h3>\n\n\n\n<p>El proceso del sulfato es un m\u00e9todo tradicional para producir di\u00f3xido de titanio e implica pasos clave como la disoluci\u00f3n del mineral que contiene titanio en \u00e1cido sulf\u00farico, la purificaci\u00f3n, la precipitaci\u00f3n y la calcinaci\u00f3n. Las ventajas del proceso de sulfato incluyen:<\/p>\n\n\n\n<ul class=\"wp-block-list\">\n<li>Amplia disponibilidad de materias primas, incluidos los minerales de baja calidad.<\/li>\n\n\n\n<li>Tecnolog\u00eda madura adecuada para la producci\u00f3n a peque\u00f1a y mediana escala.<\/li>\n<\/ul>\n\n\n\n<p>El di\u00f3xido de titanio rutilo producido mediante el proceso de sulfato tiene una gran blancura y buena dispersabilidad, pero el proceso genera una cantidad importante de \u00e1cido residual y aguas residuales, lo que requiere una gesti\u00f3n medioambiental estricta.<\/p>\n\n\n\n<h3 class=\"wp-block-heading\">2. Proceso del cloruro<\/h3>\n\n\n\n<p>El proceso del cloruro es un m\u00e9todo de producci\u00f3n m\u00e1s avanzado, ampliamente utilizado a escala internacional. Consiste en clorar a alta temperatura el mineral de titanio para producir tetracloruro de titanio, seguido de oxidaci\u00f3n y purificaci\u00f3n para obtener di\u00f3xido de titanio rutilo. El proceso del cloruro presenta las siguientes ventajas<\/p>\n\n\n\n<ul class=\"wp-block-list\">\n<li>Mayor pureza del producto y estructura cristalina superior.<\/li>\n\n\n\n<li>Respetuosa con el medio ambiente, con emisiones m\u00ednimas de residuos.<\/li>\n\n\n\n<li>Adecuada para la producci\u00f3n continua a gran escala.<\/li>\n<\/ul>\n\n\n\n<p>El di\u00f3xido de titanio rutilo producido mediante el proceso de cloruro ofrece una resistencia a la intemperie y unas prestaciones \u00f3pticas superiores, por lo que resulta ideal para los mercados de gama alta.<\/p>\n\n\n\n<hr class=\"wp-block-separator has-alpha-channel-opacity\"\/>\n\n\n\n<h2 class=\"wp-block-heading\">Principales aplicaciones<\/h2>\n\n\n\n<h3 class=\"wp-block-heading\">1. Industria de pinturas y revestimientos<\/h3>\n\n\n\n<p>La industria de pinturas y revestimientos representa m\u00e1s de 60% del consumo total de di\u00f3xido de titanio rutilo. En los revestimientos, el di\u00f3xido de titanio rutilo proporciona opacidad y aumenta el brillo:<\/p>\n\n\n\n<ul class=\"wp-block-list\">\n<li><strong>Revestimientos arquitect\u00f3nicos<\/strong>: Mejora la resistencia a la intemperie y la protecci\u00f3n contra los rayos UV, prolongando la vida \u00fatil de los edificios.<\/li>\n\n\n\n<li><strong>Recubrimientos industriales<\/strong>: Proporciona excelentes propiedades anticorrosivas a las superficies met\u00e1licas al tiempo que mejora la est\u00e9tica.<\/li>\n\n\n\n<li><strong>Recubrimientos para automoci\u00f3n<\/strong>: Proporciona un alto brillo y una vibrante saturaci\u00f3n del color, al tiempo que mejora la durabilidad de las capas de pintura.<\/li>\n<\/ul>\n\n\n\n<h3 class=\"wp-block-heading\">2. Pl\u00e1sticos y caucho<\/h3>\n\n\n\n<p>El di\u00f3xido de titanio rutilo se utiliza ampliamente en pl\u00e1sticos y caucho para proporcionar blanqueamiento, refuerzo y resistencia al envejecimiento por UV:<\/p>\n\n\n\n<ul class=\"wp-block-list\">\n<li><strong>Productos de pl\u00e1stico<\/strong>: Se aplica en pl\u00e1sticos de PVC, PE y PP para mejorar significativamente la blancura y la resistencia a la intemperie.<\/li>\n\n\n\n<li><strong>Productos de caucho<\/strong>: Se utiliza en materiales de caucho de gama alta para mejorar la estabilidad UV y prolongar la vida \u00fatil del producto.<\/li>\n<\/ul>\n\n\n\n<h3 class=\"wp-block-heading\">3. Cosm\u00e9ticos y productos de cuidado personal<\/h3>\n\n\n\n<p>Debido a su naturaleza no t\u00f3xica, el tama\u00f1o fino de sus part\u00edculas y su alto \u00edndice de refracci\u00f3n, el di\u00f3xido de titanio rutilo se utiliza mucho en cosm\u00e9tica:<\/p>\n\n\n\n<ul class=\"wp-block-list\">\n<li><strong>Protectores solares<\/strong>: Como principal agente f\u00edsico de protecci\u00f3n solar, bloquea eficazmente los rayos UVA y UVB, protegiendo la piel de los da\u00f1os.<\/li>\n\n\n\n<li><strong>Bases y cremas<\/strong>: Proporciona una cobertura excelente y una textura suave.<\/li>\n<\/ul>\n\n\n\n<h3 class=\"wp-block-heading\">4. Papel y tinta<\/h3>\n\n\n\n<p>En la industria papelera, el di\u00f3xido de titanio rutilo se utiliza como carga o pigmento de recubrimiento para mejorar la blancura y el brillo del papel. En la industria de las tintas, su alta opacidad garantiza colores vibrantes y una aplicaci\u00f3n uniforme.<\/p>\n\n\n\n<h3 class=\"wp-block-heading\">5. Aplicaciones medioambientales y fotocatal\u00edticas<\/h3>\n\n\n\n<p>En los \u00faltimos a\u00f1os, el uso de di\u00f3xido de titanio rutilo en el sector medioambiental ha ganado atenci\u00f3n:<\/p>\n\n\n\n<ul class=\"wp-block-list\">\n<li><strong>Materiales fotocatal\u00edticos<\/strong>: El di\u00f3xido de titanio rutilo puede actuar como fotocatalizador para descomponer contaminantes org\u00e1nicos, purificar el aire y tratar el agua.<\/li>\n\n\n\n<li><strong>Recubrimientos autolimpiantes<\/strong>: Se utiliza para desarrollar materiales cer\u00e1micos y de vidrio autolimpiables, de amplia aplicaci\u00f3n en la construcci\u00f3n y el hogar.<\/li>\n<\/ul>\n\n\n\n<hr class=\"wp-block-separator has-alpha-channel-opacity\"\/>\n\n\n\n<h2 class=\"wp-block-heading\">Perspectivas de mercado y valor<\/h2>\n\n\n\n<h3 class=\"wp-block-heading\">1. Tendencias de la demanda mundial<\/h3>\n\n\n\n<p>Con el continuo crecimiento de las industrias de la construcci\u00f3n, la automoci\u00f3n y los pl\u00e1sticos, la demanda de di\u00f3xido de titanio rutilo sigue aumentando constantemente. Los pa\u00edses en desarrollo, en particular, est\u00e1n impulsando la demanda debido a la aceleraci\u00f3n de la urbanizaci\u00f3n y el desarrollo de infraestructuras, ampliando a\u00fan m\u00e1s el consumo de di\u00f3xido de titanio rutilo en pinturas y pl\u00e1sticos.<\/p>\n\n\n\n<h3 class=\"wp-block-heading\">2. Expansi\u00f3n en mercados de gama alta<\/h3>\n\n\n\n<p>El di\u00f3xido de titanio rutilo producido mediante el proceso del cloruro se aplica cada vez m\u00e1s en cosm\u00e9ticos de gama alta, protectores solares y materiales respetuosos con el medio ambiente. Adem\u00e1s, con el avance de la tecnolog\u00eda fotocatal\u00edtica, se est\u00e1 explorando m\u00e1s el potencial de aplicaci\u00f3n del di\u00f3xido de titanio rutilo en la degradaci\u00f3n de contaminantes, materiales antibacterianos y vidrio de bajo consumo.<\/p>\n\n\n\n<h3 class=\"wp-block-heading\">3. Impulsores de la pol\u00edtica medioambiental<\/h3>\n\n\n\n<p>A medida que se intensifica la atenci\u00f3n mundial a la protecci\u00f3n del medio ambiente y la sostenibilidad, el di\u00f3xido de titanio rutilo, como material ecol\u00f3gico, est\u00e1 adquiriendo una ventaja competitiva. Sus aplicaciones en edificios ecol\u00f3gicos, pinturas con bajo contenido en COV y pl\u00e1sticos biodegradables abrir\u00e1n a\u00fan m\u00e1s oportunidades en el mercado futuro.<\/p>\n\n\n\n<hr class=\"wp-block-separator has-alpha-channel-opacity\"\/>\n\n\n\n<h2 class=\"wp-block-heading\">Conclusi\u00f3n<\/h2>\n\n\n\n<p>El di\u00f3xido de titanio rutilo, con sus extraordinarias propiedades \u00f3pticas, estabilidad qu\u00edmica y amplia gama de aplicaciones, se ha convertido en un material indispensable en la industria moderna. Ya sea en campos tradicionales como pinturas, pl\u00e1sticos y cosm\u00e9ticos, o en mercados emergentes de gama alta, el di\u00f3xido de titanio rutilo demuestra un inmenso potencial de mercado y perspectivas de desarrollo.<\/p>\n\n\n\n<p>Con los continuos avances tecnol\u00f3gicos, especialmente la adopci\u00f3n generalizada del proceso del cloruro y la promoci\u00f3n de aplicaciones fotocatal\u00edticas, se espera que el di\u00f3xido de titanio rutilo consolide su posici\u00f3n en el mercado mundial, apoyando el crecimiento de m\u00faltiples industrias.<\/p>\n\n\n\n<p>El di\u00f3xido de titanio rutilo no es s\u00f3lo un material; es una fuerza vital que impulsa el progreso industrial y mejora la calidad de la vida humana.<\/p>\n\n\n\n<p><\/p>\n\n\n\n<h2 class=\"wp-block-heading\">Ventajas y caracter\u00edsticas del di\u00f3xido de titanio<\/h2>\n\n\n\n<p><\/p>\n\n\n\n<h3 class=\"wp-block-heading\">Beneficios del di\u00f3xido de titanio<\/h3>\n\n\n\n<p><strong>1. Blancura y opacidad excepcionales:<\/strong><br>El di\u00f3xido de titanio es incomparable en su capacidad de dispersar la luz, proporcionando una blancura y opacidad superiores, lo que lo convierte en un componente vital en pinturas, revestimientos y pl\u00e1sticos.<\/p>\n\n\n\n<p><strong>2. Protecci\u00f3n UV:<\/strong><br>El di\u00f3xido de titanio es un eficaz absorbente de la radiaci\u00f3n UV, lo que lo convierte en un ingrediente esencial de las cremas solares y los revestimientos protectores.<\/p>\n\n\n\n<p><strong>3. Estabilidad qu\u00edmica:<\/strong><br>El di\u00f3xido de titanio es qu\u00edmicamente inerte y resistente a la degradaci\u00f3n medioambiental, lo que garantiza su durabilidad y longevidad en diversas aplicaciones.<\/p>\n\n\n\n<p><strong>4. No t\u00f3xico y seguro:<\/strong><br>Aprobado para su uso en alimentos, cosm\u00e9ticos y productos farmac\u00e9uticos, el di\u00f3xido de titanio no es t\u00f3xico y es seguro para el consumo humano y el contacto.<\/p>\n\n\n\n<p><strong>5. Aplicaciones vers\u00e1tiles:<\/strong><br>Sus propiedades lo hacen adecuado para una amplia gama de aplicaciones, desde usos industriales hasta productos de consumo cotidiano.<\/p>\n\n\n\n<h2 class=\"wp-block-heading\">Aplicaciones del di\u00f3xido de titanio<\/h2>\n\n\n\n<p><\/p>\n\n\n\n<h3 class=\"wp-block-heading\">Pinturas y revestimientos<\/h3>\n\n\n\n<p>El di\u00f3xido de titanio es un pigmento fundamental en la industria de pinturas y revestimientos, ya que proporciona una blancura, un brillo y una opacidad excepcionales. Aumenta la durabilidad y longevidad de las pinturas, haci\u00e9ndolas resistentes a la decoloraci\u00f3n y al caleo.<\/p>\n\n\n\n<h3 class=\"wp-block-heading\">Pl\u00e1sticos<\/h3>\n\n\n\n<p>En la industria del pl\u00e1stico, el di\u00f3xido de titanio se utiliza para dar brillo y opacidad a los productos pl\u00e1sticos. Tambi\u00e9n proporciona protecci\u00f3n contra los rayos UV, evitando la degradaci\u00f3n de los materiales pl\u00e1sticos expuestos a la luz solar.<\/p>\n\n\n\n<h3 class=\"wp-block-heading\">Cosm\u00e9ticos<\/h3>\n\n\n\n<p>El di\u00f3xido de titanio es un ingrediente muy popular en cosm\u00e9tica, sobre todo en protectores solares, donde proporciona una eficaz protecci\u00f3n contra los rayos UV. Tambi\u00e9n se utiliza en productos de maquillaje por sus propiedades blanqueadoras y de opacidad.<\/p>\n\n\n\n<h3 class=\"wp-block-heading\">Industria alimentaria<\/h3>\n\n\n\n<p>Homologado como aditivo alimentario (E171), el di\u00f3xido de titanio se utiliza para blanquear y dar brillo a diversos productos alimenticios, como la reposter\u00eda, los productos l\u00e1cteos y los productos horneados.<\/p>\n\n\n\n<h3 class=\"wp-block-heading\">Papel<\/h3>\n\n\n\n<p>En la industria papelera, el di\u00f3xido de titanio se utiliza para aumentar el brillo y la opacidad de los productos de papel, mejorando su imprimibilidad y aspecto.<\/p>\n\n\n\n<h3 class=\"wp-block-heading\">Productos farmac\u00e9uticos<\/h3>\n\n\n\n<p>El di\u00f3xido de titanio se utiliza en productos farmac\u00e9uticos como pigmento blanco y opacificante en comprimidos y c\u00e1psulas, garantizando un aspecto uniforme y protecci\u00f3n frente a la luz.<\/p>\n\n\n\n<h2 class=\"wp-block-heading\">Preguntas frecuentes<\/h2>\n\n\n\n<p><strong>P: \u00bfPara qu\u00e9 se utiliza el di\u00f3xido de titanio?<\/strong><br>R: El di\u00f3xido de titanio se utiliza en pinturas, revestimientos, pl\u00e1sticos, cosm\u00e9ticos, alimentos, papel y productos farmac\u00e9uticos debido a sus excepcionales propiedades de blancura, opacidad y protecci\u00f3n contra los rayos UV.<\/p>\n\n\n\n<p><strong>P: \u00bfC\u00f3mo protege el di\u00f3xido de titanio de los rayos UV?<\/strong><br>R: El di\u00f3xido de titanio absorbe y dispersa la radiaci\u00f3n UV, impidiendo que llegue a la piel o degrade los materiales, lo que lo convierte en un ingrediente clave de las cremas solares y los revestimientos protectores.<\/p>\n\n\n\n<p><strong>P: \u00bfCu\u00e1les son las diferentes formas de di\u00f3xido de titanio?<\/strong><br>R: El di\u00f3xido de titanio se presenta naturalmente en varias formas minerales, como el rutilo, la anatasa y la brookita. El rutilo y la anatasa son las formas m\u00e1s utilizadas en aplicaciones industriales.<\/p>\n\n\n\n<p><strong>P: \u00bfPor qu\u00e9 se utiliza el di\u00f3xido de titanio en los alimentos?<\/strong><br>R: El di\u00f3xido de titanio se utiliza como aditivo alimentario para blanquear y dar brillo a los productos alimenticios, mejorando su atractivo visual.<\/p>\n\n\n\n<p><strong>P: \u00bfSe puede utilizar di\u00f3xido de titanio en todos los tipos de pinturas de se\u00f1alizaci\u00f3n vial?<\/strong><br>R: S\u00ed, el di\u00f3xido de titanio es compatible con la mayor\u00eda de pinturas de se\u00f1alizaci\u00f3n vial.<\/p>\n\n\n\n<p><strong>P: \u00bfC\u00f3mo se produce el di\u00f3xido de titanio?<\/strong><br>R: El di\u00f3xido de titanio se produce mediante el proceso del sulfato o el proceso del cloruro, ambos implican extraer y refinar el di\u00f3xido de titanio a partir de minerales.<\/p>\n\n\n\n<p><strong>P: \u00bfCu\u00e1les son las especificaciones clave que hay que tener en cuenta al elegir el di\u00f3xido de titanio?<\/strong><br>R: Las especificaciones clave incluyen la pureza, el tama\u00f1o de las part\u00edculas, el \u00edndice de refracci\u00f3n, la absorci\u00f3n de aceite, el pH, la gravedad espec\u00edfica y el cumplimiento de normas industriales como ASTM e ISO.<\/p>","protected":false},"excerpt":{"rendered":"<p>El di\u00f3xido de titanio es un pigmento blanco utilizado en pinturas, revestimientos, pl\u00e1sticos y protectores solares por su opacidad y resistencia a los rayos UV. Aumenta el brillo del color y protege las superficies de la degradaci\u00f3n inducida por los rayos UV.<\/p>","protected":false},"featured_media":1699,"parent":0,"template":"","meta":{"_acf_changed":false,"_kad_blocks_custom_css":"","_kad_blocks_head_custom_js":"","_kad_blocks_body_custom_js":"","_kad_blocks_footer_custom_js":"","_kad_post_transparent":"","_kad_post_title":"","_kad_post_layout":"","_kad_post_sidebar_id":"","_kad_post_content_style":"","_kad_post_vertical_padding":"","_kad_post_feature":"","_kad_post_feature_position":"","_kad_post_header":false,"_kad_post_footer":false,"_kad_post_classname":""},"product-category":[4],"class_list":["post-81","product","type-product","status-publish","has-post-thumbnail","hentry","product-category-pigment"],"acf":[],"taxonomy_info":{"product-category":[{"value":4,"label":"Pigment"}]},"featured_image_src_large":["https:\/\/lanxingco.com\/wp-content\/uploads\/2024\/07\/Titanium-Dioxide.jpg",700,700,false],"author_info":[],"comment_info":"","_links":{"self":[{"href":"https:\/\/lanxingco.com\/es\/wp-json\/wp\/v2\/product\/81","targetHints":{"allow":["GET"]}}],"collection":[{"href":"https:\/\/lanxingco.com\/es\/wp-json\/wp\/v2\/product"}],"about":[{"href":"https:\/\/lanxingco.com\/es\/wp-json\/wp\/v2\/types\/product"}],"wp:featuredmedia":[{"embeddable":true,"href":"https:\/\/lanxingco.com\/es\/wp-json\/wp\/v2\/media\/1699"}],"wp:attachment":[{"href":"https:\/\/lanxingco.com\/es\/wp-json\/wp\/v2\/media?parent=81"}],"wp:term":[{"taxonomy":"product-category","embeddable":true,"href":"https:\/\/lanxingco.com\/es\/wp-json\/wp\/v2\/product-category?post=81"}],"curies":[{"name":"wp","href":"https:\/\/api.w.org\/{rel}","templated":true}]}}