{"id":806,"date":"2024-06-21T08:19:29","date_gmt":"2024-06-21T08:19:29","guid":{"rendered":"https:\/\/lanxing.easiwin.com\/?post_type=product&#038;p=806"},"modified":"2024-07-15T08:46:06","modified_gmt":"2024-07-15T08:46:06","slug":"as20092006-drop-on-glass-beads","status":"publish","type":"product","link":"https:\/\/lanxingco.com\/es\/product\/as20092006-drop-on-glass-beads\/","title":{"rendered":"AS\/NZS 2009:2006 gota sobre perlas de vidrio"},"content":{"rendered":"<h2 class=\"wp-block-heading\"><strong>Visi\u00f3n general de AS\/nZS 2009:2006 Cuentas de vidrio con gota<\/strong><\/h2>\n\n\n\n<p>Las microesferas de vidrio autoadhesivas AS\/NZS 2009:2006 se han dise\u00f1ado espec\u00edficamente para mejorar la visibilidad y la durabilidad de las marcas viales. Son conformes a la norma australiana\/neozelandesa AS\/NZS 2009:2006, lo que garantiza que cumplen rigurosos criterios de calidad y rendimiento. Al incrustarse en la pintura vial reci\u00e9n aplicada, estas microesferas mejoran significativamente la reflectividad, haciendo que las carreteras sean m\u00e1s seguras para los conductores, especialmente por la noche.<\/p>\n\n\n<style>.wp-block-kadence-advancedheading.kt-adv-heading806_a53080-61, .wp-block-kadence-advancedheading.kt-adv-heading806_a53080-61[data-kb-block=\"kb-adv-heading806_a53080-61\"]{font-style:normal;}.wp-block-kadence-advancedheading.kt-adv-heading806_a53080-61 mark.kt-highlight, .wp-block-kadence-advancedheading.kt-adv-heading806_a53080-61[data-kb-block=\"kb-adv-heading806_a53080-61\"] mark.kt-highlight{font-style:normal;color:#f76a0c;-webkit-box-decoration-break:clone;box-decoration-break:clone;padding-top:0px;padding-right:0px;padding-bottom:0px;padding-left:0px;}.wp-block-kadence-advancedheading.kt-adv-heading806_a53080-61 img.kb-inline-image, .wp-block-kadence-advancedheading.kt-adv-heading806_a53080-61[data-kb-block=\"kb-adv-heading806_a53080-61\"] img.kb-inline-image{width:150px;vertical-align:baseline;}<\/style>\n<h2 class=\"kt-adv-heading806_a53080-61 wp-block-kadence-advancedheading\" data-kb-block=\"kb-adv-heading806_a53080-61\"><strong>Especificaciones<\/strong> y datos t\u00e9cnicos<\/h2>\n\n\n\n<figure class=\"wp-block-table\"><table><thead><tr><th><strong>Par\u00e1metro<\/strong><\/th><th><strong>Detalles<\/strong><\/th><\/tr><\/thead><tbody><tr><td><strong>Composici\u00f3n<\/strong><\/td><td>Vidrio de alta calidad<\/td><\/tr><tr><td><strong>Apariencia<\/strong><\/td><td>Transparente, incoloro<\/td><\/tr><tr><td><strong>Forma<\/strong><\/td><td>Esf\u00e9rica<\/td><\/tr><tr><td><strong>\u00cdndice de refracci\u00f3n<\/strong><\/td><td>\u22651.5<\/td><\/tr><tr><td><strong>Tama\u00f1os<\/strong><\/td><td>53 &#8211; 1180 micras<\/td><\/tr><tr><td><strong>Redondez<\/strong><\/td><td>\u226580<\/td><\/tr><tr><td><strong>Dureza<\/strong><\/td><td>6-7 Moh&#8217;s<\/td><\/tr><tr><td><strong>Tipos de revestimiento<\/strong><\/td><td>Revestimiento antihumedad, revestimiento de flotaci\u00f3n, revestimiento de adherencia<\/td><\/tr><tr><td><strong>M\u00e9todo de aplicaci\u00f3n<\/strong><\/td><td>Ca\u00edda sobre la pintura de se\u00f1alizaci\u00f3n vial<\/td><\/tr><tr><td><strong>Durabilidad<\/strong><\/td><td>Mantiene la reflectividad durante 1 &#8211; 3 a\u00f1os dependiendo del uso<\/td><\/tr><tr><td><strong>Normas<\/strong><\/td><td>AS\/NZS 2009:2006<\/td><\/tr><\/tbody><\/table><\/figure>\n\n\n\n<h2 class=\"wp-block-heading\"><strong>Ventajas de la norma AS\/NZS 2009:2006 Drop On Glass Beads<\/strong><\/h2>\n\n\n\n<h3 class=\"wp-block-heading\"><strong>Mayor visibilidad nocturna<\/strong><\/h3>\n\n\n\n<p>Las microesferas de vidrio AS2009:2006 mejoran significativamente la visibilidad de las marcas viales, especialmente durante la noche o en condiciones de poca luz. Al reflejar la luz de los faros de los veh\u00edculos, mejoran la percepci\u00f3n del conductor y reducen el riesgo de accidentes.<\/p>\n\n\n\n<h3 class=\"wp-block-heading\"><strong>Durabilidad a largo plazo<\/strong><\/h3>\n\n\n\n<p>Estas microesferas est\u00e1n dise\u00f1adas para resistir el tr\u00e1fico intenso y las condiciones meteorol\u00f3gicas adversas, manteniendo sus propiedades reflectantes durante largos periodos. Esta durabilidad reduce la necesidad de mantenimiento frecuente de las carreteras, lo que resulta rentable para las autoridades de transporte.<\/p>\n\n\n\n<h3 class=\"wp-block-heading\"><strong>Facilidad de aplicaci\u00f3n<\/strong><\/h3>\n\n\n\n<p>Su m\u00e9todo de aplicaci\u00f3n \"drop-on\" garantiza una f\u00e1cil integraci\u00f3n en las marcas viales reci\u00e9n pintadas, favoreciendo una dispersi\u00f3n uniforme y maximizando la reflectividad. Esta simplicidad mejora la eficiencia operativa durante los proyectos de se\u00f1alizaci\u00f3n vial.<\/p>\n\n\n\n<h2 class=\"wp-block-heading\"><strong>Caracter\u00edsticas de AS\/NZS 2009:2006 Drop On Glass Beads<\/strong><\/h2>\n\n\n\n<h3 class=\"wp-block-heading\"><strong>Alta reflectividad y uniformidad<\/strong><\/h3>\n\n\n\n<p>Las microesferas de vidrio gota a gota AS2009:2006 son conocidas por su alta reflectividad, que garantiza una visibilidad superior de las marcas viales en diversas condiciones de iluminaci\u00f3n. Su distribuci\u00f3n uniforme de tama\u00f1os minimiza las irregularidades de la superficie, mejorando el atractivo est\u00e9tico de las marcas viales.<\/p>\n\n\n\n<h3 class=\"wp-block-heading\"><strong>Consideraciones medioambientales<\/strong><\/h3>\n\n\n\n<p>Fabricadas con materiales respetuosos con el medio ambiente, como el vidrio reciclado, estas microesferas apoyan las pr\u00e1cticas sostenibles en la construcci\u00f3n y el mantenimiento de carreteras. Su composici\u00f3n ecol\u00f3gica est\u00e1 en consonancia con los esfuerzos mundiales por reducir el impacto ambiental.<\/p>\n\n\n\n<h3 class=\"wp-block-heading\"><strong>Versatilidad en aplicaciones de se\u00f1alizaci\u00f3n vial<\/strong><\/h3>\n\n\n\n<p>Son compatibles con diversos materiales de se\u00f1alizaci\u00f3n vial, incluidas las pinturas acr\u00edlicas y termopl\u00e1sticas, y ofrecen flexibilidad en los m\u00e9todos de aplicaci\u00f3n, al tiempo que mantienen altos niveles de reflectividad y durabilidad.<\/p>\n\n\n\n<h2 class=\"wp-block-heading\"><strong>Preguntas frecuentes sobre AS\/NZS 2009:2006 Gota sobre perlas de vidrio<\/strong><\/h2>\n\n\n\n<p><strong>\u00bfQu\u00e9 son las gotas de vidrio AS\/NZS 2009:2006?<\/strong><\/p>\n\n\n\n<p>Estas perlas son part\u00edculas de vidrio que se aplican sobre las marcas viales reci\u00e9n pintadas para mejorar su reflectividad.<\/p>\n\n\n\n<p><strong>\u00bfC\u00f3mo mejoran las cuentas AS\/NZS 2009:2006 la seguridad vial?<\/strong><\/p>\n\n\n\n<p>Al reflejar la luz de los faros de los veh\u00edculos, hacen m\u00e1s visibles las marcas viales, sobre todo de noche o en condiciones meteorol\u00f3gicas adversas.<\/p>\n\n\n\n<p><strong>\u00bfSon duraderas las cuentas AS\/NZS 2009:2006?<\/strong><\/p>\n\n\n\n<p>S\u00ed, est\u00e1n dise\u00f1ados para resistir el desgaste del tr\u00e1fico y las inclemencias del tiempo, manteniendo sus propiedades reflectantes con el paso del tiempo.<\/p>\n\n\n\n<p><strong>\u00bfQu\u00e9 tama\u00f1os hay disponibles para las cuentas AS\/NZS 2009:2006?<\/strong><\/p>\n\n\n\n<p>Var\u00edan de 75 \u00b5m a 850 \u00b5m, y responden a diversas necesidades de se\u00f1alizaci\u00f3n vial.<\/p>","protected":false},"excerpt":{"rendered":"<p>Nuestras microesferas de vidrio AS\/NZS 2009:2006 cumplen las estrictas normas de AS\/NZS 2009:2006, proporcionando una excelente reflectividad y durabilidad para las marcas viales, garantizando una visibilidad nocturna y una seguridad superiores.<\/p>","protected":false},"featured_media":1678,"parent":0,"template":"","meta":{"_acf_changed":false,"_kad_blocks_custom_css":"","_kad_blocks_head_custom_js":"","_kad_blocks_body_custom_js":"","_kad_blocks_footer_custom_js":"","_kad_post_transparent":"","_kad_post_title":"","_kad_post_layout":"","_kad_post_sidebar_id":"","_kad_post_content_style":"","_kad_post_vertical_padding":"","_kad_post_feature":"","_kad_post_feature_position":"","_kad_post_header":false,"_kad_post_footer":false,"_kad_post_classname":""},"product-category":[2],"class_list":["post-806","product","type-product","status-publish","has-post-thumbnail","hentry","product-category-road-marking-glass-beads"],"acf":[],"taxonomy_info":{"product-category":[{"value":2,"label":"Road Marking Glass Beads"}]},"featured_image_src_large":["https:\/\/lanxingco.com\/wp-content\/uploads\/2024\/07\/AS20092006-Drop-On-Glass-Beads-1.jpg",700,700,false],"author_info":[],"comment_info":"","_links":{"self":[{"href":"https:\/\/lanxingco.com\/es\/wp-json\/wp\/v2\/product\/806","targetHints":{"allow":["GET"]}}],"collection":[{"href":"https:\/\/lanxingco.com\/es\/wp-json\/wp\/v2\/product"}],"about":[{"href":"https:\/\/lanxingco.com\/es\/wp-json\/wp\/v2\/types\/product"}],"wp:featuredmedia":[{"embeddable":true,"href":"https:\/\/lanxingco.com\/es\/wp-json\/wp\/v2\/media\/1678"}],"wp:attachment":[{"href":"https:\/\/lanxingco.com\/es\/wp-json\/wp\/v2\/media?parent=806"}],"wp:term":[{"taxonomy":"product-category","embeddable":true,"href":"https:\/\/lanxingco.com\/es\/wp-json\/wp\/v2\/product-category?post=806"}],"curies":[{"name":"wp","href":"https:\/\/api.w.org\/{rel}","templated":true}]}}