{"id":801,"date":"2024-06-21T08:14:59","date_gmt":"2024-06-21T08:14:59","guid":{"rendered":"https:\/\/lanxing.easiwin.com\/?post_type=product&#038;p=801"},"modified":"2025-01-17T13:28:47","modified_gmt":"2025-01-17T13:28:47","slug":"bs6088b-drop-on-glass-beads","status":"publish","type":"product","link":"https:\/\/lanxingco.com\/es\/product\/bs6088b-drop-on-glass-beads\/","title":{"rendered":"BS6088B gota sobre perlas de vidrio"},"content":{"rendered":"<h2 class=\"wp-block-heading\"><strong>Vista general de BS6088B Cuentas de vidrio con gota<\/strong><\/h2>\n\n\n\n<p>Las microesferas de vidrio BS6088B est\u00e1n dise\u00f1adas para mejorar significativamente la visibilidad y longevidad de las marcas viales. Estas microesferas cumplen la norma brit\u00e1nica BS6088 Tipo B, lo que garantiza que satisfacen rigurosas normas de calidad y rendimiento. Si se aplican dej\u00e1ndolas caer sobre las marcas viales reci\u00e9n pintadas, se incrustan para mejorar la reflectividad, haciendo que las carreteras sean m\u00e1s seguras para los conductores.<\/p>\n\n\n<style>.wp-block-kadence-advancedheading.kt-adv-heading801_2c237a-04, .wp-block-kadence-advancedheading.kt-adv-heading801_2c237a-04[data-kb-block=\"kb-adv-heading801_2c237a-04\"]{font-style:normal;}.wp-block-kadence-advancedheading.kt-adv-heading801_2c237a-04 mark.kt-highlight, .wp-block-kadence-advancedheading.kt-adv-heading801_2c237a-04[data-kb-block=\"kb-adv-heading801_2c237a-04\"] mark.kt-highlight{font-style:normal;color:#f76a0c;-webkit-box-decoration-break:clone;box-decoration-break:clone;padding-top:0px;padding-right:0px;padding-bottom:0px;padding-left:0px;}.wp-block-kadence-advancedheading.kt-adv-heading801_2c237a-04 img.kb-inline-image, .wp-block-kadence-advancedheading.kt-adv-heading801_2c237a-04[data-kb-block=\"kb-adv-heading801_2c237a-04\"] img.kb-inline-image{width:150px;vertical-align:baseline;}<\/style>\n<h2 class=\"kt-adv-heading801_2c237a-04 wp-block-kadence-advancedheading\" data-kb-block=\"kb-adv-heading801_2c237a-04\">Especificaciones y datos t\u00e9cnicos<\/h2>\n\n\n\n<figure class=\"wp-block-table\"><table><thead><tr><th><strong>Par\u00e1metro<\/strong><\/th><th><strong>Detalles<\/strong><\/th><\/tr><\/thead><tbody><tr><td><strong>Composici\u00f3n<\/strong><\/td><td>Vidrio de alta calidad<\/td><\/tr><tr><td><strong>Apariencia<\/strong><\/td><td>Transparente, incoloro<\/td><\/tr><tr><td><strong>Forma<\/strong><\/td><td>Esf\u00e9rica<\/td><\/tr><tr><td><strong>\u00cdndice de refracci\u00f3n<\/strong><\/td><td>\u22651.5<\/td><\/tr><tr><td><strong>Tama\u00f1os<\/strong><\/td><td>180 &#8211; 850 micras<\/td><\/tr><tr><td><strong>Redondez<\/strong><\/td><td>\u226580<\/td><\/tr><tr><td><strong>Dureza<\/strong><\/td><td>6-7 Moh&#8217;s<\/td><\/tr><tr><td><strong>Tipos de revestimiento<\/strong><\/td><td>Revestimiento antihumedad, revestimiento de flotaci\u00f3n, revestimiento de adherencia<\/td><\/tr><tr><td><strong>M\u00e9todo de aplicaci\u00f3n<\/strong><\/td><td>Ca\u00edda sobre la pintura de se\u00f1alizaci\u00f3n vial<\/td><\/tr><tr><td><strong>Durabilidad<\/strong><\/td><td>Mantiene la reflectividad durante 1 &#8211; 3 a\u00f1os dependiendo del uso<\/td><\/tr><tr><td><strong>Normas<\/strong><\/td><td>BS 6088B<\/td><\/tr><\/tbody><\/table><\/figure>\n\n\n\n<h2 class=\"wp-block-heading\"><strong>Ventajas de las perlas de vidrio BS6088B Drop On<\/strong><\/h2>\n\n\n\n<h3 class=\"wp-block-heading\"><strong>Mayor visibilidad<\/strong><\/h3>\n\n\n\n<p>Las microesferas de vidrio BS6088B mejoran significativamente la visibilidad de las marcas viales, especialmente durante la noche o en condiciones meteorol\u00f3gicas adversas. Al reflejar la luz de los faros de los veh\u00edculos, mejoran la percepci\u00f3n del conductor y reducen el riesgo de accidentes.<\/p>\n\n\n\n<h3 class=\"wp-block-heading\"><strong>Durabilidad a largo plazo<\/strong><\/h3>\n\n\n\n<p>Estas microesferas de vidrio est\u00e1n dise\u00f1adas para resistir el tr\u00e1fico intenso y las duras condiciones ambientales, manteniendo sus propiedades reflectantes durante periodos prolongados. Esta durabilidad reduce la frecuencia del mantenimiento de las carreteras, lo que resulta rentable para los departamentos de transporte.<\/p>\n\n\n\n<h3 class=\"wp-block-heading\"><strong>Facilidad de aplicaci\u00f3n<\/strong><\/h3>\n\n\n\n<p>Su m\u00e9todo de aplicaci\u00f3n \"drop-on\" garantiza una f\u00e1cil integraci\u00f3n en las marcas viales reci\u00e9n pintadas, favoreciendo una dispersi\u00f3n uniforme y maximizando la reflectividad. Esta simplicidad mejora la eficiencia operativa durante los proyectos de se\u00f1alizaci\u00f3n vial.<\/p>\n\n\n\n<h2 class=\"wp-block-heading\"><strong>Caracter\u00edsticas de BS6088B Abalorios de vidrio con gota<\/strong><\/h2>\n\n\n\n<h3 class=\"wp-block-heading\"><strong>Alta reflectividad y uniformidad<\/strong><\/h3>\n\n\n\n<p>Las microesferas de vidrio BS6088B son conocidas por su alta reflectividad, que garantiza una visibilidad superior de las marcas viales en diversas condiciones de iluminaci\u00f3n. Su distribuci\u00f3n uniforme de tama\u00f1os minimiza las irregularidades de la superficie, mejorando el atractivo est\u00e9tico de las marcas viales.<\/p>\n\n\n\n<h3 class=\"wp-block-heading\"><strong>Consideraciones medioambientales<\/strong><\/h3>\n\n\n\n<p>Fabricadas con materiales respetuosos con el medio ambiente, como el vidrio reciclado, estas microesferas apoyan las pr\u00e1cticas sostenibles en la construcci\u00f3n y el mantenimiento de carreteras. Su composici\u00f3n ecol\u00f3gica est\u00e1 en consonancia con los esfuerzos mundiales por reducir el impacto ambiental.<\/p>\n\n\n\n<h3 class=\"wp-block-heading\"><strong>Versatilidad en aplicaciones de se\u00f1alizaci\u00f3n vial<\/strong><\/h3>\n\n\n\n<p>Son compatibles con diversos materiales de se\u00f1alizaci\u00f3n vial, incluidas las pinturas epox\u00eddicas y termopl\u00e1sticas, ofreciendo flexibilidad en los m\u00e9todos de aplicaci\u00f3n y manteniendo al mismo tiempo altos niveles de reflectividad y durabilidad.<\/p>\n\n\n\n<p><\/p>\n\n\n\n<figure class=\"wp-block-image size-full\"><img loading=\"lazy\" decoding=\"async\" width=\"700\" height=\"700\" src=\"https:\/\/lanxingco.com\/wp-content\/uploads\/2024\/07\/BS6088B-Drop-On-Glass-Beads.jpg\" alt=\"BS6088B Cuentas de vidrio con gota\" class=\"wp-image-1453\" srcset=\"https:\/\/lanxingco.com\/wp-content\/uploads\/2024\/07\/BS6088B-Drop-On-Glass-Beads.jpg 700w, https:\/\/lanxingco.com\/wp-content\/uploads\/2024\/07\/BS6088B-Drop-On-Glass-Beads-300x300.jpg 300w, https:\/\/lanxingco.com\/wp-content\/uploads\/2024\/07\/BS6088B-Drop-On-Glass-Beads-150x150.jpg 150w\" sizes=\"auto, (max-width: 700px) 100vw, 700px\" \/><\/figure>\n\n\n\n<p><\/p>\n\n\n\n<h2 class=\"wp-block-heading\"><strong>Tabla comparativa: BS6088B Perlas de vidrio vs. Productos similares<\/strong><\/h2>\n\n\n\n<p>A continuaci\u00f3n se muestra una comparaci\u00f3n de las microesferas de vidrio BS6088B con otros tipos de microesferas de vidrio reflectantes de uso com\u00fan para aplicaciones de se\u00f1alizaci\u00f3n vial:<\/p>\n\n\n\n<figure class=\"wp-block-table\"><table class=\"has-fixed-layout\"><thead><tr><th><strong>Caracter\u00edstica<\/strong><\/th><th><strong>BS6088B Cuentas de vidrio<\/strong><\/th><th><strong>BS6088A Cuentas de vidrio<\/strong><\/th><th><strong><a href=\"https:\/\/lanxingco.com\/es\/product\/en1423-drop-on-glass-bead\/\">EN1423 Cuentas de vidrio<\/a><\/strong><\/th><th><strong>Perlas de vidrio AASHTO tipo I<\/strong><\/th><th><strong><a href=\"https:\/\/lanxingco.com\/es\/product\/aashto-m247-ii-drop-on-glass-beads\/\">Perlas de vidrio AASHTO tipo II<\/a><\/strong><\/th><\/tr><\/thead><tbody><tr><td><strong>Cumplimiento de las normas<\/strong><\/td><td>BS6088B<\/td><td>BS6088A<\/td><td>EN1423<\/td><td>AASHTO M247 Tipo I<\/td><td>AASHTO M247 Tipo II<\/td><\/tr><tr><td><strong>Gama de tama\u00f1os de part\u00edculas<\/strong><\/td><td>90-850 \u00b5m<\/td><td>600-1400 \u00b5m<\/td><td>100-850 \u00b5m<\/td><td>600-850 \u00b5m<\/td><td>300-600 \u00b5m<\/td><\/tr><tr><td><strong>Esfericidad<\/strong><\/td><td>\u226580%<\/td><td>\u226570%<\/td><td>\u226580%<\/td><td>\u226570%<\/td><td>\u226570%<\/td><\/tr><tr><td><strong>\u00cdndice de refracci\u00f3n<\/strong><\/td><td>\u22651.5<\/td><td>\u22651.5<\/td><td>\u22651.5<\/td><td>\u22651.5<\/td><td>\u22651.5<\/td><\/tr><tr><td><strong>Retrorreflectividad<\/strong><\/td><td>Alta<\/td><td>Moderado<\/td><td>Alta<\/td><td>Alta<\/td><td>Moderado<\/td><\/tr><tr><td><strong>Durabilidad<\/strong><\/td><td>Excelente<\/td><td>Excelente<\/td><td>Excelente<\/td><td>Alta<\/td><td>Moderado<\/td><\/tr><tr><td><strong>Aplicaci\u00f3n<\/strong><\/td><td>Marcas viales desplegables<\/td><td>Premezclado y drop-on<\/td><td>Marcas viales desplegables<\/td><td>Marcas viales desplegables<\/td><td>Marcas viales desplegables<\/td><\/tr><tr><td><strong>Revestimiento (opcional)<\/strong><\/td><td><a href=\"https:\/\/en.wikipedia.org\/wiki\/Silane\" target=\"_blank\" rel=\"noopener\">Silano<\/a> o Promotor de adherencia<\/td><td>Silano o promotor de adherencia<\/td><td>Silano o promotor de adherencia<\/td><td>Silano o promotor de adherencia<\/td><td>Silano o promotor de adherencia<\/td><\/tr><tr><td><strong>Uso t\u00edpico<\/strong><\/td><td>Carreteras urbanas, autopistas, aeropuertos<\/td><td>Zonas de tr\u00e1fico intenso, autopistas<\/td><td>Carreteras urbanas, autopistas, aeropuertos<\/td><td>Marcas viales generales<\/td><td>Se\u00f1alizaci\u00f3n de carreteras poco transitadas<\/td><\/tr><tr><td><strong>Visibilidad en condiciones h\u00famedas<\/strong><\/td><td>Moderado a alto<\/td><td>Moderado<\/td><td>Alta<\/td><td>Moderado<\/td><td>Bajo<\/td><\/tr><tr><td><strong>Coste<\/strong><\/td><td>Moderado<\/td><td>M\u00e1s alto<\/td><td>M\u00e1s alto<\/td><td>Moderado<\/td><td>Baja<\/td><\/tr><\/tbody><\/table><\/figure>\n\n\n\n<hr class=\"wp-block-separator has-alpha-channel-opacity\"\/>\n\n\n\n<h3 class=\"wp-block-heading\"><strong>Principales diferencias<\/strong><\/h3>\n\n\n\n<ol class=\"wp-block-list\">\n<li><strong>Tama\u00f1o de las part\u00edculas:<\/strong><\/li>\n<\/ol>\n\n\n\n<ul class=\"wp-block-list\">\n<li>El BS6088B tiene un rango de tama\u00f1os de part\u00edcula m\u00e1s peque\u00f1o (90-850 \u00b5m) que el BS6088A (600-1400 \u00b5m), por lo que es m\u00e1s adecuado para aplicaciones de goteo en las que la uniformidad y la adherencia son cr\u00edticas.<\/li>\n\n\n\n<li>Las microesferas AASHTO Tipo II tienen part\u00edculas m\u00e1s peque\u00f1as (300-600 \u00b5m), lo que las hace ideales para se\u00f1alizaciones temporales y de poco tr\u00e1fico.<\/li>\n<\/ul>\n\n\n\n<ol class=\"wp-block-list\">\n<li><strong>Retrorreflectividad:<\/strong><\/li>\n<\/ol>\n\n\n\n<ul class=\"wp-block-list\">\n<li>BS6088B y EN1423 ofrecen mayores prestaciones retrorreflectantes que AASHTO Tipo II, lo que las hace adecuadas para aplicaciones cr\u00edticas como autopistas y aeropuertos.<\/li>\n<\/ul>\n\n\n\n<ol class=\"wp-block-list\">\n<li><strong>Durabilidad:<\/strong><\/li>\n<\/ol>\n\n\n\n<ul class=\"wp-block-list\">\n<li>Los cordones BS6088B y EN1423 tienen una durabilidad excelente, mientras que los cordones AASHTO Tipo II son menos duraderos y adecuados para zonas de poco tr\u00e1fico.<\/li>\n<\/ul>\n\n\n\n<ol class=\"wp-block-list\">\n<li><strong>Cumplimiento de normas:<\/strong><\/li>\n<\/ol>\n\n\n\n<ul class=\"wp-block-list\">\n<li>La BS6088B cumple las normas brit\u00e1nicas, mientras que la EN1423 se ajusta a las normas europeas y los cordones AASHTO cumplen las normas estadounidenses. La selecci\u00f3n depende de los requisitos regionales.<\/li>\n<\/ul>\n\n\n\n<ol class=\"wp-block-list\">\n<li><strong>Rentabilidad:<\/strong><\/li>\n<\/ol>\n\n\n\n<ul class=\"wp-block-list\">\n<li>BS6088B ofrece un equilibrio entre coste y rendimiento, lo que lo convierte en una opci\u00f3n vers\u00e1til para la mayor\u00eda de las aplicaciones. Los cordones AASHTO Tipo II son m\u00e1s econ\u00f3micos pero menos reflectantes y duraderos.<\/li>\n<\/ul>\n\n\n\n<hr class=\"wp-block-separator has-alpha-channel-opacity\"\/>\n\n\n\n<h2 class=\"wp-block-heading\"><strong>Conclusi\u00f3n<\/strong><\/h2>\n\n\n\n<ul class=\"wp-block-list\">\n<li><strong>BS6088B Cuentas de vidrio<\/strong> son ideales para una amplia gama de aplicaciones debido a su excelente retrorreflectividad, durabilidad y cumplimiento de las normas internacionales. Son especialmente adecuadas para carreteras urbanas, autopistas y aeropuertos.<\/li>\n\n\n\n<li>Para proyectos que requieren cordones de mayor tama\u00f1o o un mejor rendimiento en condiciones h\u00famedas, <strong>BS6088A<\/strong> o <strong>EN1423<\/strong> puede ser una mejor opci\u00f3n.<\/li>\n\n\n\n<li><strong>Perlas de vidrio AASHTO tipo II<\/strong> son una opci\u00f3n rentable para aplicaciones de poco tr\u00e1fico o de corta duraci\u00f3n.<\/li>\n<\/ul>\n\n\n\n<p>Esta tabla ofrece una comparaci\u00f3n clara para ayudarle a elegir el producto m\u00e1s adecuado para sus necesidades espec\u00edficas de se\u00f1alizaci\u00f3n vial.<\/p>\n\n\n\n<p><\/p>\n\n\n\n<h2 class=\"wp-block-heading\"><strong>Preguntas frecuentes sobre BS6088B Cuentas de vidrio con gota<\/strong><\/h2>\n\n\n\n<p><strong>\u00bfQu\u00e9 son las cuentas de vidrio con gota BS6088B?<\/strong><\/p>\n\n\n\n<p>Estas perlas son part\u00edculas de vidrio que se aplican sobre las marcas viales reci\u00e9n pintadas para mejorar su reflectividad.<\/p>\n\n\n\n<p><strong>\u00bfC\u00f3mo se <strong>BS6088B gota sobre perlas de vidrio<\/strong> \u00bfmejorar la seguridad vial?<\/strong><\/p>\n\n\n\n<p>Al reflejar la luz de los faros de los veh\u00edculos, hacen m\u00e1s visibles las marcas viales, sobre todo de noche o en condiciones meteorol\u00f3gicas adversas.<\/p>\n\n\n\n<p><strong>Son <strong>BS6088B gota sobre perlas de vidrio<\/strong> \u00bfDuradera?<\/strong><\/p>\n\n\n\n<p>S\u00ed, est\u00e1n dise\u00f1ados para resistir el desgaste del tr\u00e1fico y las inclemencias del tiempo, manteniendo sus propiedades reflectantes con el paso del tiempo.<\/p>\n\n\n\n<p><strong>\u00bfCumplen las cuentas BS6088B las normas brit\u00e1nicas?<\/strong><\/p>\n\n\n\n<p>S\u00ed, cumplen la norma BS6088B, que garantiza la calidad y el rendimiento en aplicaciones de se\u00f1alizaci\u00f3n vial.<\/p>","protected":false},"excerpt":{"rendered":"<p>Nuestras microesferas de vidrio BS6088B cumplen las rigurosas normas BS6088B, ofreciendo una reflectividad y longevidad excepcionales. Estas microesferas son ideales para zonas de mucho tr\u00e1fico, ya que garantizan que las marcas viales sigan siendo muy visibles y eficaces.<\/p>","protected":false},"featured_media":1680,"parent":0,"template":"","meta":{"_acf_changed":false,"_kad_blocks_custom_css":"","_kad_blocks_head_custom_js":"","_kad_blocks_body_custom_js":"","_kad_blocks_footer_custom_js":"","_kad_post_transparent":"","_kad_post_title":"","_kad_post_layout":"","_kad_post_sidebar_id":"","_kad_post_content_style":"","_kad_post_vertical_padding":"","_kad_post_feature":"","_kad_post_feature_position":"","_kad_post_header":false,"_kad_post_footer":false,"_kad_post_classname":""},"product-category":[2],"class_list":["post-801","product","type-product","status-publish","has-post-thumbnail","hentry","product-category-road-marking-glass-beads"],"acf":[],"taxonomy_info":{"product-category":[{"value":2,"label":"Road Marking Glass Beads"}]},"featured_image_src_large":["https:\/\/lanxingco.com\/wp-content\/uploads\/2024\/07\/BS6088B-Drop-On-Glass-Beads-1.jpg",700,700,false],"author_info":[],"comment_info":"","_links":{"self":[{"href":"https:\/\/lanxingco.com\/es\/wp-json\/wp\/v2\/product\/801","targetHints":{"allow":["GET"]}}],"collection":[{"href":"https:\/\/lanxingco.com\/es\/wp-json\/wp\/v2\/product"}],"about":[{"href":"https:\/\/lanxingco.com\/es\/wp-json\/wp\/v2\/types\/product"}],"wp:featuredmedia":[{"embeddable":true,"href":"https:\/\/lanxingco.com\/es\/wp-json\/wp\/v2\/media\/1680"}],"wp:attachment":[{"href":"https:\/\/lanxingco.com\/es\/wp-json\/wp\/v2\/media?parent=801"}],"wp:term":[{"taxonomy":"product-category","embeddable":true,"href":"https:\/\/lanxingco.com\/es\/wp-json\/wp\/v2\/product-category?post=801"}],"curies":[{"name":"wp","href":"https:\/\/api.w.org\/{rel}","templated":true}]}}