{"id":780,"date":"2024-06-21T08:02:01","date_gmt":"2024-06-21T08:02:01","guid":{"rendered":"https:\/\/lanxing.easiwin.com\/?post_type=product&#038;p=780"},"modified":"2024-07-15T06:23:57","modified_gmt":"2024-07-15T06:23:57","slug":"ks-l-2521-intermix-glass-beads","status":"publish","type":"product","link":"https:\/\/lanxingco.com\/es\/product\/ks-l-2521-intermix-glass-beads\/","title":{"rendered":"KS L 2521 perlas de vidrio entremezcladas"},"content":{"rendered":"<h2 class=\"wp-block-heading\"><strong>Vista general de las perlas de vidrio KS L 2521 Intermix<\/strong><\/h2>\n\n\n\n<p>Las microesferas de vidrio entremezcladas KS L 2521 se fabrican conforme a la norma surcoreana que especifica los requisitos para las microesferas de vidrio utilizadas en las pinturas de se\u00f1alizaci\u00f3n vial. Las microesferas de vidrio KS L 2521 est\u00e1n dise\u00f1adas para mejorar significativamente la visibilidad de las marcas viales al reflejar la luz hacia su fuente, normalmente los faros de los veh\u00edculos. Estas microesferas cumplen rigurosos requisitos de calidad y rendimiento. Contribuyen a mejorar la seguridad vial al hacer m\u00e1s visibles las marcas de los carriles y los pasos de peatones, especialmente en condiciones meteorol\u00f3gicas adversas.<\/p>\n\n\n\n<h2 class=\"wp-block-heading\">Especificaciones y datos t\u00e9cnicos<\/h2>\n\n\n\n<figure class=\"wp-block-table\"><table><thead><tr><th><strong>Par\u00e1metro<\/strong><\/th><th><strong>Detalles<\/strong><\/th><\/tr><\/thead><tbody><tr><td><strong>Composici\u00f3n<\/strong><\/td><td>Vidrio de alta calidad<\/td><\/tr><tr><td><strong>Apariencia<\/strong><\/td><td>Transparente, incoloro<\/td><\/tr><tr><td><strong>Forma<\/strong><\/td><td>Esf\u00e9rica<\/td><\/tr><tr><td><strong>\u00cdndice de refracci\u00f3n<\/strong><\/td><td>\u22651.5<\/td><\/tr><tr><td><strong>Tama\u00f1os<\/strong><\/td><td>150 &#8211; 1400 micras<\/td><\/tr><tr><td><strong>Redondez<\/strong><\/td><td>\u226580<\/td><\/tr><tr><td><strong>Dureza<\/strong><\/td><td>6-7 Moh&#8217;s<\/td><\/tr><tr><td><strong>Tipos de revestimiento<\/strong><\/td><td>Revestimiento antihumedad, revestimiento de flotaci\u00f3n, revestimiento de adherencia<\/td><\/tr><tr><td><strong>M\u00e9todo de aplicaci\u00f3n<\/strong><\/td><td>Mezclado directamente en la pintura<\/td><\/tr><tr><td><strong>Durabilidad<\/strong><\/td><td>Mantiene la reflectividad durante 1 &#8211; 3 a\u00f1os dependiendo del uso<\/td><\/tr><tr><td><strong>Normas<\/strong><\/td><td>KS L 2521<\/td><\/tr><\/tbody><\/table><\/figure>\n\n\n\n<h2 class=\"wp-block-heading\"><strong>Ventajas del uso de las perlas de vidrio KS L 2521 Intermix<\/strong><\/h2>\n\n\n\n<h3 class=\"wp-block-heading\"><strong>Mayor visibilidad en condiciones de poca luz<\/strong><\/h3>\n\n\n\n<p>Una de las principales ventajas de las microesferas de vidrio entremezcladas KS L 2521 es su capacidad para mejorar significativamente la visibilidad de las marcas viales durante la noche o con tiempo inclemente. Al reflejar la luz de los faros de los veh\u00edculos, estas microesferas mejoran la percepci\u00f3n del conductor y reducen el riesgo de accidentes.<\/p>\n\n\n\n<h3 class=\"wp-block-heading\"><strong>Durabilidad a largo plazo<\/strong><\/h3>\n\n\n\n<p>Estas microesferas de vidrio est\u00e1n dise\u00f1adas para resistir el tr\u00e1fico intenso y las duras condiciones ambientales, manteniendo sus propiedades reflectantes durante periodos prolongados. Esta durabilidad reduce la necesidad de un mantenimiento frecuente, ofreciendo rentabilidad para los proyectos de se\u00f1alizaci\u00f3n vial.<\/p>\n\n\n\n<h3 class=\"wp-block-heading\"><strong>Cumplimiento de las normas<\/strong><\/h3>\n\n\n\n<p>Fabricadas conforme a las normas KS L 2521, estas microesferas cumplen estrictas medidas de control de calidad, lo que garantiza su consistencia y fiabilidad en aplicaciones de seguridad vial. Su cumplimiento facilita una integraci\u00f3n perfecta en proyectos de se\u00f1alizaci\u00f3n vial en toda Corea.<\/p>\n\n\n\n<h3 class=\"wp-block-heading\"><strong>Versatilidad de aplicaci\u00f3n<\/strong><\/h3>\n\n\n\n<p>Las microesferas de vidrio entremezcladas KS L 2521 son compatibles con diversos tipos de materiales de se\u00f1alizaci\u00f3n vial, incluidas las pinturas epox\u00eddicas y termopl\u00e1sticas. Esta versatilidad permite m\u00e9todos de aplicaci\u00f3n flexibles manteniendo altos niveles de reflectividad y durabilidad.<\/p>\n\n\n\n<h2 class=\"wp-block-heading\"><strong>Caracter\u00edsticas de las cuentas de vidrio KS L 2521 Intermix<\/strong><\/h2>\n\n\n\n<h3 class=\"wp-block-heading\"><strong>Alta reflectividad y uniformidad<\/strong><\/h3>\n\n\n\n<p>Estas microesferas son famosas por su alta reflectividad, que garantiza una visibilidad superior de las marcas viales en diversas condiciones de iluminaci\u00f3n. Su distribuci\u00f3n granulom\u00e9trica uniforme minimiza las irregularidades de la superficie, mejorando el aspecto est\u00e9tico de las marcas viales.<\/p>\n\n\n\n<h3 class=\"wp-block-heading\"><strong>Consideraciones medioambientales<\/strong><\/h3>\n\n\n\n<p>Fabricadas con materiales respetuosos con el medio ambiente, como el vidrio reciclado, las microesferas de vidrio entremezcladas KS L 2521 apoyan las pr\u00e1cticas sostenibles en la construcci\u00f3n y el mantenimiento de carreteras. Su composici\u00f3n ecol\u00f3gica est\u00e1 en consonancia con los esfuerzos mundiales por reducir el impacto medioambiental.<\/p>\n\n\n\n<h3 class=\"wp-block-heading\"><strong>Facilidad de aplicaci\u00f3n<\/strong><\/h3>\n\n\n\n<p>Su dise\u00f1o entremezclado permite una f\u00e1cil incorporaci\u00f3n a diversos materiales de se\u00f1alizaci\u00f3n vial, garantizando una dispersi\u00f3n uniforme y la m\u00e1xima reflectividad. Esta facilidad de aplicaci\u00f3n mejora la eficiencia operativa durante los proyectos de se\u00f1alizaci\u00f3n vial.<\/p>\n\n\n\n<h2 class=\"wp-block-heading\"><strong>Preguntas frecuentes sobre KS L 2521 Cuentas de vidrio Intermix<\/strong><\/h2>\n\n\n\n<p><strong>\u00bfQu\u00e9 son las perlas de vidrio entremezcladas KS L 2521?<\/strong><\/p>\n\n\n\n<p>Son perlas de vidrio altamente reflectantes que se utilizan en las marcas viales para aumentar la visibilidad, sobre todo de noche.<\/p>\n\n\n\n<p><strong>\u00bfC\u00f3mo mejoran estas cuentas la seguridad vial?<\/strong><\/p>\n\n\n\n<p>Al reflejar la luz de los faros de los veh\u00edculos, hacen m\u00e1s visibles las marcas viales, reduciendo la probabilidad de accidentes.<\/p>\n\n\n\n<p><strong>\u00bfSon duraderas las cuentas KS L 2521?<\/strong><\/p>\n\n\n\n<p>S\u00ed, est\u00e1n dise\u00f1ados para resistir el desgaste del tr\u00e1fico y las condiciones meteorol\u00f3gicas adversas, manteniendo sus propiedades reflectantes a lo largo del tiempo.<\/p>\n\n\n\n<p><strong>\u00bfD\u00f3nde puedo comprar las cuentas de vidrio entremezcladas KS L 2521?<\/strong><\/p>\n\n\n\n<p>Entre los principales proveedores figuran Swarco, Potters Industries, Jinan Jingyu Glass Bead Co. y 3M Traffic Safety Systems.<\/p>\n\n\n\n<p><strong>\u00bfQu\u00e9 tama\u00f1os hay disponibles para las cuentas KS L 2521?<\/strong><\/p>\n\n\n\n<p>Var\u00edan de 75 \u00b5m a 850 \u00b5m, y responden a diversas necesidades de se\u00f1alizaci\u00f3n vial.<\/p>\n\n\n\n<p><strong>\u00bfCumplen las cuentas KS L 2521 las normas coreanas?<\/strong><\/p>\n\n\n\n<p>S\u00ed, cumplen las normas KS L 2521, que garantizan la calidad y el rendimiento en aplicaciones de se\u00f1alizaci\u00f3n vial.<\/p>","protected":false},"excerpt":{"rendered":"<p>Nuestras microesferas de vidrio entremezcladas KS L 2521 est\u00e1n meticulosamente fabricadas para cumplir las estrictas normas KS L 2521, proporcionando un rendimiento \u00f3ptimo en la se\u00f1alizaci\u00f3n vial. Estas microesferas mejoran la visibilidad y ofrecen una larga durabilidad, garantizando unas marcas viales claras y seguras.<\/p>","protected":false},"featured_media":1443,"parent":0,"template":"","meta":{"_acf_changed":false,"_kad_blocks_custom_css":"","_kad_blocks_head_custom_js":"","_kad_blocks_body_custom_js":"","_kad_blocks_footer_custom_js":"","_kad_post_transparent":"","_kad_post_title":"","_kad_post_layout":"","_kad_post_sidebar_id":"","_kad_post_content_style":"","_kad_post_vertical_padding":"","_kad_post_feature":"","_kad_post_feature_position":"","_kad_post_header":false,"_kad_post_footer":false,"_kad_post_classname":""},"product-category":[2],"class_list":["post-780","product","type-product","status-publish","has-post-thumbnail","hentry","product-category-road-marking-glass-beads"],"acf":[],"taxonomy_info":{"product-category":[{"value":2,"label":"Road Marking Glass Beads"}]},"featured_image_src_large":["https:\/\/lanxingco.com\/wp-content\/uploads\/2024\/07\/KS-L-2521-Intermix-Glass-Beads.jpg",700,700,false],"author_info":[],"comment_info":"","_links":{"self":[{"href":"https:\/\/lanxingco.com\/es\/wp-json\/wp\/v2\/product\/780","targetHints":{"allow":["GET"]}}],"collection":[{"href":"https:\/\/lanxingco.com\/es\/wp-json\/wp\/v2\/product"}],"about":[{"href":"https:\/\/lanxingco.com\/es\/wp-json\/wp\/v2\/types\/product"}],"wp:featuredmedia":[{"embeddable":true,"href":"https:\/\/lanxingco.com\/es\/wp-json\/wp\/v2\/media\/1443"}],"wp:attachment":[{"href":"https:\/\/lanxingco.com\/es\/wp-json\/wp\/v2\/media?parent=780"}],"wp:term":[{"taxonomy":"product-category","embeddable":true,"href":"https:\/\/lanxingco.com\/es\/wp-json\/wp\/v2\/product-category?post=780"}],"curies":[{"name":"wp","href":"https:\/\/api.w.org\/{rel}","templated":true}]}}