{"id":778,"date":"2024-06-21T07:54:48","date_gmt":"2024-06-21T07:54:48","guid":{"rendered":"https:\/\/lanxing.easiwin.com\/?post_type=product&#038;p=778"},"modified":"2024-07-15T06:25:14","modified_gmt":"2024-07-15T06:25:14","slug":"jis-r-3301-intermix-glass-beads","status":"publish","type":"product","link":"https:\/\/lanxingco.com\/es\/product\/jis-r-3301-intermix-glass-beads\/","title":{"rendered":"JIS R 3301 perlas de vidrio entremezcladas"},"content":{"rendered":"<h2 class=\"wp-block-heading\"><strong>Visi\u00f3n general de las perlas de vidrio de intermezcla JIS R 3301<\/strong><\/h2>\n\n\n\n<p>Las microesferas de vidrio entremezcladas JIS R 3301 est\u00e1n dise\u00f1adas para mejorar la visibilidad de las marcas viales reflejando la luz hacia su fuente, normalmente los faros de los veh\u00edculos. Estas microesferas se fabrican de acuerdo con la norma industrial japonesa (JIS R 3301), lo que garantiza su alta calidad y la uniformidad de sus prestaciones. Desempe\u00f1an un papel crucial en la mejora de la seguridad vial al hacer que las marcas de los carriles, los pasos de peatones y las se\u00f1ales de tr\u00e1fico sean claramente visibles en diversas condiciones de iluminaci\u00f3n.<\/p>\n\n\n\n<h2 class=\"wp-block-heading\">Especificaciones y datos t\u00e9cnicos<\/h2>\n\n\n\n<figure class=\"wp-block-table\"><table><thead><tr><th><strong>Par\u00e1metro<\/strong><\/th><th><strong>Detalles<\/strong><\/th><\/tr><\/thead><tbody><tr><td><strong>Composici\u00f3n<\/strong><\/td><td>Vidrio de alta calidad<\/td><\/tr><tr><td><strong>Apariencia<\/strong><\/td><td>Transparente, incoloro<\/td><\/tr><tr><td><strong>Forma<\/strong><\/td><td>Esf\u00e9rica<\/td><\/tr><tr><td><strong>\u00cdndice de refracci\u00f3n<\/strong><\/td><td>\u22651.5<\/td><\/tr><tr><td><strong>Tama\u00f1os<\/strong><\/td><td>90 &#8211; 1180 micras<\/td><\/tr><tr><td><strong>Redondez<\/strong><\/td><td>\u226580<\/td><\/tr><tr><td><strong>Dureza<\/strong><\/td><td>6-7 Moh&#8217;s<\/td><\/tr><tr><td><strong>Tipos de revestimiento<\/strong><\/td><td>Revestimiento antihumedad, revestimiento de flotaci\u00f3n, revestimiento de adherencia<\/td><\/tr><tr><td><strong>M\u00e9todo de aplicaci\u00f3n<\/strong><\/td><td>Mezclado directamente en la pintura<\/td><\/tr><tr><td><strong>Durabilidad<\/strong><\/td><td>Mantiene la reflectividad durante 1 &#8211; 3 a\u00f1os dependiendo del uso<\/td><\/tr><tr><td><strong>Normas<\/strong><\/td><td>JIS R 3301<\/td><\/tr><\/tbody><\/table><\/figure>\n\n\n\n<h2 class=\"wp-block-heading\"><strong>Ventajas de las perlas de vidrio JIS R 3301 Intermix<\/strong><\/h2>\n\n\n\n<h3 class=\"wp-block-heading\"><strong>Mayor visibilidad en condiciones de poca luz<\/strong><\/h3>\n\n\n\n<p>La principal ventaja de las microesferas de vidrio entremezcladas JIS R 3301 es su capacidad para mejorar significativamente la visibilidad de las marcas viales por la noche o en condiciones meteorol\u00f3gicas adversas. Al reflejar la luz de los faros de los veh\u00edculos, estas microesferas mejoran la percepci\u00f3n del conductor y reducen el riesgo de accidentes.<\/p>\n\n\n\n<h3 class=\"wp-block-heading\"><strong>Durabilidad a largo plazo<\/strong><\/h3>\n\n\n\n<p>Estas microesferas de vidrio est\u00e1n dise\u00f1adas para resistir el tr\u00e1fico intenso y las duras condiciones ambientales, manteniendo sus propiedades reflectantes durante periodos prolongados. Esta durabilidad reduce la frecuencia de mantenimiento y garantiza la rentabilidad de los proyectos de se\u00f1alizaci\u00f3n vial.<\/p>\n\n\n\n<h3 class=\"wp-block-heading\"><strong>Cumplimiento de las normas<\/strong><\/h3>\n\n\n\n<p>Fabricadas de acuerdo con las normas JIS R 3301, estas microesferas cumplen estrictos requisitos de calidad, lo que garantiza su consistencia y fiabilidad en aplicaciones de seguridad vial. El cumplimiento de las normas tambi\u00e9n simplifica los procesos de aprobaci\u00f3n de los proyectos de se\u00f1alizaci\u00f3n vial.<\/p>\n\n\n\n<h3 class=\"wp-block-heading\"><strong>Versatilidad de aplicaci\u00f3n<\/strong><\/h3>\n\n\n\n<p>Las microesferas de vidrio entremezcladas JIS R 3301 son compatibles con diversos tipos de pinturas y materiales de se\u00f1alizaci\u00f3n vial, incluidos los termopl\u00e1sticos y los pl\u00e1sticos en fr\u00edo. Esta versatilidad permite m\u00e9todos de aplicaci\u00f3n flexibles manteniendo altos niveles de reflectividad y durabilidad.<\/p>\n\n\n\n<h2 class=\"wp-block-heading\"><strong>Caracter\u00edsticas de las perlas de vidrio JIS R 3301 Intermix<\/strong><\/h2>\n\n\n\n<h3 class=\"wp-block-heading\"><strong>Alta reflectividad y uniformidad<\/strong><\/h3>\n\n\n\n<p>Estas microesferas son famosas por su alta reflectividad, que garantiza una visibilidad superior de las marcas viales en diversas condiciones de iluminaci\u00f3n. Adem\u00e1s, su distribuci\u00f3n granulom\u00e9trica uniforme minimiza las irregularidades de la superficie, mejorando el atractivo est\u00e9tico de las marcas viales.<\/p>\n\n\n\n<h3 class=\"wp-block-heading\"><strong>Consideraciones medioambientales<\/strong><\/h3>\n\n\n\n<p>Fabricadas con materiales respetuosos con el medio ambiente, como el vidrio reciclado, las microesferas de vidrio entremezcladas JIS R 3301 apoyan las pr\u00e1cticas sostenibles en la construcci\u00f3n y el mantenimiento de carreteras. Su composici\u00f3n ecol\u00f3gica est\u00e1 en consonancia con los esfuerzos mundiales por reducir el impacto medioambiental.<\/p>\n\n\n\n<h3 class=\"wp-block-heading\"><strong>Facilidad de aplicaci\u00f3n<\/strong><\/h3>\n\n\n\n<p>Su dise\u00f1o entremezclado permite una f\u00e1cil incorporaci\u00f3n a diversos materiales de se\u00f1alizaci\u00f3n vial, garantizando una dispersi\u00f3n uniforme y la m\u00e1xima reflectividad. Esta facilidad de aplicaci\u00f3n mejora la eficiencia operativa durante los proyectos de se\u00f1alizaci\u00f3n vial.<\/p>\n\n\n\n<h2 class=\"wp-block-heading\"><strong>Preguntas frecuentes sobre las perlas de vidrio JIS R 3301 Intermix<\/strong><\/h2>\n\n\n\n<p><strong>\u00bfQu\u00e9 son las perlas de vidrio de mezcla JIS R 3301?<\/strong><\/p>\n\n\n\n<p>Son perlas de vidrio altamente reflectantes que se utilizan en las marcas viales para aumentar la visibilidad, sobre todo de noche.<\/p>\n\n\n\n<p><strong>\u00bfC\u00f3mo mejoran estas cuentas la seguridad vial?<\/strong><\/p>\n\n\n\n<p>Al reflejar la luz de los faros de los veh\u00edculos, hacen m\u00e1s visibles las marcas viales, reduciendo la probabilidad de accidentes.<\/p>\n\n\n\n<p><strong>\u00bfSon duraderas las cuentas JIS R 3301?<\/strong><\/p>\n\n\n\n<p>S\u00ed, est\u00e1n dise\u00f1ados para resistir el desgaste del tr\u00e1fico y las condiciones meteorol\u00f3gicas adversas, manteniendo sus propiedades reflectantes a lo largo del tiempo.<\/p>\n\n\n\n<p><strong>\u00bfD\u00f3nde puedo comprar perlas de vidrio entremezcladas JIS R 3301?<\/strong><\/p>\n\n\n\n<p>Entre los principales proveedores figuran Swarco, Potters Industries, Jinan Jingyu Glass Bead Co. y 3M Traffic Safety Systems.<\/p>\n\n\n\n<p><strong>\u00bfQu\u00e9 tama\u00f1os hay disponibles para las cuentas JIS R 3301?<\/strong><\/p>\n\n\n\n<p>Var\u00edan de 75 \u00b5m a 850 \u00b5m, y responden a diversas necesidades de se\u00f1alizaci\u00f3n vial.<\/p>\n\n\n\n<p><strong>\u00bfCumplen las cuentas JIS R 3301 las normas japonesas?<\/strong><\/p>\n\n\n\n<p>S\u00ed, cumplen las normas JIS R 3301, lo que garantiza la calidad y el rendimiento en aplicaciones de se\u00f1alizaci\u00f3n vial.<\/p>","protected":false},"excerpt":{"rendered":"<p>Estas microesferas de vidrio de alto rendimiento se ajustan a las especificaciones JIS R 3301, garantizando una reflectividad y durabilidad superiores. Est\u00e1n dise\u00f1adas para ofrecer un rendimiento de primer nivel en aplicaciones de se\u00f1alizaci\u00f3n vial, proporcionando resultados fiables y uniformes.<\/p>","protected":false},"featured_media":1460,"parent":0,"template":"","meta":{"_acf_changed":false,"_kad_blocks_custom_css":"","_kad_blocks_head_custom_js":"","_kad_blocks_body_custom_js":"","_kad_blocks_footer_custom_js":"","_kad_post_transparent":"","_kad_post_title":"","_kad_post_layout":"","_kad_post_sidebar_id":"","_kad_post_content_style":"","_kad_post_vertical_padding":"","_kad_post_feature":"","_kad_post_feature_position":"","_kad_post_header":false,"_kad_post_footer":false,"_kad_post_classname":""},"product-category":[2],"class_list":["post-778","product","type-product","status-publish","has-post-thumbnail","hentry","product-category-road-marking-glass-beads"],"acf":[],"taxonomy_info":{"product-category":[{"value":2,"label":"Road Marking Glass Beads"}]},"featured_image_src_large":["https:\/\/lanxingco.com\/wp-content\/uploads\/2024\/07\/JIS-R-3301-Intermix-Glass-Beads.jpg",700,700,false],"author_info":[],"comment_info":"","_links":{"self":[{"href":"https:\/\/lanxingco.com\/es\/wp-json\/wp\/v2\/product\/778","targetHints":{"allow":["GET"]}}],"collection":[{"href":"https:\/\/lanxingco.com\/es\/wp-json\/wp\/v2\/product"}],"about":[{"href":"https:\/\/lanxingco.com\/es\/wp-json\/wp\/v2\/types\/product"}],"wp:featuredmedia":[{"embeddable":true,"href":"https:\/\/lanxingco.com\/es\/wp-json\/wp\/v2\/media\/1460"}],"wp:attachment":[{"href":"https:\/\/lanxingco.com\/es\/wp-json\/wp\/v2\/media?parent=778"}],"wp:term":[{"taxonomy":"product-category","embeddable":true,"href":"https:\/\/lanxingco.com\/es\/wp-json\/wp\/v2\/product-category?post=778"}],"curies":[{"name":"wp","href":"https:\/\/api.w.org\/{rel}","templated":true}]}}