{"id":776,"date":"2024-06-21T07:50:47","date_gmt":"2024-06-21T07:50:47","guid":{"rendered":"https:\/\/lanxing.easiwin.com\/?post_type=product&#038;p=776"},"modified":"2024-07-15T08:48:24","modified_gmt":"2024-07-15T08:48:24","slug":"en1424-intermix-glass-beads","status":"publish","type":"product","link":"https:\/\/lanxingco.com\/es\/product\/en1424-intermix-glass-beads\/","title":{"rendered":"EN1424 Perlas de vidrio entremezcladas"},"content":{"rendered":"<h2 class=\"wp-block-heading\"><strong>Visi\u00f3n general de las microesferas de vidrio EN1424 Intermix<\/strong><\/h2>\n\n\n\n<p>Las microesferas de vidrio entremezcladas EN1424 son un tipo especializado de material reflectante muy utilizado en aplicaciones de se\u00f1alizaci\u00f3n vial. Desempe\u00f1an un papel fundamental para garantizar que las marcas viales permanezcan visibles en todas las condiciones, especialmente por la noche o en situaciones de poca luz. Fabricadas seg\u00fan las normas europeas (EN1424), estas microesferas de vidrio son conocidas por su gran reflectividad y durabilidad.<\/p>\n\n\n\n<h2 class=\"wp-block-heading\">Especificaciones y datos t\u00e9cnicos<\/h2>\n\n\n\n<figure class=\"wp-block-table\"><table><thead><tr><th><strong>Par\u00e1metro<\/strong><\/th><th><strong>Detalles<\/strong><\/th><\/tr><\/thead><tbody><tr><td><strong>Composici\u00f3n<\/strong><\/td><td>Vidrio de alta calidad<\/td><\/tr><tr><td><strong>Apariencia<\/strong><\/td><td>Transparente, incoloro<\/td><\/tr><tr><td><strong>Forma<\/strong><\/td><td>Esf\u00e9rica<\/td><\/tr><tr><td><strong>\u00cdndice de refracci\u00f3n<\/strong><\/td><td>\u22651.5<\/td><\/tr><tr><td><strong>Tama\u00f1os<\/strong><\/td><td>53 &#8211; 1180 micras<\/td><\/tr><tr><td><strong>Redondez<\/strong><\/td><td>\u226580<\/td><\/tr><tr><td><strong>Dureza<\/strong><\/td><td>6-7 Moh&#8217;s<\/td><\/tr><tr><td><strong>Tipos de revestimiento<\/strong><\/td><td>Revestimiento antihumedad, revestimiento de flotaci\u00f3n, revestimiento de adherencia<\/td><\/tr><tr><td><strong>M\u00e9todo de aplicaci\u00f3n<\/strong><\/td><td>Mezclado directamente en la pintura<\/td><\/tr><tr><td><strong>Durabilidad<\/strong><\/td><td>Mantiene la reflectividad durante 1 &#8211; 3 a\u00f1os dependiendo del uso<\/td><\/tr><tr><td><strong>Normas<\/strong><\/td><td>ES 1424<\/td><\/tr><\/tbody><\/table><\/figure>\n\n\n\n<h2 class=\"wp-block-heading\"><strong>Ventajas de las microesferas de vidrio EN1424 Intermix<\/strong><\/h2>\n\n\n\n<h3 class=\"wp-block-heading\"><strong>Mayor visibilidad nocturna<\/strong><\/h3>\n\n\n\n<p>Las microesferas de vidrio entremezcladas EN1424 mejoran significativamente la visibilidad nocturna de las marcas viales al reflejar la luz hacia los conductores. Esto mejora la seguridad al hacer que las marcas de los carriles y las se\u00f1ales de tr\u00e1fico sean claramente visibles en condiciones de poca luz.<\/p>\n\n\n\n<h3 class=\"wp-block-heading\"><strong>Longevidad y durabilidad<\/strong><\/h3>\n\n\n\n<p>Estas microesferas de vidrio est\u00e1n dise\u00f1adas para resistir las duras condiciones meteorol\u00f3gicas y el tr\u00e1fico intenso, manteniendo sus propiedades reflectantes durante mucho tiempo. Esta durabilidad reduce la frecuencia de mantenimiento y los costes asociados a la nueva se\u00f1alizaci\u00f3n de las carreteras.<\/p>\n\n\n\n<h3 class=\"wp-block-heading\"><strong>Cumplimiento de las normas<\/strong><\/h3>\n\n\n\n<p>Las microesferas de vidrio entremezcladas EN1424 cumplen las estrictas normas europeas, lo que garantiza su conformidad con los requisitos reglamentarios en materia de seguridad vial. Su cumplimiento facilita una integraci\u00f3n perfecta en proyectos de se\u00f1alizaci\u00f3n vial en toda Europa y fuera de ella.<\/p>\n\n\n\n<h3 class=\"wp-block-heading\"><strong>Versatilidad en las aplicaciones<\/strong><\/h3>\n\n\n\n<p>Son compatibles con diversos tipos de pinturas de se\u00f1alizaci\u00f3n vial, incluidas las formulaciones al agua y al disolvente. Esta versatilidad permite m\u00e9todos de aplicaci\u00f3n flexibles manteniendo altos niveles de reflectividad y durabilidad.<\/p>\n\n\n\n<h2 class=\"wp-block-heading\"><strong>Caracter\u00edsticas de las perlas de vidrio EN1424 Intermix<\/strong><\/h2>\n\n\n\n<h3 class=\"wp-block-heading\"><strong>Alta Reflectividad<\/strong><\/h3>\n\n\n\n<p>Las microesferas de vidrio entremezcladas EN1424 son conocidas por su excepcional reflectividad, que maximiza la visibilidad de las marcas viales en diversas condiciones de iluminaci\u00f3n. Esta caracter\u00edstica aumenta la concienciaci\u00f3n del conductor y mejora la seguridad vial en general.<\/p>\n\n\n\n<h3 class=\"wp-block-heading\"><strong>Distribuci\u00f3n uniforme del tama\u00f1o de las part\u00edculas<\/strong><\/h3>\n\n\n\n<p>Fabricadas con un control preciso de la distribuci\u00f3n del tama\u00f1o de las part\u00edculas, estas microesferas garantizan un rendimiento uniforme en todas las aplicaciones de se\u00f1alizaci\u00f3n vial. La uniformidad minimiza el riesgo de reflectividad desigual y mejora la est\u00e9tica de las marcas viales.<\/p>\n\n\n\n<h3 class=\"wp-block-heading\"><strong>Consideraciones medioambientales<\/strong><\/h3>\n\n\n\n<p>Fabricadas con materiales respetuosos con el medio ambiente, como el vidrio reciclado, las microesferas de vidrio entremezcladas EN1424 apoyan las pr\u00e1cticas sostenibles de se\u00f1alizaci\u00f3n vial. Su composici\u00f3n ecol\u00f3gica est\u00e1 en consonancia con los esfuerzos mundiales por reducir el impacto ambiental en los proyectos de construcci\u00f3n e infraestructuras.<\/p>\n\n\n\n<h2 class=\"wp-block-heading\"><strong>Preguntas frecuentes sobre las perlas de vidrio EN1424 Intermix<\/strong><\/h2>\n\n\n\n<p><strong>\u00bfQu\u00e9 son las perlas de vidrio entremezcladas EN1424?<\/strong><\/p>\n\n\n\n<p>Son perlas de vidrio altamente reflectantes que se utilizan en las marcas viales para mejorar la visibilidad, especialmente de noche.<\/p>\n\n\n\n<p><strong>\u00bfC\u00f3mo mejoran las microesferas EN1424 la seguridad vial?<\/strong><\/p>\n\n\n\n<p>Al reflejar la luz de los faros de los veh\u00edculos, hacen m\u00e1s visibles las marcas viales en condiciones de poca luz, reduciendo el riesgo de accidentes.<\/p>\n\n\n\n<p><strong>\u00bfSon duraderas las perlas de vidrio entremezclado EN1424?<\/strong><\/p>\n\n\n\n<p>S\u00ed, est\u00e1n dise\u00f1ados para resistir el desgaste del tr\u00e1fico y las condiciones meteorol\u00f3gicas adversas, manteniendo sus propiedades reflectantes a lo largo del tiempo.<\/p>\n\n\n\n<p><strong>\u00bfD\u00f3nde puedo comprar perlas de vidrio entremezcladas EN1424?<\/strong><\/p>\n\n\n\n<p>Entre los principales proveedores figuran Potters Industries, Swarco, Jinan Jingyu Glass Bead Co. y 3M Traffic Safety Systems.<\/p>\n\n\n\n<p><strong>\u00bfQu\u00e9 tama\u00f1os hay disponibles para las cuentas EN1424?<\/strong><\/p>\n\n\n\n<p>Var\u00edan de 150 \u00b5m a 850 \u00b5m, y responden a diversas necesidades de se\u00f1alizaci\u00f3n vial.<\/p>\n\n\n\n<p><strong>\u00bfLas perlas EN1424 cumplen las normas europeas?<\/strong><\/p>\n\n\n\n<p>S\u00ed, cumplen las normas EN1424, lo que garantiza la calidad y el rendimiento en aplicaciones de se\u00f1alizaci\u00f3n vial.<\/p>","protected":false},"excerpt":{"rendered":"<p>Dise\u00f1adas para cumplir la normativa europea EN1424, nuestras microesferas de vidrio entremezcladas EN1424 ofrecen una excelente visibilidad y durabilidad. Estas microesferas proporcionan marcas viales duraderas que soportan las exigencias del tr\u00e1fico intenso y las condiciones meteorol\u00f3gicas adversas.<\/p>","protected":false},"featured_media":1685,"parent":0,"template":"","meta":{"_acf_changed":false,"_kad_blocks_custom_css":"","_kad_blocks_head_custom_js":"","_kad_blocks_body_custom_js":"","_kad_blocks_footer_custom_js":"","_kad_post_transparent":"","_kad_post_title":"","_kad_post_layout":"","_kad_post_sidebar_id":"","_kad_post_content_style":"","_kad_post_vertical_padding":"","_kad_post_feature":"","_kad_post_feature_position":"","_kad_post_header":false,"_kad_post_footer":false,"_kad_post_classname":""},"product-category":[2],"class_list":["post-776","product","type-product","status-publish","has-post-thumbnail","hentry","product-category-road-marking-glass-beads"],"acf":[],"taxonomy_info":{"product-category":[{"value":2,"label":"Road Marking Glass Beads"}]},"featured_image_src_large":["https:\/\/lanxingco.com\/wp-content\/uploads\/2024\/07\/EN1424-Intermix-Glass-Beads-1.jpg",700,700,false],"author_info":[],"comment_info":"","_links":{"self":[{"href":"https:\/\/lanxingco.com\/es\/wp-json\/wp\/v2\/product\/776","targetHints":{"allow":["GET"]}}],"collection":[{"href":"https:\/\/lanxingco.com\/es\/wp-json\/wp\/v2\/product"}],"about":[{"href":"https:\/\/lanxingco.com\/es\/wp-json\/wp\/v2\/types\/product"}],"wp:featuredmedia":[{"embeddable":true,"href":"https:\/\/lanxingco.com\/es\/wp-json\/wp\/v2\/media\/1685"}],"wp:attachment":[{"href":"https:\/\/lanxingco.com\/es\/wp-json\/wp\/v2\/media?parent=776"}],"wp:term":[{"taxonomy":"product-category","embeddable":true,"href":"https:\/\/lanxingco.com\/es\/wp-json\/wp\/v2\/product-category?post=776"}],"curies":[{"name":"wp","href":"https:\/\/api.w.org\/{rel}","templated":true}]}}