{"id":774,"date":"2024-06-21T07:43:08","date_gmt":"2024-06-21T07:43:08","guid":{"rendered":"https:\/\/lanxing.easiwin.com\/?post_type=product&#038;p=774"},"modified":"2024-11-17T02:58:06","modified_gmt":"2024-11-17T02:58:06","slug":"bs6088a-intermix-glass-beads","status":"publish","type":"product","link":"https:\/\/lanxingco.com\/es\/product\/bs6088a-intermix-glass-beads\/","title":{"rendered":"BS6088A Perlas de vidrio entremezcladas"},"content":{"rendered":"<h2 class=\"wp-block-heading\"><strong>Visi\u00f3n general de las microesferas de vidrio BS6088A Intermix<\/strong><\/h2>\n\n\n\n<p>Las microesferas de vidrio BS6088A Intermix est\u00e1n dise\u00f1adas espec\u00edficamente para su uso en marcas viales con el fin de mejorar su visibilidad, especialmente por la noche. Estas microesferas reflejan la luz de los faros de los veh\u00edculos hacia el conductor, garantizando que las l\u00edneas y se\u00f1ales de la carretera sean claramente visibles. Fabricadas conforme a la norma brit\u00e1nica 6088 tipo A, estas microesferas de vidrio son conocidas por su calidad constante y su alto rendimiento.<\/p>\n\n\n\n<h2 class=\"wp-block-heading\">Especificaciones y datos t\u00e9cnicos<\/h2>\n\n\n\n<figure class=\"wp-block-table\"><table><thead><tr><th><strong>Par\u00e1metro<\/strong><\/th><th><strong>Detalles<\/strong><\/th><\/tr><\/thead><tbody><tr><td><strong>Composici\u00f3n<\/strong><\/td><td>Vidrio de alta calidad<\/td><\/tr><tr><td><strong>Apariencia<\/strong><\/td><td>Transparente, incoloro<\/td><\/tr><tr><td><strong>Forma<\/strong><\/td><td>Esf\u00e9rica<\/td><\/tr><tr><td><strong>\u00cdndice de refracci\u00f3n<\/strong><\/td><td>\u22651.5<\/td><\/tr><tr><td><strong>Tama\u00f1os<\/strong><\/td><td>425 &#8211; 1180 micras<\/td><\/tr><tr><td><strong>Redondez<\/strong><\/td><td>\u226570<\/td><\/tr><tr><td><strong>Dureza<\/strong><\/td><td>6-7 Moh&#8217;s<\/td><\/tr><tr><td><strong>Tipos de revestimiento<\/strong><\/td><td>Revestimiento antihumedad, revestimiento de flotaci\u00f3n, revestimiento de adherencia<\/td><\/tr><tr><td><strong>M\u00e9todo de aplicaci\u00f3n<\/strong><\/td><td>Mezclado directamente en la pintura<\/td><\/tr><tr><td><strong>Durabilidad<\/strong><\/td><td>Mantiene la reflectividad durante 1 &#8211; 3 a\u00f1os dependiendo del uso<\/td><\/tr><tr><td><strong>Normas<\/strong><\/td><td>BS 6088A<\/td><\/tr><\/tbody><\/table><\/figure>\n\n\n\n<h2 class=\"wp-block-heading\"><strong>Ventajas de las microesferas de vidrio BS6088A Intermix<\/strong><\/h2>\n\n\n\n<h3 class=\"wp-block-heading\"><strong>Mayor visibilidad nocturna<\/strong><\/h3>\n\n\n\n<p>La principal ventaja de las microesferas de vidrio BS6088A Intermix es su capacidad para mejorar significativamente la visibilidad nocturna. Al reflejar los faros de los veh\u00edculos, estas microesferas hacen que las marcas viales sean mucho m\u00e1s visibles en condiciones de poca luz, mejorando la seguridad vial.<\/p>\n\n\n\n<h3 class=\"wp-block-heading\"><strong>Durabilidad y longevidad<\/strong><\/h3>\n\n\n\n<p>Las microesferas de vidrio BS6088A est\u00e1n dise\u00f1adas para soportar las duras condiciones meteorol\u00f3gicas y el desgaste constante del tr\u00e1fico. Esta durabilidad garantiza que las marcas viales sigan siendo reflectantes y eficaces durante m\u00e1s tiempo, lo que reduce la frecuencia de mantenimiento.<\/p>\n\n\n\n<h3 class=\"wp-block-heading\"><strong>Relaci\u00f3n coste-eficacia<\/strong><\/h3>\n\n\n\n<p>Aunque el coste inicial de las cuentas de vidrio de alta calidad puede ser m\u00e1s elevado, su longevidad y sus reducidas necesidades de mantenimiento las convierten en una soluci\u00f3n rentable a largo plazo. Proporcionan un mayor retorno de la inversi\u00f3n que otras alternativas m\u00e1s baratas y de menor calidad.<\/p>\n\n\n\n<h3 class=\"wp-block-heading\"><strong>Cumplimiento de las normas<\/strong><\/h3>\n\n\n\n<p>El uso de microesferas de vidrio BS6088A Intermix garantiza el cumplimiento de normas reconocidas, lo que es crucial para los proyectos de carreteras p\u00fablicas. Esta conformidad no solo garantiza el rendimiento, sino que tambi\u00e9n facilita los procesos de aprobaci\u00f3n de los proyectos de se\u00f1alizaci\u00f3n vial.<\/p>\n\n\n\n<h2 class=\"wp-block-heading\"><strong>Caracter\u00edsticas de las perlas de vidrio BS6088A Intermix<\/strong><\/h2>\n\n\n\n<h3 class=\"wp-block-heading\"><strong>Alta Reflectividad<\/strong><\/h3>\n\n\n\n<p>Una de las caracter\u00edsticas m\u00e1s destacadas de estas perlas de vidrio es su alta reflectividad. Esta caracter\u00edstica es esencial para mejorar la visibilidad de las marcas viales por la noche y en condiciones meteorol\u00f3gicas adversas, garantizando que los conductores puedan ver las marcas de los carriles, los pasos de peatones y otros indicadores importantes.<\/p>\n\n\n\n<h3 class=\"wp-block-heading\"><strong>Calidad constante<\/strong><\/h3>\n\n\n\n<p>Fabricadas para cumplir las estrictas normas BS6088A, estas microesferas de vidrio ofrecen una calidad uniforme. Esta uniformidad es fundamental para proyectos a gran escala en los que se requiere un rendimiento uniforme en todas las marcas viales.<\/p>\n\n\n\n<h3 class=\"wp-block-heading\"><strong>Versatilidad<\/strong><\/h3>\n\n\n\n<p>Las microesferas de vidrio BS6088A Intermix pueden utilizarse en varios tipos de pinturas de tr\u00e1fico y materiales de marcaje. Tanto si trabaja con pinturas al agua, al disolvente o termopl\u00e1sticas, estas microesferas se integran a la perfecci\u00f3n, proporcionando el mismo nivel de reflectividad y durabilidad.<\/p>\n\n\n\n<h3 class=\"wp-block-heading\"><strong>Respetuoso con el medio ambiente<\/strong><\/h3>\n\n\n\n<p>Fabricadas a partir de vidrio reciclado, estas cuentas contribuyen a los esfuerzos de sostenibilidad en la construcci\u00f3n y el mantenimiento de carreteras. Su naturaleza respetuosa con el medio ambiente las convierte en la opci\u00f3n preferida para proyectos con conciencia ecol\u00f3gica.<\/p>\n\n\n\n<h2 class=\"wp-block-heading\"><strong>Preguntas frecuentes sobre BS6088A Perlas de vidrio entremezcladas<\/strong><\/h2>\n\n\n\n<p><strong>\u00bfQu\u00e9 son las microesferas de vidrio BS6088A Intermix?<\/strong><\/p>\n\n\n\n<p>Son perlas de vidrio reflectantes que se utilizan en las marcas viales para aumentar la visibilidad, especialmente de noche.<\/p>\n\n\n\n<p><strong>\u00bfPor qu\u00e9 son importantes estas cuentas para la seguridad vial?<\/strong><\/p>\n\n\n\n<p>Reflejan los faros hacia el conductor, haciendo visibles las marcas viales en condiciones de poca luz.<\/p>\n\n\n\n<p><strong>\u00bfC\u00f3mo se aplican estas cuentas?<\/strong><\/p>\n\n\n\n<p>Suelen mezclarse con la pintura de tr\u00e1fico o aplicarse a la pintura h\u00fameda durante los procesos de se\u00f1alizaci\u00f3n vial.<\/p>\n\n\n\n<p><strong>\u00bfQu\u00e9 tallas hay disponibles?<\/strong><\/p>\n\n\n\n<p>Van de 212 \u00b5m a 850 \u00b5m, lo que satisface las distintas necesidades de aplicaci\u00f3n.<\/p>\n\n\n\n<p><strong>\u00bfSon las perlas BS6088A respetuosas con el medio ambiente?<\/strong><\/p>\n\n\n\n<p>S\u00ed, est\u00e1n fabricados con vidrio reciclado, lo que contribuye a la sostenibilidad.<\/p>\n\n\n\n<p><strong>\u00bfPueden estas cuentas resistir las inclemencias del tiempo?<\/strong><\/p>\n\n\n\n<p>S\u00ed, est\u00e1n dise\u00f1ados para ser duraderos y resistir el desgaste provocado por el tr\u00e1fico y las condiciones meteorol\u00f3gicas.<\/p>","protected":false},"excerpt":{"rendered":"<p>Nuestras microesferas de vidrio entremezcladas BS6088A cumplen las rigurosas normas BS6088A, mejorando la seguridad vial con una reflectividad excepcional. Estas microesferas son conocidas por su rendimiento robusto y duradero, lo que las hace ideales para zonas de mucho tr\u00e1fico.<\/p>","protected":false},"featured_media":1679,"parent":0,"template":"","meta":{"_acf_changed":false,"_kad_blocks_custom_css":"","_kad_blocks_head_custom_js":"","_kad_blocks_body_custom_js":"","_kad_blocks_footer_custom_js":"","_kad_post_transparent":"","_kad_post_title":"","_kad_post_layout":"","_kad_post_sidebar_id":"","_kad_post_content_style":"","_kad_post_vertical_padding":"","_kad_post_feature":"","_kad_post_feature_position":"","_kad_post_header":false,"_kad_post_footer":false,"_kad_post_classname":""},"product-category":[2],"class_list":["post-774","product","type-product","status-publish","has-post-thumbnail","hentry","product-category-road-marking-glass-beads"],"acf":[],"taxonomy_info":{"product-category":[{"value":2,"label":"Road Marking Glass Beads"}]},"featured_image_src_large":["https:\/\/lanxingco.com\/wp-content\/uploads\/2024\/07\/BS6088A-Intermix-Glass-Beads-1.jpg",700,700,false],"author_info":[],"comment_info":"","_links":{"self":[{"href":"https:\/\/lanxingco.com\/es\/wp-json\/wp\/v2\/product\/774","targetHints":{"allow":["GET"]}}],"collection":[{"href":"https:\/\/lanxingco.com\/es\/wp-json\/wp\/v2\/product"}],"about":[{"href":"https:\/\/lanxingco.com\/es\/wp-json\/wp\/v2\/types\/product"}],"wp:featuredmedia":[{"embeddable":true,"href":"https:\/\/lanxingco.com\/es\/wp-json\/wp\/v2\/media\/1679"}],"wp:attachment":[{"href":"https:\/\/lanxingco.com\/es\/wp-json\/wp\/v2\/media?parent=774"}],"wp:term":[{"taxonomy":"product-category","embeddable":true,"href":"https:\/\/lanxingco.com\/es\/wp-json\/wp\/v2\/product-category?post=774"}],"curies":[{"name":"wp","href":"https:\/\/api.w.org\/{rel}","templated":true}]}}