{"id":72,"date":"2024-06-17T01:11:35","date_gmt":"2024-06-17T01:11:35","guid":{"rendered":"https:\/\/lanxing.easiwin.com\/?post_type=product&#038;p=72"},"modified":"2024-07-15T08:45:43","modified_gmt":"2024-07-15T08:45:43","slug":"all-weather-elements","status":"publish","type":"product","link":"https:\/\/lanxingco.com\/es\/product\/all-weather-elements\/","title":{"rendered":"Elementos todo tiempo"},"content":{"rendered":"<h2 class=\"wp-block-heading\">Visi\u00f3n general de todos los elementos meteorol\u00f3gicos<\/h2>\n\n\n\n<p>All Weather Elements es un material especializado dise\u00f1ado para aplicaciones de se\u00f1alizaci\u00f3n vial, concebido para soportar diversas condiciones meteorol\u00f3gicas y mejorar la visibilidad de los conductores. Est\u00e1 formulado para mantener un rendimiento \u00f3ptimo incluso en entornos dif\u00edciles, ya sean condiciones secas, h\u00famedas o lluviosas.<\/p>\n\n\n\n<h2 class=\"wp-block-heading\">Especificaciones y datos t\u00e9cnicos<\/h2>\n\n\n\n<figure class=\"wp-block-table\"><table><thead><tr><th><strong>Par\u00e1metro<\/strong><\/th><th><strong>Detalles<\/strong><\/th><\/tr><\/thead><tbody><tr><td><strong>Composici\u00f3n<\/strong><\/td><td>elemento cer\u00e1mico con vidrio \u00f3ptico<\/td><\/tr><tr><td><strong>Apariencia<\/strong><\/td><td>elemento cer\u00e1mico<\/td><\/tr><tr><td><strong>Forma<\/strong><\/td><td>Esf\u00e9rica<\/td><\/tr><tr><td><strong>\u00cdndice de refracci\u00f3n<\/strong><\/td><td>1.9 &#8211; 2.4<\/td><\/tr><tr><td><strong>Tama\u00f1os<\/strong><\/td><td>600 &#8211; 1700 micras<\/td><\/tr><tr><td><strong>Redondez<\/strong><\/td><td>\u226590<\/td><\/tr><tr><td><strong>Color disponible<\/strong><\/td><td>Blanco, amarillo, rojo, verde, azul<\/td><\/tr><tr><td><strong>Normas<\/strong><\/td><td>Superar diversas normas internacionales, garantizando alta calidad y rendimiento<\/td><\/tr><\/tbody><\/table><\/figure>\n\n\n\n<h2 class=\"wp-block-heading\">Aplicaciones de todos los elementos meteorol\u00f3gicos<\/h2>\n\n\n\n<p><\/p>\n\n\n\n<h3 class=\"wp-block-heading\">Se\u00f1alizaci\u00f3n vial<\/h3>\n\n\n\n<ul class=\"wp-block-list\">\n<li><strong>Se\u00f1alizaci\u00f3n de carriles<\/strong>: Mejora la visibilidad de los divisores de carril y de las v\u00edas de circulaci\u00f3n.<\/li>\n\n\n\n<li><strong>Carreteras<\/strong>: Proporciona orientaciones claras y medidas de seguridad para el tr\u00e1fico de alta velocidad.<\/li>\n\n\n\n<li><strong>Pista del aeropuerto:<\/strong> garantizar una visibilidad y una orientaci\u00f3n claras durante el despegue y el aterrizaje del avi\u00f3n.<\/li>\n\n\n\n<li><strong>Pol\u00edgonos industriales<\/strong>: Se\u00f1alizaci\u00f3n para almacenes, f\u00e1bricas y muelles de carga donde la visibilidad es crucial para la seguridad y la eficacia.<\/li>\n<\/ul>\n\n\n\n<h2 class=\"wp-block-heading\">Preguntas frecuentes<\/h2>\n\n\n\n<p><strong>Q: <strong>\u00bfQu\u00e9 diferencia a All Weather Elements de los materiales est\u00e1ndar de se\u00f1alizaci\u00f3n vial?<\/strong>?<\/strong><br>R: All Weather Element est\u00e1 espec\u00edficamente formulado para mantener la visibilidad y la durabilidad en una amplia gama de condiciones meteorol\u00f3gicas, ya sea en seco, mojado o lluvioso.<\/p>\n\n\n\n<p><strong>Q: <strong>\u00bfSon m\u00e1s caros los productos All Weather Elements?<\/strong>?<\/strong><br>R: Al principio, s\u00ed. Sin embargo, su durabilidad y bajo coste de mantenimiento los hacen rentables con el tiempo.<\/p>\n\n\n\n<p><strong>Q: <strong>\u00bfPuedo utilizar los productos All Weather Elements en <strong>climas fr\u00edos<\/strong>?<\/strong><\/strong><br>R: S\u00ed, est\u00e1n dise\u00f1ados para funcionar bien en climas fr\u00edos, resistiendo el agrietamiento y la descamaci\u00f3n causados por las temperaturas bajo cero.<\/p>\n\n\n\n<p><strong>Q: <strong>\u00bfCumple All Weather Elements las normas internacionales?<\/strong><\/strong><br>R: S\u00ed, los productos cumplen muchas normas internacionales.<\/p>","protected":false},"excerpt":{"rendered":"<p> Materiales dise\u00f1ados para soportar diversas condiciones meteorol\u00f3gicas sin degradarse, lo que garantiza su durabilidad en aplicaciones de exterior como la construcci\u00f3n y las infraestructuras.<\/p>","protected":false},"featured_media":1675,"parent":0,"template":"","meta":{"_acf_changed":true,"_kad_blocks_custom_css":"","_kad_blocks_head_custom_js":"","_kad_blocks_body_custom_js":"","_kad_blocks_footer_custom_js":"","_kad_post_transparent":"","_kad_post_title":"","_kad_post_layout":"","_kad_post_sidebar_id":"","_kad_post_content_style":"","_kad_post_vertical_padding":"","_kad_post_feature":"","_kad_post_feature_position":"","_kad_post_header":false,"_kad_post_footer":false,"_kad_post_classname":""},"product-category":[2],"class_list":["post-72","product","type-product","status-publish","has-post-thumbnail","hentry","product-category-road-marking-glass-beads"],"acf":[],"taxonomy_info":{"product-category":[{"value":2,"label":"Road Marking Glass Beads"}]},"featured_image_src_large":["https:\/\/lanxingco.com\/wp-content\/uploads\/2024\/07\/All-Weather-element-white-1.jpg",700,700,false],"author_info":[],"comment_info":"","_links":{"self":[{"href":"https:\/\/lanxingco.com\/es\/wp-json\/wp\/v2\/product\/72","targetHints":{"allow":["GET"]}}],"collection":[{"href":"https:\/\/lanxingco.com\/es\/wp-json\/wp\/v2\/product"}],"about":[{"href":"https:\/\/lanxingco.com\/es\/wp-json\/wp\/v2\/types\/product"}],"wp:featuredmedia":[{"embeddable":true,"href":"https:\/\/lanxingco.com\/es\/wp-json\/wp\/v2\/media\/1675"}],"wp:attachment":[{"href":"https:\/\/lanxingco.com\/es\/wp-json\/wp\/v2\/media?parent=72"}],"wp:term":[{"taxonomy":"product-category","embeddable":true,"href":"https:\/\/lanxingco.com\/es\/wp-json\/wp\/v2\/product-category?post=72"}],"curies":[{"name":"wp","href":"https:\/\/api.w.org\/{rel}","templated":true}]}}