{"id":70,"date":"2024-06-17T01:09:21","date_gmt":"2024-06-17T01:09:21","guid":{"rendered":"https:\/\/lanxing.easiwin.com\/?post_type=product&#038;p=70"},"modified":"2024-07-15T08:48:44","modified_gmt":"2024-07-15T08:48:44","slug":"hr-glass-beads","status":"publish","type":"product","link":"https:\/\/lanxingco.com\/es\/product\/hr-glass-beads\/","title":{"rendered":"Cuentas de vidrio HR"},"content":{"rendered":"<h2 class=\"wp-block-heading\">Visi\u00f3n general de las perlas de vidrio HR<\/h2>\n\n\n\n<p>Las microesferas de vidrio HR son materiales avanzados conocidos por sus propiedades retrorreflectantes superiores, que las hacen muy eficaces en diversas aplicaciones. Las microesferas de vidrio HR se fabrican a partir de vidrio \u00f3ptico especial para satisfacer la creciente demanda de materiales retrorreflectantes superiores. Estas microesferas est\u00e1n meticulosamente dise\u00f1adas para maximizar su capacidad de reflejar la luz con eficacia, garantizando una mayor visibilidad y seguridad en muchas condiciones, especialmente en condiciones nocturnas h\u00famedas. Dise\u00f1adas con propiedades \u00f3pticas avanzadas, las microesferas de vidrio HR pueden alcanzar m\u00e1s de 600MCD\/lx\/m2 en las marcas viales.<\/p>\n\n\n<style>.wp-block-kadence-advancedheading.kt-adv-heading70_8ca76b-59, .wp-block-kadence-advancedheading.kt-adv-heading70_8ca76b-59[data-kb-block=\"kb-adv-heading70_8ca76b-59\"]{font-style:normal;}.wp-block-kadence-advancedheading.kt-adv-heading70_8ca76b-59 mark.kt-highlight, .wp-block-kadence-advancedheading.kt-adv-heading70_8ca76b-59[data-kb-block=\"kb-adv-heading70_8ca76b-59\"] mark.kt-highlight{font-style:normal;color:#f76a0c;-webkit-box-decoration-break:clone;box-decoration-break:clone;padding-top:0px;padding-right:0px;padding-bottom:0px;padding-left:0px;}.wp-block-kadence-advancedheading.kt-adv-heading70_8ca76b-59 img.kb-inline-image, .wp-block-kadence-advancedheading.kt-adv-heading70_8ca76b-59[data-kb-block=\"kb-adv-heading70_8ca76b-59\"] img.kb-inline-image{width:150px;vertical-align:baseline;}<\/style>\n<h2 class=\"kt-adv-heading70_8ca76b-59 wp-block-kadence-advancedheading\" data-kb-block=\"kb-adv-heading70_8ca76b-59\"><strong>Especificaciones<\/strong> y datos t\u00e9cnicos<\/h2>\n\n\n\n<figure class=\"wp-block-table\"><table><thead><tr><th><strong>Par\u00e1metro<\/strong><\/th><th><strong>Detalles<\/strong><\/th><\/tr><\/thead><tbody><tr><td><strong>Composici\u00f3n<\/strong><\/td><td>Cristal \u00f3ptico de alta calidad<\/td><\/tr><tr><td><strong>Apariencia<\/strong><\/td><td>Transparente, incoloro<\/td><\/tr><tr><td><strong>Forma<\/strong><\/td><td>Esf\u00e9rica<\/td><\/tr><tr><td><strong>\u00cdndice de refracci\u00f3n<\/strong><\/td><td>1.5 &#8211; 1.9<\/td><\/tr><tr><td><strong>Tama\u00f1os<\/strong><\/td><td>53 &#8211; 1180 micras<\/td><\/tr><tr><td><strong>Redondez<\/strong><\/td><td>\u226590<\/td><\/tr><tr><td><strong>Dureza<\/strong><\/td><td>6-7 Moh&#8217;s<\/td><\/tr><tr><td><strong>Tipos de revestimiento<\/strong><\/td><td>Revestimiento antihumedad, revestimiento de flotaci\u00f3n, revestimiento de adherencia<\/td><\/tr><tr><td><strong>M\u00e9todo de aplicaci\u00f3n<\/strong><\/td><td>Mezclado con la pintura o vertido sobre la pintura de se\u00f1alizaci\u00f3n vial<\/td><\/tr><tr><td><strong>Durabilidad<\/strong><\/td><td>Mantiene la reflectividad durante 1 &#8211; 3 a\u00f1os dependiendo del uso<\/td><\/tr><tr><td><strong>Normas<\/strong><\/td><td>Superar diversas normas internacionales, garantizando alta calidad y rendimiento<\/td><\/tr><\/tbody><\/table><\/figure>\n\n\n\n<h2 class=\"wp-block-heading\">Aplicaciones de las perlas de vidrio HR<\/h2>\n\n\n\n<p><\/p>\n\n\n\n<h3 class=\"wp-block-heading\">Se\u00f1alizaci\u00f3n vial<\/h3>\n\n\n\n<ul class=\"wp-block-list\">\n<li><strong>Se\u00f1alizaci\u00f3n de carriles<\/strong>: Mejora la visibilidad de los divisores de carril y de las v\u00edas de circulaci\u00f3n.<\/li>\n\n\n\n<li><strong>Carreteras<\/strong>: Proporciona orientaciones claras y medidas de seguridad para el tr\u00e1fico de alta velocidad.<\/li>\n\n\n\n<li><strong>Pista del aeropuerto:<\/strong> garantizar una visibilidad y una orientaci\u00f3n claras durante el despegue y el aterrizaje del avi\u00f3n.<\/li>\n<\/ul>\n\n\n\n<h3 class=\"wp-block-heading\">Se\u00f1ales de tr\u00e1fico<\/h3>\n\n\n\n<ul class=\"wp-block-list\">\n<li><strong>Se\u00f1ales de tr\u00e1fico<\/strong>: Aumenta la visibilidad de las se\u00f1ales reglamentarias, de advertencia e informativas.<\/li>\n\n\n\n<li><strong>Se\u00f1ales de tr\u00e1fico<\/strong>: Mejora la visibilidad de las se\u00f1ales de tr\u00e1fico para una navegaci\u00f3n segura en las intersecciones.<\/li>\n<\/ul>\n\n\n\n<h2 class=\"wp-block-heading\">Preguntas frecuentes<\/h2>\n\n\n\n<p><strong>Q: <strong>\u00bfDe qu\u00e9 est\u00e1n hechas las cuentas de vidrio HR?<\/strong><\/strong><br>R: Las perlas de vidrio HR se fabrican con vidrio \u00f3ptico especial y se moldean en forma esf\u00e9rica.<\/p>\n\n\n\n<p><strong>Q: <strong>\u00bfD\u00f3nde se suelen utilizar las cuentas de vidrio HR?<\/strong><\/strong><br>R: Se utilizan en la se\u00f1alizaci\u00f3n de carreteras, pistas de aeropuertos, aparcamientos y diversas marcas de seguridad industrial.<\/p>\n\n\n\n<p><strong>Q: <strong><strong>\u00bfEn qu\u00e9 tama\u00f1os est\u00e1n disponibles las cuentas de vidrio HR?<\/strong><\/strong><\/strong><br>R: Los tama\u00f1os suelen oscilar entre 53 y 1180 micras, lo que permite aplicaciones a medida.<\/p>\n\n\n\n<p><strong>Q: <strong>\u00bfQu\u00e9 efecto pueden conseguir las perlas de vidrio HR?<\/strong><\/strong><br>R: Las microesferas de vidrio HR pueden alcanzar un valor de retrorreflectividad superior a 600MCD.<\/p>\n\n\n\n<p><strong>Q: <strong><strong>\u00bfQu\u00e9 normas cumplen las perlas de vidrio HR?<\/strong>?<\/strong><\/strong><br>R: Cumplen o superan normas internacionales como EN 1423, AASHTO M247 y muchas otras.<\/p>","protected":false},"excerpt":{"rendered":"<p>Las microesferas de vidrio HR son part\u00edculas altamente reflectantes que se utilizan en las pinturas de se\u00f1alizaci\u00f3n vial para conseguir una visibilidad superior. Reflejan eficazmente la luz hacia su fuente, mejorando la seguridad vial al hacer que las marcas sean muy visibles en distintas condiciones de iluminaci\u00f3n.<\/p>","protected":false},"featured_media":1688,"parent":0,"template":"","meta":{"_acf_changed":false,"_kad_blocks_custom_css":"","_kad_blocks_head_custom_js":"","_kad_blocks_body_custom_js":"","_kad_blocks_footer_custom_js":"","_kad_post_transparent":"","_kad_post_title":"","_kad_post_layout":"","_kad_post_sidebar_id":"","_kad_post_content_style":"","_kad_post_vertical_padding":"","_kad_post_feature":"","_kad_post_feature_position":"","_kad_post_header":false,"_kad_post_footer":false,"_kad_post_classname":""},"product-category":[2],"class_list":["post-70","product","type-product","status-publish","has-post-thumbnail","hentry","product-category-road-marking-glass-beads"],"acf":[],"taxonomy_info":{"product-category":[{"value":2,"label":"Road Marking Glass Beads"}]},"featured_image_src_large":["https:\/\/lanxingco.com\/wp-content\/uploads\/2024\/07\/HR-glass-beads.jpg",700,700,false],"author_info":[],"comment_info":"","_links":{"self":[{"href":"https:\/\/lanxingco.com\/es\/wp-json\/wp\/v2\/product\/70","targetHints":{"allow":["GET"]}}],"collection":[{"href":"https:\/\/lanxingco.com\/es\/wp-json\/wp\/v2\/product"}],"about":[{"href":"https:\/\/lanxingco.com\/es\/wp-json\/wp\/v2\/types\/product"}],"wp:featuredmedia":[{"embeddable":true,"href":"https:\/\/lanxingco.com\/es\/wp-json\/wp\/v2\/media\/1688"}],"wp:attachment":[{"href":"https:\/\/lanxingco.com\/es\/wp-json\/wp\/v2\/media?parent=70"}],"wp:term":[{"taxonomy":"product-category","embeddable":true,"href":"https:\/\/lanxingco.com\/es\/wp-json\/wp\/v2\/product-category?post=70"}],"curies":[{"name":"wp","href":"https:\/\/api.w.org\/{rel}","templated":true}]}}